{"id":9865,"date":"2023-04-07T09:35:29","date_gmt":"2023-04-07T09:35:29","guid":{"rendered":"http:\/\/szkolazabrowo.pl\/?page_id=9865"},"modified":"2023-04-07T09:35:33","modified_gmt":"2023-04-07T09:35:33","slug":"warsztaty-wielkanocne","status":"publish","type":"page","link":"https:\/\/szkolazabrowo.pl\/?page_id=9865","title":{"rendered":"Warsztaty wielkanocne"},"content":{"rendered":"\n<p>W&nbsp; \u015brod\u0119 05.04 w przedszkolu odby\u0142y si\u0119 warsztaty wielkanocne z rodzicami, podczas kt\u00f3rych rodzice oraz dzieci bra\u0142y udzia\u0142 w r\u00f3\u017cnych konkurencjach:<\/p>\n\n\n\n<p>1. Wielkanocny Twister<\/p>\n\n\n\n<p>2. Wy\u015bcig z jajkiem<\/p>\n\n\n\n<p>3. Kicaj\u0105ce zaj\u0105ce w worku<\/p>\n\n\n\n<p>4. Przyklejanie ogonka zaj\u0105czkowi.<\/p>\n\n\n\n<p>We wsp\u00f3lnym gronie, mi\u0142ej atmosferze nasze przedszkole zamieni\u0142o si\u0119 w pracowni\u0119 plastyczn\u0105 podczas malowania jajek.&nbsp; Wszyscy pracowali z ogromnym zapa\u0142em, ale by\u0142 tez czas na mi\u0142e&nbsp; pogaw\u0119dki. Bardzo si\u0119 cieszymy, \u017ce mamy tak uzdolnionych i ch\u0119tnych do wsp\u00f3\u0142pracy rodzic\u00f3w. \u017byczymy wszystkim ZDROWYCH \u015aWI\u0104T!<\/p>\n\n\n<div class=\"su-custom-gallery su-custom-gallery-align-left su-custom-gallery-title-never\"><div class=\"su-custom-gallery-slide\" style=\"width:250px;height:300px\"><a href=\"https:\/\/szkolazabrowo.pl\/wp-content\/uploads\/2023\/04\/20230405_093747.jpg\" title=\"20230405_093747\"><img loading=\"lazy\" decoding=\"async\" src=\"https:\/\/szkolazabrowo.pl\/wp-content\/uploads\/2023\/04\/20230405_093747-250x300.jpg\" alt=\"20230405_093747\" width=\"250\" height=\"300\" \/><span class=\"su-custom-gallery-title\">20230405_093747<\/span><\/a><\/div><div class=\"su-custom-gallery-slide\" style=\"width:250px;height:300px\"><a href=\"https:\/\/szkolazabrowo.pl\/wp-content\/uploads\/2023\/04\/20230405_094018.jpg\" title=\"20230405_094018\"><img loading=\"lazy\" decoding=\"async\" src=\"https:\/\/szkolazabrowo.pl\/wp-content\/uploads\/2023\/04\/20230405_094018-250x300.jpg\" alt=\"20230405_094018\" width=\"250\" height=\"300\" \/><span class=\"su-custom-gallery-title\">20230405_094018<\/span><\/a><\/div><div class=\"su-custom-gallery-slide\" style=\"width:250px;height:300px\"><a href=\"https:\/\/szkolazabrowo.pl\/wp-content\/uploads\/2023\/04\/20230405_094113.jpg\" title=\"20230405_094113\"><img loading=\"lazy\" decoding=\"async\" src=\"https:\/\/szkolazabrowo.pl\/wp-content\/uploads\/2023\/04\/20230405_094113-250x300.jpg\" alt=\"20230405_094113\" width=\"250\" height=\"300\" \/><span class=\"su-custom-gallery-title\">20230405_094113<\/span><\/a><\/div><div class=\"su-custom-gallery-slide\" style=\"width:250px;height:300px\"><a href=\"https:\/\/szkolazabrowo.pl\/wp-content\/uploads\/2023\/04\/20230405_094249.jpg\" title=\"20230405_094249\"><img loading=\"lazy\" decoding=\"async\" src=\"https:\/\/szkolazabrowo.pl\/wp-content\/uploads\/2023\/04\/20230405_094249-250x300.jpg\" alt=\"20230405_094249\" width=\"250\" height=\"300\" \/><span class=\"su-custom-gallery-title\">20230405_094249<\/span><\/a><\/div><div class=\"su-custom-gallery-slide\" style=\"width:250px;height:300px\"><a href=\"https:\/\/szkolazabrowo.pl\/wp-content\/uploads\/2023\/04\/20230405_094346.jpg\" title=\"20230405_094346\"><img loading=\"lazy\" decoding=\"async\" src=\"https:\/\/szkolazabrowo.pl\/wp-content\/uploads\/2023\/04\/20230405_094346-250x300.jpg\" alt=\"20230405_094346\" width=\"250\" height=\"300\" \/><span class=\"su-custom-gallery-title\">20230405_094346<\/span><\/a><\/div><div class=\"su-custom-gallery-slide\" style=\"width:250px;height:300px\"><a href=\"https:\/\/szkolazabrowo.pl\/wp-content\/uploads\/2023\/04\/20230405_094454.jpg\" title=\"20230405_094454\"><img loading=\"lazy\" decoding=\"async\" src=\"https:\/\/szkolazabrowo.pl\/wp-content\/uploads\/2023\/04\/20230405_094454-250x300.jpg\" alt=\"20230405_094454\" width=\"250\" height=\"300\" \/><span class=\"su-custom-gallery-title\">20230405_094454<\/span><\/a><\/div><div class=\"su-custom-gallery-slide\" style=\"width:250px;height:300px\"><a href=\"https:\/\/szkolazabrowo.pl\/wp-content\/uploads\/2023\/04\/20230405_095508.jpg\" title=\"20230405_095508\"><img loading=\"lazy\" decoding=\"async\" src=\"https:\/\/szkolazabrowo.pl\/wp-content\/uploads\/2023\/04\/20230405_095508-250x300.jpg\" alt=\"20230405_095508\" width=\"250\" height=\"300\" \/><span class=\"su-custom-gallery-title\">20230405_095508<\/span><\/a><\/div><div class=\"su-custom-gallery-slide\" style=\"width:250px;height:300px\"><a href=\"https:\/\/szkolazabrowo.pl\/wp-content\/uploads\/2023\/04\/20230405_095605.jpg\" title=\"20230405_095605\"><img loading=\"lazy\" decoding=\"async\" src=\"https:\/\/szkolazabrowo.pl\/wp-content\/uploads\/2023\/04\/20230405_095605-250x300.jpg\" alt=\"20230405_095605\" width=\"250\" height=\"300\" \/><span class=\"su-custom-gallery-title\">20230405_095605<\/span><\/a><\/div><div class=\"su-custom-gallery-slide\" style=\"width:250px;height:300px\"><a href=\"https:\/\/szkolazabrowo.pl\/wp-content\/uploads\/2023\/04\/20230405_100153.jpg\" title=\"20230405_100153\"><img loading=\"lazy\" decoding=\"async\" src=\"https:\/\/szkolazabrowo.pl\/wp-content\/uploads\/2023\/04\/20230405_100153-250x300.jpg\" alt=\"20230405_100153\" width=\"250\" height=\"300\" \/><span class=\"su-custom-gallery-title\">20230405_100153<\/span><\/a><\/div><div class=\"su-custom-gallery-slide\" style=\"width:250px;height:300px\"><a href=\"https:\/\/szkolazabrowo.pl\/wp-content\/uploads\/2023\/04\/20230405_100232.jpg\" title=\"20230405_100232\"><img loading=\"lazy\" decoding=\"async\" src=\"https:\/\/szkolazabrowo.pl\/wp-content\/uploads\/2023\/04\/20230405_100232-250x300.jpg\" alt=\"20230405_100232\" width=\"250\" height=\"300\" \/><span class=\"su-custom-gallery-title\">20230405_100232<\/span><\/a><\/div><div class=\"su-custom-gallery-slide\" style=\"width:250px;height:300px\"><a href=\"https:\/\/szkolazabrowo.pl\/wp-content\/uploads\/2023\/04\/20230405_100518.jpg\" title=\"20230405_100518\"><img loading=\"lazy\" decoding=\"async\" src=\"https:\/\/szkolazabrowo.pl\/wp-content\/uploads\/2023\/04\/20230405_100518-250x300.jpg\" alt=\"20230405_100518\" width=\"250\" height=\"300\" \/><span class=\"su-custom-gallery-title\">20230405_100518<\/span><\/a><\/div><div class=\"su-custom-gallery-slide\" style=\"width:250px;height:300px\"><a href=\"https:\/\/szkolazabrowo.pl\/wp-content\/uploads\/2023\/04\/20230405_100859.jpg\" title=\"20230405_100859\"><img loading=\"lazy\" decoding=\"async\" src=\"https:\/\/szkolazabrowo.pl\/wp-content\/uploads\/2023\/04\/20230405_100859-250x300.jpg\" alt=\"20230405_100859\" width=\"250\" height=\"300\" \/><span class=\"su-custom-gallery-title\">20230405_100859<\/span><\/a><\/div><div class=\"su-custom-gallery-slide\" style=\"width:250px;height:300px\"><a href=\"https:\/\/szkolazabrowo.pl\/wp-content\/uploads\/2023\/04\/20230405_101021.jpg\" title=\"20230405_101021\"><img loading=\"lazy\" decoding=\"async\" src=\"https:\/\/szkolazabrowo.pl\/wp-content\/uploads\/2023\/04\/20230405_101021-250x300.jpg\" alt=\"20230405_101021\" width=\"250\" height=\"300\" \/><span class=\"su-custom-gallery-title\">20230405_101021<\/span><\/a><\/div><div class=\"su-custom-gallery-slide\" style=\"width:250px;height:300px\"><a href=\"https:\/\/szkolazabrowo.pl\/wp-content\/uploads\/2023\/04\/20230405_101056.jpg\" title=\"20230405_101056\"><img loading=\"lazy\" decoding=\"async\" src=\"https:\/\/szkolazabrowo.pl\/wp-content\/uploads\/2023\/04\/20230405_101056-250x300.jpg\" alt=\"20230405_101056\" width=\"250\" height=\"300\" \/><span class=\"su-custom-gallery-title\">20230405_101056<\/span><\/a><\/div><div class=\"su-custom-gallery-slide\" style=\"width:250px;height:300px\"><a href=\"https:\/\/szkolazabrowo.pl\/wp-content\/uploads\/2023\/04\/20230405_102113.jpg\" title=\"20230405_102113\"><img loading=\"lazy\" decoding=\"async\" src=\"https:\/\/szkolazabrowo.pl\/wp-content\/uploads\/2023\/04\/20230405_102113-250x300.jpg\" alt=\"20230405_102113\" width=\"250\" height=\"300\" \/><span class=\"su-custom-gallery-title\">20230405_102113<\/span><\/a><\/div><div class=\"su-custom-gallery-slide\" style=\"width:250px;height:300px\"><a href=\"https:\/\/szkolazabrowo.pl\/wp-content\/uploads\/2023\/04\/20230405_102202.jpg\" title=\"20230405_102202\"><img loading=\"lazy\" decoding=\"async\" src=\"https:\/\/szkolazabrowo.pl\/wp-content\/uploads\/2023\/04\/20230405_102202-250x300.jpg\" alt=\"20230405_102202\" width=\"250\" height=\"300\" \/><span class=\"su-custom-gallery-title\">20230405_102202<\/span><\/a><\/div><div class=\"su-custom-gallery-slide\" style=\"width:250px;height:300px\"><a href=\"https:\/\/szkolazabrowo.pl\/wp-content\/uploads\/2023\/04\/20230405_102242.jpg\" title=\"20230405_102242\"><img loading=\"lazy\" decoding=\"async\" src=\"https:\/\/szkolazabrowo.pl\/wp-content\/uploads\/2023\/04\/20230405_102242-250x300.jpg\" alt=\"20230405_102242\" width=\"250\" height=\"300\" \/><span class=\"su-custom-gallery-title\">20230405_102242<\/span><\/a><\/div><div class=\"su-custom-gallery-slide\" style=\"width:250px;height:300px\"><a href=\"https:\/\/szkolazabrowo.pl\/wp-content\/uploads\/2023\/04\/20230405_102308.jpg\" title=\"20230405_102308\"><img loading=\"lazy\" decoding=\"async\" src=\"https:\/\/szkolazabrowo.pl\/wp-content\/uploads\/2023\/04\/20230405_102308-250x300.jpg\" alt=\"20230405_102308\" width=\"250\" height=\"300\" \/><span class=\"su-custom-gallery-title\">20230405_102308<\/span><\/a><\/div><div class=\"su-custom-gallery-slide\" style=\"width:250px;height:300px\"><a href=\"https:\/\/szkolazabrowo.pl\/wp-content\/uploads\/2023\/04\/20230405_102333.jpg\" title=\"20230405_102333\"><img loading=\"lazy\" decoding=\"async\" src=\"https:\/\/szkolazabrowo.pl\/wp-content\/uploads\/2023\/04\/20230405_102333-250x300.jpg\" alt=\"20230405_102333\" width=\"250\" height=\"300\" \/><span class=\"su-custom-gallery-title\">20230405_102333<\/span><\/a><\/div><div class=\"su-custom-gallery-slide\" style=\"width:250px;height:300px\"><a href=\"https:\/\/szkolazabrowo.pl\/wp-content\/uploads\/2023\/04\/20230405_102350.jpg\" title=\"20230405_102350\"><img loading=\"lazy\" decoding=\"async\" src=\"https:\/\/szkolazabrowo.pl\/wp-content\/uploads\/2023\/04\/20230405_102350-250x300.jpg\" alt=\"20230405_102350\" width=\"250\" height=\"300\" \/><span class=\"su-custom-gallery-title\">20230405_102350<\/span><\/a><\/div><div class=\"su-custom-gallery-slide\" style=\"width:250px;height:300px\"><a href=\"https:\/\/szkolazabrowo.pl\/wp-content\/uploads\/2023\/04\/20230405_102406.jpg\" title=\"20230405_102406\"><img loading=\"lazy\" decoding=\"async\" src=\"https:\/\/szkolazabrowo.pl\/wp-content\/uploads\/2023\/04\/20230405_102406-250x300.jpg\" alt=\"20230405_102406\" width=\"250\" height=\"300\" \/><span class=\"su-custom-gallery-title\">20230405_102406<\/span><\/a><\/div><div class=\"su-custom-gallery-slide\" style=\"width:250px;height:300px\"><a href=\"https:\/\/szkolazabrowo.pl\/wp-content\/uploads\/2023\/04\/20230405_102424.jpg\" title=\"20230405_102424\"><img loading=\"lazy\" decoding=\"async\" src=\"https:\/\/szkolazabrowo.pl\/wp-content\/uploads\/2023\/04\/20230405_102424-250x300.jpg\" alt=\"20230405_102424\" width=\"250\" height=\"300\" \/><span class=\"su-custom-gallery-title\">20230405_102424<\/span><\/a><\/div><div class=\"su-custom-gallery-slide\" style=\"width:250px;height:300px\"><a href=\"https:\/\/szkolazabrowo.pl\/wp-content\/uploads\/2023\/04\/20230405_102446.jpg\" title=\"20230405_102446\"><img loading=\"lazy\" decoding=\"async\" src=\"https:\/\/szkolazabrowo.pl\/wp-content\/uploads\/2023\/04\/20230405_102446-250x300.jpg\" alt=\"20230405_102446\" width=\"250\" height=\"300\" \/><span class=\"su-custom-gallery-title\">20230405_102446<\/span><\/a><\/div><div class=\"su-custom-gallery-slide\" style=\"width:250px;height:300px\"><a href=\"https:\/\/szkolazabrowo.pl\/wp-content\/uploads\/2023\/04\/20230405_102627.jpg\" title=\"20230405_102627\"><img loading=\"lazy\" decoding=\"async\" src=\"https:\/\/szkolazabrowo.pl\/wp-content\/uploads\/2023\/04\/20230405_102627-250x300.jpg\" alt=\"20230405_102627\" width=\"250\" height=\"300\" \/><span class=\"su-custom-gallery-title\">20230405_102627<\/span><\/a><\/div><div class=\"su-custom-gallery-slide\" style=\"width:250px;height:300px\"><a href=\"https:\/\/szkolazabrowo.pl\/wp-content\/uploads\/2023\/04\/20230405_102645.jpg\" title=\"20230405_102645\"><img loading=\"lazy\" decoding=\"async\" src=\"https:\/\/szkolazabrowo.pl\/wp-content\/uploads\/2023\/04\/20230405_102645-250x300.jpg\" alt=\"20230405_102645\" width=\"250\" height=\"300\" \/><span class=\"su-custom-gallery-title\">20230405_102645<\/span><\/a><\/div><div class=\"su-custom-gallery-slide\" style=\"width:250px;height:300px\"><a href=\"https:\/\/szkolazabrowo.pl\/wp-content\/uploads\/2023\/04\/20230405_102657.jpg\" title=\"20230405_102657\"><img loading=\"lazy\" decoding=\"async\" src=\"https:\/\/szkolazabrowo.pl\/wp-content\/uploads\/2023\/04\/20230405_102657-250x300.jpg\" alt=\"20230405_102657\" width=\"250\" height=\"300\" \/><span class=\"su-custom-gallery-title\">20230405_102657<\/span><\/a><\/div><div class=\"su-custom-gallery-slide\" style=\"width:250px;height:300px\"><a href=\"https:\/\/szkolazabrowo.pl\/wp-content\/uploads\/2023\/04\/20230405_102754.jpg\" title=\"20230405_102754\"><img loading=\"lazy\" decoding=\"async\" src=\"https:\/\/szkolazabrowo.pl\/wp-content\/uploads\/2023\/04\/20230405_102754-250x300.jpg\" alt=\"20230405_102754\" width=\"250\" height=\"300\" \/><span class=\"su-custom-gallery-title\">20230405_102754<\/span><\/a><\/div><div class=\"su-custom-gallery-slide\" style=\"width:250px;height:300px\"><a href=\"https:\/\/szkolazabrowo.pl\/wp-content\/uploads\/2023\/04\/20230405_102825.jpg\" title=\"20230405_102825\"><img loading=\"lazy\" decoding=\"async\" src=\"https:\/\/szkolazabrowo.pl\/wp-content\/uploads\/2023\/04\/20230405_102825-250x300.jpg\" alt=\"20230405_102825\" width=\"250\" height=\"300\" \/><span class=\"su-custom-gallery-title\">20230405_102825<\/span><\/a><\/div><div class=\"su-custom-gallery-slide\" style=\"width:250px;height:300px\"><a href=\"https:\/\/szkolazabrowo.pl\/wp-content\/uploads\/2023\/04\/20230405_103127.jpg\" title=\"20230405_103127\"><img loading=\"lazy\" decoding=\"async\" src=\"https:\/\/szkolazabrowo.pl\/wp-content\/uploads\/2023\/04\/20230405_103127-250x300.jpg\" alt=\"20230405_103127\" width=\"250\" height=\"300\" \/><span class=\"su-custom-gallery-title\">20230405_103127<\/span><\/a><\/div><div class=\"su-custom-gallery-slide\" style=\"width:250px;height:300px\"><a href=\"https:\/\/szkolazabrowo.pl\/wp-content\/uploads\/2023\/04\/20230405_103210.jpg\" title=\"20230405_103210\"><img loading=\"lazy\" decoding=\"async\" src=\"https:\/\/szkolazabrowo.pl\/wp-content\/uploads\/2023\/04\/20230405_103210-250x300.jpg\" alt=\"20230405_103210\" width=\"250\" height=\"300\" \/><span class=\"su-custom-gallery-title\">20230405_103210<\/span><\/a><\/div><div class=\"su-custom-gallery-slide\" style=\"width:250px;height:300px\"><a href=\"https:\/\/szkolazabrowo.pl\/wp-content\/uploads\/2023\/04\/20230405_1034060.jpg\" title=\"20230405_103406(0)\"><img loading=\"lazy\" decoding=\"async\" src=\"https:\/\/szkolazabrowo.pl\/wp-content\/uploads\/2023\/04\/20230405_1034060-250x300.jpg\" alt=\"20230405_103406(0)\" width=\"250\" height=\"300\" \/><span class=\"su-custom-gallery-title\">20230405_103406(0)<\/span><\/a><\/div><div class=\"su-clear\"><\/div><\/div>\n\n\n\n<figure class=\"wp-block-video\"><video height=\"1080\" style=\"aspect-ratio: 1920 \/ 1080;\" width=\"1920\" controls src=\"https:\/\/szkolazabrowo.pl\/wp-content\/uploads\/2023\/04\/20230405_094725.mp4\"><\/video><\/figure>\n\n\n\n<figure class=\"wp-block-video\"><video height=\"1080\" style=\"aspect-ratio: 1920 \/ 1080;\" width=\"1920\" controls src=\"https:\/\/szkolazabrowo.pl\/wp-content\/uploads\/2023\/04\/20230405_095129.mp4\"><\/video><\/figure>\n","protected":false},"excerpt":{"rendered":"<p>W&nbsp; \u015brod\u0119 05.04 w przedszkolu odby\u0142y si\u0119 warsztaty wielkanocne z rodzicami, podczas kt\u00f3rych rodzice oraz dzieci bra\u0142y udzia\u0142 w r\u00f3\u017cnych konkurencjach: 1. Wielkanocny Twister 2. Wy\u015bcig z jajkiem 3. Kicaj\u0105ce zaj\u0105ce w worku 4. Przyklejanie ogonka zaj\u0105czkowi. We wsp\u00f3lnym gronie, <a href=\"https:\/\/szkolazabrowo.pl\/?page_id=9865\" class=\"read-more\">Czytaj wi\u0119cej &#8230;<\/a><\/p>\n","protected":false},"author":1,"featured_media":0,"parent":0,"menu_order":0,"comment_status":"closed","ping_status":"closed","template":"","meta":{"footnotes":""},"class_list":["post-9865","page","type-page","status-publish","hentry"],"_links":{"self":[{"href":"https:\/\/szkolazabrowo.pl\/index.php?rest_route=\/wp\/v2\/pages\/9865","targetHints":{"allow":["GET"]}}],"collection":[{"href":"https:\/\/szkolazabrowo.pl\/index.php?rest_route=\/wp\/v2\/pages"}],"about":[{"href":"https:\/\/szkolazabrowo.pl\/index.php?rest_route=\/wp\/v2\/types\/page"}],"author":[{"embeddable":true,"href":"https:\/\/szkolazabrowo.pl\/index.php?rest_route=\/wp\/v2\/users\/1"}],"replies":[{"embeddable":true,"href":"https:\/\/szkolazabrowo.pl\/index.php?rest_route=%2Fwp%2Fv2%2Fcomments&post=9865"}],"version-history":[{"count":1,"href":"https:\/\/szkolazabrowo.pl\/index.php?rest_route=\/wp\/v2\/pages\/9865\/revisions"}],"predecessor-version":[{"id":9901,"href":"https:\/\/szkolazabrowo.pl\/index.php?rest_route=\/wp\/v2\/pages\/9865\/revisions\/9901"}],"wp:attachment":[{"href":"https:\/\/szkolazabrowo.pl\/index.php?rest_route=%2Fwp%2Fv2%2Fmedia&parent=9865"}],"curies":[{"name":"wp","href":"https:\/\/api.w.org\/{rel}","templated":true}]}}