{"id":9590,"date":"2023-03-22T11:51:39","date_gmt":"2023-03-22T11:51:39","guid":{"rendered":"http:\/\/szkolazabrowo.pl\/?page_id=9590"},"modified":"2023-03-22T11:51:42","modified_gmt":"2023-03-22T11:51:42","slug":"sciezka-sensoryczna-boso-przez-swiat","status":"publish","type":"page","link":"https:\/\/szkolazabrowo.pl\/?page_id=9590","title":{"rendered":"\u015acie\u017cka sensoryczna- boso przez \u015bwiat"},"content":{"rendered":"<div class=\"su-custom-gallery su-custom-gallery-align-left su-custom-gallery-title-never\"><div class=\"su-custom-gallery-slide\" style=\"width:250px;height:300px\"><a href=\"https:\/\/szkolazabrowo.pl\/wp-content\/uploads\/2023\/03\/20211011_090745.jpg\" title=\"20211011_090745\"><img loading=\"lazy\" decoding=\"async\" src=\"https:\/\/szkolazabrowo.pl\/wp-content\/uploads\/2023\/03\/20211011_090745-250x300.jpg\" alt=\"20211011_090745\" width=\"250\" height=\"300\" \/><span class=\"su-custom-gallery-title\">20211011_090745<\/span><\/a><\/div><div class=\"su-custom-gallery-slide\" style=\"width:250px;height:300px\"><a href=\"https:\/\/szkolazabrowo.pl\/wp-content\/uploads\/2023\/03\/20211011_090750.jpg\" title=\"20211011_090750\"><img loading=\"lazy\" decoding=\"async\" src=\"https:\/\/szkolazabrowo.pl\/wp-content\/uploads\/2023\/03\/20211011_090750-250x300.jpg\" alt=\"20211011_090750\" width=\"250\" height=\"300\" \/><span class=\"su-custom-gallery-title\">20211011_090750<\/span><\/a><\/div><div class=\"su-custom-gallery-slide\" style=\"width:250px;height:300px\"><a href=\"https:\/\/szkolazabrowo.pl\/wp-content\/uploads\/2023\/03\/20211011_090919.jpg\" title=\"20211011_090919\"><img loading=\"lazy\" decoding=\"async\" src=\"https:\/\/szkolazabrowo.pl\/wp-content\/uploads\/2023\/03\/20211011_090919-250x300.jpg\" alt=\"20211011_090919\" width=\"250\" height=\"300\" \/><span class=\"su-custom-gallery-title\">20211011_090919<\/span><\/a><\/div><div class=\"su-custom-gallery-slide\" style=\"width:250px;height:300px\"><a href=\"https:\/\/szkolazabrowo.pl\/wp-content\/uploads\/2023\/03\/20211011_090933.jpg\" title=\"20211011_090933\"><img loading=\"lazy\" decoding=\"async\" src=\"https:\/\/szkolazabrowo.pl\/wp-content\/uploads\/2023\/03\/20211011_090933-250x300.jpg\" alt=\"20211011_090933\" width=\"250\" height=\"300\" \/><span class=\"su-custom-gallery-title\">20211011_090933<\/span><\/a><\/div><div class=\"su-custom-gallery-slide\" style=\"width:250px;height:300px\"><a href=\"https:\/\/szkolazabrowo.pl\/wp-content\/uploads\/2023\/03\/20211011_090946.jpg\" title=\"20211011_090946\"><img loading=\"lazy\" decoding=\"async\" src=\"https:\/\/szkolazabrowo.pl\/wp-content\/uploads\/2023\/03\/20211011_090946-250x300.jpg\" alt=\"20211011_090946\" width=\"250\" height=\"300\" \/><span class=\"su-custom-gallery-title\">20211011_090946<\/span><\/a><\/div><div class=\"su-custom-gallery-slide\" style=\"width:250px;height:300px\"><a href=\"https:\/\/szkolazabrowo.pl\/wp-content\/uploads\/2023\/03\/20211011_091212.jpg\" title=\"20211011_091212\"><img loading=\"lazy\" decoding=\"async\" src=\"https:\/\/szkolazabrowo.pl\/wp-content\/uploads\/2023\/03\/20211011_091212-250x300.jpg\" alt=\"20211011_091212\" width=\"250\" height=\"300\" \/><span class=\"su-custom-gallery-title\">20211011_091212<\/span><\/a><\/div><div class=\"su-custom-gallery-slide\" style=\"width:250px;height:300px\"><a href=\"https:\/\/szkolazabrowo.pl\/wp-content\/uploads\/2023\/03\/20211011_091215.jpg\" title=\"20211011_091215\"><img loading=\"lazy\" decoding=\"async\" src=\"https:\/\/szkolazabrowo.pl\/wp-content\/uploads\/2023\/03\/20211011_091215-250x300.jpg\" alt=\"20211011_091215\" width=\"250\" height=\"300\" \/><span class=\"su-custom-gallery-title\">20211011_091215<\/span><\/a><\/div><div class=\"su-custom-gallery-slide\" style=\"width:250px;height:300px\"><a href=\"https:\/\/szkolazabrowo.pl\/wp-content\/uploads\/2023\/03\/20211011_091236.jpg\" title=\"20211011_091236\"><img loading=\"lazy\" decoding=\"async\" src=\"https:\/\/szkolazabrowo.pl\/wp-content\/uploads\/2023\/03\/20211011_091236-250x300.jpg\" alt=\"20211011_091236\" width=\"250\" height=\"300\" \/><span class=\"su-custom-gallery-title\">20211011_091236<\/span><\/a><\/div><div class=\"su-custom-gallery-slide\" style=\"width:250px;height:300px\"><a href=\"https:\/\/szkolazabrowo.pl\/wp-content\/uploads\/2023\/03\/20211011_091247.jpg\" title=\"20211011_091247\"><img loading=\"lazy\" decoding=\"async\" src=\"https:\/\/szkolazabrowo.pl\/wp-content\/uploads\/2023\/03\/20211011_091247-250x300.jpg\" alt=\"20211011_091247\" width=\"250\" height=\"300\" \/><span class=\"su-custom-gallery-title\">20211011_091247<\/span><\/a><\/div><div class=\"su-custom-gallery-slide\" style=\"width:250px;height:300px\"><a href=\"https:\/\/szkolazabrowo.pl\/wp-content\/uploads\/2023\/03\/20211011_091315.jpg\" title=\"20211011_091315\"><img loading=\"lazy\" decoding=\"async\" src=\"https:\/\/szkolazabrowo.pl\/wp-content\/uploads\/2023\/03\/20211011_091315-250x300.jpg\" alt=\"20211011_091315\" width=\"250\" height=\"300\" \/><span class=\"su-custom-gallery-title\">20211011_091315<\/span><\/a><\/div><div class=\"su-custom-gallery-slide\" style=\"width:250px;height:300px\"><a href=\"https:\/\/szkolazabrowo.pl\/wp-content\/uploads\/2023\/03\/20211011_091339.jpg\" title=\"20211011_091339\"><img loading=\"lazy\" decoding=\"async\" src=\"https:\/\/szkolazabrowo.pl\/wp-content\/uploads\/2023\/03\/20211011_091339-250x300.jpg\" alt=\"20211011_091339\" width=\"250\" height=\"300\" \/><span class=\"su-custom-gallery-title\">20211011_091339<\/span><\/a><\/div><div class=\"su-custom-gallery-slide\" style=\"width:250px;height:300px\"><a href=\"https:\/\/szkolazabrowo.pl\/wp-content\/uploads\/2023\/03\/20211011_091416.jpg\" title=\"20211011_091416\"><img loading=\"lazy\" decoding=\"async\" src=\"https:\/\/szkolazabrowo.pl\/wp-content\/uploads\/2023\/03\/20211011_091416-250x300.jpg\" alt=\"20211011_091416\" width=\"250\" height=\"300\" \/><span class=\"su-custom-gallery-title\">20211011_091416<\/span><\/a><\/div><div class=\"su-custom-gallery-slide\" style=\"width:250px;height:300px\"><a href=\"https:\/\/szkolazabrowo.pl\/wp-content\/uploads\/2023\/03\/20211011_091417.jpg\" title=\"20211011_091417\"><img loading=\"lazy\" decoding=\"async\" src=\"https:\/\/szkolazabrowo.pl\/wp-content\/uploads\/2023\/03\/20211011_091417-250x300.jpg\" alt=\"20211011_091417\" width=\"250\" height=\"300\" \/><span class=\"su-custom-gallery-title\">20211011_091417<\/span><\/a><\/div><div class=\"su-custom-gallery-slide\" style=\"width:250px;height:300px\"><a href=\"https:\/\/szkolazabrowo.pl\/wp-content\/uploads\/2023\/03\/20211011_091439.jpg\" title=\"20211011_091439\"><img loading=\"lazy\" decoding=\"async\" src=\"https:\/\/szkolazabrowo.pl\/wp-content\/uploads\/2023\/03\/20211011_091439-250x300.jpg\" alt=\"20211011_091439\" width=\"250\" height=\"300\" \/><span class=\"su-custom-gallery-title\">20211011_091439<\/span><\/a><\/div><div class=\"su-custom-gallery-slide\" style=\"width:250px;height:300px\"><a href=\"https:\/\/szkolazabrowo.pl\/wp-content\/uploads\/2023\/03\/20211011_091450.jpg\" title=\"20211011_091450\"><img loading=\"lazy\" decoding=\"async\" src=\"https:\/\/szkolazabrowo.pl\/wp-content\/uploads\/2023\/03\/20211011_091450-250x300.jpg\" alt=\"20211011_091450\" width=\"250\" height=\"300\" \/><span class=\"su-custom-gallery-title\">20211011_091450<\/span><\/a><\/div><div class=\"su-custom-gallery-slide\" style=\"width:250px;height:300px\"><a href=\"https:\/\/szkolazabrowo.pl\/wp-content\/uploads\/2023\/03\/20211011_091505.jpg\" title=\"20211011_091505\"><img loading=\"lazy\" decoding=\"async\" src=\"https:\/\/szkolazabrowo.pl\/wp-content\/uploads\/2023\/03\/20211011_091505-250x300.jpg\" alt=\"20211011_091505\" width=\"250\" height=\"300\" \/><span class=\"su-custom-gallery-title\">20211011_091505<\/span><\/a><\/div><div class=\"su-custom-gallery-slide\" style=\"width:250px;height:300px\"><a href=\"https:\/\/szkolazabrowo.pl\/wp-content\/uploads\/2023\/03\/20211011_091524.jpg\" title=\"20211011_091524\"><img loading=\"lazy\" decoding=\"async\" src=\"https:\/\/szkolazabrowo.pl\/wp-content\/uploads\/2023\/03\/20211011_091524-250x300.jpg\" alt=\"20211011_091524\" width=\"250\" height=\"300\" \/><span class=\"su-custom-gallery-title\">20211011_091524<\/span><\/a><\/div><div class=\"su-custom-gallery-slide\" style=\"width:250px;height:300px\"><a href=\"https:\/\/szkolazabrowo.pl\/wp-content\/uploads\/2023\/03\/20211011_091533.jpg\" title=\"20211011_091533\"><img loading=\"lazy\" decoding=\"async\" src=\"https:\/\/szkolazabrowo.pl\/wp-content\/uploads\/2023\/03\/20211011_091533-250x300.jpg\" alt=\"20211011_091533\" width=\"250\" height=\"300\" \/><span class=\"su-custom-gallery-title\">20211011_091533<\/span><\/a><\/div><div class=\"su-custom-gallery-slide\" style=\"width:250px;height:300px\"><a href=\"https:\/\/szkolazabrowo.pl\/wp-content\/uploads\/2023\/03\/20211011_091539.jpg\" title=\"20211011_091539\"><img loading=\"lazy\" decoding=\"async\" src=\"https:\/\/szkolazabrowo.pl\/wp-content\/uploads\/2023\/03\/20211011_091539-250x300.jpg\" alt=\"20211011_091539\" width=\"250\" height=\"300\" \/><span class=\"su-custom-gallery-title\">20211011_091539<\/span><\/a><\/div><div class=\"su-custom-gallery-slide\" style=\"width:250px;height:300px\"><a href=\"https:\/\/szkolazabrowo.pl\/wp-content\/uploads\/2023\/03\/20211011_091611.jpg\" title=\"20211011_091611\"><img loading=\"lazy\" decoding=\"async\" src=\"https:\/\/szkolazabrowo.pl\/wp-content\/uploads\/2023\/03\/20211011_091611-250x300.jpg\" alt=\"20211011_091611\" width=\"250\" height=\"300\" \/><span class=\"su-custom-gallery-title\">20211011_091611<\/span><\/a><\/div><div class=\"su-custom-gallery-slide\" style=\"width:250px;height:300px\"><a href=\"https:\/\/szkolazabrowo.pl\/wp-content\/uploads\/2023\/03\/20211011_091631.jpg\" title=\"20211011_091631\"><img loading=\"lazy\" decoding=\"async\" src=\"https:\/\/szkolazabrowo.pl\/wp-content\/uploads\/2023\/03\/20211011_091631-250x300.jpg\" alt=\"20211011_091631\" width=\"250\" height=\"300\" \/><span class=\"su-custom-gallery-title\">20211011_091631<\/span><\/a><\/div><div class=\"su-custom-gallery-slide\" style=\"width:250px;height:300px\"><a href=\"https:\/\/szkolazabrowo.pl\/wp-content\/uploads\/2023\/03\/20211011_091651.jpg\" title=\"20211011_091651\"><img loading=\"lazy\" decoding=\"async\" src=\"https:\/\/szkolazabrowo.pl\/wp-content\/uploads\/2023\/03\/20211011_091651-250x300.jpg\" alt=\"20211011_091651\" width=\"250\" height=\"300\" \/><span class=\"su-custom-gallery-title\">20211011_091651<\/span><\/a><\/div><div class=\"su-custom-gallery-slide\" style=\"width:250px;height:300px\"><a href=\"https:\/\/szkolazabrowo.pl\/wp-content\/uploads\/2023\/03\/20211011_091707.jpg\" title=\"20211011_091707\"><img loading=\"lazy\" decoding=\"async\" src=\"https:\/\/szkolazabrowo.pl\/wp-content\/uploads\/2023\/03\/20211011_091707-250x300.jpg\" alt=\"20211011_091707\" width=\"250\" height=\"300\" \/><span class=\"su-custom-gallery-title\">20211011_091707<\/span><\/a><\/div><div class=\"su-custom-gallery-slide\" style=\"width:250px;height:300px\"><a href=\"https:\/\/szkolazabrowo.pl\/wp-content\/uploads\/2023\/03\/20211011_091731.jpg\" title=\"20211011_091731\"><img loading=\"lazy\" decoding=\"async\" src=\"https:\/\/szkolazabrowo.pl\/wp-content\/uploads\/2023\/03\/20211011_091731-250x300.jpg\" alt=\"20211011_091731\" width=\"250\" height=\"300\" \/><span class=\"su-custom-gallery-title\">20211011_091731<\/span><\/a><\/div><div class=\"su-custom-gallery-slide\" style=\"width:250px;height:300px\"><a href=\"https:\/\/szkolazabrowo.pl\/wp-content\/uploads\/2023\/03\/20211011_091816.jpg\" title=\"20211011_091816\"><img loading=\"lazy\" decoding=\"async\" src=\"https:\/\/szkolazabrowo.pl\/wp-content\/uploads\/2023\/03\/20211011_091816-250x300.jpg\" alt=\"20211011_091816\" width=\"250\" height=\"300\" \/><span class=\"su-custom-gallery-title\">20211011_091816<\/span><\/a><\/div><div class=\"su-custom-gallery-slide\" style=\"width:250px;height:300px\"><a href=\"https:\/\/szkolazabrowo.pl\/wp-content\/uploads\/2023\/03\/20211011_091845.jpg\" title=\"20211011_091845\"><img loading=\"lazy\" decoding=\"async\" src=\"https:\/\/szkolazabrowo.pl\/wp-content\/uploads\/2023\/03\/20211011_091845-250x300.jpg\" alt=\"20211011_091845\" width=\"250\" height=\"300\" \/><span class=\"su-custom-gallery-title\">20211011_091845<\/span><\/a><\/div><div class=\"su-custom-gallery-slide\" style=\"width:250px;height:300px\"><a href=\"https:\/\/szkolazabrowo.pl\/wp-content\/uploads\/2023\/03\/20211011_091851.jpg\" title=\"20211011_091851\"><img loading=\"lazy\" decoding=\"async\" src=\"https:\/\/szkolazabrowo.pl\/wp-content\/uploads\/2023\/03\/20211011_091851-250x300.jpg\" alt=\"20211011_091851\" width=\"250\" height=\"300\" \/><span class=\"su-custom-gallery-title\">20211011_091851<\/span><\/a><\/div><div class=\"su-clear\"><\/div><\/div>\n","protected":false},"excerpt":{"rendered":"","protected":false},"author":1,"featured_media":0,"parent":0,"menu_order":0,"comment_status":"closed","ping_status":"closed","template":"","meta":{"footnotes":""},"class_list":["post-9590","page","type-page","status-publish","hentry"],"_links":{"self":[{"href":"https:\/\/szkolazabrowo.pl\/index.php?rest_route=\/wp\/v2\/pages\/9590","targetHints":{"allow":["GET"]}}],"collection":[{"href":"https:\/\/szkolazabrowo.pl\/index.php?rest_route=\/wp\/v2\/pages"}],"about":[{"href":"https:\/\/szkolazabrowo.pl\/index.php?rest_route=\/wp\/v2\/types\/page"}],"author":[{"embeddable":true,"href":"https:\/\/szkolazabrowo.pl\/index.php?rest_route=\/wp\/v2\/users\/1"}],"replies":[{"embeddable":true,"href":"https:\/\/szkolazabrowo.pl\/index.php?rest_route=%2Fwp%2Fv2%2Fcomments&post=9590"}],"version-history":[{"count":1,"href":"https:\/\/szkolazabrowo.pl\/index.php?rest_route=\/wp\/v2\/pages\/9590\/revisions"}],"predecessor-version":[{"id":9619,"href":"https:\/\/szkolazabrowo.pl\/index.php?rest_route=\/wp\/v2\/pages\/9590\/revisions\/9619"}],"wp:attachment":[{"href":"https:\/\/szkolazabrowo.pl\/index.php?rest_route=%2Fwp%2Fv2%2Fmedia&parent=9590"}],"curies":[{"name":"wp","href":"https:\/\/api.w.org\/{rel}","templated":true}]}}