{"id":8531,"date":"2024-01-15T09:12:09","date_gmt":"2024-01-15T09:12:09","guid":{"rendered":"http:\/\/szkolazabrowo.pl\/?page_id=8531"},"modified":"2026-01-16T10:01:27","modified_gmt":"2026-01-16T10:01:27","slug":"mieso-i-produkty-miesne","status":"publish","type":"page","link":"https:\/\/szkolazabrowo.pl\/?page_id=8531","title":{"rendered":"Mi\u0119so i produkty mi\u0119sne"},"content":{"rendered":"\n<div class=\"wp-block-file\"><a id=\"wp-block-file--media-03852212-895a-4537-bca2-ade0d65ea545\" href=\"https:\/\/szkolazabrowo.pl\/wp-content\/uploads\/2026\/01\/Pismo-przewodnie-mieso-i-produkty-miesne.pdf\">Pismo przewodnie &#8211; mi\u0119so i produkty mi\u0119sne<\/a><a href=\"https:\/\/szkolazabrowo.pl\/wp-content\/uploads\/2026\/01\/Pismo-przewodnie-mieso-i-produkty-miesne.pdf\" class=\"wp-block-file__button wp-element-button\" download aria-describedby=\"wp-block-file--media-03852212-895a-4537-bca2-ade0d65ea545\">Pobierz<\/a><\/div>\n\n\n\n<div class=\"wp-block-file\"><a id=\"wp-block-file--media-6d5c2780-5b9c-451d-952c-7fe48ba0d64f\" href=\"https:\/\/szkolazabrowo.pl\/wp-content\/uploads\/2026\/01\/Zapytanie-cenowe-mieso-i-produkty-miesne.pdf\">Zapytanie cenowe &#8211; mi\u0119so i produkty mi\u0119sne<\/a><a href=\"https:\/\/szkolazabrowo.pl\/wp-content\/uploads\/2026\/01\/Zapytanie-cenowe-mieso-i-produkty-miesne.pdf\" class=\"wp-block-file__button wp-element-button\" download aria-describedby=\"wp-block-file--media-6d5c2780-5b9c-451d-952c-7fe48ba0d64f\">Pobierz<\/a><\/div>\n\n\n\n<div class=\"wp-block-file\"><a id=\"wp-block-file--media-bac90fd2-3f81-46a2-8e4f-e735f2bdb658\" href=\"https:\/\/szkolazabrowo.pl\/wp-content\/uploads\/2026\/01\/Zalacznik-1a-mieso-i-produkty-miesne.pdf\">Za\u0142\u0105cznik 1a &#8211; mi\u0119so i produkty mi\u0119sne<\/a><a href=\"https:\/\/szkolazabrowo.pl\/wp-content\/uploads\/2026\/01\/Zalacznik-1a-mieso-i-produkty-miesne.pdf\" class=\"wp-block-file__button wp-element-button\" download aria-describedby=\"wp-block-file--media-bac90fd2-3f81-46a2-8e4f-e735f2bdb658\">Pobierz<\/a><\/div>\n\n\n\n<div class=\"wp-block-file\"><a id=\"wp-block-file--media-551d4a63-8d0e-4e0d-aa0f-741d3445d716\" href=\"https:\/\/szkolazabrowo.pl\/wp-content\/uploads\/2026\/01\/Zalacznik-1b-mieso-i-produkty-miesne.pdf\">Za\u0142\u0105cznik 1b &#8211; mi\u0119so i produkty mi\u0119sne<\/a><a href=\"https:\/\/szkolazabrowo.pl\/wp-content\/uploads\/2026\/01\/Zalacznik-1b-mieso-i-produkty-miesne.pdf\" class=\"wp-block-file__button wp-element-button\" download aria-describedby=\"wp-block-file--media-551d4a63-8d0e-4e0d-aa0f-741d3445d716\">Pobierz<\/a><\/div>\n","protected":false},"excerpt":{"rendered":"","protected":false},"author":1,"featured_media":0,"parent":0,"menu_order":0,"comment_status":"closed","ping_status":"closed","template":"","meta":{"footnotes":""},"class_list":["post-8531","page","type-page","status-publish","hentry"],"_links":{"self":[{"href":"https:\/\/szkolazabrowo.pl\/index.php?rest_route=\/wp\/v2\/pages\/8531","targetHints":{"allow":["GET"]}}],"collection":[{"href":"https:\/\/szkolazabrowo.pl\/index.php?rest_route=\/wp\/v2\/pages"}],"about":[{"href":"https:\/\/szkolazabrowo.pl\/index.php?rest_route=\/wp\/v2\/types\/page"}],"author":[{"embeddable":true,"href":"https:\/\/szkolazabrowo.pl\/index.php?rest_route=\/wp\/v2\/users\/1"}],"replies":[{"embeddable":true,"href":"https:\/\/szkolazabrowo.pl\/index.php?rest_route=%2Fwp%2Fv2%2Fcomments&post=8531"}],"version-history":[{"count":4,"href":"https:\/\/szkolazabrowo.pl\/index.php?rest_route=\/wp\/v2\/pages\/8531\/revisions"}],"predecessor-version":[{"id":16113,"href":"https:\/\/szkolazabrowo.pl\/index.php?rest_route=\/wp\/v2\/pages\/8531\/revisions\/16113"}],"wp:attachment":[{"href":"https:\/\/szkolazabrowo.pl\/index.php?rest_route=%2Fwp%2Fv2%2Fmedia&parent=8531"}],"curies":[{"name":"wp","href":"https:\/\/api.w.org\/{rel}","templated":true}]}}