{"id":7289,"date":"2022-06-26T09:15:00","date_gmt":"2022-06-26T09:15:00","guid":{"rendered":"http:\/\/szkolazabrowo.pl\/?page_id=7289"},"modified":"2025-07-04T11:44:22","modified_gmt":"2025-07-04T11:44:22","slug":"swiadczenie-uslug-przewozowych-w-ramach-regularnej-komunikacji-zbiorowej","status":"publish","type":"page","link":"https:\/\/szkolazabrowo.pl\/?page_id=7289","title":{"rendered":"\u015awiadczenie us\u0142ug przewozowych w ramach regularnej komunikacji zbiorowej 2025\/2026"},"content":{"rendered":"\n<div class=\"wp-block-file\"><a id=\"wp-block-file--media-bfe00f20-c325-4fc1-8d97-0b703a1a4b64\" href=\"https:\/\/szkolazabrowo.pl\/wp-content\/uploads\/2025\/07\/ZAPYTANIE-OFERTOWE.pdf\">ZAPYTANIE OFERTOWE<\/a><a href=\"https:\/\/szkolazabrowo.pl\/wp-content\/uploads\/2025\/07\/ZAPYTANIE-OFERTOWE.pdf\" class=\"wp-block-file__button wp-element-button\" download aria-describedby=\"wp-block-file--media-bfe00f20-c325-4fc1-8d97-0b703a1a4b64\">Pobierz<\/a><\/div>\n\n\n\n<div class=\"wp-block-file\"><a id=\"wp-block-file--media-28fbd611-b582-46d7-9b9b-68bbbacc23a1\" href=\"https:\/\/szkolazabrowo.pl\/wp-content\/uploads\/2025\/07\/FORMULARZ-OFERTOWY-zalacznik-nr-1.docx\">FORMULARZ OFERTOWY &#8211;  za\u0142\u0105cznik nr 1<\/a><a href=\"https:\/\/szkolazabrowo.pl\/wp-content\/uploads\/2025\/07\/FORMULARZ-OFERTOWY-zalacznik-nr-1.docx\" class=\"wp-block-file__button wp-element-button\" download aria-describedby=\"wp-block-file--media-28fbd611-b582-46d7-9b9b-68bbbacc23a1\">Pobierz<\/a><\/div>\n\n\n\n<div class=\"wp-block-file\"><a id=\"wp-block-file--media-b1e5a720-6e02-43c7-a25c-c7ac08202046\" href=\"https:\/\/szkolazabrowo.pl\/wp-content\/uploads\/2025\/07\/PROJEKT-UMOWY-o-swiadczenie-uslug-przewozowych-ZALACZNIK-NR-2.doc\">PROJEKT UMOWY o \u015bwiadczenie us\u0142ug przewozowych &#8211; ZA\u0141\u0104CZNIK NR 2<\/a><a href=\"https:\/\/szkolazabrowo.pl\/wp-content\/uploads\/2025\/07\/PROJEKT-UMOWY-o-swiadczenie-uslug-przewozowych-ZALACZNIK-NR-2.doc\" class=\"wp-block-file__button wp-element-button\" download aria-describedby=\"wp-block-file--media-b1e5a720-6e02-43c7-a25c-c7ac08202046\">Pobierz<\/a><\/div>\n\n\n\n<p><\/p>\n","protected":false},"excerpt":{"rendered":"","protected":false},"author":1,"featured_media":0,"parent":0,"menu_order":0,"comment_status":"closed","ping_status":"closed","template":"","meta":{"footnotes":""},"class_list":["post-7289","page","type-page","status-publish","hentry"],"_links":{"self":[{"href":"https:\/\/szkolazabrowo.pl\/index.php?rest_route=\/wp\/v2\/pages\/7289","targetHints":{"allow":["GET"]}}],"collection":[{"href":"https:\/\/szkolazabrowo.pl\/index.php?rest_route=\/wp\/v2\/pages"}],"about":[{"href":"https:\/\/szkolazabrowo.pl\/index.php?rest_route=\/wp\/v2\/types\/page"}],"author":[{"embeddable":true,"href":"https:\/\/szkolazabrowo.pl\/index.php?rest_route=\/wp\/v2\/users\/1"}],"replies":[{"embeddable":true,"href":"https:\/\/szkolazabrowo.pl\/index.php?rest_route=%2Fwp%2Fv2%2Fcomments&post=7289"}],"version-history":[{"count":4,"href":"https:\/\/szkolazabrowo.pl\/index.php?rest_route=\/wp\/v2\/pages\/7289\/revisions"}],"predecessor-version":[{"id":15182,"href":"https:\/\/szkolazabrowo.pl\/index.php?rest_route=\/wp\/v2\/pages\/7289\/revisions\/15182"}],"wp:attachment":[{"href":"https:\/\/szkolazabrowo.pl\/index.php?rest_route=%2Fwp%2Fv2%2Fmedia&parent=7289"}],"curies":[{"name":"wp","href":"https:\/\/api.w.org\/{rel}","templated":true}]}}