{"id":4817,"date":"2020-02-23T09:42:25","date_gmt":"2020-02-23T09:42:25","guid":{"rendered":"http:\/\/szkolazabrowo.pl\/?page_id=4817"},"modified":"2026-02-16T09:43:30","modified_gmt":"2026-02-16T09:43:30","slug":"rekrutacja-2020-2021","status":"publish","type":"page","link":"https:\/\/szkolazabrowo.pl\/?page_id=4817","title":{"rendered":"Rekrutacja 2026\/2027"},"content":{"rendered":"\n<div data-wp-interactive=\"core\/file\" class=\"wp-block-file\"><object data-wp-bind--hidden=\"!state.hasPdfPreview\" hidden class=\"wp-block-file__embed\" data=\"https:\/\/szkolazabrowo.pl\/wp-content\/uploads\/2026\/02\/KOMUNIKAT-1-2026-Dyrektora-Szkoly-Podstawowej-im.-Tworcow-Literatury-Dzieciecej-w-Zabrowie.pdf\" type=\"application\/pdf\" style=\"width:100%;height:1175px\" aria-label=\"Osadzone z KOMUNIKAT 1-2026 Dyrektora Szko\u0142y Podstawowej im. Tw\u00f3rc\u00f3w Literatury Dzieci\u0119cej w Z\u0105browie.\"><\/object><a id=\"wp-block-file--media-1d1c5685-0e99-480c-89d9-6a7e23e4902a\" href=\"https:\/\/szkolazabrowo.pl\/wp-content\/uploads\/2026\/02\/KOMUNIKAT-1-2026-Dyrektora-Szkoly-Podstawowej-im.-Tworcow-Literatury-Dzieciecej-w-Zabrowie.pdf\">KOMUNIKAT 1-2026 Dyrektora Szko\u0142y Podstawowej im. Tw\u00f3rc\u00f3w Literatury Dzieci\u0119cej w Z\u0105browie<\/a><\/div>\n\n\n\n<div data-wp-interactive=\"core\/file\" class=\"wp-block-file\"><object data-wp-bind--hidden=\"!state.hasPdfPreview\" hidden class=\"wp-block-file__embed\" data=\"https:\/\/szkolazabrowo.pl\/wp-content\/uploads\/2026\/02\/Zarzadzenie-nr-2-2026-Dyrektora-Szkoly-Podstawowej-w-Zabrowie.pdf\" type=\"application\/pdf\" style=\"width:100%;height:1113px\" aria-label=\"Osadzone z Zarz\u0105dzenie nr 2-2026 Dyrektora Szko\u0142y Podstawowej w Zabrowie.\"><\/object><a id=\"wp-block-file--media-a7e1156e-d79f-458e-a089-7d1405bdaab5\" href=\"https:\/\/szkolazabrowo.pl\/wp-content\/uploads\/2026\/02\/Zarzadzenie-nr-2-2026-Dyrektora-Szkoly-Podstawowej-w-Zabrowie.pdf\">Zarz\u0105dzenie nr 2-2026 Dyrektora Szko\u0142y Podstawowej w Zabrowie<\/a><\/div>\n\n\n\n<p><strong>Drodzy Rodzice,<\/strong><br>poni\u017cej dost\u0119pne s\u0105 druki wniosk\u00f3w do pobrania. Dla przypomnienia:<\/p>\n\n\n\n<ul class=\"wp-block-list\">\n<li><strong><u>Deklaracja o kontynuowaniu wychowania przedszkolnego<\/u><\/strong><br>dotyczy dzieci ucz\u0119szczaj\u0105cych obecnie do oddzia\u0142\u00f3w przedszkolnych Szko\u0142y Podstawowej w Z\u0105browie, kt\u00f3re b\u0119d\u0105 kontynuowa\u0142y wychowanie przedszkolne w roku szkolnym 2026\/2027.<\/li>\n\n\n\n<li><strong><u>Wniosek o przyj\u0119cie do oddzia\u0142u przedszkolnego<\/u><\/strong><br>dotyczy dzieci ubiegaj\u0105cych si\u0119 o przyj\u0119cie do oddzia\u0142u przedszkolnego, w tym do oddzia\u0142u przedszkolnego realizuj\u0105cego roczne przygotowanie przedszkolne (\u201ezer\u00f3wka\u201d).<\/li>\n\n\n\n<li><strong><u>Zg\u0142oszenie do klasy I szko\u0142y podstawowej<\/u><\/strong><br>dotyczy dzieci zamieszka\u0142ych w obwodzie Szko\u0142y Podstawowej w Z\u0105browie, kt\u00f3re zostan\u0105 obj\u0119te obowi\u0105zkiem szkolnym w roku szkolnym 2026\/2027.<\/li>\n\n\n\n<li><strong><u>Wniosek o przyj\u0119cie do klasy I szko\u0142y podstawowej<\/u><\/strong><br>dotyczy dzieci zamieszka\u0142ych poza obwodem Szko\u0142y Podstawowej w Z\u0105browie, ubiegaj\u0105cych si\u0119 o przyj\u0119cie do klasy I.<\/li>\n<\/ul>\n\n\n\n<p style=\"font-size:26px\"><strong>Druki do pobrania:<\/strong><\/p>\n\n\n\n<div class=\"wp-block-file\"><a id=\"wp-block-file--media-9661d705-f954-4bb6-8100-d35279429402\" href=\"https:\/\/szkolazabrowo.pl\/wp-content\/uploads\/2026\/02\/Deklaracja-o-kontynuowaniu-wychowania-przedszkolnego.doc\">Deklaracja o kontynuowaniu wychowania przedszkolnego<\/a><a href=\"https:\/\/szkolazabrowo.pl\/wp-content\/uploads\/2026\/02\/Deklaracja-o-kontynuowaniu-wychowania-przedszkolnego.doc\" class=\"wp-block-file__button wp-element-button\" download aria-describedby=\"wp-block-file--media-9661d705-f954-4bb6-8100-d35279429402\">Pobierz<\/a><\/div>\n\n\n\n<div class=\"wp-block-file\"><a id=\"wp-block-file--media-a207b5c9-ae26-412c-aebf-517ca4652bf8\" href=\"https:\/\/szkolazabrowo.pl\/wp-content\/uploads\/2026\/02\/Wniosek-o-przyjecie-do-oddzialu-przedszkolnego.doc\">Wniosek o przyj\u0119cie do oddzia\u0142u przedszkolnego<\/a><a href=\"https:\/\/szkolazabrowo.pl\/wp-content\/uploads\/2026\/02\/Wniosek-o-przyjecie-do-oddzialu-przedszkolnego.doc\" class=\"wp-block-file__button wp-element-button\" download aria-describedby=\"wp-block-file--media-a207b5c9-ae26-412c-aebf-517ca4652bf8\">Pobierz<\/a><\/div>\n\n\n\n<div class=\"wp-block-file\"><a id=\"wp-block-file--media-bed3f326-c7e0-48dc-a720-7e06e3e8ba1f\" href=\"https:\/\/szkolazabrowo.pl\/wp-content\/uploads\/2026\/02\/Zgloszenie-do-szkoly-podstawowej-do-klasy-I.doc\">Zg\u0142oszenie do szko\u0142y podstawowej do klasy I<\/a><a href=\"https:\/\/szkolazabrowo.pl\/wp-content\/uploads\/2026\/02\/Zgloszenie-do-szkoly-podstawowej-do-klasy-I.doc\" class=\"wp-block-file__button wp-element-button\" download aria-describedby=\"wp-block-file--media-bed3f326-c7e0-48dc-a720-7e06e3e8ba1f\">Pobierz<\/a><\/div>\n\n\n\n<div class=\"wp-block-file\"><a id=\"wp-block-file--media-cd841780-756f-42b2-8d5e-db4a48f16770\" href=\"https:\/\/szkolazabrowo.pl\/wp-content\/uploads\/2026\/02\/Wniosek-o-przyjecie-do-szkoly-do-klasy-I-dla-kandydata-spoza-obwodu-szkoly.doc\">Wniosek o przyj\u0119cie do szko\u0142y do klasy I (dla kandydata spoza obwodu szko\u0142y)<\/a><a href=\"https:\/\/szkolazabrowo.pl\/wp-content\/uploads\/2026\/02\/Wniosek-o-przyjecie-do-szkoly-do-klasy-I-dla-kandydata-spoza-obwodu-szkoly.doc\" class=\"wp-block-file__button wp-element-button\" download aria-describedby=\"wp-block-file--media-cd841780-756f-42b2-8d5e-db4a48f16770\">Pobierz<\/a><\/div>\n","protected":false},"excerpt":{"rendered":"<p>Drodzy Rodzice,poni\u017cej dost\u0119pne s\u0105 druki wniosk\u00f3w do pobrania. Dla przypomnienia: Druki do pobrania:<\/p>\n","protected":false},"author":1,"featured_media":0,"parent":0,"menu_order":0,"comment_status":"closed","ping_status":"closed","template":"","meta":{"footnotes":""},"class_list":["post-4817","page","type-page","status-publish","hentry"],"_links":{"self":[{"href":"https:\/\/szkolazabrowo.pl\/index.php?rest_route=\/wp\/v2\/pages\/4817","targetHints":{"allow":["GET"]}}],"collection":[{"href":"https:\/\/szkolazabrowo.pl\/index.php?rest_route=\/wp\/v2\/pages"}],"about":[{"href":"https:\/\/szkolazabrowo.pl\/index.php?rest_route=\/wp\/v2\/types\/page"}],"author":[{"embeddable":true,"href":"https:\/\/szkolazabrowo.pl\/index.php?rest_route=\/wp\/v2\/users\/1"}],"replies":[{"embeddable":true,"href":"https:\/\/szkolazabrowo.pl\/index.php?rest_route=%2Fwp%2Fv2%2Fcomments&post=4817"}],"version-history":[{"count":22,"href":"https:\/\/szkolazabrowo.pl\/index.php?rest_route=\/wp\/v2\/pages\/4817\/revisions"}],"predecessor-version":[{"id":16386,"href":"https:\/\/szkolazabrowo.pl\/index.php?rest_route=\/wp\/v2\/pages\/4817\/revisions\/16386"}],"wp:attachment":[{"href":"https:\/\/szkolazabrowo.pl\/index.php?rest_route=%2Fwp%2Fv2%2Fmedia&parent=4817"}],"curies":[{"name":"wp","href":"https:\/\/api.w.org\/{rel}","templated":true}]}}