{"id":16990,"date":"2026-04-24T09:53:18","date_gmt":"2026-04-24T09:53:18","guid":{"rendered":"https:\/\/szkolazabrowo.pl\/?page_id=16990"},"modified":"2026-04-24T09:59:24","modified_gmt":"2026-04-24T09:59:24","slug":"trzymaj-forme-4","status":"publish","type":"page","link":"https:\/\/szkolazabrowo.pl\/?page_id=16990","title":{"rendered":"Trzymaj Form\u0119!"},"content":{"rendered":"\n<p>W ramach programu edukacyjnego \u201eTrzymaj Form\u0119!\u201d 21 i 23 kwietnia odby\u0142y si\u0119 w naszej szkole spotkania warsztatowe z pracownikiem Powiatowej Stacji Sanitarno-Epidemiologicznej w I\u0142awie. Podczas zaj\u0119\u0107 uczniowie klas IV-VIII poszerzyli swoj\u0105 wiedz\u0119 na temat zdrowego stylu \u017cycia oraz zasad racjonalnego od\u017cywiania. Szczeg\u00f3ln\u0105 uwag\u0119 po\u015bwi\u0119cono analizie etykiet produkt\u00f3w spo\u017cywczych \u2013 uczniowie uczyli si\u0119, jak prawid\u0142owo odczytywa\u0107 informacje zamieszczone na opakowaniach oraz jak rozpoznawa\u0107 ukryte \u017ar\u00f3d\u0142a cukru.<\/p>\n\n\n\n<p>Istotnym elementem warsztat\u00f3w by\u0142o tak\u017ce praktyczne obliczanie zawarto\u015bci cukru w produktach na podstawie danych podanych na etykietach. Uczniowie samodzielnie wykonywali obliczenia, wa\u017cyli, dzi\u0119ki czemu lepiej zrozumieli, ile cukru faktycznie spo\u017cywaj\u0105 ka\u017cdego dnia.<\/p>\n\n\n\n<p>Podczas spotka\u0144 poruszono r\u00f3wnie\u017c temat napoj\u00f3w energetycznych \u2013 om\u00f3wiono ich sk\u0142ad, wp\u0142yw na organizm oraz potencjalne zagro\u017cenia zwi\u0105zane z ich nadmiernym spo\u017cyciem, szczeg\u00f3lnie w\u015br\u00f3d m\u0142odzie\u017cy. Zwr\u00f3cono uwag\u0119 na wysok\u0105 zawarto\u015b\u0107 cukru i kofeiny oraz konsekwencje zdrowotne wynikaj\u0105ce z ich spo\u017cywania.<\/p>\n\n\n\n<p>Zaj\u0119cia mia\u0142y charakter aktywizuj\u0105cy i edukacyjny, a zdobyta wiedza z pewno\u015bci\u0105 przyczyni si\u0119 do kszta\u0142towania zdrowych nawyk\u00f3w \u017cywieniowych oraz bardziej \u015bwiadomych wybor\u00f3w dokonywanych przez uczni\u00f3w w codziennym \u017cyciu.<\/p>\n\n\n<div class=\"su-custom-gallery su-custom-gallery-align-center su-custom-gallery-title-never\"><div class=\"su-custom-gallery-slide\" style=\"width:350px;height:300px\"><a href=\"https:\/\/szkolazabrowo.pl\/wp-content\/uploads\/2026\/04\/1000011946.jpg\" target=\"_blank\" title=\"1000011946\"><img loading=\"lazy\" decoding=\"async\" src=\"https:\/\/szkolazabrowo.pl\/wp-content\/uploads\/2026\/04\/1000011946-350x300.jpg\" alt=\"1000011946\" width=\"350\" height=\"300\" \/><span class=\"su-custom-gallery-title\">1000011946<\/span><\/a><\/div><div class=\"su-custom-gallery-slide\" style=\"width:350px;height:300px\"><a href=\"https:\/\/szkolazabrowo.pl\/wp-content\/uploads\/2026\/04\/1000011947.jpg\" target=\"_blank\" title=\"1000011947\"><img loading=\"lazy\" decoding=\"async\" src=\"https:\/\/szkolazabrowo.pl\/wp-content\/uploads\/2026\/04\/1000011947-350x300.jpg\" alt=\"1000011947\" width=\"350\" height=\"300\" \/><span class=\"su-custom-gallery-title\">1000011947<\/span><\/a><\/div><div class=\"su-custom-gallery-slide\" style=\"width:350px;height:300px\"><a href=\"https:\/\/szkolazabrowo.pl\/wp-content\/uploads\/2026\/04\/1000011949.jpg\" target=\"_blank\" title=\"1000011949\"><img loading=\"lazy\" decoding=\"async\" src=\"https:\/\/szkolazabrowo.pl\/wp-content\/uploads\/2026\/04\/1000011949-350x300.jpg\" alt=\"1000011949\" width=\"350\" height=\"300\" \/><span class=\"su-custom-gallery-title\">1000011949<\/span><\/a><\/div><div class=\"su-custom-gallery-slide\" style=\"width:350px;height:300px\"><a href=\"https:\/\/szkolazabrowo.pl\/wp-content\/uploads\/2026\/04\/1000011891.jpg\" target=\"_blank\" title=\"1000011891\"><img loading=\"lazy\" decoding=\"async\" src=\"https:\/\/szkolazabrowo.pl\/wp-content\/uploads\/2026\/04\/1000011891-350x300.jpg\" alt=\"1000011891\" width=\"350\" height=\"300\" \/><span class=\"su-custom-gallery-title\">1000011891<\/span><\/a><\/div><div class=\"su-custom-gallery-slide\" style=\"width:350px;height:300px\"><a href=\"https:\/\/szkolazabrowo.pl\/wp-content\/uploads\/2026\/04\/1000011915.jpg\" target=\"_blank\" title=\"1000011915\"><img loading=\"lazy\" decoding=\"async\" src=\"https:\/\/szkolazabrowo.pl\/wp-content\/uploads\/2026\/04\/1000011915-350x300.jpg\" alt=\"1000011915\" width=\"350\" height=\"300\" \/><span class=\"su-custom-gallery-title\">1000011915<\/span><\/a><\/div><div class=\"su-custom-gallery-slide\" style=\"width:350px;height:300px\"><a href=\"https:\/\/szkolazabrowo.pl\/wp-content\/uploads\/2026\/04\/1000011883.jpg\" target=\"_blank\" title=\"1000011883\"><img loading=\"lazy\" decoding=\"async\" src=\"https:\/\/szkolazabrowo.pl\/wp-content\/uploads\/2026\/04\/1000011883-350x300.jpg\" alt=\"1000011883\" width=\"350\" height=\"300\" \/><span class=\"su-custom-gallery-title\">1000011883<\/span><\/a><\/div><div class=\"su-custom-gallery-slide\" style=\"width:350px;height:300px\"><a href=\"https:\/\/szkolazabrowo.pl\/wp-content\/uploads\/2026\/04\/Messenger_creation_05A28DC7-2D86-4412-906C-03938808F593.jpeg\" target=\"_blank\" title=\"Messenger_creation_05A28DC7-2D86-4412-906C-03938808F593\"><img loading=\"lazy\" decoding=\"async\" src=\"https:\/\/szkolazabrowo.pl\/wp-content\/uploads\/2026\/04\/Messenger_creation_05A28DC7-2D86-4412-906C-03938808F593-350x300.jpeg\" alt=\"Messenger_creation_05A28DC7-2D86-4412-906C-03938808F593\" width=\"350\" height=\"300\" \/><span class=\"su-custom-gallery-title\">Messenger_creation_05A28DC7-2D86-4412-906C-03938808F593<\/span><\/a><\/div><div class=\"su-clear\"><\/div><\/div>\n\n\n\n<p><\/p>\n\n\n<div class=\"su-custom-gallery su-custom-gallery-align-center su-custom-gallery-title-never\"><div class=\"su-custom-gallery-slide\" style=\"width:350px;height:300px\"><a href=\"https:\/\/szkolazabrowo.pl\/wp-content\/uploads\/2026\/04\/1000011944.jpg\" target=\"_blank\" title=\"1000011944\"><img loading=\"lazy\" decoding=\"async\" src=\"https:\/\/szkolazabrowo.pl\/wp-content\/uploads\/2026\/04\/1000011944-350x300.jpg\" alt=\"1000011944\" width=\"350\" height=\"300\" \/><span class=\"su-custom-gallery-title\">1000011944<\/span><\/a><\/div><div class=\"su-custom-gallery-slide\" style=\"width:350px;height:300px\"><a href=\"https:\/\/szkolazabrowo.pl\/wp-content\/uploads\/2026\/04\/20260423_092728.jpg\" target=\"_blank\" title=\"20260423_092728\"><img loading=\"lazy\" decoding=\"async\" src=\"https:\/\/szkolazabrowo.pl\/wp-content\/uploads\/2026\/04\/20260423_092728-350x300.jpg\" alt=\"20260423_092728\" width=\"350\" height=\"300\" \/><span class=\"su-custom-gallery-title\">20260423_092728<\/span><\/a><\/div><div class=\"su-custom-gallery-slide\" style=\"width:350px;height:300px\"><a href=\"https:\/\/szkolazabrowo.pl\/wp-content\/uploads\/2026\/04\/1000011896.jpg\" target=\"_blank\" title=\"1000011896\"><img loading=\"lazy\" decoding=\"async\" src=\"https:\/\/szkolazabrowo.pl\/wp-content\/uploads\/2026\/04\/1000011896-350x300.jpg\" alt=\"1000011896\" width=\"350\" height=\"300\" \/><span class=\"su-custom-gallery-title\">1000011896<\/span><\/a><\/div><div class=\"su-custom-gallery-slide\" style=\"width:350px;height:300px\"><a href=\"https:\/\/szkolazabrowo.pl\/wp-content\/uploads\/2026\/04\/1000011918.jpg\" target=\"_blank\" title=\"1000011918\"><img loading=\"lazy\" decoding=\"async\" src=\"https:\/\/szkolazabrowo.pl\/wp-content\/uploads\/2026\/04\/1000011918-350x300.jpg\" alt=\"1000011918\" width=\"350\" height=\"300\" \/><span class=\"su-custom-gallery-title\">1000011918<\/span><\/a><\/div><div class=\"su-custom-gallery-slide\" style=\"width:350px;height:300px\"><a href=\"https:\/\/szkolazabrowo.pl\/wp-content\/uploads\/2026\/04\/1000011924.jpg\" target=\"_blank\" title=\"1000011924\"><img loading=\"lazy\" decoding=\"async\" src=\"https:\/\/szkolazabrowo.pl\/wp-content\/uploads\/2026\/04\/1000011924-350x300.jpg\" alt=\"1000011924\" width=\"350\" height=\"300\" \/><span class=\"su-custom-gallery-title\">1000011924<\/span><\/a><\/div><div class=\"su-custom-gallery-slide\" style=\"width:350px;height:300px\"><a href=\"https:\/\/szkolazabrowo.pl\/wp-content\/uploads\/2026\/04\/1000011933.jpg\" target=\"_blank\" title=\"1000011933\"><img loading=\"lazy\" decoding=\"async\" src=\"https:\/\/szkolazabrowo.pl\/wp-content\/uploads\/2026\/04\/1000011933-350x300.jpg\" alt=\"1000011933\" width=\"350\" height=\"300\" \/><span class=\"su-custom-gallery-title\">1000011933<\/span><\/a><\/div><div class=\"su-custom-gallery-slide\" style=\"width:350px;height:300px\"><a href=\"https:\/\/szkolazabrowo.pl\/wp-content\/uploads\/2026\/04\/1000011936.jpg\" target=\"_blank\" title=\"1000011936\"><img loading=\"lazy\" decoding=\"async\" src=\"https:\/\/szkolazabrowo.pl\/wp-content\/uploads\/2026\/04\/1000011936-350x300.jpg\" alt=\"1000011936\" width=\"350\" height=\"300\" \/><span class=\"su-custom-gallery-title\">1000011936<\/span><\/a><\/div><div class=\"su-clear\"><\/div><\/div>\n","protected":false},"excerpt":{"rendered":"<p>W ramach programu edukacyjnego \u201eTrzymaj Form\u0119!\u201d 21 i 23 kwietnia odby\u0142y si\u0119 w naszej szkole spotkania warsztatowe z pracownikiem Powiatowej Stacji Sanitarno-Epidemiologicznej w I\u0142awie. Podczas zaj\u0119\u0107 uczniowie klas IV-VIII poszerzyli swoj\u0105 wiedz\u0119 na temat zdrowego stylu \u017cycia oraz zasad racjonalnego <a href=\"https:\/\/szkolazabrowo.pl\/?page_id=16990\" class=\"read-more\">Czytaj wi\u0119cej &#8230;<\/a><\/p>\n","protected":false},"author":1,"featured_media":0,"parent":0,"menu_order":0,"comment_status":"closed","ping_status":"closed","template":"","meta":{"footnotes":""},"class_list":["post-16990","page","type-page","status-publish","hentry"],"_links":{"self":[{"href":"https:\/\/szkolazabrowo.pl\/index.php?rest_route=\/wp\/v2\/pages\/16990","targetHints":{"allow":["GET"]}}],"collection":[{"href":"https:\/\/szkolazabrowo.pl\/index.php?rest_route=\/wp\/v2\/pages"}],"about":[{"href":"https:\/\/szkolazabrowo.pl\/index.php?rest_route=\/wp\/v2\/types\/page"}],"author":[{"embeddable":true,"href":"https:\/\/szkolazabrowo.pl\/index.php?rest_route=\/wp\/v2\/users\/1"}],"replies":[{"embeddable":true,"href":"https:\/\/szkolazabrowo.pl\/index.php?rest_route=%2Fwp%2Fv2%2Fcomments&post=16990"}],"version-history":[{"count":2,"href":"https:\/\/szkolazabrowo.pl\/index.php?rest_route=\/wp\/v2\/pages\/16990\/revisions"}],"predecessor-version":[{"id":17009,"href":"https:\/\/szkolazabrowo.pl\/index.php?rest_route=\/wp\/v2\/pages\/16990\/revisions\/17009"}],"wp:attachment":[{"href":"https:\/\/szkolazabrowo.pl\/index.php?rest_route=%2Fwp%2Fv2%2Fmedia&parent=16990"}],"curies":[{"name":"wp","href":"https:\/\/api.w.org\/{rel}","templated":true}]}}