{"id":16977,"date":"2026-04-20T07:50:57","date_gmt":"2026-04-20T07:50:57","guid":{"rendered":"https:\/\/szkolazabrowo.pl\/?page_id=16977"},"modified":"2026-04-20T07:50:58","modified_gmt":"2026-04-20T07:50:58","slug":"trudno-byc-rodzicem-nastolatka","status":"publish","type":"page","link":"https:\/\/szkolazabrowo.pl\/?page_id=16977","title":{"rendered":"Trudno by\u0107 rodzicem nastolatka"},"content":{"rendered":"\n<p>M\u0142odzi ludzie buntuj\u0105 si\u0119 przeciwko doros\u0142ym, a to przede wszystkim rodzice s\u0105 tymi doros\u0142ymi, przeciwko kt\u00f3rym ten bunt jest skierowany. Dzieci w okresie dorastania chc\u0105 by\u0107 traktowane jak doros\u0142e. Nie godz\u0105 si\u0119 z zakazami i ograniczeniami stosowanymi w domu. Taka postawa jest przejawem ich zdrowia, wyrazem naturalnego w tym wieku d\u0105\u017cenia do wyodr\u0119bnienia si\u0119 i niezale\u017cno\u015bci (autonomii), jednak bardzo cz\u0119sto rodzi domowe &nbsp;konflikty.<\/p>\n\n\n\n<p>Dla nastolatk\u00f3w najwa\u017cniejsz\u0105 grup\u0105 odniesienia&nbsp; s\u0105 ich r\u00f3wie\u015bnicy. Bycie w grupie rodzi konieczno\u015b\u0107 dopasowania si\u0119 do niej i zyskania akceptacji. Czasem dzieje si\u0119 to wbrew temu, czego oczekuj\u0105 od nich doro\u015bli. To jest czas, gdy m\u0142odzi ludzie darz\u0105 wi\u0119kszym zaufaniem przyjaci\u00f3\u0142 ni\u017c rodzic\u00f3w, dlatego pr\u00f3by ograniczenia dzieciom swobody w wyborze znajomych, ko\u0144cz\u0105 si\u0119 najcz\u0119\u015bciej niepowodzeniem. Dla rodzic\u00f3w to trudny test ich wytrzyma\u0142o\u015bci, cierpliwo\u015bci i rodzicielskiej mi\u0142o\u015bci.<\/p>\n\n\n\n<p>\u017bycie codzienne obecnie podlega r\u00f3\u017cnorodnym presjom. Dotyczy to zar\u00f3wno doros\u0142ych, jak i dzieci. Wielu rodzic\u00f3w zmaga si\u0119 z bezrobociem, wielu po\u015bwi\u0119ca swojej pracy zarobkowej zbyt wiele czasu. Dorastaj\u0105ce dzieci r\u00f3wnie\u017c ju\u017c od najm\u0142odszych lat podlegaj\u0105 wyj\u0105tkowej presji. Oczekuje si\u0119 od nich osi\u0105gni\u0119\u0107 w szkole, sukces\u00f3w, dobrego wygl\u0105du. Coraz mniej czasu w domu sp\u0119dzamy razem, nie potrafimy ze sob\u0105 rozmawia\u0107.<\/p>\n\n\n\n<p>Dorastaj\u0105ce dzieci potrzebuj\u0105 naszej dyskretnej obecno\u015bci, dost\u0119pno\u015bci i gotowo\u015bci do udzielenia im pomocy. Wierz\u0105, \u017ce w por\u0119 zareagujemy, gdy dzieje si\u0119 co\u015b niedobrego i znajdziemy spos\u00f3b, aby rozwi\u0105za\u0107 ich problem. Chc\u0105 widzie\u0107 w nas swoich sojusznik\u00f3w, na kt\u00f3rych mog\u0105 liczy\u0107 w trudnych momentach.<\/p>\n\n\n\n<p>Czego wi\u0119c potrzebuj\u0105 od nas nastoletnie dzieci?<\/p>\n\n\n\n<ul class=\"wp-block-list\">\n<li>Poczucia wi\u0119zi i przynale\u017cno\u015bci do rodziny (chc\u0105 czu\u0107, \u017ce s\u0105 kochane, rozumiane, \u017ce mog\u0105 liczy\u0107 na wsparcie, potrzebuj\u0105 naszego szacunku, przyjaznej atmosfery, poczucia bezpiecze\u0144stwa)<\/li>\n\n\n\n<li>Poczucia w\u0142asnej warto\u015bci (chc\u0105 aby docenia\u0107 ich wysi\u0142ki w osi\u0105ganiu sukces\u00f3w, chc\u0105 mie\u0107 pewno\u015b\u0107, \u017ce nie zostan\u0105 przez nas skrytykowane i odrzucone, gdy im si\u0119 co\u015b nie uda)<\/li>\n\n\n\n<li>Wiarygodno\u015bci (chc\u0105 mie\u0107 pewno\u015b\u0107, \u017ce zachowujemy si\u0119 tak, jak m\u00f3wimy, \u017ce potrafimy przyzna\u0107 si\u0119 do w\u0142asnych s\u0142abo\u015bci i b\u0142\u0119d\u00f3w)<\/li>\n\n\n\n<li>Sprawiedliwego traktowania ( chc\u0105 mie\u0107 pewno\u015b\u0107, \u017ce rodzice w niejasnej sytuacji zareaguj\u0105 odpowiednio, dopiero po wnikliwym rozpatrzeniu sytuacji)<\/li>\n\n\n\n<li>Stanowczo\u015bci w wa\u017cnych sprawach (potrzebuj\u0105 jasno okre\u015blonych regu\u0142 i konsekwencji w ich przestrzeganiu; mog\u0105 pr\u00f3bowa\u0107 negocjowa\u0107, ale musz\u0105 mie\u0107 przekonanie, \u017ce obowi\u0105zuj\u0105ce zasady to ich bezpiecze\u0144stwo)<\/li>\n\n\n\n<li>Poszanowania intymno\u015bci i dyskrecji (chc\u0105 mie\u0107 pewno\u015b\u0107, \u017ce granice ich prywatno\u015bci s\u0105 przez doros\u0142ych przestrzegane).<\/li>\n<\/ul>\n\n\n\n<p>Wi\u0119\u017a z dzieckiem buduje si\u0119 od chwili jego narodzin. Blisko\u015b\u0107, zaufanie, szczero\u015b\u0107 to efekt wieloletniej pracy. Je\u017celi jeste\u015bmy na co dzie\u0144&nbsp; blisko z dzieckiem, \u0142atwiej nam zauwa\u017cy\u0107, co je cieszy, co martwi i z czym sobie nie radzi. Kiedy dziecko dorasta, zwykle trudniej nam znale\u017a\u0107 wsp\u00f3lny j\u0119zyk, bo zaczyna by\u0107 inne: czasem dziwnie si\u0119 ubiera, s\u0142ucha niezrozumia\u0142ej muzyki, coraz bardziej si\u0119 buntuje w wielu sprawach. Pomimo to starajmy si\u0119 poznawa\u0107 jego \u015bwiat, zrozumie\u0107 go i zaakceptowa\u0107.&nbsp; Jak to zrobi\u0107- przeczytamy w kolejnej dawce informacji, za miesi\u0105c.<\/p>\n","protected":false},"excerpt":{"rendered":"<p>M\u0142odzi ludzie buntuj\u0105 si\u0119 przeciwko doros\u0142ym, a to przede wszystkim rodzice s\u0105 tymi doros\u0142ymi, przeciwko kt\u00f3rym ten bunt jest skierowany. Dzieci w okresie dorastania chc\u0105 by\u0107 traktowane jak doros\u0142e. Nie godz\u0105 si\u0119 z zakazami i ograniczeniami stosowanymi w domu. Taka <a href=\"https:\/\/szkolazabrowo.pl\/?page_id=16977\" class=\"read-more\">Czytaj wi\u0119cej &#8230;<\/a><\/p>\n","protected":false},"author":1,"featured_media":0,"parent":0,"menu_order":0,"comment_status":"closed","ping_status":"closed","template":"","meta":{"footnotes":""},"class_list":["post-16977","page","type-page","status-publish","hentry"],"_links":{"self":[{"href":"https:\/\/szkolazabrowo.pl\/index.php?rest_route=\/wp\/v2\/pages\/16977","targetHints":{"allow":["GET"]}}],"collection":[{"href":"https:\/\/szkolazabrowo.pl\/index.php?rest_route=\/wp\/v2\/pages"}],"about":[{"href":"https:\/\/szkolazabrowo.pl\/index.php?rest_route=\/wp\/v2\/types\/page"}],"author":[{"embeddable":true,"href":"https:\/\/szkolazabrowo.pl\/index.php?rest_route=\/wp\/v2\/users\/1"}],"replies":[{"embeddable":true,"href":"https:\/\/szkolazabrowo.pl\/index.php?rest_route=%2Fwp%2Fv2%2Fcomments&post=16977"}],"version-history":[{"count":1,"href":"https:\/\/szkolazabrowo.pl\/index.php?rest_route=\/wp\/v2\/pages\/16977\/revisions"}],"predecessor-version":[{"id":16979,"href":"https:\/\/szkolazabrowo.pl\/index.php?rest_route=\/wp\/v2\/pages\/16977\/revisions\/16979"}],"wp:attachment":[{"href":"https:\/\/szkolazabrowo.pl\/index.php?rest_route=%2Fwp%2Fv2%2Fmedia&parent=16977"}],"curies":[{"name":"wp","href":"https:\/\/api.w.org\/{rel}","templated":true}]}}