{"id":16833,"date":"2026-04-13T10:40:31","date_gmt":"2026-04-13T10:40:31","guid":{"rendered":"https:\/\/szkolazabrowo.pl\/?page_id=16833"},"modified":"2026-04-13T10:40:34","modified_gmt":"2026-04-13T10:40:34","slug":"dzien-bez-plecaka-2","status":"publish","type":"page","link":"https:\/\/szkolazabrowo.pl\/?page_id=16833","title":{"rendered":"Dzie\u0144 bez plecaka"},"content":{"rendered":"\n<p>1 kwietnia 2026 roku w naszej szkole odby\u0142 si\u0119 wyj\u0105tkowy i pe\u0142en kreatywno\u015bci Dzie\u0144 bez plecaka. Uczniowie wykazali si\u0119 ogromn\u0105 pomys\u0142owo\u015bci\u0105, przynosz\u0105c swoje ksi\u0105\u017cki i przybory w nietypowych \u201ezamiennikach\u201d plecak\u00f3w \u2013 pojawi\u0142y si\u0119 walizki, kosze, skrzynki, a nawet garnki czy w\u00f3zki!<br>Wydarzenie dostarczy\u0142o wszystkim wielu powod\u00f3w do u\u015bmiechu i by\u0142o \u015bwietn\u0105 okazj\u0105 do integracji oraz dobrej zabawy. Dzi\u0119kujemy wszystkim uczniom i nauczycielom za zaanga\u017cowanie i wsp\u00f3lne tworzenie tej radosnej atmosfery.<br>Ju\u017c nie mo\u017cemy si\u0119 doczeka\u0107 kolejnych takich inicjatyw!<\/p>\n\n\n<div class=\"su-custom-gallery su-custom-gallery-align-center su-custom-gallery-title-never\"><div class=\"su-custom-gallery-slide\" style=\"width:350px;height:300px\"><a href=\"https:\/\/szkolazabrowo.pl\/wp-content\/uploads\/2026\/04\/att.9Ie5ptNI4fpgQEWZWOop8GL-u6_mxXb3vhWEYFmKuRQ.jpeg\" target=\"_blank\" title=\"att.9Ie5ptNI4fpgQEWZWOop8GL-u6_mxXb3vhWEYFmKuRQ\"><img loading=\"lazy\" decoding=\"async\" src=\"https:\/\/szkolazabrowo.pl\/wp-content\/uploads\/2026\/04\/att.9Ie5ptNI4fpgQEWZWOop8GL-u6_mxXb3vhWEYFmKuRQ-350x300.jpeg\" alt=\"att.9Ie5ptNI4fpgQEWZWOop8GL-u6_mxXb3vhWEYFmKuRQ\" width=\"350\" height=\"300\" \/><span class=\"su-custom-gallery-title\">att.9Ie5ptNI4fpgQEWZWOop8GL-u6_mxXb3vhWEYFmKuRQ<\/span><\/a><\/div><div class=\"su-custom-gallery-slide\" style=\"width:350px;height:300px\"><a href=\"https:\/\/szkolazabrowo.pl\/wp-content\/uploads\/2026\/04\/att.37olckhe9xzgfd4oyiicezlth8idw595_g064isaczm-1.jpeg\" target=\"_blank\" title=\"att.37olckhe9xzgfd4oyiicezlth8idw595_g064isaczm-1\"><img loading=\"lazy\" decoding=\"async\" src=\"https:\/\/szkolazabrowo.pl\/wp-content\/uploads\/2026\/04\/att.37olckhe9xzgfd4oyiicezlth8idw595_g064isaczm-1-350x300.jpeg\" alt=\"att.37olckhe9xzgfd4oyiicezlth8idw595_g064isaczm-1\" width=\"350\" height=\"300\" \/><span class=\"su-custom-gallery-title\">att.37olckhe9xzgfd4oyiicezlth8idw595_g064isaczm-1<\/span><\/a><\/div><div class=\"su-custom-gallery-slide\" style=\"width:350px;height:300px\"><a href=\"https:\/\/szkolazabrowo.pl\/wp-content\/uploads\/2026\/04\/att.CHigpCGtAVya9ooD2KNd9oWU8L_ltHUisnUuDBkK_FI.jpeg\" target=\"_blank\" title=\"att.CHigpCGtAVya9ooD2KNd9oWU8L_ltHUisnUuDBkK_FI\"><img loading=\"lazy\" decoding=\"async\" src=\"https:\/\/szkolazabrowo.pl\/wp-content\/uploads\/2026\/04\/att.CHigpCGtAVya9ooD2KNd9oWU8L_ltHUisnUuDBkK_FI-350x300.jpeg\" alt=\"att.CHigpCGtAVya9ooD2KNd9oWU8L_ltHUisnUuDBkK_FI\" width=\"350\" height=\"300\" \/><span class=\"su-custom-gallery-title\">att.CHigpCGtAVya9ooD2KNd9oWU8L_ltHUisnUuDBkK_FI<\/span><\/a><\/div><div class=\"su-custom-gallery-slide\" style=\"width:350px;height:300px\"><a href=\"https:\/\/szkolazabrowo.pl\/wp-content\/uploads\/2026\/04\/att.EWvNagfidBLR5Vzg-p7a8uMozHmynyzyHk4Jb5UOkPs.jpeg\" target=\"_blank\" title=\"att.EWvNagfidBLR5Vzg-p7a8uMozHmynyzyHk4Jb5UOkPs\"><img loading=\"lazy\" decoding=\"async\" src=\"https:\/\/szkolazabrowo.pl\/wp-content\/uploads\/2026\/04\/att.EWvNagfidBLR5Vzg-p7a8uMozHmynyzyHk4Jb5UOkPs-350x300.jpeg\" alt=\"att.EWvNagfidBLR5Vzg-p7a8uMozHmynyzyHk4Jb5UOkPs\" width=\"350\" height=\"300\" \/><span class=\"su-custom-gallery-title\">att.EWvNagfidBLR5Vzg-p7a8uMozHmynyzyHk4Jb5UOkPs<\/span><\/a><\/div><div class=\"su-custom-gallery-slide\" style=\"width:350px;height:300px\"><a href=\"https:\/\/szkolazabrowo.pl\/wp-content\/uploads\/2026\/04\/att.ji9G9cAFRsqNGHgXStD1W5A1Z00ly0oCVAz2Nqm5Kps.jpeg\" target=\"_blank\" title=\"att.ji9G9cAFRsqNGHgXStD1W5A1Z00ly0oCVAz2Nqm5Kps\"><img loading=\"lazy\" decoding=\"async\" src=\"https:\/\/szkolazabrowo.pl\/wp-content\/uploads\/2026\/04\/att.ji9G9cAFRsqNGHgXStD1W5A1Z00ly0oCVAz2Nqm5Kps-350x300.jpeg\" alt=\"att.ji9G9cAFRsqNGHgXStD1W5A1Z00ly0oCVAz2Nqm5Kps\" width=\"350\" height=\"300\" \/><span class=\"su-custom-gallery-title\">att.ji9G9cAFRsqNGHgXStD1W5A1Z00ly0oCVAz2Nqm5Kps<\/span><\/a><\/div><div class=\"su-custom-gallery-slide\" style=\"width:350px;height:300px\"><a href=\"https:\/\/szkolazabrowo.pl\/wp-content\/uploads\/2026\/04\/att.LVZ5v3gmFSarl3UYn63qjumMz1g4PViYAk2EpdBA3hg.jpeg\" target=\"_blank\" title=\"att.LVZ5v3gmFSarl3UYn63qjumMz1g4PViYAk2EpdBA3hg\"><img loading=\"lazy\" decoding=\"async\" src=\"https:\/\/szkolazabrowo.pl\/wp-content\/uploads\/2026\/04\/att.LVZ5v3gmFSarl3UYn63qjumMz1g4PViYAk2EpdBA3hg-350x300.jpeg\" alt=\"att.LVZ5v3gmFSarl3UYn63qjumMz1g4PViYAk2EpdBA3hg\" width=\"350\" height=\"300\" \/><span class=\"su-custom-gallery-title\">att.LVZ5v3gmFSarl3UYn63qjumMz1g4PViYAk2EpdBA3hg<\/span><\/a><\/div><div class=\"su-custom-gallery-slide\" style=\"width:350px;height:300px\"><a href=\"https:\/\/szkolazabrowo.pl\/wp-content\/uploads\/2026\/04\/att.qou-Z8nRvbs0GNLlg9-Y9Gmj9sfwIZO_P4bLmXDrSIw.jpeg\" target=\"_blank\" title=\"att.qou-Z8nRvbs0GNLlg9-Y9Gmj9sfwIZO_P4bLmXDrSIw\"><img loading=\"lazy\" decoding=\"async\" src=\"https:\/\/szkolazabrowo.pl\/wp-content\/uploads\/2026\/04\/att.qou-Z8nRvbs0GNLlg9-Y9Gmj9sfwIZO_P4bLmXDrSIw-350x300.jpeg\" alt=\"att.qou-Z8nRvbs0GNLlg9-Y9Gmj9sfwIZO_P4bLmXDrSIw\" width=\"350\" height=\"300\" \/><span class=\"su-custom-gallery-title\">att.qou-Z8nRvbs0GNLlg9-Y9Gmj9sfwIZO_P4bLmXDrSIw<\/span><\/a><\/div><div class=\"su-custom-gallery-slide\" style=\"width:350px;height:300px\"><a href=\"https:\/\/szkolazabrowo.pl\/wp-content\/uploads\/2026\/04\/att.SXTxLWC_M_SulLEb05szNr-Of4U4pSAR50f0W3IUlWE.jpeg\" target=\"_blank\" title=\"att.SXTxLWC_M_SulLEb05szNr-Of4U4pSAR50f0W3IUlWE\"><img loading=\"lazy\" decoding=\"async\" src=\"https:\/\/szkolazabrowo.pl\/wp-content\/uploads\/2026\/04\/att.SXTxLWC_M_SulLEb05szNr-Of4U4pSAR50f0W3IUlWE-350x300.jpeg\" alt=\"att.SXTxLWC_M_SulLEb05szNr-Of4U4pSAR50f0W3IUlWE\" width=\"350\" height=\"300\" \/><span class=\"su-custom-gallery-title\">att.SXTxLWC_M_SulLEb05szNr-Of4U4pSAR50f0W3IUlWE<\/span><\/a><\/div><div class=\"su-custom-gallery-slide\" style=\"width:350px;height:300px\"><a href=\"https:\/\/szkolazabrowo.pl\/wp-content\/uploads\/2026\/04\/att.u5pFnJn3O_ROAV1pimBfQVfT93e2KO0TnuqW2f-HbJQ.jpeg\" target=\"_blank\" title=\"att.u5pFnJn3O_ROAV1pimBfQVfT93e2KO0TnuqW2f-HbJQ\"><img loading=\"lazy\" decoding=\"async\" src=\"https:\/\/szkolazabrowo.pl\/wp-content\/uploads\/2026\/04\/att.u5pFnJn3O_ROAV1pimBfQVfT93e2KO0TnuqW2f-HbJQ-350x300.jpeg\" alt=\"att.u5pFnJn3O_ROAV1pimBfQVfT93e2KO0TnuqW2f-HbJQ\" width=\"350\" height=\"300\" \/><span class=\"su-custom-gallery-title\">att.u5pFnJn3O_ROAV1pimBfQVfT93e2KO0TnuqW2f-HbJQ<\/span><\/a><\/div><div class=\"su-custom-gallery-slide\" style=\"width:350px;height:300px\"><a href=\"https:\/\/szkolazabrowo.pl\/wp-content\/uploads\/2026\/04\/att.X86BYFSCSFr8cfZJeZBgPRlcbyCrs-tS2CotKKP91sc.jpeg\" target=\"_blank\" title=\"att.X86BYFSCSFr8cfZJeZBgPRlcbyCrs-tS2CotKKP91sc\"><img loading=\"lazy\" decoding=\"async\" src=\"https:\/\/szkolazabrowo.pl\/wp-content\/uploads\/2026\/04\/att.X86BYFSCSFr8cfZJeZBgPRlcbyCrs-tS2CotKKP91sc-350x300.jpeg\" alt=\"att.X86BYFSCSFr8cfZJeZBgPRlcbyCrs-tS2CotKKP91sc\" width=\"350\" height=\"300\" \/><span class=\"su-custom-gallery-title\">att.X86BYFSCSFr8cfZJeZBgPRlcbyCrs-tS2CotKKP91sc<\/span><\/a><\/div><div class=\"su-custom-gallery-slide\" style=\"width:350px;height:300px\"><a href=\"https:\/\/szkolazabrowo.pl\/wp-content\/uploads\/2026\/04\/att.7bHFhAQYRamHuwc54S_xsaEP9lp45idOaGL5PsF4_ak.jpeg\" target=\"_blank\" title=\"att.7bHFhAQYRamHuwc54S_xsaEP9lp45idOaGL5PsF4_ak\"><img loading=\"lazy\" decoding=\"async\" src=\"https:\/\/szkolazabrowo.pl\/wp-content\/uploads\/2026\/04\/att.7bHFhAQYRamHuwc54S_xsaEP9lp45idOaGL5PsF4_ak-350x300.jpeg\" alt=\"att.7bHFhAQYRamHuwc54S_xsaEP9lp45idOaGL5PsF4_ak\" width=\"350\" height=\"300\" \/><span class=\"su-custom-gallery-title\">att.7bHFhAQYRamHuwc54S_xsaEP9lp45idOaGL5PsF4_ak<\/span><\/a><\/div><div class=\"su-clear\"><\/div><\/div>\n","protected":false},"excerpt":{"rendered":"<p>1 kwietnia 2026 roku w naszej szkole odby\u0142 si\u0119 wyj\u0105tkowy i pe\u0142en kreatywno\u015bci Dzie\u0144 bez plecaka. Uczniowie wykazali si\u0119 ogromn\u0105 pomys\u0142owo\u015bci\u0105, przynosz\u0105c swoje ksi\u0105\u017cki i przybory w nietypowych \u201ezamiennikach\u201d plecak\u00f3w \u2013 pojawi\u0142y si\u0119 walizki, kosze, skrzynki, a nawet garnki czy <a href=\"https:\/\/szkolazabrowo.pl\/?page_id=16833\" class=\"read-more\">Czytaj wi\u0119cej &#8230;<\/a><\/p>\n","protected":false},"author":1,"featured_media":0,"parent":0,"menu_order":0,"comment_status":"closed","ping_status":"closed","template":"","meta":{"footnotes":""},"class_list":["post-16833","page","type-page","status-publish","hentry"],"_links":{"self":[{"href":"https:\/\/szkolazabrowo.pl\/index.php?rest_route=\/wp\/v2\/pages\/16833","targetHints":{"allow":["GET"]}}],"collection":[{"href":"https:\/\/szkolazabrowo.pl\/index.php?rest_route=\/wp\/v2\/pages"}],"about":[{"href":"https:\/\/szkolazabrowo.pl\/index.php?rest_route=\/wp\/v2\/types\/page"}],"author":[{"embeddable":true,"href":"https:\/\/szkolazabrowo.pl\/index.php?rest_route=\/wp\/v2\/users\/1"}],"replies":[{"embeddable":true,"href":"https:\/\/szkolazabrowo.pl\/index.php?rest_route=%2Fwp%2Fv2%2Fcomments&post=16833"}],"version-history":[{"count":1,"href":"https:\/\/szkolazabrowo.pl\/index.php?rest_route=\/wp\/v2\/pages\/16833\/revisions"}],"predecessor-version":[{"id":16847,"href":"https:\/\/szkolazabrowo.pl\/index.php?rest_route=\/wp\/v2\/pages\/16833\/revisions\/16847"}],"wp:attachment":[{"href":"https:\/\/szkolazabrowo.pl\/index.php?rest_route=%2Fwp%2Fv2%2Fmedia&parent=16833"}],"curies":[{"name":"wp","href":"https:\/\/api.w.org\/{rel}","templated":true}]}}