{"id":16620,"date":"2026-03-26T12:15:08","date_gmt":"2026-03-26T12:15:08","guid":{"rendered":"https:\/\/szkolazabrowo.pl\/?page_id=16620"},"modified":"2026-03-26T12:15:11","modified_gmt":"2026-03-26T12:15:11","slug":"wiosenne-kanapki-w-klasie-ii","status":"publish","type":"page","link":"https:\/\/szkolazabrowo.pl\/?page_id=16620","title":{"rendered":"W\u200ciosenne kanapki w klasie II"},"content":{"rendered":"\n<p>Dnia 20.03. 2026r. uczniowie klasy II pierwsze zaj\u0119cia sp\u0119dzili bez ksi\u0105\u017cek i zeszyt\u00f3w.<\/p>\n\n\n\n<p>Wykonali kanapki.<\/p>\n\n\n\n<p>By\u0142o smacznie, zdrowo i kolorowo!<\/p>\n\n\n\n<p>Dzi\u0119kujemy rodzicom za pomoc w zorganizowaniu tych zaj\u0119\u0107.<\/p>\n\n\n<div class=\"su-custom-gallery su-custom-gallery-align-center su-custom-gallery-title-never\"><div class=\"su-custom-gallery-slide\" style=\"width:350px;height:300px\"><a href=\"https:\/\/szkolazabrowo.pl\/wp-content\/uploads\/2026\/03\/IMG_20260320_081430.jpg\" target=\"_blank\" title=\"IMG_20260320_081430\"><img loading=\"lazy\" decoding=\"async\" src=\"https:\/\/szkolazabrowo.pl\/wp-content\/uploads\/2026\/03\/IMG_20260320_081430-350x300.jpg\" alt=\"IMG_20260320_081430\" width=\"350\" height=\"300\" \/><span class=\"su-custom-gallery-title\">IMG_20260320_081430<\/span><\/a><\/div><div class=\"su-custom-gallery-slide\" style=\"width:350px;height:300px\"><a href=\"https:\/\/szkolazabrowo.pl\/wp-content\/uploads\/2026\/03\/IMG_20260320_081440.jpg\" target=\"_blank\" title=\"IMG_20260320_081440\"><img loading=\"lazy\" decoding=\"async\" src=\"https:\/\/szkolazabrowo.pl\/wp-content\/uploads\/2026\/03\/IMG_20260320_081440-350x300.jpg\" alt=\"IMG_20260320_081440\" width=\"350\" height=\"300\" \/><span class=\"su-custom-gallery-title\">IMG_20260320_081440<\/span><\/a><\/div><div class=\"su-custom-gallery-slide\" style=\"width:350px;height:300px\"><a href=\"https:\/\/szkolazabrowo.pl\/wp-content\/uploads\/2026\/03\/IMG_20260320_083559.jpg\" target=\"_blank\" title=\"IMG_20260320_083559\"><img loading=\"lazy\" decoding=\"async\" src=\"https:\/\/szkolazabrowo.pl\/wp-content\/uploads\/2026\/03\/IMG_20260320_083559-350x300.jpg\" alt=\"IMG_20260320_083559\" width=\"350\" height=\"300\" \/><span class=\"su-custom-gallery-title\">IMG_20260320_083559<\/span><\/a><\/div><div class=\"su-custom-gallery-slide\" style=\"width:350px;height:300px\"><a href=\"https:\/\/szkolazabrowo.pl\/wp-content\/uploads\/2026\/03\/IMG_20260320_083612.jpg\" target=\"_blank\" title=\"IMG_20260320_083612\"><img loading=\"lazy\" decoding=\"async\" src=\"https:\/\/szkolazabrowo.pl\/wp-content\/uploads\/2026\/03\/IMG_20260320_083612-350x300.jpg\" alt=\"IMG_20260320_083612\" width=\"350\" height=\"300\" \/><span class=\"su-custom-gallery-title\">IMG_20260320_083612<\/span><\/a><\/div><div class=\"su-custom-gallery-slide\" style=\"width:350px;height:300px\"><a href=\"https:\/\/szkolazabrowo.pl\/wp-content\/uploads\/2026\/03\/IMG_20260320_083738.jpg\" target=\"_blank\" title=\"IMG_20260320_083738\"><img loading=\"lazy\" decoding=\"async\" src=\"https:\/\/szkolazabrowo.pl\/wp-content\/uploads\/2026\/03\/IMG_20260320_083738-350x300.jpg\" alt=\"IMG_20260320_083738\" width=\"350\" height=\"300\" \/><span class=\"su-custom-gallery-title\">IMG_20260320_083738<\/span><\/a><\/div><div class=\"su-custom-gallery-slide\" style=\"width:350px;height:300px\"><a href=\"https:\/\/szkolazabrowo.pl\/wp-content\/uploads\/2026\/03\/IMG_20260320_083920.jpg\" target=\"_blank\" title=\"IMG_20260320_083920\"><img loading=\"lazy\" decoding=\"async\" src=\"https:\/\/szkolazabrowo.pl\/wp-content\/uploads\/2026\/03\/IMG_20260320_083920-350x300.jpg\" alt=\"IMG_20260320_083920\" width=\"350\" height=\"300\" \/><span class=\"su-custom-gallery-title\">IMG_20260320_083920<\/span><\/a><\/div><div class=\"su-custom-gallery-slide\" style=\"width:350px;height:300px\"><a href=\"https:\/\/szkolazabrowo.pl\/wp-content\/uploads\/2026\/03\/IMG_20260320_083921.jpg\" target=\"_blank\" title=\"IMG_20260320_083921\"><img loading=\"lazy\" decoding=\"async\" src=\"https:\/\/szkolazabrowo.pl\/wp-content\/uploads\/2026\/03\/IMG_20260320_083921-350x300.jpg\" alt=\"IMG_20260320_083921\" width=\"350\" height=\"300\" \/><span class=\"su-custom-gallery-title\">IMG_20260320_083921<\/span><\/a><\/div><div class=\"su-custom-gallery-slide\" style=\"width:350px;height:300px\"><a href=\"https:\/\/szkolazabrowo.pl\/wp-content\/uploads\/2026\/03\/IMG_20260320_084010.jpg\" target=\"_blank\" title=\"IMG_20260320_084010\"><img loading=\"lazy\" decoding=\"async\" src=\"https:\/\/szkolazabrowo.pl\/wp-content\/uploads\/2026\/03\/IMG_20260320_084010-350x300.jpg\" alt=\"IMG_20260320_084010\" width=\"350\" height=\"300\" \/><span class=\"su-custom-gallery-title\">IMG_20260320_084010<\/span><\/a><\/div><div class=\"su-custom-gallery-slide\" style=\"width:350px;height:300px\"><a href=\"https:\/\/szkolazabrowo.pl\/wp-content\/uploads\/2026\/03\/IMG_20260320_084016.jpg\" target=\"_blank\" title=\"IMG_20260320_084016\"><img loading=\"lazy\" decoding=\"async\" src=\"https:\/\/szkolazabrowo.pl\/wp-content\/uploads\/2026\/03\/IMG_20260320_084016-350x300.jpg\" alt=\"IMG_20260320_084016\" width=\"350\" height=\"300\" \/><span class=\"su-custom-gallery-title\">IMG_20260320_084016<\/span><\/a><\/div><div class=\"su-custom-gallery-slide\" style=\"width:350px;height:300px\"><a href=\"https:\/\/szkolazabrowo.pl\/wp-content\/uploads\/2026\/03\/IMG_20260320_081312.jpg\" target=\"_blank\" title=\"IMG_20260320_081312\"><img loading=\"lazy\" decoding=\"async\" src=\"https:\/\/szkolazabrowo.pl\/wp-content\/uploads\/2026\/03\/IMG_20260320_081312-350x300.jpg\" alt=\"IMG_20260320_081312\" width=\"350\" height=\"300\" \/><span class=\"su-custom-gallery-title\">IMG_20260320_081312<\/span><\/a><\/div><div class=\"su-custom-gallery-slide\" style=\"width:350px;height:300px\"><a href=\"https:\/\/szkolazabrowo.pl\/wp-content\/uploads\/2026\/03\/IMG_20260320_081355.jpg\" target=\"_blank\" title=\"IMG_20260320_081355\"><img loading=\"lazy\" decoding=\"async\" src=\"https:\/\/szkolazabrowo.pl\/wp-content\/uploads\/2026\/03\/IMG_20260320_081355-350x300.jpg\" alt=\"IMG_20260320_081355\" width=\"350\" height=\"300\" \/><span class=\"su-custom-gallery-title\">IMG_20260320_081355<\/span><\/a><\/div><div class=\"su-custom-gallery-slide\" style=\"width:350px;height:300px\"><a href=\"https:\/\/szkolazabrowo.pl\/wp-content\/uploads\/2026\/03\/IMG_20260320_081412.jpg\" target=\"_blank\" title=\"IMG_20260320_081412\"><img loading=\"lazy\" decoding=\"async\" src=\"https:\/\/szkolazabrowo.pl\/wp-content\/uploads\/2026\/03\/IMG_20260320_081412-350x300.jpg\" alt=\"IMG_20260320_081412\" width=\"350\" height=\"300\" \/><span class=\"su-custom-gallery-title\">IMG_20260320_081412<\/span><\/a><\/div><div class=\"su-custom-gallery-slide\" style=\"width:350px;height:300px\"><a href=\"https:\/\/szkolazabrowo.pl\/wp-content\/uploads\/2026\/03\/IMG_20260320_081420.jpg\" target=\"_blank\" title=\"IMG_20260320_081420\"><img loading=\"lazy\" decoding=\"async\" src=\"https:\/\/szkolazabrowo.pl\/wp-content\/uploads\/2026\/03\/IMG_20260320_081420-350x300.jpg\" alt=\"IMG_20260320_081420\" width=\"350\" height=\"300\" \/><span class=\"su-custom-gallery-title\">IMG_20260320_081420<\/span><\/a><\/div><div class=\"su-clear\"><\/div><\/div>\n","protected":false},"excerpt":{"rendered":"<p>Dnia 20.03. 2026r. uczniowie klasy II pierwsze zaj\u0119cia sp\u0119dzili bez ksi\u0105\u017cek i zeszyt\u00f3w. Wykonali kanapki. By\u0142o smacznie, zdrowo i kolorowo! Dzi\u0119kujemy rodzicom za pomoc w zorganizowaniu tych zaj\u0119\u0107.<\/p>\n","protected":false},"author":1,"featured_media":0,"parent":0,"menu_order":0,"comment_status":"closed","ping_status":"closed","template":"","meta":{"footnotes":""},"class_list":["post-16620","page","type-page","status-publish","hentry"],"_links":{"self":[{"href":"https:\/\/szkolazabrowo.pl\/index.php?rest_route=\/wp\/v2\/pages\/16620","targetHints":{"allow":["GET"]}}],"collection":[{"href":"https:\/\/szkolazabrowo.pl\/index.php?rest_route=\/wp\/v2\/pages"}],"about":[{"href":"https:\/\/szkolazabrowo.pl\/index.php?rest_route=\/wp\/v2\/types\/page"}],"author":[{"embeddable":true,"href":"https:\/\/szkolazabrowo.pl\/index.php?rest_route=\/wp\/v2\/users\/1"}],"replies":[{"embeddable":true,"href":"https:\/\/szkolazabrowo.pl\/index.php?rest_route=%2Fwp%2Fv2%2Fcomments&post=16620"}],"version-history":[{"count":1,"href":"https:\/\/szkolazabrowo.pl\/index.php?rest_route=\/wp\/v2\/pages\/16620\/revisions"}],"predecessor-version":[{"id":16635,"href":"https:\/\/szkolazabrowo.pl\/index.php?rest_route=\/wp\/v2\/pages\/16620\/revisions\/16635"}],"wp:attachment":[{"href":"https:\/\/szkolazabrowo.pl\/index.php?rest_route=%2Fwp%2Fv2%2Fmedia&parent=16620"}],"curies":[{"name":"wp","href":"https:\/\/api.w.org\/{rel}","templated":true}]}}