{"id":16569,"date":"2026-03-26T07:31:46","date_gmt":"2026-03-26T07:31:46","guid":{"rendered":"https:\/\/szkolazabrowo.pl\/?page_id=16569"},"modified":"2026-03-26T12:25:30","modified_gmt":"2026-03-26T12:25:30","slug":"turniej-pilki-noznej-w-suszu","status":"publish","type":"page","link":"https:\/\/szkolazabrowo.pl\/?page_id=16569","title":{"rendered":"Turniej Pi\u0142ki No\u017cnej w Suszu"},"content":{"rendered":"\n<p>W dniu 25 marca odby\u0142 si\u0119 Turniej Pi\u0142ki No\u017cnej klas \u00f3smych&nbsp; o Puchar Dyrektora Szko\u0142y Podstawowej im. gen. J\u00f3zefa Bema w Suszu. Nasza dru\u017cyna zaprezentowa\u0142a si\u0119 znakomicie, wykazuj\u0105c si\u0119 du\u017cym zaanga\u017cowaniem, sportow\u0105 postaw\u0105 oraz wysokim poziomem umiej\u0119tno\u015bci pi\u0142karskich.<\/p>\n\n\n\n<p>Po emocjonuj\u0105cych meczach nasi zawodnicy wywalczyli I miejsc. Dodatkowym wyr\u00f3\u017cnieniem by\u0142o zdobycie tytu\u0142u kr\u00f3la strzelc\u00f3w, kt\u00f3ry przypad\u0142 Miko\u0142ajowi Karskiemu za najwi\u0119ksz\u0105 liczb\u0119 zdobytych bramek.<\/p>\n\n\n\n<p>Serdecznie gratulujemy ca\u0142ej dru\u017cynie wspania\u0142ego sukcesu oraz \u017cyczymy kolejnych sportowych osi\u0105gni\u0119\u0107!<\/p>\n\n\n\n<p>Dru\u017cyna wyst\u0105pi\u0142a w sk\u0142adzie:<\/p>\n\n\n\n<p>1. Miko\u0142aj Karski<\/p>\n\n\n\n<p>2. Alan Sobiech&nbsp;<\/p>\n\n\n\n<p>3. Igor Soliwoda<\/p>\n\n\n\n<p>4. Kacper Kaczmarczyk<\/p>\n\n\n\n<p>5. Dominik Ostrowski<\/p>\n\n\n\n<p>6. Micha\u0142 Ka\u015blewicz<\/p>\n\n\n\n<p>7. Igor Da\u0144czyszyn<\/p>\n\n\n\n<p>8. Karol Po\u0142e\u0107<\/p>\n\n\n\n<p>9. Jakub Markowski<\/p>\n\n\n\n<p>10. Marcel Nowakowski&nbsp;<\/p>\n\n\n\n<figure class=\"wp-block-image size-large\"><img loading=\"lazy\" decoding=\"async\" width=\"1024\" height=\"683\" src=\"https:\/\/szkolazabrowo.pl\/wp-content\/uploads\/2026\/03\/Pilka-1024x683.jpg\" alt=\"\" class=\"wp-image-16669\" srcset=\"https:\/\/szkolazabrowo.pl\/wp-content\/uploads\/2026\/03\/Pilka-1024x683.jpg 1024w, https:\/\/szkolazabrowo.pl\/wp-content\/uploads\/2026\/03\/Pilka-300x200.jpg 300w, https:\/\/szkolazabrowo.pl\/wp-content\/uploads\/2026\/03\/Pilka-768x512.jpg 768w, https:\/\/szkolazabrowo.pl\/wp-content\/uploads\/2026\/03\/Pilka-1536x1024.jpg 1536w, https:\/\/szkolazabrowo.pl\/wp-content\/uploads\/2026\/03\/Pilka-360x240.jpg 360w, https:\/\/szkolazabrowo.pl\/wp-content\/uploads\/2026\/03\/Pilka.jpg 1620w\" sizes=\"auto, (max-width: 1024px) 100vw, 1024px\" \/><\/figure>\n\n\n<div class=\"su-custom-gallery su-custom-gallery-align-center su-custom-gallery-title-never\"><div class=\"su-custom-gallery-slide\" style=\"width:350px;height:300px\"><a href=\"https:\/\/szkolazabrowo.pl\/wp-content\/uploads\/2026\/03\/IMG_20260324_131059.jpg\" target=\"_blank\" title=\"IMG_20260324_131059\"><img loading=\"lazy\" decoding=\"async\" src=\"https:\/\/szkolazabrowo.pl\/wp-content\/uploads\/2026\/03\/IMG_20260324_131059-350x300.jpg\" alt=\"IMG_20260324_131059\" width=\"350\" height=\"300\" \/><span class=\"su-custom-gallery-title\">IMG_20260324_131059<\/span><\/a><\/div><div class=\"su-custom-gallery-slide\" style=\"width:350px;height:300px\"><a href=\"https:\/\/szkolazabrowo.pl\/wp-content\/uploads\/2026\/03\/IMG_20260324_090050.jpg\" target=\"_blank\" title=\"IMG_20260324_090050\"><img loading=\"lazy\" decoding=\"async\" src=\"https:\/\/szkolazabrowo.pl\/wp-content\/uploads\/2026\/03\/IMG_20260324_090050-350x300.jpg\" alt=\"IMG_20260324_090050\" width=\"350\" height=\"300\" \/><span class=\"su-custom-gallery-title\">IMG_20260324_090050<\/span><\/a><\/div><div class=\"su-custom-gallery-slide\" style=\"width:350px;height:300px\"><a href=\"https:\/\/szkolazabrowo.pl\/wp-content\/uploads\/2026\/03\/IMG_20260324_091945.jpg\" target=\"_blank\" title=\"IMG_20260324_091945\"><img loading=\"lazy\" decoding=\"async\" src=\"https:\/\/szkolazabrowo.pl\/wp-content\/uploads\/2026\/03\/IMG_20260324_091945-350x300.jpg\" alt=\"IMG_20260324_091945\" width=\"350\" height=\"300\" \/><span class=\"su-custom-gallery-title\">IMG_20260324_091945<\/span><\/a><\/div><div class=\"su-custom-gallery-slide\" style=\"width:350px;height:300px\"><a href=\"https:\/\/szkolazabrowo.pl\/wp-content\/uploads\/2026\/03\/IMG_20260324_130307.jpg\" target=\"_blank\" title=\"IMG_20260324_130307\"><img loading=\"lazy\" decoding=\"async\" src=\"https:\/\/szkolazabrowo.pl\/wp-content\/uploads\/2026\/03\/IMG_20260324_130307-350x300.jpg\" alt=\"IMG_20260324_130307\" width=\"350\" height=\"300\" \/><span class=\"su-custom-gallery-title\">IMG_20260324_130307<\/span><\/a><\/div><div class=\"su-custom-gallery-slide\" style=\"width:350px;height:300px\"><a href=\"https:\/\/szkolazabrowo.pl\/wp-content\/uploads\/2026\/03\/IMG_20260324_130542.jpg\" target=\"_blank\" title=\"IMG_20260324_130542\"><img loading=\"lazy\" decoding=\"async\" src=\"https:\/\/szkolazabrowo.pl\/wp-content\/uploads\/2026\/03\/IMG_20260324_130542-350x300.jpg\" alt=\"IMG_20260324_130542\" width=\"350\" height=\"300\" \/><span class=\"su-custom-gallery-title\">IMG_20260324_130542<\/span><\/a><\/div><div class=\"su-custom-gallery-slide\" style=\"width:350px;height:300px\"><a href=\"https:\/\/szkolazabrowo.pl\/wp-content\/uploads\/2026\/03\/IMG_20260324_130704.jpg\" target=\"_blank\" title=\"IMG_20260324_130704\"><img loading=\"lazy\" decoding=\"async\" src=\"https:\/\/szkolazabrowo.pl\/wp-content\/uploads\/2026\/03\/IMG_20260324_130704-350x300.jpg\" alt=\"IMG_20260324_130704\" width=\"350\" height=\"300\" \/><span class=\"su-custom-gallery-title\">IMG_20260324_130704<\/span><\/a><\/div><div class=\"su-clear\"><\/div><\/div>\n","protected":false},"excerpt":{"rendered":"<p>W dniu 25 marca odby\u0142 si\u0119 Turniej Pi\u0142ki No\u017cnej klas \u00f3smych&nbsp; o Puchar Dyrektora Szko\u0142y Podstawowej im. gen. J\u00f3zefa Bema w Suszu. Nasza dru\u017cyna zaprezentowa\u0142a si\u0119 znakomicie, wykazuj\u0105c si\u0119 du\u017cym zaanga\u017cowaniem, sportow\u0105 postaw\u0105 oraz wysokim poziomem umiej\u0119tno\u015bci pi\u0142karskich. Po emocjonuj\u0105cych <a href=\"https:\/\/szkolazabrowo.pl\/?page_id=16569\" class=\"read-more\">Czytaj wi\u0119cej &#8230;<\/a><\/p>\n","protected":false},"author":1,"featured_media":0,"parent":0,"menu_order":0,"comment_status":"closed","ping_status":"closed","template":"","meta":{"footnotes":""},"class_list":["post-16569","page","type-page","status-publish","hentry"],"_links":{"self":[{"href":"https:\/\/szkolazabrowo.pl\/index.php?rest_route=\/wp\/v2\/pages\/16569","targetHints":{"allow":["GET"]}}],"collection":[{"href":"https:\/\/szkolazabrowo.pl\/index.php?rest_route=\/wp\/v2\/pages"}],"about":[{"href":"https:\/\/szkolazabrowo.pl\/index.php?rest_route=\/wp\/v2\/types\/page"}],"author":[{"embeddable":true,"href":"https:\/\/szkolazabrowo.pl\/index.php?rest_route=\/wp\/v2\/users\/1"}],"replies":[{"embeddable":true,"href":"https:\/\/szkolazabrowo.pl\/index.php?rest_route=%2Fwp%2Fv2%2Fcomments&post=16569"}],"version-history":[{"count":2,"href":"https:\/\/szkolazabrowo.pl\/index.php?rest_route=\/wp\/v2\/pages\/16569\/revisions"}],"predecessor-version":[{"id":16670,"href":"https:\/\/szkolazabrowo.pl\/index.php?rest_route=\/wp\/v2\/pages\/16569\/revisions\/16670"}],"wp:attachment":[{"href":"https:\/\/szkolazabrowo.pl\/index.php?rest_route=%2Fwp%2Fv2%2Fmedia&parent=16569"}],"curies":[{"name":"wp","href":"https:\/\/api.w.org\/{rel}","templated":true}]}}