{"id":16543,"date":"2026-03-26T07:27:08","date_gmt":"2026-03-26T07:27:08","guid":{"rendered":"https:\/\/szkolazabrowo.pl\/?page_id=16543"},"modified":"2026-03-26T07:27:08","modified_gmt":"2026-03-26T07:27:08","slug":"biblioteczny-ogrodek-uwaznosci","status":"publish","type":"page","link":"https:\/\/szkolazabrowo.pl\/?page_id=16543","title":{"rendered":"Biblioteczny Ogr\u00f3dek Uwa\u017cno\u015bci"},"content":{"rendered":"\n<p>Biblioteczny Ogr\u00f3dek Uwa\u017cno\u015bci, tak nazywa\u0142y si\u0119 warsztaty, w kt\u00f3rych mia\u0142y przyjemno\u015b\u0107 uczestniczy\u0107 dzieci ze szkolnej zer\u00f3wki. W przyjaznej i wyciszaj\u0105cej atmosferze pozna\u0142y podstawy uwa\u017cnego s\u0142uchania, bycia 'tu i teraz&#8217; oraz budowania wra\u017cliwo\u015bci na przyrod\u0119.<br>Warsztaty dzieci rozpocz\u0119\u0142y od prostych \u0107wicze\u0144 oddechowych, kt\u00f3re pomog\u0142y im skupi\u0107 uwag\u0119, nast\u0119pnie posadzi\u0142y ro\u015bliny miododajne, wspieraj\u0105ce pszczo\u0142y i lokaln\u0105 bior\u00f3\u017cnorodno\u015b\u0107, nast\u0119pnie zrelaksowa\u0142y si\u0119 przy pszczelich masa\u017cykach .<\/p>\n\n\n<div class=\"su-custom-gallery su-custom-gallery-align-center su-custom-gallery-title-never\"><div class=\"su-custom-gallery-slide\" style=\"width:350px;height:300px\"><a href=\"https:\/\/szkolazabrowo.pl\/wp-content\/uploads\/2026\/03\/img_20260324_102102.jpg\" target=\"_blank\" title=\"img_20260324_102102\"><img loading=\"lazy\" decoding=\"async\" src=\"https:\/\/szkolazabrowo.pl\/wp-content\/uploads\/2026\/03\/img_20260324_102102-350x300.jpg\" alt=\"img_20260324_102102\" width=\"350\" height=\"300\" \/><span class=\"su-custom-gallery-title\">img_20260324_102102<\/span><\/a><\/div><div class=\"su-custom-gallery-slide\" style=\"width:350px;height:300px\"><a href=\"https:\/\/szkolazabrowo.pl\/wp-content\/uploads\/2026\/03\/img_20260324_100338.jpg\" target=\"_blank\" title=\"img_20260324_100338\"><img loading=\"lazy\" decoding=\"async\" src=\"https:\/\/szkolazabrowo.pl\/wp-content\/uploads\/2026\/03\/img_20260324_100338-350x300.jpg\" alt=\"img_20260324_100338\" width=\"350\" height=\"300\" \/><span class=\"su-custom-gallery-title\">img_20260324_100338<\/span><\/a><\/div><div class=\"su-custom-gallery-slide\" style=\"width:350px;height:300px\"><a href=\"https:\/\/szkolazabrowo.pl\/wp-content\/uploads\/2026\/03\/img_20260324_100509.jpg\" target=\"_blank\" title=\"img_20260324_100509\"><img loading=\"lazy\" decoding=\"async\" src=\"https:\/\/szkolazabrowo.pl\/wp-content\/uploads\/2026\/03\/img_20260324_100509-350x300.jpg\" alt=\"img_20260324_100509\" width=\"350\" height=\"300\" \/><span class=\"su-custom-gallery-title\">img_20260324_100509<\/span><\/a><\/div><div class=\"su-custom-gallery-slide\" style=\"width:350px;height:300px\"><a href=\"https:\/\/szkolazabrowo.pl\/wp-content\/uploads\/2026\/03\/img_20260324_101836.jpg\" target=\"_blank\" title=\"img_20260324_101836\"><img loading=\"lazy\" decoding=\"async\" src=\"https:\/\/szkolazabrowo.pl\/wp-content\/uploads\/2026\/03\/img_20260324_101836-350x300.jpg\" alt=\"img_20260324_101836\" width=\"350\" height=\"300\" \/><span class=\"su-custom-gallery-title\">img_20260324_101836<\/span><\/a><\/div><div class=\"su-custom-gallery-slide\" style=\"width:350px;height:300px\"><a href=\"https:\/\/szkolazabrowo.pl\/wp-content\/uploads\/2026\/03\/img_20260324_101843.jpg\" target=\"_blank\" title=\"img_20260324_101843\"><img loading=\"lazy\" decoding=\"async\" src=\"https:\/\/szkolazabrowo.pl\/wp-content\/uploads\/2026\/03\/img_20260324_101843-350x300.jpg\" alt=\"img_20260324_101843\" width=\"350\" height=\"300\" \/><span class=\"su-custom-gallery-title\">img_20260324_101843<\/span><\/a><\/div><div class=\"su-custom-gallery-slide\" style=\"width:350px;height:300px\"><a href=\"https:\/\/szkolazabrowo.pl\/wp-content\/uploads\/2026\/03\/img_20260324_110551.jpg\" target=\"_blank\" title=\"img_20260324_110551\"><img loading=\"lazy\" decoding=\"async\" src=\"https:\/\/szkolazabrowo.pl\/wp-content\/uploads\/2026\/03\/img_20260324_110551-350x300.jpg\" alt=\"img_20260324_110551\" width=\"350\" height=\"300\" \/><span class=\"su-custom-gallery-title\">img_20260324_110551<\/span><\/a><\/div><div class=\"su-custom-gallery-slide\" style=\"width:350px;height:300px\"><a href=\"https:\/\/szkolazabrowo.pl\/wp-content\/uploads\/2026\/03\/img_20260324_105200.jpg\" target=\"_blank\" title=\"img_20260324_105200\"><img loading=\"lazy\" decoding=\"async\" src=\"https:\/\/szkolazabrowo.pl\/wp-content\/uploads\/2026\/03\/img_20260324_105200-350x300.jpg\" alt=\"img_20260324_105200\" width=\"350\" height=\"300\" \/><span class=\"su-custom-gallery-title\">img_20260324_105200<\/span><\/a><\/div><div class=\"su-custom-gallery-slide\" style=\"width:350px;height:300px\"><a href=\"https:\/\/szkolazabrowo.pl\/wp-content\/uploads\/2026\/03\/img_20260324_105206.jpg\" target=\"_blank\" title=\"img_20260324_105206\"><img loading=\"lazy\" decoding=\"async\" src=\"https:\/\/szkolazabrowo.pl\/wp-content\/uploads\/2026\/03\/img_20260324_105206-350x300.jpg\" alt=\"img_20260324_105206\" width=\"350\" height=\"300\" \/><span class=\"su-custom-gallery-title\">img_20260324_105206<\/span><\/a><\/div><div class=\"su-custom-gallery-slide\" style=\"width:350px;height:300px\"><a href=\"https:\/\/szkolazabrowo.pl\/wp-content\/uploads\/2026\/03\/img_20260324_105830.jpg\" target=\"_blank\" title=\"img_20260324_105830\"><img loading=\"lazy\" decoding=\"async\" src=\"https:\/\/szkolazabrowo.pl\/wp-content\/uploads\/2026\/03\/img_20260324_105830-350x300.jpg\" alt=\"img_20260324_105830\" width=\"350\" height=\"300\" \/><span class=\"su-custom-gallery-title\">img_20260324_105830<\/span><\/a><\/div><div class=\"su-custom-gallery-slide\" style=\"width:350px;height:300px\"><a href=\"https:\/\/szkolazabrowo.pl\/wp-content\/uploads\/2026\/03\/img_20260324_105848.jpg\" target=\"_blank\" title=\"img_20260324_105848\"><img loading=\"lazy\" decoding=\"async\" src=\"https:\/\/szkolazabrowo.pl\/wp-content\/uploads\/2026\/03\/img_20260324_105848-350x300.jpg\" alt=\"img_20260324_105848\" width=\"350\" height=\"300\" \/><span class=\"su-custom-gallery-title\">img_20260324_105848<\/span><\/a><\/div><div class=\"su-custom-gallery-slide\" style=\"width:350px;height:300px\"><a href=\"https:\/\/szkolazabrowo.pl\/wp-content\/uploads\/2026\/03\/img_20260324_110056.jpg\" target=\"_blank\" title=\"img_20260324_110056\"><img loading=\"lazy\" decoding=\"async\" src=\"https:\/\/szkolazabrowo.pl\/wp-content\/uploads\/2026\/03\/img_20260324_110056-350x300.jpg\" alt=\"img_20260324_110056\" width=\"350\" height=\"300\" \/><span class=\"su-custom-gallery-title\">img_20260324_110056<\/span><\/a><\/div><div class=\"su-custom-gallery-slide\" style=\"width:350px;height:300px\"><a href=\"https:\/\/szkolazabrowo.pl\/wp-content\/uploads\/2026\/03\/img_20260324_095139.jpg\" target=\"_blank\" title=\"img_20260324_095139\"><img loading=\"lazy\" decoding=\"async\" src=\"https:\/\/szkolazabrowo.pl\/wp-content\/uploads\/2026\/03\/img_20260324_095139-350x300.jpg\" alt=\"img_20260324_095139\" width=\"350\" height=\"300\" \/><span class=\"su-custom-gallery-title\">img_20260324_095139<\/span><\/a><\/div><div class=\"su-custom-gallery-slide\" style=\"width:350px;height:300px\"><a href=\"https:\/\/szkolazabrowo.pl\/wp-content\/uploads\/2026\/03\/img_20260324_100549.jpg\" target=\"_blank\" title=\"img_20260324_100549\"><img loading=\"lazy\" decoding=\"async\" src=\"https:\/\/szkolazabrowo.pl\/wp-content\/uploads\/2026\/03\/img_20260324_100549-350x300.jpg\" alt=\"img_20260324_100549\" width=\"350\" height=\"300\" \/><span class=\"su-custom-gallery-title\">img_20260324_100549<\/span><\/a><\/div><div class=\"su-custom-gallery-slide\" style=\"width:350px;height:300px\"><a href=\"https:\/\/szkolazabrowo.pl\/wp-content\/uploads\/2026\/03\/img_20260324_101844.jpg\" target=\"_blank\" title=\"img_20260324_101844\"><img loading=\"lazy\" decoding=\"async\" src=\"https:\/\/szkolazabrowo.pl\/wp-content\/uploads\/2026\/03\/img_20260324_101844-350x300.jpg\" alt=\"img_20260324_101844\" width=\"350\" height=\"300\" \/><span class=\"su-custom-gallery-title\">img_20260324_101844<\/span><\/a><\/div><div class=\"su-custom-gallery-slide\" style=\"width:350px;height:300px\"><a href=\"https:\/\/szkolazabrowo.pl\/wp-content\/uploads\/2026\/03\/img_20260324_103838.jpg\" target=\"_blank\" title=\"img_20260324_103838\"><img loading=\"lazy\" decoding=\"async\" src=\"https:\/\/szkolazabrowo.pl\/wp-content\/uploads\/2026\/03\/img_20260324_103838-350x300.jpg\" alt=\"img_20260324_103838\" width=\"350\" height=\"300\" \/><span class=\"su-custom-gallery-title\">img_20260324_103838<\/span><\/a><\/div><div class=\"su-custom-gallery-slide\" style=\"width:350px;height:300px\"><a href=\"https:\/\/szkolazabrowo.pl\/wp-content\/uploads\/2026\/03\/img_20260324_104934.jpg\" target=\"_blank\" title=\"img_20260324_104934\"><img loading=\"lazy\" decoding=\"async\" src=\"https:\/\/szkolazabrowo.pl\/wp-content\/uploads\/2026\/03\/img_20260324_104934-350x300.jpg\" alt=\"img_20260324_104934\" width=\"350\" height=\"300\" \/><span class=\"su-custom-gallery-title\">img_20260324_104934<\/span><\/a><\/div><div class=\"su-custom-gallery-slide\" style=\"width:350px;height:300px\"><a href=\"https:\/\/szkolazabrowo.pl\/wp-content\/uploads\/2026\/03\/img_20260324_095149.jpg\" target=\"_blank\" title=\"img_20260324_095149\"><img loading=\"lazy\" decoding=\"async\" src=\"https:\/\/szkolazabrowo.pl\/wp-content\/uploads\/2026\/03\/img_20260324_095149-350x300.jpg\" alt=\"img_20260324_095149\" width=\"350\" height=\"300\" \/><span class=\"su-custom-gallery-title\">img_20260324_095149<\/span><\/a><\/div><div class=\"su-custom-gallery-slide\" style=\"width:350px;height:300px\"><a href=\"https:\/\/szkolazabrowo.pl\/wp-content\/uploads\/2026\/03\/img_20260324_100330.jpg\" target=\"_blank\" title=\"img_20260324_100330\"><img loading=\"lazy\" decoding=\"async\" src=\"https:\/\/szkolazabrowo.pl\/wp-content\/uploads\/2026\/03\/img_20260324_100330-350x300.jpg\" alt=\"img_20260324_100330\" width=\"350\" height=\"300\" \/><span class=\"su-custom-gallery-title\">img_20260324_100330<\/span><\/a><\/div><div class=\"su-custom-gallery-slide\" style=\"width:350px;height:300px\"><a href=\"https:\/\/szkolazabrowo.pl\/wp-content\/uploads\/2026\/03\/img_20260324_102133.jpg\" target=\"_blank\" title=\"img_20260324_102133\"><img loading=\"lazy\" decoding=\"async\" src=\"https:\/\/szkolazabrowo.pl\/wp-content\/uploads\/2026\/03\/img_20260324_102133-350x300.jpg\" alt=\"img_20260324_102133\" width=\"350\" height=\"300\" \/><span class=\"su-custom-gallery-title\">img_20260324_102133<\/span><\/a><\/div><div class=\"su-custom-gallery-slide\" style=\"width:350px;height:300px\"><a href=\"https:\/\/szkolazabrowo.pl\/wp-content\/uploads\/2026\/03\/img_20260324_102140.jpg\" target=\"_blank\" title=\"img_20260324_102140\"><img loading=\"lazy\" decoding=\"async\" src=\"https:\/\/szkolazabrowo.pl\/wp-content\/uploads\/2026\/03\/img_20260324_102140-350x300.jpg\" alt=\"img_20260324_102140\" width=\"350\" height=\"300\" \/><span class=\"su-custom-gallery-title\">img_20260324_102140<\/span><\/a><\/div><div class=\"su-custom-gallery-slide\" style=\"width:350px;height:300px\"><a href=\"https:\/\/szkolazabrowo.pl\/wp-content\/uploads\/2026\/03\/img_20260324_105103.jpg\" target=\"_blank\" title=\"img_20260324_105103\"><img loading=\"lazy\" decoding=\"async\" src=\"https:\/\/szkolazabrowo.pl\/wp-content\/uploads\/2026\/03\/img_20260324_105103-350x300.jpg\" alt=\"img_20260324_105103\" width=\"350\" height=\"300\" \/><span class=\"su-custom-gallery-title\">img_20260324_105103<\/span><\/a><\/div><div class=\"su-clear\"><\/div><\/div>\n\n\n\n<figure class=\"wp-block-video\"><video height=\"1080\" style=\"aspect-ratio: 1920 \/ 1080;\" width=\"1920\" controls src=\"https:\/\/szkolazabrowo.pl\/wp-content\/uploads\/2026\/03\/vid_20260324_100451.mp4\"><\/video><\/figure>\n","protected":false},"excerpt":{"rendered":"<p>Biblioteczny Ogr\u00f3dek Uwa\u017cno\u015bci, tak nazywa\u0142y si\u0119 warsztaty, w kt\u00f3rych mia\u0142y przyjemno\u015b\u0107 uczestniczy\u0107 dzieci ze szkolnej zer\u00f3wki. W przyjaznej i wyciszaj\u0105cej atmosferze pozna\u0142y podstawy uwa\u017cnego s\u0142uchania, bycia 'tu i teraz&#8217; oraz budowania wra\u017cliwo\u015bci na przyrod\u0119.Warsztaty dzieci rozpocz\u0119\u0142y od prostych \u0107wicze\u0144 oddechowych, <a href=\"https:\/\/szkolazabrowo.pl\/?page_id=16543\" class=\"read-more\">Czytaj wi\u0119cej &#8230;<\/a><\/p>\n","protected":false},"author":1,"featured_media":0,"parent":0,"menu_order":0,"comment_status":"closed","ping_status":"closed","template":"","meta":{"footnotes":""},"class_list":["post-16543","page","type-page","status-publish","hentry"],"_links":{"self":[{"href":"https:\/\/szkolazabrowo.pl\/index.php?rest_route=\/wp\/v2\/pages\/16543","targetHints":{"allow":["GET"]}}],"collection":[{"href":"https:\/\/szkolazabrowo.pl\/index.php?rest_route=\/wp\/v2\/pages"}],"about":[{"href":"https:\/\/szkolazabrowo.pl\/index.php?rest_route=\/wp\/v2\/types\/page"}],"author":[{"embeddable":true,"href":"https:\/\/szkolazabrowo.pl\/index.php?rest_route=\/wp\/v2\/users\/1"}],"replies":[{"embeddable":true,"href":"https:\/\/szkolazabrowo.pl\/index.php?rest_route=%2Fwp%2Fv2%2Fcomments&post=16543"}],"version-history":[{"count":1,"href":"https:\/\/szkolazabrowo.pl\/index.php?rest_route=\/wp\/v2\/pages\/16543\/revisions"}],"predecessor-version":[{"id":16567,"href":"https:\/\/szkolazabrowo.pl\/index.php?rest_route=\/wp\/v2\/pages\/16543\/revisions\/16567"}],"wp:attachment":[{"href":"https:\/\/szkolazabrowo.pl\/index.php?rest_route=%2Fwp%2Fv2%2Fmedia&parent=16543"}],"curies":[{"name":"wp","href":"https:\/\/api.w.org\/{rel}","templated":true}]}}