{"id":16539,"date":"2026-03-26T07:18:24","date_gmt":"2026-03-26T07:18:24","guid":{"rendered":"https:\/\/szkolazabrowo.pl\/?page_id=16539"},"modified":"2026-03-26T12:08:18","modified_gmt":"2026-03-26T12:08:18","slug":"powitanie-wiosny","status":"publish","type":"page","link":"https:\/\/szkolazabrowo.pl\/?page_id=16539","title":{"rendered":"Powitanie wiosny"},"content":{"rendered":"\n<p>Cho\u0107 kalendarzowa wiosna rozpocz\u0119\u0142a si\u0119 21 marca, w Szkole Podstawowej<br>w Z\u0105browie uczniowie i nauczyciele powitali j\u0105 uroczy\u015bcie w \u015brod\u0119 25 marca. By\u0142 to dzie\u0144 pe\u0142en rado\u015bci, kolor\u00f3w oraz wsp\u00f3lnej zabawy, kt\u00f3ry na d\u0142ugo pozostanie w pami\u0119ci ca\u0142ej spo\u0142eczno\u015bci szkolnej.<\/p>\n\n\n\n<p>Na pocz\u0105tku wydarzenia uczniowie najm\u0142odszych klas zaprezentowali swoje talenty muzyczne, \u015bpiewaj\u0105c piosenki o tematyce wiosennej. Ich wyst\u0119py spotka\u0142y si\u0119 z ciep\u0142ym przyj\u0119ciem publiczno\u015bci i zosta\u0142y nagrodzone gromkimi brawami.<br>Nast\u0119pnie odby\u0142 si\u0119 wyj\u0105tkowy pokaz mody \u2013 dzieci, krocz\u0105c po specjalnie przygotowanym wybiegu, z dum\u0105 prezentowa\u0142y swoje barwne, pomys\u0142owe i pe\u0142ne wiosennego uroku stroje.<\/p>\n\n\n\n<p>W drugiej cz\u0119\u015bci spotkania uczniowie klas IV\u2013VII zaprezentowali swoje umiej\u0119tno\u015bci wokalne, wykonuj\u0105c piosenki w j\u0119zyku angielskim. Starsi uczniowie udowodnili, \u017ce posiadaj\u0105 nie tylko talent muzyczny, ale tak\u017ce du\u017c\u0105 odwag\u0119 sceniczn\u0105.<\/p>\n\n\n\n<p>Ca\u0142e wydarzenie przebiega\u0142o w niezwykle radosnej i \u017cyczliwej atmosferze. Nie zabrak\u0142o u\u015bmiech\u00f3w, wsp\u00f3lnego \u015bpiewu oraz integracji mi\u0119dzy uczniami r\u00f3\u017cnych klas.<br>&nbsp;&nbsp;&nbsp;&nbsp;&nbsp;&nbsp;&nbsp;&nbsp;&nbsp;&nbsp; Obchody pierwszego dnia wiosny by\u0142y doskona\u0142\u0105 okazj\u0105 do rozwijania pasji, prezentowania talent\u00f3w oraz budowania pozytywnych relacji w szkolnej spo\u0142eczno\u015bci.<\/p>\n\n\n\n<p>Dzi\u0119kujemy wszystkim uczniom i nauczycielom za zaanga\u017cowanie w przygotowanie tego wyj\u0105tkowego dnia!<\/p>\n\n\n<div class=\"su-custom-gallery su-custom-gallery-align-center su-custom-gallery-title-never\"><div class=\"su-custom-gallery-slide\" style=\"width:350px;height:300px\"><a href=\"https:\/\/szkolazabrowo.pl\/wp-content\/uploads\/2026\/03\/DSC_0401.jpg\" target=\"_blank\" title=\"DSC_0401\"><img loading=\"lazy\" decoding=\"async\" src=\"https:\/\/szkolazabrowo.pl\/wp-content\/uploads\/2026\/03\/DSC_0401-350x300.jpg\" alt=\"DSC_0401\" width=\"350\" height=\"300\" \/><span class=\"su-custom-gallery-title\">DSC_0401<\/span><\/a><\/div><div class=\"su-custom-gallery-slide\" style=\"width:350px;height:300px\"><a href=\"https:\/\/szkolazabrowo.pl\/wp-content\/uploads\/2026\/03\/DSC_0388.jpg\" target=\"_blank\" title=\"DSC_0388\"><img loading=\"lazy\" decoding=\"async\" src=\"https:\/\/szkolazabrowo.pl\/wp-content\/uploads\/2026\/03\/DSC_0388-350x300.jpg\" alt=\"DSC_0388\" width=\"350\" height=\"300\" \/><span class=\"su-custom-gallery-title\">DSC_0388<\/span><\/a><\/div><div class=\"su-custom-gallery-slide\" style=\"width:350px;height:300px\"><a href=\"https:\/\/szkolazabrowo.pl\/wp-content\/uploads\/2026\/03\/DSC_0373.jpg\" target=\"_blank\" title=\"DSC_0373\"><img loading=\"lazy\" decoding=\"async\" src=\"https:\/\/szkolazabrowo.pl\/wp-content\/uploads\/2026\/03\/DSC_0373-350x300.jpg\" alt=\"DSC_0373\" width=\"350\" height=\"300\" \/><span class=\"su-custom-gallery-title\">DSC_0373<\/span><\/a><\/div><div class=\"su-custom-gallery-slide\" style=\"width:350px;height:300px\"><a href=\"https:\/\/szkolazabrowo.pl\/wp-content\/uploads\/2026\/03\/DSC_0376.jpg\" target=\"_blank\" title=\"DSC_0376\"><img loading=\"lazy\" decoding=\"async\" src=\"https:\/\/szkolazabrowo.pl\/wp-content\/uploads\/2026\/03\/DSC_0376-350x300.jpg\" alt=\"DSC_0376\" width=\"350\" height=\"300\" \/><span class=\"su-custom-gallery-title\">DSC_0376<\/span><\/a><\/div><div class=\"su-custom-gallery-slide\" style=\"width:350px;height:300px\"><a href=\"https:\/\/szkolazabrowo.pl\/wp-content\/uploads\/2026\/03\/DSC_0382.jpg\" target=\"_blank\" title=\"DSC_0382\"><img loading=\"lazy\" decoding=\"async\" src=\"https:\/\/szkolazabrowo.pl\/wp-content\/uploads\/2026\/03\/DSC_0382-350x300.jpg\" alt=\"DSC_0382\" width=\"350\" height=\"300\" \/><span class=\"su-custom-gallery-title\">DSC_0382<\/span><\/a><\/div><div class=\"su-custom-gallery-slide\" style=\"width:350px;height:300px\"><a href=\"https:\/\/szkolazabrowo.pl\/wp-content\/uploads\/2026\/03\/DSC_0364.jpg\" target=\"_blank\" title=\"DSC_0364\"><img loading=\"lazy\" decoding=\"async\" src=\"https:\/\/szkolazabrowo.pl\/wp-content\/uploads\/2026\/03\/DSC_0364-350x300.jpg\" alt=\"DSC_0364\" width=\"350\" height=\"300\" \/><span class=\"su-custom-gallery-title\">DSC_0364<\/span><\/a><\/div><div class=\"su-custom-gallery-slide\" style=\"width:350px;height:300px\"><a href=\"https:\/\/szkolazabrowo.pl\/wp-content\/uploads\/2026\/03\/DSC_0366.jpg\" target=\"_blank\" title=\"DSC_0366\"><img loading=\"lazy\" decoding=\"async\" src=\"https:\/\/szkolazabrowo.pl\/wp-content\/uploads\/2026\/03\/DSC_0366-350x300.jpg\" alt=\"DSC_0366\" width=\"350\" height=\"300\" \/><span class=\"su-custom-gallery-title\">DSC_0366<\/span><\/a><\/div><div class=\"su-custom-gallery-slide\" style=\"width:350px;height:300px\"><a href=\"https:\/\/szkolazabrowo.pl\/wp-content\/uploads\/2026\/03\/DSC_0386.jpg\" target=\"_blank\" title=\"DSC_0386\"><img loading=\"lazy\" decoding=\"async\" src=\"https:\/\/szkolazabrowo.pl\/wp-content\/uploads\/2026\/03\/DSC_0386-350x300.jpg\" alt=\"DSC_0386\" width=\"350\" height=\"300\" \/><span class=\"su-custom-gallery-title\">DSC_0386<\/span><\/a><\/div><div class=\"su-custom-gallery-slide\" style=\"width:350px;height:300px\"><a href=\"https:\/\/szkolazabrowo.pl\/wp-content\/uploads\/2026\/03\/DSC_0327.jpg\" target=\"_blank\" title=\"DSC_0327\"><img loading=\"lazy\" decoding=\"async\" src=\"https:\/\/szkolazabrowo.pl\/wp-content\/uploads\/2026\/03\/DSC_0327-350x300.jpg\" alt=\"DSC_0327\" width=\"350\" height=\"300\" \/><span class=\"su-custom-gallery-title\">DSC_0327<\/span><\/a><\/div><div class=\"su-custom-gallery-slide\" style=\"width:350px;height:300px\"><a href=\"https:\/\/szkolazabrowo.pl\/wp-content\/uploads\/2026\/03\/DSC_0332.jpg\" target=\"_blank\" title=\"DSC_0332\"><img loading=\"lazy\" decoding=\"async\" src=\"https:\/\/szkolazabrowo.pl\/wp-content\/uploads\/2026\/03\/DSC_0332-350x300.jpg\" alt=\"DSC_0332\" width=\"350\" height=\"300\" \/><span class=\"su-custom-gallery-title\">DSC_0332<\/span><\/a><\/div><div class=\"su-custom-gallery-slide\" style=\"width:350px;height:300px\"><a href=\"https:\/\/szkolazabrowo.pl\/wp-content\/uploads\/2026\/03\/DSC_0317.jpg\" target=\"_blank\" title=\"DSC_0317\"><img loading=\"lazy\" decoding=\"async\" src=\"https:\/\/szkolazabrowo.pl\/wp-content\/uploads\/2026\/03\/DSC_0317-350x300.jpg\" alt=\"DSC_0317\" width=\"350\" height=\"300\" \/><span class=\"su-custom-gallery-title\">DSC_0317<\/span><\/a><\/div><div class=\"su-custom-gallery-slide\" style=\"width:350px;height:300px\"><a href=\"https:\/\/szkolazabrowo.pl\/wp-content\/uploads\/2026\/03\/DSC_0318.jpg\" target=\"_blank\" title=\"DSC_0318\"><img loading=\"lazy\" decoding=\"async\" src=\"https:\/\/szkolazabrowo.pl\/wp-content\/uploads\/2026\/03\/DSC_0318-350x300.jpg\" alt=\"DSC_0318\" width=\"350\" height=\"300\" \/><span class=\"su-custom-gallery-title\">DSC_0318<\/span><\/a><\/div><div class=\"su-custom-gallery-slide\" style=\"width:350px;height:300px\"><a href=\"https:\/\/szkolazabrowo.pl\/wp-content\/uploads\/2026\/03\/DSC_0320.jpg\" target=\"_blank\" title=\"DSC_0320\"><img loading=\"lazy\" decoding=\"async\" src=\"https:\/\/szkolazabrowo.pl\/wp-content\/uploads\/2026\/03\/DSC_0320-350x300.jpg\" alt=\"DSC_0320\" width=\"350\" height=\"300\" \/><span class=\"su-custom-gallery-title\">DSC_0320<\/span><\/a><\/div><div class=\"su-custom-gallery-slide\" style=\"width:350px;height:300px\"><a href=\"https:\/\/szkolazabrowo.pl\/wp-content\/uploads\/2026\/03\/DSC_0306.jpg\" target=\"_blank\" title=\"DSC_0306\"><img loading=\"lazy\" decoding=\"async\" src=\"https:\/\/szkolazabrowo.pl\/wp-content\/uploads\/2026\/03\/DSC_0306-350x300.jpg\" alt=\"DSC_0306\" width=\"350\" height=\"300\" \/><span class=\"su-custom-gallery-title\">DSC_0306<\/span><\/a><\/div><div class=\"su-custom-gallery-slide\" style=\"width:350px;height:300px\"><a href=\"https:\/\/szkolazabrowo.pl\/wp-content\/uploads\/2026\/03\/DSC_0309.jpg\" target=\"_blank\" title=\"DSC_0309\"><img loading=\"lazy\" decoding=\"async\" src=\"https:\/\/szkolazabrowo.pl\/wp-content\/uploads\/2026\/03\/DSC_0309-350x300.jpg\" alt=\"DSC_0309\" width=\"350\" height=\"300\" \/><span class=\"su-custom-gallery-title\">DSC_0309<\/span><\/a><\/div><div class=\"su-custom-gallery-slide\" style=\"width:350px;height:300px\"><a href=\"https:\/\/szkolazabrowo.pl\/wp-content\/uploads\/2026\/03\/DSC_0333.jpg\" target=\"_blank\" title=\"DSC_0333\"><img loading=\"lazy\" decoding=\"async\" src=\"https:\/\/szkolazabrowo.pl\/wp-content\/uploads\/2026\/03\/DSC_0333-350x300.jpg\" alt=\"DSC_0333\" width=\"350\" height=\"300\" \/><span class=\"su-custom-gallery-title\">DSC_0333<\/span><\/a><\/div><div class=\"su-custom-gallery-slide\" style=\"width:350px;height:300px\"><a href=\"https:\/\/szkolazabrowo.pl\/wp-content\/uploads\/2026\/03\/DSC_0326.jpg\" target=\"_blank\" title=\"DSC_0326\"><img loading=\"lazy\" decoding=\"async\" src=\"https:\/\/szkolazabrowo.pl\/wp-content\/uploads\/2026\/03\/DSC_0326-350x300.jpg\" alt=\"DSC_0326\" width=\"350\" height=\"300\" \/><span class=\"su-custom-gallery-title\">DSC_0326<\/span><\/a><\/div><div class=\"su-custom-gallery-slide\" style=\"width:350px;height:300px\"><a href=\"https:\/\/szkolazabrowo.pl\/wp-content\/uploads\/2026\/03\/DSC_0328.jpg\" target=\"_blank\" title=\"DSC_0328\"><img loading=\"lazy\" decoding=\"async\" src=\"https:\/\/szkolazabrowo.pl\/wp-content\/uploads\/2026\/03\/DSC_0328-350x300.jpg\" alt=\"DSC_0328\" width=\"350\" height=\"300\" \/><span class=\"su-custom-gallery-title\">DSC_0328<\/span><\/a><\/div><div class=\"su-custom-gallery-slide\" style=\"width:350px;height:300px\"><a href=\"https:\/\/szkolazabrowo.pl\/wp-content\/uploads\/2026\/03\/DSC_0330.jpg\" target=\"_blank\" title=\"DSC_0330\"><img loading=\"lazy\" decoding=\"async\" src=\"https:\/\/szkolazabrowo.pl\/wp-content\/uploads\/2026\/03\/DSC_0330-350x300.jpg\" alt=\"DSC_0330\" width=\"350\" height=\"300\" \/><span class=\"su-custom-gallery-title\">DSC_0330<\/span><\/a><\/div><div class=\"su-custom-gallery-slide\" style=\"width:350px;height:300px\"><a href=\"https:\/\/szkolazabrowo.pl\/wp-content\/uploads\/2026\/03\/DSC_0303.jpg\" target=\"_blank\" title=\"DSC_0303\"><img loading=\"lazy\" decoding=\"async\" src=\"https:\/\/szkolazabrowo.pl\/wp-content\/uploads\/2026\/03\/DSC_0303-350x300.jpg\" alt=\"DSC_0303\" width=\"350\" height=\"300\" \/><span class=\"su-custom-gallery-title\">DSC_0303<\/span><\/a><\/div><div class=\"su-custom-gallery-slide\" style=\"width:350px;height:300px\"><a href=\"https:\/\/szkolazabrowo.pl\/wp-content\/uploads\/2026\/03\/DSC_0304.jpg\" target=\"_blank\" title=\"DSC_0304\"><img loading=\"lazy\" decoding=\"async\" src=\"https:\/\/szkolazabrowo.pl\/wp-content\/uploads\/2026\/03\/DSC_0304-350x300.jpg\" alt=\"DSC_0304\" width=\"350\" height=\"300\" \/><span class=\"su-custom-gallery-title\">DSC_0304<\/span><\/a><\/div><div class=\"su-custom-gallery-slide\" style=\"width:350px;height:300px\"><a href=\"https:\/\/szkolazabrowo.pl\/wp-content\/uploads\/2026\/03\/DSC_0324.jpg\" target=\"_blank\" title=\"DSC_0324\"><img loading=\"lazy\" decoding=\"async\" src=\"https:\/\/szkolazabrowo.pl\/wp-content\/uploads\/2026\/03\/DSC_0324-350x300.jpg\" alt=\"DSC_0324\" width=\"350\" height=\"300\" \/><span class=\"su-custom-gallery-title\">DSC_0324<\/span><\/a><\/div><div class=\"su-custom-gallery-slide\" style=\"width:350px;height:300px\"><a href=\"https:\/\/szkolazabrowo.pl\/wp-content\/uploads\/2026\/03\/DSC_0353.jpg\" target=\"_blank\" title=\"DSC_0353\"><img loading=\"lazy\" decoding=\"async\" src=\"https:\/\/szkolazabrowo.pl\/wp-content\/uploads\/2026\/03\/DSC_0353-350x300.jpg\" alt=\"DSC_0353\" width=\"350\" height=\"300\" \/><span class=\"su-custom-gallery-title\">DSC_0353<\/span><\/a><\/div><div class=\"su-custom-gallery-slide\" style=\"width:350px;height:300px\"><a href=\"https:\/\/szkolazabrowo.pl\/wp-content\/uploads\/2026\/03\/DSC_0361.jpg\" target=\"_blank\" title=\"DSC_0361\"><img loading=\"lazy\" decoding=\"async\" src=\"https:\/\/szkolazabrowo.pl\/wp-content\/uploads\/2026\/03\/DSC_0361-350x300.jpg\" alt=\"DSC_0361\" width=\"350\" height=\"300\" \/><span class=\"su-custom-gallery-title\">DSC_0361<\/span><\/a><\/div><div class=\"su-custom-gallery-slide\" style=\"width:350px;height:300px\"><a href=\"https:\/\/szkolazabrowo.pl\/wp-content\/uploads\/2026\/03\/DSC_0363.jpg\" target=\"_blank\" title=\"DSC_0363\"><img loading=\"lazy\" decoding=\"async\" src=\"https:\/\/szkolazabrowo.pl\/wp-content\/uploads\/2026\/03\/DSC_0363-350x300.jpg\" alt=\"DSC_0363\" width=\"350\" height=\"300\" \/><span class=\"su-custom-gallery-title\">DSC_0363<\/span><\/a><\/div><div class=\"su-custom-gallery-slide\" style=\"width:350px;height:300px\"><a href=\"https:\/\/szkolazabrowo.pl\/wp-content\/uploads\/2026\/03\/DSC_0334.jpg\" target=\"_blank\" title=\"DSC_0334\"><img loading=\"lazy\" decoding=\"async\" src=\"https:\/\/szkolazabrowo.pl\/wp-content\/uploads\/2026\/03\/DSC_0334-350x300.jpg\" alt=\"DSC_0334\" width=\"350\" height=\"300\" \/><span class=\"su-custom-gallery-title\">DSC_0334<\/span><\/a><\/div><div class=\"su-custom-gallery-slide\" style=\"width:350px;height:300px\"><a href=\"https:\/\/szkolazabrowo.pl\/wp-content\/uploads\/2026\/03\/DSC_0348.jpg\" target=\"_blank\" title=\"DSC_0348\"><img loading=\"lazy\" decoding=\"async\" src=\"https:\/\/szkolazabrowo.pl\/wp-content\/uploads\/2026\/03\/DSC_0348-350x300.jpg\" alt=\"DSC_0348\" width=\"350\" height=\"300\" \/><span class=\"su-custom-gallery-title\">DSC_0348<\/span><\/a><\/div><div class=\"su-custom-gallery-slide\" style=\"width:350px;height:300px\"><a href=\"https:\/\/szkolazabrowo.pl\/wp-content\/uploads\/2026\/03\/DSC_0358.jpg\" target=\"_blank\" title=\"DSC_0358\"><img loading=\"lazy\" decoding=\"async\" src=\"https:\/\/szkolazabrowo.pl\/wp-content\/uploads\/2026\/03\/DSC_0358-350x300.jpg\" alt=\"DSC_0358\" width=\"350\" height=\"300\" \/><span class=\"su-custom-gallery-title\">DSC_0358<\/span><\/a><\/div><div class=\"su-custom-gallery-slide\" style=\"width:350px;height:300px\"><a href=\"https:\/\/szkolazabrowo.pl\/wp-content\/uploads\/2026\/03\/DSC_0344.jpg\" target=\"_blank\" title=\"DSC_0344\"><img loading=\"lazy\" decoding=\"async\" src=\"https:\/\/szkolazabrowo.pl\/wp-content\/uploads\/2026\/03\/DSC_0344-350x300.jpg\" alt=\"DSC_0344\" width=\"350\" height=\"300\" \/><span class=\"su-custom-gallery-title\">DSC_0344<\/span><\/a><\/div><div class=\"su-custom-gallery-slide\" style=\"width:350px;height:300px\"><a href=\"https:\/\/szkolazabrowo.pl\/wp-content\/uploads\/2026\/03\/DSC_0346.jpg\" target=\"_blank\" title=\"DSC_0346\"><img loading=\"lazy\" decoding=\"async\" src=\"https:\/\/szkolazabrowo.pl\/wp-content\/uploads\/2026\/03\/DSC_0346-350x300.jpg\" alt=\"DSC_0346\" width=\"350\" height=\"300\" \/><span class=\"su-custom-gallery-title\">DSC_0346<\/span><\/a><\/div><div class=\"su-custom-gallery-slide\" style=\"width:350px;height:300px\"><a href=\"https:\/\/szkolazabrowo.pl\/wp-content\/uploads\/2026\/03\/DSC_0356.jpg\" target=\"_blank\" title=\"DSC_0356\"><img loading=\"lazy\" decoding=\"async\" src=\"https:\/\/szkolazabrowo.pl\/wp-content\/uploads\/2026\/03\/DSC_0356-350x300.jpg\" alt=\"DSC_0356\" width=\"350\" height=\"300\" \/><span class=\"su-custom-gallery-title\">DSC_0356<\/span><\/a><\/div><div class=\"su-custom-gallery-slide\" style=\"width:350px;height:300px\"><a href=\"https:\/\/szkolazabrowo.pl\/wp-content\/uploads\/2026\/03\/DSC_0339.jpg\" target=\"_blank\" title=\"DSC_0339\"><img loading=\"lazy\" decoding=\"async\" src=\"https:\/\/szkolazabrowo.pl\/wp-content\/uploads\/2026\/03\/DSC_0339-350x300.jpg\" alt=\"DSC_0339\" width=\"350\" height=\"300\" \/><span class=\"su-custom-gallery-title\">DSC_0339<\/span><\/a><\/div><div class=\"su-custom-gallery-slide\" style=\"width:350px;height:300px\"><a href=\"https:\/\/szkolazabrowo.pl\/wp-content\/uploads\/2026\/03\/DSC_0341.jpg\" target=\"_blank\" title=\"DSC_0341\"><img loading=\"lazy\" decoding=\"async\" src=\"https:\/\/szkolazabrowo.pl\/wp-content\/uploads\/2026\/03\/DSC_0341-350x300.jpg\" alt=\"DSC_0341\" width=\"350\" height=\"300\" \/><span class=\"su-custom-gallery-title\">DSC_0341<\/span><\/a><\/div><div class=\"su-custom-gallery-slide\" style=\"width:350px;height:300px\"><a href=\"https:\/\/szkolazabrowo.pl\/wp-content\/uploads\/2026\/03\/DSC_0342.jpg\" target=\"_blank\" title=\"DSC_0342\"><img loading=\"lazy\" decoding=\"async\" src=\"https:\/\/szkolazabrowo.pl\/wp-content\/uploads\/2026\/03\/DSC_0342-350x300.jpg\" alt=\"DSC_0342\" width=\"350\" height=\"300\" \/><span class=\"su-custom-gallery-title\">DSC_0342<\/span><\/a><\/div><div class=\"su-custom-gallery-slide\" style=\"width:350px;height:300px\"><a href=\"https:\/\/szkolazabrowo.pl\/wp-content\/uploads\/2026\/03\/DSC_0336.jpg\" target=\"_blank\" title=\"DSC_0336\"><img loading=\"lazy\" decoding=\"async\" src=\"https:\/\/szkolazabrowo.pl\/wp-content\/uploads\/2026\/03\/DSC_0336-350x300.jpg\" alt=\"DSC_0336\" width=\"350\" height=\"300\" \/><span class=\"su-custom-gallery-title\">DSC_0336<\/span><\/a><\/div><div class=\"su-custom-gallery-slide\" style=\"width:350px;height:300px\"><a href=\"https:\/\/szkolazabrowo.pl\/wp-content\/uploads\/2026\/03\/DSC_0351.jpg\" target=\"_blank\" title=\"DSC_0351\"><img loading=\"lazy\" decoding=\"async\" src=\"https:\/\/szkolazabrowo.pl\/wp-content\/uploads\/2026\/03\/DSC_0351-350x300.jpg\" alt=\"DSC_0351\" width=\"350\" height=\"300\" \/><span class=\"su-custom-gallery-title\">DSC_0351<\/span><\/a><\/div><div class=\"su-custom-gallery-slide\" style=\"width:350px;height:300px\"><a href=\"https:\/\/szkolazabrowo.pl\/wp-content\/uploads\/2026\/03\/DSC_0368.jpg\" target=\"_blank\" title=\"DSC_0368\"><img loading=\"lazy\" decoding=\"async\" src=\"https:\/\/szkolazabrowo.pl\/wp-content\/uploads\/2026\/03\/DSC_0368-350x300.jpg\" alt=\"DSC_0368\" width=\"350\" height=\"300\" \/><span class=\"su-custom-gallery-title\">DSC_0368<\/span><\/a><\/div><div class=\"su-custom-gallery-slide\" style=\"width:350px;height:300px\"><a href=\"https:\/\/szkolazabrowo.pl\/wp-content\/uploads\/2026\/03\/DSC_0378.jpg\" target=\"_blank\" title=\"DSC_0378\"><img loading=\"lazy\" decoding=\"async\" src=\"https:\/\/szkolazabrowo.pl\/wp-content\/uploads\/2026\/03\/DSC_0378-350x300.jpg\" alt=\"DSC_0378\" width=\"350\" height=\"300\" \/><span class=\"su-custom-gallery-title\">DSC_0378<\/span><\/a><\/div><div class=\"su-clear\"><\/div><\/div>\n","protected":false},"excerpt":{"rendered":"<p>Cho\u0107 kalendarzowa wiosna rozpocz\u0119\u0142a si\u0119 21 marca, w Szkole Podstawowejw Z\u0105browie uczniowie i nauczyciele powitali j\u0105 uroczy\u015bcie w \u015brod\u0119 25 marca. By\u0142 to dzie\u0144 pe\u0142en rado\u015bci, kolor\u00f3w oraz wsp\u00f3lnej zabawy, kt\u00f3ry na d\u0142ugo pozostanie w pami\u0119ci ca\u0142ej spo\u0142eczno\u015bci szkolnej. Na <a href=\"https:\/\/szkolazabrowo.pl\/?page_id=16539\" class=\"read-more\">Czytaj wi\u0119cej &#8230;<\/a><\/p>\n","protected":false},"author":1,"featured_media":0,"parent":0,"menu_order":0,"comment_status":"closed","ping_status":"closed","template":"","meta":{"footnotes":""},"class_list":["post-16539","page","type-page","status-publish","hentry"],"_links":{"self":[{"href":"https:\/\/szkolazabrowo.pl\/index.php?rest_route=\/wp\/v2\/pages\/16539","targetHints":{"allow":["GET"]}}],"collection":[{"href":"https:\/\/szkolazabrowo.pl\/index.php?rest_route=\/wp\/v2\/pages"}],"about":[{"href":"https:\/\/szkolazabrowo.pl\/index.php?rest_route=\/wp\/v2\/types\/page"}],"author":[{"embeddable":true,"href":"https:\/\/szkolazabrowo.pl\/index.php?rest_route=\/wp\/v2\/users\/1"}],"replies":[{"embeddable":true,"href":"https:\/\/szkolazabrowo.pl\/index.php?rest_route=%2Fwp%2Fv2%2Fcomments&post=16539"}],"version-history":[{"count":2,"href":"https:\/\/szkolazabrowo.pl\/index.php?rest_route=\/wp\/v2\/pages\/16539\/revisions"}],"predecessor-version":[{"id":16619,"href":"https:\/\/szkolazabrowo.pl\/index.php?rest_route=\/wp\/v2\/pages\/16539\/revisions\/16619"}],"wp:attachment":[{"href":"https:\/\/szkolazabrowo.pl\/index.php?rest_route=%2Fwp%2Fv2%2Fmedia&parent=16539"}],"curies":[{"name":"wp","href":"https:\/\/api.w.org\/{rel}","templated":true}]}}