{"id":16519,"date":"2026-03-24T08:23:05","date_gmt":"2026-03-24T08:23:05","guid":{"rendered":"https:\/\/szkolazabrowo.pl\/?page_id=16519"},"modified":"2026-03-24T08:23:06","modified_gmt":"2026-03-24T08:23:06","slug":"turniej-na-najwieksza-liczbe-podbic-pilki","status":"publish","type":"page","link":"https:\/\/szkolazabrowo.pl\/?page_id=16519","title":{"rendered":"Turniej na Najwi\u0119ksz\u0105 Liczb\u0119 Podbi\u0107 Pi\u0142ki"},"content":{"rendered":"\n<p>Tydzie\u0144 rozpocz\u0119li\u015bmy na sportowo, 23 marca w poniedzia\u0142ek odby\u0142 si\u0119 Turniej w Podbijaniu Pi\u0142ki. Ch\u0142opcy rywalizowali w dw\u00f3ch kategoriach wiekowych 4-6 i 7-8. Zar\u00f3wno w grupie m\u0142odszej jak i starszej zawodnicy podeszli do zadania z du\u017cym zaanga\u017cowaniem, \u015bwietnie zaprezentowali swoje umiej\u0119tno\u015bci rywalizuj\u0105c zgodnie z zasad\u0105 fairplay. Ka\u017cdy z zawodnik\u00f3w otrzyma\u0142 dyplom, s\u0142odki pocz\u0119stunek a zwyci\u0119zcy medale.<\/p>\n\n\n\n<p>Dzi\u0119kujemy za udzia\u0142 w Turnieju !!!<\/p>\n\n\n\n<p>Klasyfikacja ko\u0144cowa :<\/p>\n\n\n\n<p>klasy 7-8<\/p>\n\n\n\n<p>I miejsce&nbsp; Miko\u0142aj Karski (711)<\/p>\n\n\n\n<p>II miejsce Karol Po\u0142e\u0107 (643)<\/p>\n\n\n\n<p>III miejsce Alan Sobiech (138)<\/p>\n\n\n\n<p>Klasy 4-6<\/p>\n\n\n\n<p>I miejsce&nbsp; Marcel Paw\u0142owicz (59)<\/p>\n\n\n\n<p>II miejsce Olaf Gromek (32)<\/p>\n\n\n\n<p>III miejsce Filip Rodak (11)&nbsp;<\/p>\n\n\n<div class=\"su-custom-gallery su-custom-gallery-align-center su-custom-gallery-title-never\"><div class=\"su-custom-gallery-slide\" style=\"width:350px;height:300px\"><a href=\"https:\/\/szkolazabrowo.pl\/wp-content\/uploads\/2026\/03\/IMG_20260323_082834.jpg\" target=\"_blank\" title=\"IMG_20260323_082834\"><img loading=\"lazy\" decoding=\"async\" src=\"https:\/\/szkolazabrowo.pl\/wp-content\/uploads\/2026\/03\/IMG_20260323_082834-350x300.jpg\" alt=\"IMG_20260323_082834\" width=\"350\" height=\"300\" \/><span class=\"su-custom-gallery-title\">IMG_20260323_082834<\/span><\/a><\/div><div class=\"su-custom-gallery-slide\" style=\"width:350px;height:300px\"><a href=\"https:\/\/szkolazabrowo.pl\/wp-content\/uploads\/2026\/03\/IMG_20260323_091059.jpg\" target=\"_blank\" title=\"IMG_20260323_091059\"><img loading=\"lazy\" decoding=\"async\" src=\"https:\/\/szkolazabrowo.pl\/wp-content\/uploads\/2026\/03\/IMG_20260323_091059-350x300.jpg\" alt=\"IMG_20260323_091059\" width=\"350\" height=\"300\" \/><span class=\"su-custom-gallery-title\">IMG_20260323_091059<\/span><\/a><\/div><div class=\"su-custom-gallery-slide\" style=\"width:350px;height:300px\"><a href=\"https:\/\/szkolazabrowo.pl\/wp-content\/uploads\/2026\/03\/IMG_20260323_091252.jpg\" target=\"_blank\" title=\"IMG_20260323_091252\"><img loading=\"lazy\" decoding=\"async\" src=\"https:\/\/szkolazabrowo.pl\/wp-content\/uploads\/2026\/03\/IMG_20260323_091252-350x300.jpg\" alt=\"IMG_20260323_091252\" width=\"350\" height=\"300\" \/><span class=\"su-custom-gallery-title\">IMG_20260323_091252<\/span><\/a><\/div><div class=\"su-custom-gallery-slide\" style=\"width:350px;height:300px\"><a href=\"https:\/\/szkolazabrowo.pl\/wp-content\/uploads\/2026\/03\/IMG_20260323_092920.jpg\" target=\"_blank\" title=\"IMG_20260323_092920\"><img loading=\"lazy\" decoding=\"async\" src=\"https:\/\/szkolazabrowo.pl\/wp-content\/uploads\/2026\/03\/IMG_20260323_092920-350x300.jpg\" alt=\"IMG_20260323_092920\" width=\"350\" height=\"300\" \/><span class=\"su-custom-gallery-title\">IMG_20260323_092920<\/span><\/a><\/div><div class=\"su-custom-gallery-slide\" style=\"width:350px;height:300px\"><a href=\"https:\/\/szkolazabrowo.pl\/wp-content\/uploads\/2026\/03\/IMG_20260323_081916.jpg\" target=\"_blank\" title=\"IMG_20260323_081916\"><img loading=\"lazy\" decoding=\"async\" src=\"https:\/\/szkolazabrowo.pl\/wp-content\/uploads\/2026\/03\/IMG_20260323_081916-350x300.jpg\" alt=\"IMG_20260323_081916\" width=\"350\" height=\"300\" \/><span class=\"su-custom-gallery-title\">IMG_20260323_081916<\/span><\/a><\/div><div class=\"su-custom-gallery-slide\" style=\"width:350px;height:300px\"><a href=\"https:\/\/szkolazabrowo.pl\/wp-content\/uploads\/2026\/03\/IMG_20260323_082259.jpg\" target=\"_blank\" title=\"IMG_20260323_082259\"><img loading=\"lazy\" decoding=\"async\" src=\"https:\/\/szkolazabrowo.pl\/wp-content\/uploads\/2026\/03\/IMG_20260323_082259-350x300.jpg\" alt=\"IMG_20260323_082259\" width=\"350\" height=\"300\" \/><span class=\"su-custom-gallery-title\">IMG_20260323_082259<\/span><\/a><\/div><div class=\"su-custom-gallery-slide\" style=\"width:350px;height:300px\"><a href=\"https:\/\/szkolazabrowo.pl\/wp-content\/uploads\/2026\/03\/IMG_20260323_082736.jpg\" target=\"_blank\" title=\"IMG_20260323_082736\"><img loading=\"lazy\" decoding=\"async\" src=\"https:\/\/szkolazabrowo.pl\/wp-content\/uploads\/2026\/03\/IMG_20260323_082736-350x300.jpg\" alt=\"IMG_20260323_082736\" width=\"350\" height=\"300\" \/><span class=\"su-custom-gallery-title\">IMG_20260323_082736<\/span><\/a><\/div><div class=\"su-custom-gallery-slide\" style=\"width:350px;height:300px\"><a href=\"https:\/\/szkolazabrowo.pl\/wp-content\/uploads\/2026\/03\/IMG_20260323_092847.jpg\" target=\"_blank\" title=\"IMG_20260323_092847\"><img loading=\"lazy\" decoding=\"async\" src=\"https:\/\/szkolazabrowo.pl\/wp-content\/uploads\/2026\/03\/IMG_20260323_092847-350x300.jpg\" alt=\"IMG_20260323_092847\" width=\"350\" height=\"300\" \/><span class=\"su-custom-gallery-title\">IMG_20260323_092847<\/span><\/a><\/div><div class=\"su-custom-gallery-slide\" style=\"width:350px;height:300px\"><a href=\"https:\/\/szkolazabrowo.pl\/wp-content\/uploads\/2026\/03\/IMG_20260323_092903.jpg\" target=\"_blank\" title=\"IMG_20260323_092903\"><img loading=\"lazy\" decoding=\"async\" src=\"https:\/\/szkolazabrowo.pl\/wp-content\/uploads\/2026\/03\/IMG_20260323_092903-350x300.jpg\" alt=\"IMG_20260323_092903\" width=\"350\" height=\"300\" \/><span class=\"su-custom-gallery-title\">IMG_20260323_092903<\/span><\/a><\/div><div class=\"su-custom-gallery-slide\" style=\"width:350px;height:300px\"><a href=\"https:\/\/szkolazabrowo.pl\/wp-content\/uploads\/2026\/03\/IMG_20260323_082836.jpg\" target=\"_blank\" title=\"IMG_20260323_082836\"><img loading=\"lazy\" decoding=\"async\" src=\"https:\/\/szkolazabrowo.pl\/wp-content\/uploads\/2026\/03\/IMG_20260323_082836-350x300.jpg\" alt=\"IMG_20260323_082836\" width=\"350\" height=\"300\" \/><span class=\"su-custom-gallery-title\">IMG_20260323_082836<\/span><\/a><\/div><div class=\"su-custom-gallery-slide\" style=\"width:350px;height:300px\"><a href=\"https:\/\/szkolazabrowo.pl\/wp-content\/uploads\/2026\/03\/IMG_20260323_082902.jpg\" target=\"_blank\" title=\"IMG_20260323_082902\"><img loading=\"lazy\" decoding=\"async\" src=\"https:\/\/szkolazabrowo.pl\/wp-content\/uploads\/2026\/03\/IMG_20260323_082902-350x300.jpg\" alt=\"IMG_20260323_082902\" width=\"350\" height=\"300\" \/><span class=\"su-custom-gallery-title\">IMG_20260323_082902<\/span><\/a><\/div><div class=\"su-custom-gallery-slide\" style=\"width:350px;height:300px\"><a href=\"https:\/\/szkolazabrowo.pl\/wp-content\/uploads\/2026\/03\/IMG_20260323_091010.jpg\" target=\"_blank\" title=\"IMG_20260323_091010\"><img loading=\"lazy\" decoding=\"async\" src=\"https:\/\/szkolazabrowo.pl\/wp-content\/uploads\/2026\/03\/IMG_20260323_091010-350x300.jpg\" alt=\"IMG_20260323_091010\" width=\"350\" height=\"300\" \/><span class=\"su-custom-gallery-title\">IMG_20260323_091010<\/span><\/a><\/div><div class=\"su-custom-gallery-slide\" style=\"width:350px;height:300px\"><a href=\"https:\/\/szkolazabrowo.pl\/wp-content\/uploads\/2026\/03\/IMG_20260323_091042.jpg\" target=\"_blank\" title=\"IMG_20260323_091042\"><img loading=\"lazy\" decoding=\"async\" src=\"https:\/\/szkolazabrowo.pl\/wp-content\/uploads\/2026\/03\/IMG_20260323_091042-350x300.jpg\" alt=\"IMG_20260323_091042\" width=\"350\" height=\"300\" \/><span class=\"su-custom-gallery-title\">IMG_20260323_091042<\/span><\/a><\/div><div class=\"su-custom-gallery-slide\" style=\"width:350px;height:300px\"><a href=\"https:\/\/szkolazabrowo.pl\/wp-content\/uploads\/2026\/03\/IMG_20260323_091138.jpg\" target=\"_blank\" title=\"IMG_20260323_091138\"><img loading=\"lazy\" decoding=\"async\" src=\"https:\/\/szkolazabrowo.pl\/wp-content\/uploads\/2026\/03\/IMG_20260323_091138-350x300.jpg\" alt=\"IMG_20260323_091138\" width=\"350\" height=\"300\" \/><span class=\"su-custom-gallery-title\">IMG_20260323_091138<\/span><\/a><\/div><div class=\"su-custom-gallery-slide\" style=\"width:350px;height:300px\"><a href=\"https:\/\/szkolazabrowo.pl\/wp-content\/uploads\/2026\/03\/IMG_20260323_081848.jpg\" target=\"_blank\" title=\"IMG_20260323_081848\"><img loading=\"lazy\" decoding=\"async\" src=\"https:\/\/szkolazabrowo.pl\/wp-content\/uploads\/2026\/03\/IMG_20260323_081848-350x300.jpg\" alt=\"IMG_20260323_081848\" width=\"350\" height=\"300\" \/><span class=\"su-custom-gallery-title\">IMG_20260323_081848<\/span><\/a><\/div><div class=\"su-custom-gallery-slide\" style=\"width:350px;height:300px\"><a href=\"https:\/\/szkolazabrowo.pl\/wp-content\/uploads\/2026\/03\/IMG_20260323_082807.jpg\" target=\"_blank\" title=\"IMG_20260323_082807\"><img loading=\"lazy\" decoding=\"async\" src=\"https:\/\/szkolazabrowo.pl\/wp-content\/uploads\/2026\/03\/IMG_20260323_082807-350x300.jpg\" alt=\"IMG_20260323_082807\" width=\"350\" height=\"300\" \/><span class=\"su-custom-gallery-title\">IMG_20260323_082807<\/span><\/a><\/div><div class=\"su-clear\"><\/div><\/div>\n","protected":false},"excerpt":{"rendered":"<p>Tydzie\u0144 rozpocz\u0119li\u015bmy na sportowo, 23 marca w poniedzia\u0142ek odby\u0142 si\u0119 Turniej w Podbijaniu Pi\u0142ki. Ch\u0142opcy rywalizowali w dw\u00f3ch kategoriach wiekowych 4-6 i 7-8. Zar\u00f3wno w grupie m\u0142odszej jak i starszej zawodnicy podeszli do zadania z du\u017cym zaanga\u017cowaniem, \u015bwietnie zaprezentowali swoje <a href=\"https:\/\/szkolazabrowo.pl\/?page_id=16519\" class=\"read-more\">Czytaj wi\u0119cej &#8230;<\/a><\/p>\n","protected":false},"author":1,"featured_media":0,"parent":0,"menu_order":0,"comment_status":"closed","ping_status":"closed","template":"","meta":{"footnotes":""},"class_list":["post-16519","page","type-page","status-publish","hentry"],"_links":{"self":[{"href":"https:\/\/szkolazabrowo.pl\/index.php?rest_route=\/wp\/v2\/pages\/16519","targetHints":{"allow":["GET"]}}],"collection":[{"href":"https:\/\/szkolazabrowo.pl\/index.php?rest_route=\/wp\/v2\/pages"}],"about":[{"href":"https:\/\/szkolazabrowo.pl\/index.php?rest_route=\/wp\/v2\/types\/page"}],"author":[{"embeddable":true,"href":"https:\/\/szkolazabrowo.pl\/index.php?rest_route=\/wp\/v2\/users\/1"}],"replies":[{"embeddable":true,"href":"https:\/\/szkolazabrowo.pl\/index.php?rest_route=%2Fwp%2Fv2%2Fcomments&post=16519"}],"version-history":[{"count":1,"href":"https:\/\/szkolazabrowo.pl\/index.php?rest_route=\/wp\/v2\/pages\/16519\/revisions"}],"predecessor-version":[{"id":16537,"href":"https:\/\/szkolazabrowo.pl\/index.php?rest_route=\/wp\/v2\/pages\/16519\/revisions\/16537"}],"wp:attachment":[{"href":"https:\/\/szkolazabrowo.pl\/index.php?rest_route=%2Fwp%2Fv2%2Fmedia&parent=16519"}],"curies":[{"name":"wp","href":"https:\/\/api.w.org\/{rel}","templated":true}]}}