{"id":16512,"date":"2026-03-23T07:02:01","date_gmt":"2026-03-23T07:02:01","guid":{"rendered":"https:\/\/szkolazabrowo.pl\/?page_id=16512"},"modified":"2026-03-23T07:02:03","modified_gmt":"2026-03-23T07:02:03","slug":"konkurs-przyrodniczy","status":"publish","type":"page","link":"https:\/\/szkolazabrowo.pl\/?page_id=16512","title":{"rendered":"Konkurs przyrodniczy"},"content":{"rendered":"\n<p>Sukces naszej dru\u017cyny- jeste\u015bmy w finale konkursu przyrodniczego.<\/p>\n\n\n\n<p>Z dum\u0105 informujemy, \u017ce nasza dru\u017cyna w sk\u0142adzie: Agata Konopka, Grzegorz Olszewski, Pawe\u0142 Dominiczak, Cezary Grzywna zaj\u0119\u0142a <strong>3. miejsce <\/strong>w II etapie XXXI edycji Mi\u0119dzywojew\u00f3dzkiego Konkursu Wiedzy Przyrodniczo-Ekologicznej pt.: \u201eSsaki naszych las\u00f3w\u201d, zdobywaj\u0105c tym samym awans do fina\u0142u.<\/p>\n\n\n\n<p>Konkurs odby\u0142 si\u0119 12 marca w Szkole Wy\u017cszej im. Paw\u0142a W\u0142odkowica w I\u0142awie i zgromadzi\u0142 a\u017c 92 uczni\u00f3w, reprezentuj\u0105cy 23 szko\u0142y z 9 gmin!<\/p>\n\n\n\n<p>Gratulujemy i trzymamy kciuki za dalsze sukcesy!<\/p>\n\n\n<div class=\"su-custom-gallery su-custom-gallery-align-center su-custom-gallery-title-never\"><div class=\"su-custom-gallery-slide\" style=\"width:350px;height:300px\"><a href=\"https:\/\/szkolazabrowo.pl\/wp-content\/uploads\/2026\/03\/1000011520.jpg\" target=\"_blank\" title=\"1000011520\"><img loading=\"lazy\" decoding=\"async\" src=\"https:\/\/szkolazabrowo.pl\/wp-content\/uploads\/2026\/03\/1000011520-350x300.jpg\" alt=\"1000011520\" width=\"350\" height=\"300\" \/><span class=\"su-custom-gallery-title\">1000011520<\/span><\/a><\/div><div class=\"su-custom-gallery-slide\" style=\"width:350px;height:300px\"><a href=\"https:\/\/szkolazabrowo.pl\/wp-content\/uploads\/2026\/03\/1000011525.jpg\" target=\"_blank\" title=\"1000011525\"><img loading=\"lazy\" decoding=\"async\" src=\"https:\/\/szkolazabrowo.pl\/wp-content\/uploads\/2026\/03\/1000011525-350x300.jpg\" alt=\"1000011525\" width=\"350\" height=\"300\" \/><span class=\"su-custom-gallery-title\">1000011525<\/span><\/a><\/div><div class=\"su-custom-gallery-slide\" style=\"width:350px;height:300px\"><a href=\"https:\/\/szkolazabrowo.pl\/wp-content\/uploads\/2026\/03\/1000011529.jpg\" target=\"_blank\" title=\"1000011529\"><img loading=\"lazy\" decoding=\"async\" src=\"https:\/\/szkolazabrowo.pl\/wp-content\/uploads\/2026\/03\/1000011529-350x300.jpg\" alt=\"1000011529\" width=\"350\" height=\"300\" \/><span class=\"su-custom-gallery-title\">1000011529<\/span><\/a><\/div><div class=\"su-clear\"><\/div><\/div>\n","protected":false},"excerpt":{"rendered":"<p>Sukces naszej dru\u017cyny- jeste\u015bmy w finale konkursu przyrodniczego. Z dum\u0105 informujemy, \u017ce nasza dru\u017cyna w sk\u0142adzie: Agata Konopka, Grzegorz Olszewski, Pawe\u0142 Dominiczak, Cezary Grzywna zaj\u0119\u0142a 3. miejsce w II etapie XXXI edycji Mi\u0119dzywojew\u00f3dzkiego Konkursu Wiedzy Przyrodniczo-Ekologicznej pt.: \u201eSsaki naszych las\u00f3w\u201d, <a href=\"https:\/\/szkolazabrowo.pl\/?page_id=16512\" class=\"read-more\">Czytaj wi\u0119cej &#8230;<\/a><\/p>\n","protected":false},"author":1,"featured_media":0,"parent":0,"menu_order":0,"comment_status":"closed","ping_status":"closed","template":"","meta":{"footnotes":""},"class_list":["post-16512","page","type-page","status-publish","hentry"],"_links":{"self":[{"href":"https:\/\/szkolazabrowo.pl\/index.php?rest_route=\/wp\/v2\/pages\/16512","targetHints":{"allow":["GET"]}}],"collection":[{"href":"https:\/\/szkolazabrowo.pl\/index.php?rest_route=\/wp\/v2\/pages"}],"about":[{"href":"https:\/\/szkolazabrowo.pl\/index.php?rest_route=\/wp\/v2\/types\/page"}],"author":[{"embeddable":true,"href":"https:\/\/szkolazabrowo.pl\/index.php?rest_route=\/wp\/v2\/users\/1"}],"replies":[{"embeddable":true,"href":"https:\/\/szkolazabrowo.pl\/index.php?rest_route=%2Fwp%2Fv2%2Fcomments&post=16512"}],"version-history":[{"count":1,"href":"https:\/\/szkolazabrowo.pl\/index.php?rest_route=\/wp\/v2\/pages\/16512\/revisions"}],"predecessor-version":[{"id":16517,"href":"https:\/\/szkolazabrowo.pl\/index.php?rest_route=\/wp\/v2\/pages\/16512\/revisions\/16517"}],"wp:attachment":[{"href":"https:\/\/szkolazabrowo.pl\/index.php?rest_route=%2Fwp%2Fv2%2Fmedia&parent=16512"}],"curies":[{"name":"wp","href":"https:\/\/api.w.org\/{rel}","templated":true}]}}