{"id":16460,"date":"2026-03-09T09:49:12","date_gmt":"2026-03-09T09:49:12","guid":{"rendered":"https:\/\/szkolazabrowo.pl\/?page_id=16460"},"modified":"2026-03-09T09:49:16","modified_gmt":"2026-03-09T09:49:16","slug":"turniej-pilki-noznej-o-puchar-wojta-gminy-ilawa","status":"publish","type":"page","link":"https:\/\/szkolazabrowo.pl\/?page_id=16460","title":{"rendered":"Turniej Pi\u0142ki No\u017cnej o Puchar W\u00f3jta Gminy\u00a0I\u0142awa"},"content":{"rendered":"\n<p>W dniach 3 i 4 marca w Wikielcu odby\u0142 si\u0119 Turniej Pi\u0142ki No\u017cnej o Puchar W\u00f3jta Gminy&nbsp;I\u0142awa. Przez dwa dni hala sportowa t\u0119tni\u0142a \u017cyciem, a m\u0142odzi zawodnicy i zawodniczki dostarczyli kibicom wielu emocji.<\/p>\n\n\n\n<p><strong>3 marca<\/strong> do rywalizacji przyst\u0105pili uczniowie klas 6 i m\u0142odszych. Zawody sta\u0142y na bardzo wysokim poziomie, a mecze by\u0142y pe\u0142ne zaanga\u017cowania i sportowej walki. Dziewczynki zaprezentowa\u0142y si\u0119 bardzo dobrze, pokazuj\u0105c waleczno\u015b\u0107 i \u015bwietn\u0105 wsp\u00f3\u0142prac\u0119 w dru\u017cynie, co pozwoli\u0142o im wywalczy\u0107 <strong>3. miejsce<\/strong>. Ch\u0142opcy natomiast po zaci\u0119tych i wyr\u00f3wnanych spotkaniach ostatecznie uplasowali si\u0119 na <strong>4. miejscu<\/strong>. Cho\u0107 rywalizacja by\u0142a trudna, nie zabrak\u0142o ambitnej postawy i gry do ostatniego gwizdka.<\/p>\n\n\n\n<p><strong>4 marca<\/strong> na parkiet wybiegli uczniowie klas 7\u20138. Tego dnia emocji by\u0142o r\u00f3wnie du\u017co. Dziewcz\u0119ta rozegra\u0142y znakomity turniej, prezentuj\u0105c wysoki poziom umiej\u0119tno\u015bci technicznych i taktycznych, co zapewni\u0142o im <strong>2. miejsce<\/strong>. Najwi\u0119kszy sukces odnie\u015bli ch\u0142opcy, kt\u00f3rzy po serii bardzo dobrych mecz\u00f3w si\u0119gn\u0119li po <strong>1. miejsce<\/strong>, zdobywaj\u0105c Puchar W\u00f3jta Gminy I\u0142awa. Ich determinacja, zespo\u0142owa gra i skuteczno\u015b\u0107 pod bramk\u0105 rywali zas\u0142u\u017cy\u0142y na ogromne brawa.<\/p>\n\n\n\n<p>Turniej by\u0142 nie tylko okazj\u0105 do sportowej rywalizacji, ale tak\u017ce do integracji uczni\u00f3w, wsp\u00f3lnego kibicowania i promowania zasad FairPlay. Gratulacje nale\u017c\u0105 si\u0119 wszystkim uczestnikom za zaanga\u017cowanie, ducha walki i godne reprezentowanie swojej szko\u0142y.<\/p>\n\n\n<div class=\"su-custom-gallery su-custom-gallery-align-center su-custom-gallery-title-never\"><div class=\"su-custom-gallery-slide\" style=\"width:350px;height:300px\"><a href=\"https:\/\/szkolazabrowo.pl\/wp-content\/uploads\/2026\/03\/IMG_20260303_130701.jpg\" target=\"_blank\" title=\"IMG_20260303_130701\"><img loading=\"lazy\" decoding=\"async\" src=\"https:\/\/szkolazabrowo.pl\/wp-content\/uploads\/2026\/03\/IMG_20260303_130701-350x300.jpg\" alt=\"IMG_20260303_130701\" width=\"350\" height=\"300\" \/><span class=\"su-custom-gallery-title\">IMG_20260303_130701<\/span><\/a><\/div><div class=\"su-custom-gallery-slide\" style=\"width:350px;height:300px\"><a href=\"https:\/\/szkolazabrowo.pl\/wp-content\/uploads\/2026\/03\/IMG_20260303_130713.jpg\" target=\"_blank\" title=\"IMG_20260303_130713\"><img loading=\"lazy\" decoding=\"async\" src=\"https:\/\/szkolazabrowo.pl\/wp-content\/uploads\/2026\/03\/IMG_20260303_130713-350x300.jpg\" alt=\"IMG_20260303_130713\" width=\"350\" height=\"300\" \/><span class=\"su-custom-gallery-title\">IMG_20260303_130713<\/span><\/a><\/div><div class=\"su-custom-gallery-slide\" style=\"width:350px;height:300px\"><a href=\"https:\/\/szkolazabrowo.pl\/wp-content\/uploads\/2026\/03\/IMG_20260304_084910.jpg\" target=\"_blank\" title=\"IMG_20260304_084910\"><img loading=\"lazy\" decoding=\"async\" src=\"https:\/\/szkolazabrowo.pl\/wp-content\/uploads\/2026\/03\/IMG_20260304_084910-350x300.jpg\" alt=\"IMG_20260304_084910\" width=\"350\" height=\"300\" \/><span class=\"su-custom-gallery-title\">IMG_20260304_084910<\/span><\/a><\/div><div class=\"su-custom-gallery-slide\" style=\"width:350px;height:300px\"><a href=\"https:\/\/szkolazabrowo.pl\/wp-content\/uploads\/2026\/03\/IMG_20260304_130513.jpg\" target=\"_blank\" title=\"IMG_20260304_130513\"><img loading=\"lazy\" decoding=\"async\" src=\"https:\/\/szkolazabrowo.pl\/wp-content\/uploads\/2026\/03\/IMG_20260304_130513-350x300.jpg\" alt=\"IMG_20260304_130513\" width=\"350\" height=\"300\" \/><span class=\"su-custom-gallery-title\">IMG_20260304_130513<\/span><\/a><\/div><div class=\"su-custom-gallery-slide\" style=\"width:350px;height:300px\"><a href=\"https:\/\/szkolazabrowo.pl\/wp-content\/uploads\/2026\/03\/IMG_20260304_130749.jpg\" target=\"_blank\" title=\"IMG_20260304_130749\"><img loading=\"lazy\" decoding=\"async\" src=\"https:\/\/szkolazabrowo.pl\/wp-content\/uploads\/2026\/03\/IMG_20260304_130749-350x300.jpg\" alt=\"IMG_20260304_130749\" width=\"350\" height=\"300\" \/><span class=\"su-custom-gallery-title\">IMG_20260304_130749<\/span><\/a><\/div><div class=\"su-custom-gallery-slide\" style=\"width:350px;height:300px\"><a href=\"https:\/\/szkolazabrowo.pl\/wp-content\/uploads\/2026\/03\/IMG_20260304_130909-1.jpg\" target=\"_blank\" title=\"IMG_20260304_130909\"><img loading=\"lazy\" decoding=\"async\" src=\"https:\/\/szkolazabrowo.pl\/wp-content\/uploads\/2026\/03\/IMG_20260304_130909-1-350x300.jpg\" alt=\"IMG_20260304_130909\" width=\"350\" height=\"300\" \/><span class=\"su-custom-gallery-title\">IMG_20260304_130909<\/span><\/a><\/div><div class=\"su-custom-gallery-slide\" style=\"width:350px;height:300px\"><a href=\"https:\/\/szkolazabrowo.pl\/wp-content\/uploads\/2026\/03\/IMG_20260304_131017.jpg\" target=\"_blank\" title=\"IMG_20260304_131017\"><img loading=\"lazy\" decoding=\"async\" src=\"https:\/\/szkolazabrowo.pl\/wp-content\/uploads\/2026\/03\/IMG_20260304_131017-350x300.jpg\" alt=\"IMG_20260304_131017\" width=\"350\" height=\"300\" \/><span class=\"su-custom-gallery-title\">IMG_20260304_131017<\/span><\/a><\/div><div class=\"su-custom-gallery-slide\" style=\"width:350px;height:300px\"><a href=\"https:\/\/szkolazabrowo.pl\/wp-content\/uploads\/2026\/03\/IMG_20260303_130330.jpg\" target=\"_blank\" title=\"IMG_20260303_130330\"><img loading=\"lazy\" decoding=\"async\" src=\"https:\/\/szkolazabrowo.pl\/wp-content\/uploads\/2026\/03\/IMG_20260303_130330-350x300.jpg\" alt=\"IMG_20260303_130330\" width=\"350\" height=\"300\" \/><span class=\"su-custom-gallery-title\">IMG_20260303_130330<\/span><\/a><\/div><div class=\"su-custom-gallery-slide\" style=\"width:350px;height:300px\"><a href=\"https:\/\/szkolazabrowo.pl\/wp-content\/uploads\/2026\/03\/IMG_20260303_130636.jpg\" target=\"_blank\" title=\"IMG_20260303_130636\"><img loading=\"lazy\" decoding=\"async\" src=\"https:\/\/szkolazabrowo.pl\/wp-content\/uploads\/2026\/03\/IMG_20260303_130636-350x300.jpg\" alt=\"IMG_20260303_130636\" width=\"350\" height=\"300\" \/><span class=\"su-custom-gallery-title\">IMG_20260303_130636<\/span><\/a><\/div><div class=\"su-custom-gallery-slide\" style=\"width:350px;height:300px\"><a href=\"https:\/\/szkolazabrowo.pl\/wp-content\/uploads\/2026\/03\/IMG_20260303_130119-1.jpg\" target=\"_blank\" title=\"IMG_20260303_130119\"><img loading=\"lazy\" decoding=\"async\" src=\"https:\/\/szkolazabrowo.pl\/wp-content\/uploads\/2026\/03\/IMG_20260303_130119-1-350x300.jpg\" alt=\"IMG_20260303_130119\" width=\"350\" height=\"300\" \/><span class=\"su-custom-gallery-title\">IMG_20260303_130119<\/span><\/a><\/div><div class=\"su-custom-gallery-slide\" style=\"width:350px;height:300px\"><a href=\"https:\/\/szkolazabrowo.pl\/wp-content\/uploads\/2026\/03\/IMG_20260303_090212.jpg\" target=\"_blank\" title=\"IMG_20260303_090212\"><img loading=\"lazy\" decoding=\"async\" src=\"https:\/\/szkolazabrowo.pl\/wp-content\/uploads\/2026\/03\/IMG_20260303_090212-350x300.jpg\" alt=\"IMG_20260303_090212\" width=\"350\" height=\"300\" \/><span class=\"su-custom-gallery-title\">IMG_20260303_090212<\/span><\/a><\/div><div class=\"su-custom-gallery-slide\" style=\"width:350px;height:300px\"><a href=\"https:\/\/szkolazabrowo.pl\/wp-content\/uploads\/2026\/03\/IMG_20260303_093749.jpg\" target=\"_blank\" title=\"IMG_20260303_093749\"><img loading=\"lazy\" decoding=\"async\" src=\"https:\/\/szkolazabrowo.pl\/wp-content\/uploads\/2026\/03\/IMG_20260303_093749-350x300.jpg\" alt=\"IMG_20260303_093749\" width=\"350\" height=\"300\" \/><span class=\"su-custom-gallery-title\">IMG_20260303_093749<\/span><\/a><\/div><div class=\"su-custom-gallery-slide\" style=\"width:350px;height:300px\"><a href=\"https:\/\/szkolazabrowo.pl\/wp-content\/uploads\/2026\/03\/IMG_20260303_125652.jpg\" target=\"_blank\" title=\"IMG_20260303_125652\"><img loading=\"lazy\" decoding=\"async\" src=\"https:\/\/szkolazabrowo.pl\/wp-content\/uploads\/2026\/03\/IMG_20260303_125652-350x300.jpg\" alt=\"IMG_20260303_125652\" width=\"350\" height=\"300\" \/><span class=\"su-custom-gallery-title\">IMG_20260303_125652<\/span><\/a><\/div><div class=\"su-custom-gallery-slide\" style=\"width:350px;height:300px\"><a href=\"https:\/\/szkolazabrowo.pl\/wp-content\/uploads\/2026\/03\/IMG_20260304_131041.jpg\" target=\"_blank\" title=\"IMG_20260304_131041\"><img loading=\"lazy\" decoding=\"async\" src=\"https:\/\/szkolazabrowo.pl\/wp-content\/uploads\/2026\/03\/IMG_20260304_131041-350x300.jpg\" alt=\"IMG_20260304_131041\" width=\"350\" height=\"300\" \/><span class=\"su-custom-gallery-title\">IMG_20260304_131041<\/span><\/a><\/div><div class=\"su-custom-gallery-slide\" style=\"width:350px;height:300px\"><a href=\"https:\/\/szkolazabrowo.pl\/wp-content\/uploads\/2026\/03\/IMG_20260304_131102-1.jpg\" target=\"_blank\" title=\"IMG_20260304_131102\"><img loading=\"lazy\" decoding=\"async\" src=\"https:\/\/szkolazabrowo.pl\/wp-content\/uploads\/2026\/03\/IMG_20260304_131102-1-350x300.jpg\" alt=\"IMG_20260304_131102\" width=\"350\" height=\"300\" \/><span class=\"su-custom-gallery-title\">IMG_20260304_131102<\/span><\/a><\/div><div class=\"su-clear\"><\/div><\/div>\n","protected":false},"excerpt":{"rendered":"<p>W dniach 3 i 4 marca w Wikielcu odby\u0142 si\u0119 Turniej Pi\u0142ki No\u017cnej o Puchar W\u00f3jta Gminy&nbsp;I\u0142awa. Przez dwa dni hala sportowa t\u0119tni\u0142a \u017cyciem, a m\u0142odzi zawodnicy i zawodniczki dostarczyli kibicom wielu emocji. 3 marca do rywalizacji przyst\u0105pili uczniowie klas <a href=\"https:\/\/szkolazabrowo.pl\/?page_id=16460\" class=\"read-more\">Czytaj wi\u0119cej &#8230;<\/a><\/p>\n","protected":false},"author":1,"featured_media":0,"parent":0,"menu_order":0,"comment_status":"closed","ping_status":"closed","template":"","meta":{"footnotes":""},"class_list":["post-16460","page","type-page","status-publish","hentry"],"_links":{"self":[{"href":"https:\/\/szkolazabrowo.pl\/index.php?rest_route=\/wp\/v2\/pages\/16460","targetHints":{"allow":["GET"]}}],"collection":[{"href":"https:\/\/szkolazabrowo.pl\/index.php?rest_route=\/wp\/v2\/pages"}],"about":[{"href":"https:\/\/szkolazabrowo.pl\/index.php?rest_route=\/wp\/v2\/types\/page"}],"author":[{"embeddable":true,"href":"https:\/\/szkolazabrowo.pl\/index.php?rest_route=\/wp\/v2\/users\/1"}],"replies":[{"embeddable":true,"href":"https:\/\/szkolazabrowo.pl\/index.php?rest_route=%2Fwp%2Fv2%2Fcomments&post=16460"}],"version-history":[{"count":1,"href":"https:\/\/szkolazabrowo.pl\/index.php?rest_route=\/wp\/v2\/pages\/16460\/revisions"}],"predecessor-version":[{"id":16492,"href":"https:\/\/szkolazabrowo.pl\/index.php?rest_route=\/wp\/v2\/pages\/16460\/revisions\/16492"}],"wp:attachment":[{"href":"https:\/\/szkolazabrowo.pl\/index.php?rest_route=%2Fwp%2Fv2%2Fmedia&parent=16460"}],"curies":[{"name":"wp","href":"https:\/\/api.w.org\/{rel}","templated":true}]}}