{"id":16415,"date":"2026-02-25T07:02:36","date_gmt":"2026-02-25T07:02:36","guid":{"rendered":"https:\/\/szkolazabrowo.pl\/?page_id=16415"},"modified":"2026-02-25T18:00:55","modified_gmt":"2026-02-25T18:00:55","slug":"szkolne-eliminacje-robotyczne","status":"publish","type":"page","link":"https:\/\/szkolazabrowo.pl\/?page_id=16415","title":{"rendered":"Szkolne eliminacje robotyczne"},"content":{"rendered":"\n<p>24.02.2025 r. w naszej szkole  odby\u0142y si\u0119 szkolne eliminacje robotyczne, z wykorzystaniem robot\u00f3w VEX, w kt\u00f3rych udzia\u0142 wzi\u0119\u0142y dru\u017cyny z klas 6, 7A, 7B oraz 8. Zawody dostarczy\u0142y uczestnikom ogromnych emocji, a poziom rywalizacji by\u0142 niezwykle wysoki.<\/p>\n\n\n\n<p>Dru\u017cyny zaprezentowa\u0142y \u015bwietne przygotowanie, zaanga\u017cowanie oraz umiej\u0119tno\u015b\u0107 wsp\u00f3\u0142pracy. Ka\u017cdy mecz by\u0142 pe\u0142en energii, rado\u015bci i sportowego ducha walki. <\/p>\n\n\n\n<p>Zwyci\u0119stwo wywalczy\u0142a <strong>klasa 7B<\/strong>, kt\u00f3ra nie da\u0142a przeciwnikom \u017cadnych szans i pewnie si\u0119gn\u0119\u0142a po pierwsze miejsce. Serdecznie gratulujemy imponuj\u0105cego sukcesu!<\/p>\n\n\n\n<p>Z niecierpliwo\u015bci\u0105 czekamy na kolejny etap zawod\u00f3w i ju\u017c teraz trzymamy kciuki za dalsze osi\u0105gni\u0119cia naszej dru\u017cyny!<\/p>\n\n\n\n<figure class=\"wp-block-embed is-type-video is-provider-youtube wp-block-embed-youtube wp-embed-aspect-16-9 wp-has-aspect-ratio\"><div class=\"wp-block-embed__wrapper\">\n<iframe loading=\"lazy\" title=\"Konkurs Movavi\" width=\"847\" height=\"476\" src=\"https:\/\/www.youtube.com\/embed\/Ozfk4s_hwTc?feature=oembed\" frameborder=\"0\" allow=\"accelerometer; autoplay; clipboard-write; encrypted-media; gyroscope; picture-in-picture; web-share\" referrerpolicy=\"strict-origin-when-cross-origin\" allowfullscreen><\/iframe>\n<\/div><\/figure>\n\n\n<div class=\"su-custom-gallery su-custom-gallery-align-center su-custom-gallery-title-never\"><div class=\"su-custom-gallery-slide\" style=\"width:350px;height:300px\"><a href=\"https:\/\/szkolazabrowo.pl\/wp-content\/uploads\/2026\/02\/IMG_0125.jpeg\" target=\"_blank\" title=\"IMG_0125\"><img loading=\"lazy\" decoding=\"async\" src=\"https:\/\/szkolazabrowo.pl\/wp-content\/uploads\/2026\/02\/IMG_0125-350x300.jpeg\" alt=\"IMG_0125\" width=\"350\" height=\"300\" \/><span class=\"su-custom-gallery-title\">IMG_0125<\/span><\/a><\/div><div class=\"su-custom-gallery-slide\" style=\"width:350px;height:300px\"><a href=\"https:\/\/szkolazabrowo.pl\/wp-content\/uploads\/2026\/02\/IMG_0131.jpeg\" target=\"_blank\" title=\"IMG_0131\"><img loading=\"lazy\" decoding=\"async\" src=\"https:\/\/szkolazabrowo.pl\/wp-content\/uploads\/2026\/02\/IMG_0131-350x300.jpeg\" alt=\"IMG_0131\" width=\"350\" height=\"300\" \/><span class=\"su-custom-gallery-title\">IMG_0131<\/span><\/a><\/div><div class=\"su-custom-gallery-slide\" style=\"width:350px;height:300px\"><a href=\"https:\/\/szkolazabrowo.pl\/wp-content\/uploads\/2026\/02\/IMG_0102.jpeg\" target=\"_blank\" title=\"IMG_0102\"><img loading=\"lazy\" decoding=\"async\" src=\"https:\/\/szkolazabrowo.pl\/wp-content\/uploads\/2026\/02\/IMG_0102-350x300.jpeg\" alt=\"IMG_0102\" width=\"350\" height=\"300\" \/><span class=\"su-custom-gallery-title\">IMG_0102<\/span><\/a><\/div><div class=\"su-custom-gallery-slide\" style=\"width:350px;height:300px\"><a href=\"https:\/\/szkolazabrowo.pl\/wp-content\/uploads\/2026\/02\/IMG_0116.jpeg\" target=\"_blank\" title=\"IMG_0116\"><img loading=\"lazy\" decoding=\"async\" src=\"https:\/\/szkolazabrowo.pl\/wp-content\/uploads\/2026\/02\/IMG_0116-350x300.jpeg\" alt=\"IMG_0116\" width=\"350\" height=\"300\" \/><span class=\"su-custom-gallery-title\">IMG_0116<\/span><\/a><\/div><div class=\"su-custom-gallery-slide\" style=\"width:350px;height:300px\"><a href=\"https:\/\/szkolazabrowo.pl\/wp-content\/uploads\/2026\/02\/IMG_0117.jpeg\" target=\"_blank\" title=\"IMG_0117\"><img loading=\"lazy\" decoding=\"async\" src=\"https:\/\/szkolazabrowo.pl\/wp-content\/uploads\/2026\/02\/IMG_0117-350x300.jpeg\" alt=\"IMG_0117\" width=\"350\" height=\"300\" \/><span class=\"su-custom-gallery-title\">IMG_0117<\/span><\/a><\/div><div class=\"su-custom-gallery-slide\" style=\"width:350px;height:300px\"><a href=\"https:\/\/szkolazabrowo.pl\/wp-content\/uploads\/2026\/02\/IMG_0129.jpeg\" target=\"_blank\" title=\"IMG_0129\"><img loading=\"lazy\" decoding=\"async\" src=\"https:\/\/szkolazabrowo.pl\/wp-content\/uploads\/2026\/02\/IMG_0129-350x300.jpeg\" alt=\"IMG_0129\" width=\"350\" height=\"300\" \/><span class=\"su-custom-gallery-title\">IMG_0129<\/span><\/a><\/div><div class=\"su-custom-gallery-slide\" style=\"width:350px;height:300px\"><a href=\"https:\/\/szkolazabrowo.pl\/wp-content\/uploads\/2026\/02\/IMG_0130.jpeg\" target=\"_blank\" title=\"IMG_0130\"><img loading=\"lazy\" decoding=\"async\" src=\"https:\/\/szkolazabrowo.pl\/wp-content\/uploads\/2026\/02\/IMG_0130-350x300.jpeg\" alt=\"IMG_0130\" width=\"350\" height=\"300\" \/><span class=\"su-custom-gallery-title\">IMG_0130<\/span><\/a><\/div><div class=\"su-custom-gallery-slide\" style=\"width:350px;height:300px\"><a href=\"https:\/\/szkolazabrowo.pl\/wp-content\/uploads\/2026\/02\/IMG_0127.jpeg\" target=\"_blank\" title=\"IMG_0127\"><img loading=\"lazy\" decoding=\"async\" src=\"https:\/\/szkolazabrowo.pl\/wp-content\/uploads\/2026\/02\/IMG_0127-350x300.jpeg\" alt=\"IMG_0127\" width=\"350\" height=\"300\" \/><span class=\"su-custom-gallery-title\">IMG_0127<\/span><\/a><\/div><div class=\"su-custom-gallery-slide\" style=\"width:350px;height:300px\"><a href=\"https:\/\/szkolazabrowo.pl\/wp-content\/uploads\/2026\/02\/IMG_0124.jpeg\" target=\"_blank\" title=\"IMG_0124\"><img loading=\"lazy\" decoding=\"async\" src=\"https:\/\/szkolazabrowo.pl\/wp-content\/uploads\/2026\/02\/IMG_0124-350x300.jpeg\" alt=\"IMG_0124\" width=\"350\" height=\"300\" \/><span class=\"su-custom-gallery-title\">IMG_0124<\/span><\/a><\/div><div class=\"su-custom-gallery-slide\" style=\"width:350px;height:300px\"><a href=\"https:\/\/szkolazabrowo.pl\/wp-content\/uploads\/2026\/02\/IMG_0126.jpeg\" target=\"_blank\" title=\"IMG_0126\"><img loading=\"lazy\" decoding=\"async\" src=\"https:\/\/szkolazabrowo.pl\/wp-content\/uploads\/2026\/02\/IMG_0126-350x300.jpeg\" alt=\"IMG_0126\" width=\"350\" height=\"300\" \/><span class=\"su-custom-gallery-title\">IMG_0126<\/span><\/a><\/div><div class=\"su-custom-gallery-slide\" style=\"width:350px;height:300px\"><a href=\"https:\/\/szkolazabrowo.pl\/wp-content\/uploads\/2026\/02\/IMG_0119.jpeg\" target=\"_blank\" title=\"IMG_0119\"><img loading=\"lazy\" decoding=\"async\" src=\"https:\/\/szkolazabrowo.pl\/wp-content\/uploads\/2026\/02\/IMG_0119-350x300.jpeg\" alt=\"IMG_0119\" width=\"350\" height=\"300\" \/><span class=\"su-custom-gallery-title\">IMG_0119<\/span><\/a><\/div><div class=\"su-custom-gallery-slide\" style=\"width:350px;height:300px\"><a href=\"https:\/\/szkolazabrowo.pl\/wp-content\/uploads\/2026\/02\/IMG_0106.jpeg\" target=\"_blank\" title=\"IMG_0106\"><img loading=\"lazy\" decoding=\"async\" src=\"https:\/\/szkolazabrowo.pl\/wp-content\/uploads\/2026\/02\/IMG_0106-350x300.jpeg\" alt=\"IMG_0106\" width=\"350\" height=\"300\" \/><span class=\"su-custom-gallery-title\">IMG_0106<\/span><\/a><\/div><div class=\"su-custom-gallery-slide\" style=\"width:350px;height:300px\"><a href=\"https:\/\/szkolazabrowo.pl\/wp-content\/uploads\/2026\/02\/IMG_0115.jpeg\" target=\"_blank\" title=\"IMG_0115\"><img loading=\"lazy\" decoding=\"async\" src=\"https:\/\/szkolazabrowo.pl\/wp-content\/uploads\/2026\/02\/IMG_0115-350x300.jpeg\" alt=\"IMG_0115\" width=\"350\" height=\"300\" \/><span class=\"su-custom-gallery-title\">IMG_0115<\/span><\/a><\/div><div class=\"su-custom-gallery-slide\" style=\"width:350px;height:300px\"><a href=\"https:\/\/szkolazabrowo.pl\/wp-content\/uploads\/2026\/02\/IMG_0118.jpeg\" target=\"_blank\" title=\"IMG_0118\"><img loading=\"lazy\" decoding=\"async\" src=\"https:\/\/szkolazabrowo.pl\/wp-content\/uploads\/2026\/02\/IMG_0118-350x300.jpeg\" alt=\"IMG_0118\" width=\"350\" height=\"300\" \/><span class=\"su-custom-gallery-title\">IMG_0118<\/span><\/a><\/div><div class=\"su-custom-gallery-slide\" style=\"width:350px;height:300px\"><a href=\"https:\/\/szkolazabrowo.pl\/wp-content\/uploads\/2026\/02\/IMG_0105.jpeg\" target=\"_blank\" title=\"IMG_0105\"><img loading=\"lazy\" decoding=\"async\" src=\"https:\/\/szkolazabrowo.pl\/wp-content\/uploads\/2026\/02\/IMG_0105-350x300.jpeg\" alt=\"IMG_0105\" width=\"350\" height=\"300\" \/><span class=\"su-custom-gallery-title\">IMG_0105<\/span><\/a><\/div><div class=\"su-custom-gallery-slide\" style=\"width:350px;height:300px\"><a href=\"https:\/\/szkolazabrowo.pl\/wp-content\/uploads\/2026\/02\/IMG_0104.jpeg\" target=\"_blank\" title=\"IMG_0104\"><img loading=\"lazy\" decoding=\"async\" src=\"https:\/\/szkolazabrowo.pl\/wp-content\/uploads\/2026\/02\/IMG_0104-350x300.jpeg\" alt=\"IMG_0104\" width=\"350\" height=\"300\" \/><span class=\"su-custom-gallery-title\">IMG_0104<\/span><\/a><\/div><div class=\"su-custom-gallery-slide\" style=\"width:350px;height:300px\"><a href=\"https:\/\/szkolazabrowo.pl\/wp-content\/uploads\/2026\/02\/IMG_0103.jpeg\" target=\"_blank\" title=\"IMG_0103\"><img loading=\"lazy\" decoding=\"async\" src=\"https:\/\/szkolazabrowo.pl\/wp-content\/uploads\/2026\/02\/IMG_0103-350x300.jpeg\" alt=\"IMG_0103\" width=\"350\" height=\"300\" \/><span class=\"su-custom-gallery-title\">IMG_0103<\/span><\/a><\/div><div class=\"su-clear\"><\/div><\/div>\n","protected":false},"excerpt":{"rendered":"<p>24.02.2025 r. w naszej szkole odby\u0142y si\u0119 szkolne eliminacje robotyczne, z wykorzystaniem robot\u00f3w VEX, w kt\u00f3rych udzia\u0142 wzi\u0119\u0142y dru\u017cyny z klas 6, 7A, 7B oraz 8. Zawody dostarczy\u0142y uczestnikom ogromnych emocji, a poziom rywalizacji by\u0142 niezwykle wysoki. Dru\u017cyny zaprezentowa\u0142y \u015bwietne <a href=\"https:\/\/szkolazabrowo.pl\/?page_id=16415\" class=\"read-more\">Czytaj wi\u0119cej &#8230;<\/a><\/p>\n","protected":false},"author":1,"featured_media":0,"parent":0,"menu_order":0,"comment_status":"closed","ping_status":"closed","template":"","meta":{"footnotes":""},"class_list":["post-16415","page","type-page","status-publish","hentry"],"_links":{"self":[{"href":"https:\/\/szkolazabrowo.pl\/index.php?rest_route=\/wp\/v2\/pages\/16415","targetHints":{"allow":["GET"]}}],"collection":[{"href":"https:\/\/szkolazabrowo.pl\/index.php?rest_route=\/wp\/v2\/pages"}],"about":[{"href":"https:\/\/szkolazabrowo.pl\/index.php?rest_route=\/wp\/v2\/types\/page"}],"author":[{"embeddable":true,"href":"https:\/\/szkolazabrowo.pl\/index.php?rest_route=\/wp\/v2\/users\/1"}],"replies":[{"embeddable":true,"href":"https:\/\/szkolazabrowo.pl\/index.php?rest_route=%2Fwp%2Fv2%2Fcomments&post=16415"}],"version-history":[{"count":2,"href":"https:\/\/szkolazabrowo.pl\/index.php?rest_route=\/wp\/v2\/pages\/16415\/revisions"}],"predecessor-version":[{"id":16440,"href":"https:\/\/szkolazabrowo.pl\/index.php?rest_route=\/wp\/v2\/pages\/16415\/revisions\/16440"}],"wp:attachment":[{"href":"https:\/\/szkolazabrowo.pl\/index.php?rest_route=%2Fwp%2Fv2%2Fmedia&parent=16415"}],"curies":[{"name":"wp","href":"https:\/\/api.w.org\/{rel}","templated":true}]}}