{"id":16406,"date":"2026-02-17T12:22:32","date_gmt":"2026-02-17T12:22:32","guid":{"rendered":"https:\/\/szkolazabrowo.pl\/?page_id=16406"},"modified":"2026-02-17T12:22:33","modified_gmt":"2026-02-17T12:22:33","slug":"turniej-siatkowki-o-puchar-wojta-gminy-ilawa","status":"publish","type":"page","link":"https:\/\/szkolazabrowo.pl\/?page_id=16406","title":{"rendered":"Turniej Siatk\u00f3wki o Puchar W\u00f3jta Gminy I\u0142awa"},"content":{"rendered":"\n<p>13 lutego w Lasecznie&nbsp;odby\u0142 si\u0119 <strong>Turniej Siatk\u00f3wki o Puchar W\u00f3jta Gminy I\u0142awa<\/strong>. W sportowych zmaganiach wzi\u0119\u0142y udzia\u0142 dru\u017cyny ze szk\u00f3\u0142 z terenu Gmina I\u0142awa, prezentuj\u0105c wysoki poziom gry i ogromne zaanga\u017cowanie.<\/p>\n\n\n\n<p>Nasza reprezentacja walczy\u0142a bardzo dzielnie w ka\u017cdym meczu, pokazuj\u0105c ducha zespo\u0142owo\u015bci, determinacj\u0119 oraz sportow\u0105 postaw\u0119. Cho\u0107 tym razem zabrak\u0142o odrobiny szcz\u0119\u015bcia, ostatecznie zaj\u0119li\u015bmy 5 miejsce, z kt\u00f3rego jeste\u015bmy dumni. Ka\u017cdy punkt by\u0142 wywalczony z pe\u0142nym zaanga\u017cowaniem, a mecze dostarczy\u0142y wielu emocji zar\u00f3wno zawodnikom, jak i kibicom.<\/p>\n\n\n\n<p>Gratulujemy wszystkim uczestnikom turnieju oraz dzi\u0119kujemy za sportow\u0105 rywalizacj\u0119. Zdobyte do\u015bwiadczenie z pewno\u015bci\u0105 zaprocentuje podczas kolejnych zawod\u00f3w! &#x1f3d0;&#x1f44f;<\/p>\n\n\n\n<p>Dru\u017cyna wyst\u0105pi\u0142a w sk\u0142adzie: Oliwia S\u0142omska, Kornelia Konopka, Dorota Kowalczyk, Wiktoria Radomska, Dominik Ostrowski, Igor Soliwoda, Igor Da\u0144czyszyn, Miko\u0142aj Karski, Alan Sobiech, Dominik Siara.<\/p>\n\n\n<div class=\"su-custom-gallery su-custom-gallery-align-center su-custom-gallery-title-never\"><div class=\"su-custom-gallery-slide\" style=\"width:350px;height:300px\"><a href=\"https:\/\/szkolazabrowo.pl\/wp-content\/uploads\/2026\/02\/IMG_20260213_090549.jpg\" target=\"_blank\" title=\"IMG_20260213_090549\"><img loading=\"lazy\" decoding=\"async\" src=\"https:\/\/szkolazabrowo.pl\/wp-content\/uploads\/2026\/02\/IMG_20260213_090549-350x300.jpg\" alt=\"IMG_20260213_090549\" width=\"350\" height=\"300\" \/><span class=\"su-custom-gallery-title\">IMG_20260213_090549<\/span><\/a><\/div><div class=\"su-custom-gallery-slide\" style=\"width:350px;height:300px\"><a href=\"https:\/\/szkolazabrowo.pl\/wp-content\/uploads\/2026\/02\/IMG_20260213_090645.jpg\" target=\"_blank\" title=\"IMG_20260213_090645\"><img loading=\"lazy\" decoding=\"async\" src=\"https:\/\/szkolazabrowo.pl\/wp-content\/uploads\/2026\/02\/IMG_20260213_090645-350x300.jpg\" alt=\"IMG_20260213_090645\" width=\"350\" height=\"300\" \/><span class=\"su-custom-gallery-title\">IMG_20260213_090645<\/span><\/a><\/div><div class=\"su-custom-gallery-slide\" style=\"width:350px;height:300px\"><a href=\"https:\/\/szkolazabrowo.pl\/wp-content\/uploads\/2026\/02\/IMG_20260213_120343.jpg\" target=\"_blank\" title=\"IMG_20260213_120343\"><img loading=\"lazy\" decoding=\"async\" src=\"https:\/\/szkolazabrowo.pl\/wp-content\/uploads\/2026\/02\/IMG_20260213_120343-350x300.jpg\" alt=\"IMG_20260213_120343\" width=\"350\" height=\"300\" \/><span class=\"su-custom-gallery-title\">IMG_20260213_120343<\/span><\/a><\/div><div class=\"su-custom-gallery-slide\" style=\"width:350px;height:300px\"><a href=\"https:\/\/szkolazabrowo.pl\/wp-content\/uploads\/2026\/02\/IMG_20260216_204710.jpg\" target=\"_blank\" title=\"IMG_20260216_204710\"><img loading=\"lazy\" decoding=\"async\" src=\"https:\/\/szkolazabrowo.pl\/wp-content\/uploads\/2026\/02\/IMG_20260216_204710-350x300.jpg\" alt=\"IMG_20260216_204710\" width=\"350\" height=\"300\" \/><span class=\"su-custom-gallery-title\">IMG_20260216_204710<\/span><\/a><\/div><div class=\"su-clear\"><\/div><\/div>\n","protected":false},"excerpt":{"rendered":"<p>13 lutego w Lasecznie&nbsp;odby\u0142 si\u0119 Turniej Siatk\u00f3wki o Puchar W\u00f3jta Gminy I\u0142awa. W sportowych zmaganiach wzi\u0119\u0142y udzia\u0142 dru\u017cyny ze szk\u00f3\u0142 z terenu Gmina I\u0142awa, prezentuj\u0105c wysoki poziom gry i ogromne zaanga\u017cowanie. Nasza reprezentacja walczy\u0142a bardzo dzielnie w ka\u017cdym meczu, pokazuj\u0105c <a href=\"https:\/\/szkolazabrowo.pl\/?page_id=16406\" class=\"read-more\">Czytaj wi\u0119cej &#8230;<\/a><\/p>\n","protected":false},"author":1,"featured_media":0,"parent":0,"menu_order":0,"comment_status":"closed","ping_status":"closed","template":"","meta":{"footnotes":""},"class_list":["post-16406","page","type-page","status-publish","hentry"],"_links":{"self":[{"href":"https:\/\/szkolazabrowo.pl\/index.php?rest_route=\/wp\/v2\/pages\/16406","targetHints":{"allow":["GET"]}}],"collection":[{"href":"https:\/\/szkolazabrowo.pl\/index.php?rest_route=\/wp\/v2\/pages"}],"about":[{"href":"https:\/\/szkolazabrowo.pl\/index.php?rest_route=\/wp\/v2\/types\/page"}],"author":[{"embeddable":true,"href":"https:\/\/szkolazabrowo.pl\/index.php?rest_route=\/wp\/v2\/users\/1"}],"replies":[{"embeddable":true,"href":"https:\/\/szkolazabrowo.pl\/index.php?rest_route=%2Fwp%2Fv2%2Fcomments&post=16406"}],"version-history":[{"count":1,"href":"https:\/\/szkolazabrowo.pl\/index.php?rest_route=\/wp\/v2\/pages\/16406\/revisions"}],"predecessor-version":[{"id":16412,"href":"https:\/\/szkolazabrowo.pl\/index.php?rest_route=\/wp\/v2\/pages\/16406\/revisions\/16412"}],"wp:attachment":[{"href":"https:\/\/szkolazabrowo.pl\/index.php?rest_route=%2Fwp%2Fv2%2Fmedia&parent=16406"}],"curies":[{"name":"wp","href":"https:\/\/api.w.org\/{rel}","templated":true}]}}