{"id":16283,"date":"2026-02-13T12:53:33","date_gmt":"2026-02-13T12:53:33","guid":{"rendered":"https:\/\/szkolazabrowo.pl\/?page_id=16283"},"modified":"2026-02-13T12:53:36","modified_gmt":"2026-02-13T12:53:36","slug":"czwartkowe-poranki-z-ksiazka","status":"publish","type":"page","link":"https:\/\/szkolazabrowo.pl\/?page_id=16283","title":{"rendered":"Czwartkowe poranki z ksi\u0105\u017ck\u0105"},"content":{"rendered":"\n<div data-wp-interactive=\"core\/file\" class=\"wp-block-file\"><object data-wp-bind--hidden=\"!state.hasPdfPreview\" hidden class=\"wp-block-file__embed\" data=\"https:\/\/szkolazabrowo.pl\/wp-content\/uploads\/2026\/02\/Czwartkowe-poranki-z-ksiazka.pdf\" type=\"application\/pdf\" style=\"width:100%;height:600px\" aria-label=\"Osadzone z Czwartkowe poranki z ksi\u0105\u017ck\u0105.\"><\/object><a id=\"wp-block-file--media-f56dd617-d6b5-46c7-b21c-6504d7b49cad\" href=\"https:\/\/szkolazabrowo.pl\/wp-content\/uploads\/2026\/02\/Czwartkowe-poranki-z-ksiazka.pdf\">Czwartkowe poranki z ksi\u0105\u017ck\u0105<\/a><a href=\"https:\/\/szkolazabrowo.pl\/wp-content\/uploads\/2026\/02\/Czwartkowe-poranki-z-ksiazka.pdf\" class=\"wp-block-file__button wp-element-button\" download aria-describedby=\"wp-block-file--media-f56dd617-d6b5-46c7-b21c-6504d7b49cad\">Pobierz<\/a><\/div>\n\n\n<div class=\"su-custom-gallery su-custom-gallery-align-center su-custom-gallery-title-never\"><div class=\"su-custom-gallery-slide\" style=\"width:350px;height:300px\"><a href=\"https:\/\/szkolazabrowo.pl\/wp-content\/uploads\/2026\/02\/IMG_20251207_111131-2.jpg\" target=\"_blank\" title=\"IMG_20251207_111131 (2)\"><img loading=\"lazy\" decoding=\"async\" src=\"https:\/\/szkolazabrowo.pl\/wp-content\/uploads\/2026\/02\/IMG_20251207_111131-2-350x300.jpg\" alt=\"IMG_20251207_111131 (2)\" width=\"350\" height=\"300\" \/><span class=\"su-custom-gallery-title\">IMG_20251207_111131 (2)<\/span><\/a><\/div><div class=\"su-custom-gallery-slide\" style=\"width:350px;height:300px\"><a href=\"https:\/\/szkolazabrowo.pl\/wp-content\/uploads\/2026\/02\/IMG_20251207_111131.jpg\" target=\"_blank\" title=\"IMG_20251207_111131\"><img loading=\"lazy\" decoding=\"async\" src=\"https:\/\/szkolazabrowo.pl\/wp-content\/uploads\/2026\/02\/IMG_20251207_111131-350x300.jpg\" alt=\"IMG_20251207_111131\" width=\"350\" height=\"300\" \/><span class=\"su-custom-gallery-title\">IMG_20251207_111131<\/span><\/a><\/div><div class=\"su-custom-gallery-slide\" style=\"width:350px;height:300px\"><a href=\"https:\/\/szkolazabrowo.pl\/wp-content\/uploads\/2026\/02\/IMG_20251211_162100.jpg\" target=\"_blank\" title=\"IMG_20251211_162100\"><img loading=\"lazy\" decoding=\"async\" src=\"https:\/\/szkolazabrowo.pl\/wp-content\/uploads\/2026\/02\/IMG_20251211_162100-350x300.jpg\" alt=\"IMG_20251211_162100\" width=\"350\" height=\"300\" \/><span class=\"su-custom-gallery-title\">IMG_20251211_162100<\/span><\/a><\/div><div class=\"su-custom-gallery-slide\" style=\"width:350px;height:300px\"><a href=\"https:\/\/szkolazabrowo.pl\/wp-content\/uploads\/2026\/02\/IMG_20251211_162106.jpg\" target=\"_blank\" title=\"IMG_20251211_162106\"><img loading=\"lazy\" decoding=\"async\" src=\"https:\/\/szkolazabrowo.pl\/wp-content\/uploads\/2026\/02\/IMG_20251211_162106-350x300.jpg\" alt=\"IMG_20251211_162106\" width=\"350\" height=\"300\" \/><span class=\"su-custom-gallery-title\">IMG_20251211_162106<\/span><\/a><\/div><div class=\"su-custom-gallery-slide\" style=\"width:350px;height:300px\"><a href=\"https:\/\/szkolazabrowo.pl\/wp-content\/uploads\/2026\/02\/IMG_20251211_162109.jpg\" target=\"_blank\" title=\"IMG_20251211_162109\"><img loading=\"lazy\" decoding=\"async\" src=\"https:\/\/szkolazabrowo.pl\/wp-content\/uploads\/2026\/02\/IMG_20251211_162109-350x300.jpg\" alt=\"IMG_20251211_162109\" width=\"350\" height=\"300\" \/><span class=\"su-custom-gallery-title\">IMG_20251211_162109<\/span><\/a><\/div><div class=\"su-custom-gallery-slide\" style=\"width:350px;height:300px\"><a href=\"https:\/\/szkolazabrowo.pl\/wp-content\/uploads\/2026\/02\/A-2.jpg\" target=\"_blank\" title=\"A-2\"><img loading=\"lazy\" decoding=\"async\" src=\"https:\/\/szkolazabrowo.pl\/wp-content\/uploads\/2026\/02\/A-2-350x300.jpg\" alt=\"A-2\" width=\"350\" height=\"300\" \/><span class=\"su-custom-gallery-title\">A-2<\/span><\/a><\/div><div class=\"su-custom-gallery-slide\" style=\"width:350px;height:300px\"><a href=\"https:\/\/szkolazabrowo.pl\/wp-content\/uploads\/2026\/02\/A-3.jpg\" target=\"_blank\" title=\"A-3\"><img loading=\"lazy\" decoding=\"async\" src=\"https:\/\/szkolazabrowo.pl\/wp-content\/uploads\/2026\/02\/A-3-350x300.jpg\" alt=\"A-3\" width=\"350\" height=\"300\" \/><span class=\"su-custom-gallery-title\">A-3<\/span><\/a><\/div><div class=\"su-custom-gallery-slide\" style=\"width:350px;height:300px\"><a href=\"https:\/\/szkolazabrowo.pl\/wp-content\/uploads\/2026\/02\/A-4.jpg\" target=\"_blank\" title=\"A-4\"><img loading=\"lazy\" decoding=\"async\" src=\"https:\/\/szkolazabrowo.pl\/wp-content\/uploads\/2026\/02\/A-4-350x300.jpg\" alt=\"A-4\" width=\"350\" height=\"300\" \/><span class=\"su-custom-gallery-title\">A-4<\/span><\/a><\/div><div class=\"su-custom-gallery-slide\" style=\"width:350px;height:300px\"><a href=\"https:\/\/szkolazabrowo.pl\/wp-content\/uploads\/2026\/02\/A-6.jpg\" target=\"_blank\" title=\"A-6\"><img loading=\"lazy\" decoding=\"async\" src=\"https:\/\/szkolazabrowo.pl\/wp-content\/uploads\/2026\/02\/A-6-350x300.jpg\" alt=\"A-6\" width=\"350\" height=\"300\" \/><span class=\"su-custom-gallery-title\">A-6<\/span><\/a><\/div><div class=\"su-custom-gallery-slide\" style=\"width:350px;height:300px\"><a href=\"https:\/\/szkolazabrowo.pl\/wp-content\/uploads\/2026\/02\/A-7.jpg\" target=\"_blank\" title=\"A-7\"><img loading=\"lazy\" decoding=\"async\" src=\"https:\/\/szkolazabrowo.pl\/wp-content\/uploads\/2026\/02\/A-7-350x300.jpg\" alt=\"A-7\" width=\"350\" height=\"300\" \/><span class=\"su-custom-gallery-title\">A-7<\/span><\/a><\/div><div class=\"su-custom-gallery-slide\" style=\"width:350px;height:300px\"><a href=\"https:\/\/szkolazabrowo.pl\/wp-content\/uploads\/2026\/02\/A-8.jpg\" target=\"_blank\" title=\"A-8\"><img loading=\"lazy\" decoding=\"async\" src=\"https:\/\/szkolazabrowo.pl\/wp-content\/uploads\/2026\/02\/A-8-350x300.jpg\" alt=\"A-8\" width=\"350\" height=\"300\" \/><span class=\"su-custom-gallery-title\">A-8<\/span><\/a><\/div><div class=\"su-custom-gallery-slide\" style=\"width:350px;height:300px\"><a href=\"https:\/\/szkolazabrowo.pl\/wp-content\/uploads\/2026\/02\/IMG_20251207_111131-1.jpg\" target=\"_blank\" title=\"IMG_20251207_111131 (1)\"><img loading=\"lazy\" decoding=\"async\" src=\"https:\/\/szkolazabrowo.pl\/wp-content\/uploads\/2026\/02\/IMG_20251207_111131-1-350x300.jpg\" alt=\"IMG_20251207_111131 (1)\" width=\"350\" height=\"300\" \/><span class=\"su-custom-gallery-title\">IMG_20251207_111131 (1)<\/span><\/a><\/div><div class=\"su-clear\"><\/div><\/div>\n","protected":false},"excerpt":{"rendered":"","protected":false},"author":1,"featured_media":0,"parent":0,"menu_order":0,"comment_status":"closed","ping_status":"closed","template":"","meta":{"footnotes":""},"class_list":["post-16283","page","type-page","status-publish","hentry"],"_links":{"self":[{"href":"https:\/\/szkolazabrowo.pl\/index.php?rest_route=\/wp\/v2\/pages\/16283","targetHints":{"allow":["GET"]}}],"collection":[{"href":"https:\/\/szkolazabrowo.pl\/index.php?rest_route=\/wp\/v2\/pages"}],"about":[{"href":"https:\/\/szkolazabrowo.pl\/index.php?rest_route=\/wp\/v2\/types\/page"}],"author":[{"embeddable":true,"href":"https:\/\/szkolazabrowo.pl\/index.php?rest_route=\/wp\/v2\/users\/1"}],"replies":[{"embeddable":true,"href":"https:\/\/szkolazabrowo.pl\/index.php?rest_route=%2Fwp%2Fv2%2Fcomments&post=16283"}],"version-history":[{"count":1,"href":"https:\/\/szkolazabrowo.pl\/index.php?rest_route=\/wp\/v2\/pages\/16283\/revisions"}],"predecessor-version":[{"id":16298,"href":"https:\/\/szkolazabrowo.pl\/index.php?rest_route=\/wp\/v2\/pages\/16283\/revisions\/16298"}],"wp:attachment":[{"href":"https:\/\/szkolazabrowo.pl\/index.php?rest_route=%2Fwp%2Fv2%2Fmedia&parent=16283"}],"curies":[{"name":"wp","href":"https:\/\/api.w.org\/{rel}","templated":true}]}}