{"id":16262,"date":"2026-02-13T12:27:03","date_gmt":"2026-02-13T12:27:03","guid":{"rendered":"https:\/\/szkolazabrowo.pl\/?page_id=16262"},"modified":"2026-02-13T12:27:07","modified_gmt":"2026-02-13T12:27:07","slug":"podroz-do-krainy-wyobrazni","status":"publish","type":"page","link":"https:\/\/szkolazabrowo.pl\/?page_id=16262","title":{"rendered":"Podr\u00f3\u017c do krainy wyobra\u017ani"},"content":{"rendered":"\n<div data-wp-interactive=\"core\/file\" class=\"wp-block-file\"><object data-wp-bind--hidden=\"!state.hasPdfPreview\" hidden class=\"wp-block-file__embed\" data=\"https:\/\/szkolazabrowo.pl\/wp-content\/uploads\/2026\/02\/Podroz-do-krainy-wyobrazni.pdf\" type=\"application\/pdf\" style=\"width:100%;height:600px\" aria-label=\"Osadzone z Podr\u00f3\u017c do krainy wyobra\u017ani.\"><\/object><a id=\"wp-block-file--media-e04881e7-bd55-4f27-885c-93d30148d1e2\" href=\"https:\/\/szkolazabrowo.pl\/wp-content\/uploads\/2026\/02\/Podroz-do-krainy-wyobrazni.pdf\">Podr\u00f3\u017c do krainy wyobra\u017ani<\/a><a href=\"https:\/\/szkolazabrowo.pl\/wp-content\/uploads\/2026\/02\/Podroz-do-krainy-wyobrazni.pdf\" class=\"wp-block-file__button wp-element-button\" download aria-describedby=\"wp-block-file--media-e04881e7-bd55-4f27-885c-93d30148d1e2\">Pobierz<\/a><\/div>\n\n\n<div class=\"su-custom-gallery su-custom-gallery-align-center su-custom-gallery-title-never\"><div class=\"su-custom-gallery-slide\" style=\"width:350px;height:300px\"><a href=\"https:\/\/szkolazabrowo.pl\/wp-content\/uploads\/2026\/02\/H-6.jpg\" target=\"_blank\" title=\"H- 6\"><img loading=\"lazy\" decoding=\"async\" src=\"https:\/\/szkolazabrowo.pl\/wp-content\/uploads\/2026\/02\/H-6-350x300.jpg\" alt=\"H- 6\" width=\"350\" height=\"300\" \/><span class=\"su-custom-gallery-title\">H- 6<\/span><\/a><\/div><div class=\"su-custom-gallery-slide\" style=\"width:350px;height:300px\"><a href=\"https:\/\/szkolazabrowo.pl\/wp-content\/uploads\/2026\/02\/H-1.jpg\" target=\"_blank\" title=\"H-1\"><img loading=\"lazy\" decoding=\"async\" src=\"https:\/\/szkolazabrowo.pl\/wp-content\/uploads\/2026\/02\/H-1-350x300.jpg\" alt=\"H-1\" width=\"350\" height=\"300\" \/><span class=\"su-custom-gallery-title\">H-1<\/span><\/a><\/div><div class=\"su-custom-gallery-slide\" style=\"width:350px;height:300px\"><a href=\"https:\/\/szkolazabrowo.pl\/wp-content\/uploads\/2026\/02\/H-2.jpg\" target=\"_blank\" title=\"H-2\"><img loading=\"lazy\" decoding=\"async\" src=\"https:\/\/szkolazabrowo.pl\/wp-content\/uploads\/2026\/02\/H-2-350x300.jpg\" alt=\"H-2\" width=\"350\" height=\"300\" \/><span class=\"su-custom-gallery-title\">H-2<\/span><\/a><\/div><div class=\"su-custom-gallery-slide\" style=\"width:350px;height:300px\"><a href=\"https:\/\/szkolazabrowo.pl\/wp-content\/uploads\/2026\/02\/H-3.jpg\" target=\"_blank\" title=\"H-3\"><img loading=\"lazy\" decoding=\"async\" src=\"https:\/\/szkolazabrowo.pl\/wp-content\/uploads\/2026\/02\/H-3-350x300.jpg\" alt=\"H-3\" width=\"350\" height=\"300\" \/><span class=\"su-custom-gallery-title\">H-3<\/span><\/a><\/div><div class=\"su-custom-gallery-slide\" style=\"width:350px;height:300px\"><a href=\"https:\/\/szkolazabrowo.pl\/wp-content\/uploads\/2026\/02\/H-5.jpg\" target=\"_blank\" title=\"H-5\"><img loading=\"lazy\" decoding=\"async\" src=\"https:\/\/szkolazabrowo.pl\/wp-content\/uploads\/2026\/02\/H-5-350x300.jpg\" alt=\"H-5\" width=\"350\" height=\"300\" \/><span class=\"su-custom-gallery-title\">H-5<\/span><\/a><\/div><div class=\"su-custom-gallery-slide\" style=\"width:350px;height:300px\"><a href=\"https:\/\/szkolazabrowo.pl\/wp-content\/uploads\/2026\/02\/H-9.jpg\" target=\"_blank\" title=\"H-9\"><img loading=\"lazy\" decoding=\"async\" src=\"https:\/\/szkolazabrowo.pl\/wp-content\/uploads\/2026\/02\/H-9-350x300.jpg\" alt=\"H-9\" width=\"350\" height=\"300\" \/><span class=\"su-custom-gallery-title\">H-9<\/span><\/a><\/div><div class=\"su-custom-gallery-slide\" style=\"width:350px;height:300px\"><a href=\"https:\/\/szkolazabrowo.pl\/wp-content\/uploads\/2026\/02\/IMG_20251105_125403.jpg\" target=\"_blank\" title=\"IMG_20251105_125403\"><img loading=\"lazy\" decoding=\"async\" src=\"https:\/\/szkolazabrowo.pl\/wp-content\/uploads\/2026\/02\/IMG_20251105_125403-350x300.jpg\" alt=\"IMG_20251105_125403\" width=\"350\" height=\"300\" \/><span class=\"su-custom-gallery-title\">IMG_20251105_125403<\/span><\/a><\/div><div class=\"su-custom-gallery-slide\" style=\"width:350px;height:300px\"><a href=\"https:\/\/szkolazabrowo.pl\/wp-content\/uploads\/2026\/02\/IMG_20251105_125950.jpg\" target=\"_blank\" title=\"IMG_20251105_125950\"><img loading=\"lazy\" decoding=\"async\" src=\"https:\/\/szkolazabrowo.pl\/wp-content\/uploads\/2026\/02\/IMG_20251105_125950-350x300.jpg\" alt=\"IMG_20251105_125950\" width=\"350\" height=\"300\" \/><span class=\"su-custom-gallery-title\">IMG_20251105_125950<\/span><\/a><\/div><div class=\"su-custom-gallery-slide\" style=\"width:350px;height:300px\"><a href=\"https:\/\/szkolazabrowo.pl\/wp-content\/uploads\/2026\/02\/IMG_20251105_130024.jpg\" target=\"_blank\" title=\"IMG_20251105_130024\"><img loading=\"lazy\" decoding=\"async\" src=\"https:\/\/szkolazabrowo.pl\/wp-content\/uploads\/2026\/02\/IMG_20251105_130024-350x300.jpg\" alt=\"IMG_20251105_130024\" width=\"350\" height=\"300\" \/><span class=\"su-custom-gallery-title\">IMG_20251105_130024<\/span><\/a><\/div><div class=\"su-custom-gallery-slide\" style=\"width:350px;height:300px\"><a href=\"https:\/\/szkolazabrowo.pl\/wp-content\/uploads\/2026\/02\/IMG_20251105_130136.jpg\" target=\"_blank\" title=\"IMG_20251105_130136\"><img loading=\"lazy\" decoding=\"async\" src=\"https:\/\/szkolazabrowo.pl\/wp-content\/uploads\/2026\/02\/IMG_20251105_130136-350x300.jpg\" alt=\"IMG_20251105_130136\" width=\"350\" height=\"300\" \/><span class=\"su-custom-gallery-title\">IMG_20251105_130136<\/span><\/a><\/div><div class=\"su-custom-gallery-slide\" style=\"width:350px;height:300px\"><a href=\"https:\/\/szkolazabrowo.pl\/wp-content\/uploads\/2026\/02\/IMG_20251105_132244.jpg\" target=\"_blank\" title=\"IMG_20251105_132244\"><img loading=\"lazy\" decoding=\"async\" src=\"https:\/\/szkolazabrowo.pl\/wp-content\/uploads\/2026\/02\/IMG_20251105_132244-350x300.jpg\" alt=\"IMG_20251105_132244\" width=\"350\" height=\"300\" \/><span class=\"su-custom-gallery-title\">IMG_20251105_132244<\/span><\/a><\/div><div class=\"su-custom-gallery-slide\" style=\"width:350px;height:300px\"><a href=\"https:\/\/szkolazabrowo.pl\/wp-content\/uploads\/2026\/02\/IMG_20251105_132304.jpg\" target=\"_blank\" title=\"IMG_20251105_132304\"><img loading=\"lazy\" decoding=\"async\" src=\"https:\/\/szkolazabrowo.pl\/wp-content\/uploads\/2026\/02\/IMG_20251105_132304-350x300.jpg\" alt=\"IMG_20251105_132304\" width=\"350\" height=\"300\" \/><span class=\"su-custom-gallery-title\">IMG_20251105_132304<\/span><\/a><\/div><div class=\"su-custom-gallery-slide\" style=\"width:350px;height:300px\"><a href=\"https:\/\/szkolazabrowo.pl\/wp-content\/uploads\/2026\/02\/IMG_20251105_132400.jpg\" target=\"_blank\" title=\"IMG_20251105_132400\"><img loading=\"lazy\" decoding=\"async\" src=\"https:\/\/szkolazabrowo.pl\/wp-content\/uploads\/2026\/02\/IMG_20251105_132400-350x300.jpg\" alt=\"IMG_20251105_132400\" width=\"350\" height=\"300\" \/><span class=\"su-custom-gallery-title\">IMG_20251105_132400<\/span><\/a><\/div><div class=\"su-custom-gallery-slide\" style=\"width:350px;height:300px\"><a href=\"https:\/\/szkolazabrowo.pl\/wp-content\/uploads\/2026\/02\/IMG_20251105_132417.jpg\" target=\"_blank\" title=\"IMG_20251105_132417\"><img loading=\"lazy\" decoding=\"async\" src=\"https:\/\/szkolazabrowo.pl\/wp-content\/uploads\/2026\/02\/IMG_20251105_132417-350x300.jpg\" alt=\"IMG_20251105_132417\" width=\"350\" height=\"300\" \/><span class=\"su-custom-gallery-title\">IMG_20251105_132417<\/span><\/a><\/div><div class=\"su-custom-gallery-slide\" style=\"width:350px;height:300px\"><a href=\"https:\/\/szkolazabrowo.pl\/wp-content\/uploads\/2026\/02\/IMG_20251105_132422.jpg\" target=\"_blank\" title=\"IMG_20251105_132422\"><img loading=\"lazy\" decoding=\"async\" src=\"https:\/\/szkolazabrowo.pl\/wp-content\/uploads\/2026\/02\/IMG_20251105_132422-350x300.jpg\" alt=\"IMG_20251105_132422\" width=\"350\" height=\"300\" \/><span class=\"su-custom-gallery-title\">IMG_20251105_132422<\/span><\/a><\/div><div class=\"su-custom-gallery-slide\" style=\"width:350px;height:300px\"><a href=\"https:\/\/szkolazabrowo.pl\/wp-content\/uploads\/2026\/02\/IMG_20251105_132431.jpg\" target=\"_blank\" title=\"IMG_20251105_132431\"><img loading=\"lazy\" decoding=\"async\" src=\"https:\/\/szkolazabrowo.pl\/wp-content\/uploads\/2026\/02\/IMG_20251105_132431-350x300.jpg\" alt=\"IMG_20251105_132431\" width=\"350\" height=\"300\" \/><span class=\"su-custom-gallery-title\">IMG_20251105_132431<\/span><\/a><\/div><div class=\"su-clear\"><\/div><\/div>\n","protected":false},"excerpt":{"rendered":"","protected":false},"author":1,"featured_media":0,"parent":0,"menu_order":0,"comment_status":"closed","ping_status":"closed","template":"","meta":{"footnotes":""},"class_list":["post-16262","page","type-page","status-publish","hentry"],"_links":{"self":[{"href":"https:\/\/szkolazabrowo.pl\/index.php?rest_route=\/wp\/v2\/pages\/16262","targetHints":{"allow":["GET"]}}],"collection":[{"href":"https:\/\/szkolazabrowo.pl\/index.php?rest_route=\/wp\/v2\/pages"}],"about":[{"href":"https:\/\/szkolazabrowo.pl\/index.php?rest_route=\/wp\/v2\/types\/page"}],"author":[{"embeddable":true,"href":"https:\/\/szkolazabrowo.pl\/index.php?rest_route=\/wp\/v2\/users\/1"}],"replies":[{"embeddable":true,"href":"https:\/\/szkolazabrowo.pl\/index.php?rest_route=%2Fwp%2Fv2%2Fcomments&post=16262"}],"version-history":[{"count":1,"href":"https:\/\/szkolazabrowo.pl\/index.php?rest_route=\/wp\/v2\/pages\/16262\/revisions"}],"predecessor-version":[{"id":16281,"href":"https:\/\/szkolazabrowo.pl\/index.php?rest_route=\/wp\/v2\/pages\/16262\/revisions\/16281"}],"wp:attachment":[{"href":"https:\/\/szkolazabrowo.pl\/index.php?rest_route=%2Fwp%2Fv2%2Fmedia&parent=16262"}],"curies":[{"name":"wp","href":"https:\/\/api.w.org\/{rel}","templated":true}]}}