{"id":16252,"date":"2026-02-13T12:23:47","date_gmt":"2026-02-13T12:23:47","guid":{"rendered":"https:\/\/szkolazabrowo.pl\/?page_id=16252"},"modified":"2026-02-13T12:23:49","modified_gmt":"2026-02-13T12:23:49","slug":"wspolna-podroz-po-swiecie-ksiazek","status":"publish","type":"page","link":"https:\/\/szkolazabrowo.pl\/?page_id=16252","title":{"rendered":"Wsp\u00f3lna podr\u00f3\u017c po \u015bwiecie ksi\u0105\u017cek"},"content":{"rendered":"\n<div data-wp-interactive=\"core\/file\" class=\"wp-block-file\"><object data-wp-bind--hidden=\"!state.hasPdfPreview\" hidden class=\"wp-block-file__embed\" data=\"https:\/\/szkolazabrowo.pl\/wp-content\/uploads\/2026\/02\/29-wrzesnia-obchodzilismy-w-naszej-szkole-Ogolnopolski-Dzien-Glosnego-Czytania.pdf\" type=\"application\/pdf\" style=\"width:100%;height:600px\" aria-label=\"Osadzone z 29 wrze\u015bnia obchodzili\u015bmy w naszej szkole                                                                     Og\u00f3lnopolski Dzie\u0144 G\u0142o\u015bnego Czytania.\"><\/object><a id=\"wp-block-file--media-6d356fb9-b821-467e-8ecb-9a871258d856\" href=\"https:\/\/szkolazabrowo.pl\/wp-content\/uploads\/2026\/02\/29-wrzesnia-obchodzilismy-w-naszej-szkole-Ogolnopolski-Dzien-Glosnego-Czytania.pdf\">29 wrze\u015bnia obchodzili\u015bmy w naszej szkole                                                                     Og\u00f3lnopolski Dzie\u0144 G\u0142o\u015bnego Czytania<\/a><a href=\"https:\/\/szkolazabrowo.pl\/wp-content\/uploads\/2026\/02\/29-wrzesnia-obchodzilismy-w-naszej-szkole-Ogolnopolski-Dzien-Glosnego-Czytania.pdf\" class=\"wp-block-file__button wp-element-button\" download aria-describedby=\"wp-block-file--media-6d356fb9-b821-467e-8ecb-9a871258d856\">Pobierz<\/a><\/div>\n\n\n<div class=\"su-custom-gallery su-custom-gallery-align-center su-custom-gallery-title-never\"><div class=\"su-custom-gallery-slide\" style=\"width:350px;height:300px\"><a href=\"https:\/\/szkolazabrowo.pl\/wp-content\/uploads\/2026\/02\/H-13.jpg\" target=\"_blank\" title=\"H-13\"><img loading=\"lazy\" decoding=\"async\" src=\"https:\/\/szkolazabrowo.pl\/wp-content\/uploads\/2026\/02\/H-13-350x300.jpg\" alt=\"H-13\" width=\"350\" height=\"300\" \/><span class=\"su-custom-gallery-title\">H-13<\/span><\/a><\/div><div class=\"su-custom-gallery-slide\" style=\"width:350px;height:300px\"><a href=\"https:\/\/szkolazabrowo.pl\/wp-content\/uploads\/2026\/02\/i-13.jpg\" target=\"_blank\" title=\"i &#8211; 13\"><img loading=\"lazy\" decoding=\"async\" src=\"https:\/\/szkolazabrowo.pl\/wp-content\/uploads\/2026\/02\/i-13-350x300.jpg\" alt=\"i &#8211; 13\" width=\"350\" height=\"300\" \/><span class=\"su-custom-gallery-title\">i &#8211; 13<\/span><\/a><\/div><div class=\"su-custom-gallery-slide\" style=\"width:350px;height:300px\"><a href=\"https:\/\/szkolazabrowo.pl\/wp-content\/uploads\/2026\/02\/i-14.jpg\" target=\"_blank\" title=\"i &#8211; 14\"><img loading=\"lazy\" decoding=\"async\" src=\"https:\/\/szkolazabrowo.pl\/wp-content\/uploads\/2026\/02\/i-14-350x300.jpg\" alt=\"i &#8211; 14\" width=\"350\" height=\"300\" \/><span class=\"su-custom-gallery-title\">i &#8211; 14<\/span><\/a><\/div><div class=\"su-custom-gallery-slide\" style=\"width:350px;height:300px\"><a href=\"https:\/\/szkolazabrowo.pl\/wp-content\/uploads\/2026\/02\/i-12.jpg\" target=\"_blank\" title=\"i- 12\"><img loading=\"lazy\" decoding=\"async\" src=\"https:\/\/szkolazabrowo.pl\/wp-content\/uploads\/2026\/02\/i-12-350x300.jpg\" alt=\"i- 12\" width=\"350\" height=\"300\" \/><span class=\"su-custom-gallery-title\">i- 12<\/span><\/a><\/div><div class=\"su-custom-gallery-slide\" style=\"width:350px;height:300px\"><a href=\"https:\/\/szkolazabrowo.pl\/wp-content\/uploads\/2026\/02\/IMG_20251120_215346.jpg\" target=\"_blank\" title=\"IMG_20251120_215346\"><img loading=\"lazy\" decoding=\"async\" src=\"https:\/\/szkolazabrowo.pl\/wp-content\/uploads\/2026\/02\/IMG_20251120_215346-350x300.jpg\" alt=\"IMG_20251120_215346\" width=\"350\" height=\"300\" \/><span class=\"su-custom-gallery-title\">IMG_20251120_215346<\/span><\/a><\/div><div class=\"su-clear\"><\/div><\/div>\n","protected":false},"excerpt":{"rendered":"","protected":false},"author":1,"featured_media":0,"parent":0,"menu_order":0,"comment_status":"closed","ping_status":"closed","template":"","meta":{"footnotes":""},"class_list":["post-16252","page","type-page","status-publish","hentry"],"_links":{"self":[{"href":"https:\/\/szkolazabrowo.pl\/index.php?rest_route=\/wp\/v2\/pages\/16252","targetHints":{"allow":["GET"]}}],"collection":[{"href":"https:\/\/szkolazabrowo.pl\/index.php?rest_route=\/wp\/v2\/pages"}],"about":[{"href":"https:\/\/szkolazabrowo.pl\/index.php?rest_route=\/wp\/v2\/types\/page"}],"author":[{"embeddable":true,"href":"https:\/\/szkolazabrowo.pl\/index.php?rest_route=\/wp\/v2\/users\/1"}],"replies":[{"embeddable":true,"href":"https:\/\/szkolazabrowo.pl\/index.php?rest_route=%2Fwp%2Fv2%2Fcomments&post=16252"}],"version-history":[{"count":1,"href":"https:\/\/szkolazabrowo.pl\/index.php?rest_route=\/wp\/v2\/pages\/16252\/revisions"}],"predecessor-version":[{"id":16260,"href":"https:\/\/szkolazabrowo.pl\/index.php?rest_route=\/wp\/v2\/pages\/16252\/revisions\/16260"}],"wp:attachment":[{"href":"https:\/\/szkolazabrowo.pl\/index.php?rest_route=%2Fwp%2Fv2%2Fmedia&parent=16252"}],"curies":[{"name":"wp","href":"https:\/\/api.w.org\/{rel}","templated":true}]}}