{"id":16188,"date":"2026-01-19T10:37:35","date_gmt":"2026-01-19T10:37:35","guid":{"rendered":"https:\/\/szkolazabrowo.pl\/?page_id=16188"},"modified":"2026-01-19T10:37:38","modified_gmt":"2026-01-19T10:37:38","slug":"wielka-orkiestra-swiatecznej-pomocy-2026","status":"publish","type":"page","link":"https:\/\/szkolazabrowo.pl\/?page_id=16188","title":{"rendered":"Wielka Orkiestra \u015awi\u0105tecznej Pomocy 2026"},"content":{"rendered":"\n<p>W ramach dzia\u0142a\u0144 wspieraj\u0105cych 34. Fina\u0142 Wielkiej Orkiestry \u015awi\u0105tecznej Pomicy Samorz\u0105d Uczniowski&nbsp; w czwartek 15 stycznia zorganizowa\u0142 Zabaw\u0119 Fantow\u0105, kt\u00f3rej celem by\u0142o wsparcie tegorocznej zbi\u00f3rki oraz integracja spo\u0142eczno\u015bci szkolnej wok\u00f3\u0142 idei pomocy potrzebuj\u0105cym.<\/p>\n\n\n\n<p>Zabawa odby\u0142a si\u0119 na terenie szko\u0142y i cieszy\u0142a si\u0119 du\u017cym zainteresowaniem uczni\u00f3w, nauczycieli, pracownik\u00f3w szko\u0142y oraz rodzic\u00f3w. Fanty do losowania zosta\u0142y przekazane przez uczni\u00f3w, rodzic\u00f3w oraz nauczycieli. W\u015br\u00f3d nich znalaz\u0142y si\u0119 m.in. zabawki, ksi\u0105\u017cki, gry, artyku\u0142y szkolne, s\u0142odycze oraz drobne upominki. Wszystkie fanty by\u0142y atrakcyjne i starannie przygotowane, co znacz\u0105co wp\u0142yn\u0119\u0142o na powodzenie przedsi\u0119wzi\u0119cia.<\/p>\n\n\n\n<p>Losy mo\u017cna by\u0142o naby\u0107 w wyznaczonym miejscu na terenie szko\u0142y. Nad prawid\u0142owym przebiegiem Zabawy Fantowej czuwali nauczyciele oraz wolontariusze, kt\u00f3rzy dbali o sprawn\u0105 organizacj\u0119, porz\u0105dek oraz mi\u0142\u0105 atmosfer\u0119 wydarzenia. Uczniowie z du\u017cym entuzjazmem brali udzia\u0142 w losowaniu, a rado\u015b\u0107 z wygranych fant\u00f3w by\u0142a widoczna na ich twarzach.<\/p>\n\n\n\n<p>Dzi\u0119ki przeprowadzonej Zabawie Fantowej uda\u0142o si\u0119 zebra\u0107 \u015brodki finansowe, kt\u00f3re w ca\u0142o\u015bci zosta\u0142y przekazane na konto 34. Fina\u0142u Wielkiej Orkiestry \u015awi\u0105tecznej Pomocy. Akcja by\u0142a nie tylko form\u0105 wsparcia finansowego, ale r\u00f3wnie\u017c wa\u017cn\u0105 lekcj\u0105 empatii, solidarno\u015bci i bezinteresownej pomocy innym.<\/p>\n\n\n\n<p>Zabawa Fantowa przebieg\u0142a w mi\u0142ej, radosnej atmosferze i spotka\u0142a si\u0119 z bardzo pozytywnym odbiorem ca\u0142ej spo\u0142eczno\u015bci szkolnej. Wydarzenie pokaza\u0142o, \u017ce wsp\u00f3lnymi si\u0142ami mo\u017cna skutecznie pomaga\u0107 i aktywnie w\u0142\u0105cza\u0107 si\u0119 w inicjatywy charytatywne.<\/p>\n\n\n\n<p>Kwot\u0119 jak\u0105 uda\u0142o si\u0119 uzbiera\u0107 przeka\u017cemy po zako\u0144czeniu fina\u0142u og\u00f3lnopolskiego.<\/p>\n\n\n\n<p>Serdecznie dzi\u0119kujemy wszystkim darczy\u0144com fant\u00f3w, wolontariuszom oraz osobom zaanga\u017cowanym w organizacj\u0119 Zabawy Fantowej.<\/p>\n\n\n<div class=\"su-custom-gallery su-custom-gallery-align-center su-custom-gallery-title-never\"><div class=\"su-custom-gallery-slide\" style=\"width:350px;height:300px\"><a href=\"https:\/\/szkolazabrowo.pl\/wp-content\/uploads\/2026\/01\/IMG_20260115_084603.jpg\" target=\"_blank\" title=\"IMG_20260115_084603\"><img loading=\"lazy\" decoding=\"async\" src=\"https:\/\/szkolazabrowo.pl\/wp-content\/uploads\/2026\/01\/IMG_20260115_084603-350x300.jpg\" alt=\"IMG_20260115_084603\" width=\"350\" height=\"300\" \/><span class=\"su-custom-gallery-title\">IMG_20260115_084603<\/span><\/a><\/div><div class=\"su-custom-gallery-slide\" style=\"width:350px;height:300px\"><a href=\"https:\/\/szkolazabrowo.pl\/wp-content\/uploads\/2026\/01\/IMG_20260115_083652.jpg\" target=\"_blank\" title=\"IMG_20260115_083652\"><img loading=\"lazy\" decoding=\"async\" src=\"https:\/\/szkolazabrowo.pl\/wp-content\/uploads\/2026\/01\/IMG_20260115_083652-350x300.jpg\" alt=\"IMG_20260115_083652\" width=\"350\" height=\"300\" \/><span class=\"su-custom-gallery-title\">IMG_20260115_083652<\/span><\/a><\/div><div class=\"su-custom-gallery-slide\" style=\"width:350px;height:300px\"><a href=\"https:\/\/szkolazabrowo.pl\/wp-content\/uploads\/2026\/01\/IMG_20260115_083700.jpg\" target=\"_blank\" title=\"IMG_20260115_083700\"><img loading=\"lazy\" decoding=\"async\" src=\"https:\/\/szkolazabrowo.pl\/wp-content\/uploads\/2026\/01\/IMG_20260115_083700-350x300.jpg\" alt=\"IMG_20260115_083700\" width=\"350\" height=\"300\" \/><span class=\"su-custom-gallery-title\">IMG_20260115_083700<\/span><\/a><\/div><div class=\"su-custom-gallery-slide\" style=\"width:350px;height:300px\"><a href=\"https:\/\/szkolazabrowo.pl\/wp-content\/uploads\/2026\/01\/IMG_20260115_083711.jpg\" target=\"_blank\" title=\"IMG_20260115_083711\"><img loading=\"lazy\" decoding=\"async\" src=\"https:\/\/szkolazabrowo.pl\/wp-content\/uploads\/2026\/01\/IMG_20260115_083711-350x300.jpg\" alt=\"IMG_20260115_083711\" width=\"350\" height=\"300\" \/><span class=\"su-custom-gallery-title\">IMG_20260115_083711<\/span><\/a><\/div><div class=\"su-custom-gallery-slide\" style=\"width:350px;height:300px\"><a href=\"https:\/\/szkolazabrowo.pl\/wp-content\/uploads\/2026\/01\/IMG_20260115_083727.jpg\" target=\"_blank\" title=\"IMG_20260115_083727\"><img loading=\"lazy\" decoding=\"async\" src=\"https:\/\/szkolazabrowo.pl\/wp-content\/uploads\/2026\/01\/IMG_20260115_083727-350x300.jpg\" alt=\"IMG_20260115_083727\" width=\"350\" height=\"300\" \/><span class=\"su-custom-gallery-title\">IMG_20260115_083727<\/span><\/a><\/div><div class=\"su-custom-gallery-slide\" style=\"width:350px;height:300px\"><a href=\"https:\/\/szkolazabrowo.pl\/wp-content\/uploads\/2026\/01\/IMG_20260115_083730.jpg\" target=\"_blank\" title=\"IMG_20260115_083730\"><img loading=\"lazy\" decoding=\"async\" src=\"https:\/\/szkolazabrowo.pl\/wp-content\/uploads\/2026\/01\/IMG_20260115_083730-350x300.jpg\" alt=\"IMG_20260115_083730\" width=\"350\" height=\"300\" \/><span class=\"su-custom-gallery-title\">IMG_20260115_083730<\/span><\/a><\/div><div class=\"su-custom-gallery-slide\" style=\"width:350px;height:300px\"><a href=\"https:\/\/szkolazabrowo.pl\/wp-content\/uploads\/2026\/01\/IMG_20260115_083734.jpg\" target=\"_blank\" title=\"IMG_20260115_083734\"><img loading=\"lazy\" decoding=\"async\" src=\"https:\/\/szkolazabrowo.pl\/wp-content\/uploads\/2026\/01\/IMG_20260115_083734-350x300.jpg\" alt=\"IMG_20260115_083734\" width=\"350\" height=\"300\" \/><span class=\"su-custom-gallery-title\">IMG_20260115_083734<\/span><\/a><\/div><div class=\"su-custom-gallery-slide\" style=\"width:350px;height:300px\"><a href=\"https:\/\/szkolazabrowo.pl\/wp-content\/uploads\/2026\/01\/IMG_20260115_084556.jpg\" target=\"_blank\" title=\"IMG_20260115_084556\"><img loading=\"lazy\" decoding=\"async\" src=\"https:\/\/szkolazabrowo.pl\/wp-content\/uploads\/2026\/01\/IMG_20260115_084556-350x300.jpg\" alt=\"IMG_20260115_084556\" width=\"350\" height=\"300\" \/><span class=\"su-custom-gallery-title\">IMG_20260115_084556<\/span><\/a><\/div><div class=\"su-custom-gallery-slide\" style=\"width:350px;height:300px\"><a href=\"https:\/\/szkolazabrowo.pl\/wp-content\/uploads\/2026\/01\/IMG_20260115_084600.jpg\" target=\"_blank\" title=\"IMG_20260115_084600\"><img loading=\"lazy\" decoding=\"async\" src=\"https:\/\/szkolazabrowo.pl\/wp-content\/uploads\/2026\/01\/IMG_20260115_084600-350x300.jpg\" alt=\"IMG_20260115_084600\" width=\"350\" height=\"300\" \/><span class=\"su-custom-gallery-title\">IMG_20260115_084600<\/span><\/a><\/div><div class=\"su-custom-gallery-slide\" style=\"width:350px;height:300px\"><a href=\"https:\/\/szkolazabrowo.pl\/wp-content\/uploads\/2026\/01\/IMG_20260115_084631.jpg\" target=\"_blank\" title=\"IMG_20260115_084631\"><img loading=\"lazy\" decoding=\"async\" src=\"https:\/\/szkolazabrowo.pl\/wp-content\/uploads\/2026\/01\/IMG_20260115_084631-350x300.jpg\" alt=\"IMG_20260115_084631\" width=\"350\" height=\"300\" \/><span class=\"su-custom-gallery-title\">IMG_20260115_084631<\/span><\/a><\/div><div class=\"su-custom-gallery-slide\" style=\"width:350px;height:300px\"><a href=\"https:\/\/szkolazabrowo.pl\/wp-content\/uploads\/2026\/01\/IMG_20260115_084642.jpg\" target=\"_blank\" title=\"IMG_20260115_084642\"><img loading=\"lazy\" decoding=\"async\" src=\"https:\/\/szkolazabrowo.pl\/wp-content\/uploads\/2026\/01\/IMG_20260115_084642-350x300.jpg\" alt=\"IMG_20260115_084642\" width=\"350\" height=\"300\" \/><span class=\"su-custom-gallery-title\">IMG_20260115_084642<\/span><\/a><\/div><div class=\"su-custom-gallery-slide\" style=\"width:350px;height:300px\"><a href=\"https:\/\/szkolazabrowo.pl\/wp-content\/uploads\/2026\/01\/IMG_20260115_084651.jpg\" target=\"_blank\" title=\"IMG_20260115_084651\"><img loading=\"lazy\" decoding=\"async\" src=\"https:\/\/szkolazabrowo.pl\/wp-content\/uploads\/2026\/01\/IMG_20260115_084651-350x300.jpg\" alt=\"IMG_20260115_084651\" width=\"350\" height=\"300\" \/><span class=\"su-custom-gallery-title\">IMG_20260115_084651<\/span><\/a><\/div><div class=\"su-custom-gallery-slide\" style=\"width:350px;height:300px\"><a href=\"https:\/\/szkolazabrowo.pl\/wp-content\/uploads\/2026\/01\/IMG_20260115_084655.jpg\" target=\"_blank\" title=\"IMG_20260115_084655\"><img loading=\"lazy\" decoding=\"async\" src=\"https:\/\/szkolazabrowo.pl\/wp-content\/uploads\/2026\/01\/IMG_20260115_084655-350x300.jpg\" alt=\"IMG_20260115_084655\" width=\"350\" height=\"300\" \/><span class=\"su-custom-gallery-title\">IMG_20260115_084655<\/span><\/a><\/div><div class=\"su-clear\"><\/div><\/div>\n","protected":false},"excerpt":{"rendered":"<p>W ramach dzia\u0142a\u0144 wspieraj\u0105cych 34. Fina\u0142 Wielkiej Orkiestry \u015awi\u0105tecznej Pomicy Samorz\u0105d Uczniowski&nbsp; w czwartek 15 stycznia zorganizowa\u0142 Zabaw\u0119 Fantow\u0105, kt\u00f3rej celem by\u0142o wsparcie tegorocznej zbi\u00f3rki oraz integracja spo\u0142eczno\u015bci szkolnej wok\u00f3\u0142 idei pomocy potrzebuj\u0105cym. Zabawa odby\u0142a si\u0119 na terenie szko\u0142y i <a href=\"https:\/\/szkolazabrowo.pl\/?page_id=16188\" class=\"read-more\">Czytaj wi\u0119cej &#8230;<\/a><\/p>\n","protected":false},"author":1,"featured_media":0,"parent":0,"menu_order":0,"comment_status":"closed","ping_status":"closed","template":"","meta":{"footnotes":""},"class_list":["post-16188","page","type-page","status-publish","hentry"],"_links":{"self":[{"href":"https:\/\/szkolazabrowo.pl\/index.php?rest_route=\/wp\/v2\/pages\/16188","targetHints":{"allow":["GET"]}}],"collection":[{"href":"https:\/\/szkolazabrowo.pl\/index.php?rest_route=\/wp\/v2\/pages"}],"about":[{"href":"https:\/\/szkolazabrowo.pl\/index.php?rest_route=\/wp\/v2\/types\/page"}],"author":[{"embeddable":true,"href":"https:\/\/szkolazabrowo.pl\/index.php?rest_route=\/wp\/v2\/users\/1"}],"replies":[{"embeddable":true,"href":"https:\/\/szkolazabrowo.pl\/index.php?rest_route=%2Fwp%2Fv2%2Fcomments&post=16188"}],"version-history":[{"count":1,"href":"https:\/\/szkolazabrowo.pl\/index.php?rest_route=\/wp\/v2\/pages\/16188\/revisions"}],"predecessor-version":[{"id":16203,"href":"https:\/\/szkolazabrowo.pl\/index.php?rest_route=\/wp\/v2\/pages\/16188\/revisions\/16203"}],"wp:attachment":[{"href":"https:\/\/szkolazabrowo.pl\/index.php?rest_route=%2Fwp%2Fv2%2Fmedia&parent=16188"}],"curies":[{"name":"wp","href":"https:\/\/api.w.org\/{rel}","templated":true}]}}