{"id":15979,"date":"2025-12-30T10:45:04","date_gmt":"2025-12-30T10:45:04","guid":{"rendered":"https:\/\/szkolazabrowo.pl\/?page_id=15979"},"modified":"2025-12-30T10:45:06","modified_gmt":"2025-12-30T10:45:06","slug":"mikolajki-w-1b","status":"publish","type":"page","link":"https:\/\/szkolazabrowo.pl\/?page_id=15979","title":{"rendered":"Miko\u0142ajki w 1b"},"content":{"rendered":"\n<p>W klasie 1b odby\u0142y si\u0119 Miko\u0142ajki. Up\u0142yn\u0119\u0142y w radosnej i serdecznej atmosferze.<\/p>\n\n\n<div class=\"su-custom-gallery su-custom-gallery-align-left su-custom-gallery-title-never\"><div class=\"su-custom-gallery-slide\" style=\"width:350px;height:300px\"><a href=\"https:\/\/szkolazabrowo.pl\/wp-content\/uploads\/2025\/12\/1884bfc7-c6e2-4d89-9b54-134ae6f2d4b8.jpg\" title=\"1884bfc7-c6e2-4d89-9b54-134ae6f2d4b8\"><img loading=\"lazy\" decoding=\"async\" src=\"https:\/\/szkolazabrowo.pl\/wp-content\/uploads\/2025\/12\/1884bfc7-c6e2-4d89-9b54-134ae6f2d4b8-350x300.jpg\" alt=\"1884bfc7-c6e2-4d89-9b54-134ae6f2d4b8\" width=\"350\" height=\"300\" \/><span class=\"su-custom-gallery-title\">1884bfc7-c6e2-4d89-9b54-134ae6f2d4b8<\/span><\/a><\/div><div class=\"su-custom-gallery-slide\" style=\"width:350px;height:300px\"><a href=\"https:\/\/szkolazabrowo.pl\/wp-content\/uploads\/2025\/12\/719022a6-4263-43b2-b1cf-003ef669b393.jpg\" title=\"719022a6-4263-43b2-b1cf-003ef669b393\"><img loading=\"lazy\" decoding=\"async\" src=\"https:\/\/szkolazabrowo.pl\/wp-content\/uploads\/2025\/12\/719022a6-4263-43b2-b1cf-003ef669b393-350x300.jpg\" alt=\"719022a6-4263-43b2-b1cf-003ef669b393\" width=\"350\" height=\"300\" \/><span class=\"su-custom-gallery-title\">719022a6-4263-43b2-b1cf-003ef669b393<\/span><\/a><\/div><div class=\"su-custom-gallery-slide\" style=\"width:350px;height:300px\"><a href=\"https:\/\/szkolazabrowo.pl\/wp-content\/uploads\/2025\/12\/cd6178a4-aeea-481c-97d0-b432fab3fcf9.jpg\" title=\"cd6178a4-aeea-481c-97d0-b432fab3fcf9\"><img loading=\"lazy\" decoding=\"async\" src=\"https:\/\/szkolazabrowo.pl\/wp-content\/uploads\/2025\/12\/cd6178a4-aeea-481c-97d0-b432fab3fcf9-350x300.jpg\" alt=\"cd6178a4-aeea-481c-97d0-b432fab3fcf9\" width=\"350\" height=\"300\" \/><span class=\"su-custom-gallery-title\">cd6178a4-aeea-481c-97d0-b432fab3fcf9<\/span><\/a><\/div><div class=\"su-custom-gallery-slide\" style=\"width:350px;height:300px\"><a href=\"https:\/\/szkolazabrowo.pl\/wp-content\/uploads\/2025\/12\/eb6ba2ea-2140-4e1f-92f1-1d115c293d55.jpg\" title=\"eb6ba2ea-2140-4e1f-92f1-1d115c293d55\"><img loading=\"lazy\" decoding=\"async\" src=\"https:\/\/szkolazabrowo.pl\/wp-content\/uploads\/2025\/12\/eb6ba2ea-2140-4e1f-92f1-1d115c293d55-350x300.jpg\" alt=\"eb6ba2ea-2140-4e1f-92f1-1d115c293d55\" width=\"350\" height=\"300\" \/><span class=\"su-custom-gallery-title\">eb6ba2ea-2140-4e1f-92f1-1d115c293d55<\/span><\/a><\/div><div class=\"su-custom-gallery-slide\" style=\"width:350px;height:300px\"><a href=\"https:\/\/szkolazabrowo.pl\/wp-content\/uploads\/2025\/12\/f0d1c69d-d0e4-4972-b9bf-17e46e2cea89.jpg\" title=\"f0d1c69d-d0e4-4972-b9bf-17e46e2cea89\"><img loading=\"lazy\" decoding=\"async\" src=\"https:\/\/szkolazabrowo.pl\/wp-content\/uploads\/2025\/12\/f0d1c69d-d0e4-4972-b9bf-17e46e2cea89-350x300.jpg\" alt=\"f0d1c69d-d0e4-4972-b9bf-17e46e2cea89\" width=\"350\" height=\"300\" \/><span class=\"su-custom-gallery-title\">f0d1c69d-d0e4-4972-b9bf-17e46e2cea89<\/span><\/a><\/div><div class=\"su-custom-gallery-slide\" style=\"width:350px;height:300px\"><a href=\"https:\/\/szkolazabrowo.pl\/wp-content\/uploads\/2025\/12\/f6811fed-101a-4850-99f7-8ad9cf79c1d2.jpg\" title=\"f6811fed-101a-4850-99f7-8ad9cf79c1d2\"><img loading=\"lazy\" decoding=\"async\" src=\"https:\/\/szkolazabrowo.pl\/wp-content\/uploads\/2025\/12\/f6811fed-101a-4850-99f7-8ad9cf79c1d2-350x300.jpg\" alt=\"f6811fed-101a-4850-99f7-8ad9cf79c1d2\" width=\"350\" height=\"300\" \/><span class=\"su-custom-gallery-title\">f6811fed-101a-4850-99f7-8ad9cf79c1d2<\/span><\/a><\/div><div class=\"su-custom-gallery-slide\" style=\"width:350px;height:300px\"><a href=\"https:\/\/szkolazabrowo.pl\/wp-content\/uploads\/2025\/12\/fd678e76-401a-4b6f-8d92-6fb71ca4c354.jpg\" title=\"fd678e76-401a-4b6f-8d92-6fb71ca4c354\"><img loading=\"lazy\" decoding=\"async\" src=\"https:\/\/szkolazabrowo.pl\/wp-content\/uploads\/2025\/12\/fd678e76-401a-4b6f-8d92-6fb71ca4c354-350x300.jpg\" alt=\"fd678e76-401a-4b6f-8d92-6fb71ca4c354\" width=\"350\" height=\"300\" \/><span class=\"su-custom-gallery-title\">fd678e76-401a-4b6f-8d92-6fb71ca4c354<\/span><\/a><\/div><div class=\"su-custom-gallery-slide\" style=\"width:350px;height:300px\"><a href=\"https:\/\/szkolazabrowo.pl\/wp-content\/uploads\/2025\/12\/2f6be346-79cd-4318-a0b4-6cfc17c99a67.jpg\" title=\"2f6be346-79cd-4318-a0b4-6cfc17c99a67\"><img loading=\"lazy\" decoding=\"async\" src=\"https:\/\/szkolazabrowo.pl\/wp-content\/uploads\/2025\/12\/2f6be346-79cd-4318-a0b4-6cfc17c99a67-350x300.jpg\" alt=\"2f6be346-79cd-4318-a0b4-6cfc17c99a67\" width=\"350\" height=\"300\" \/><span class=\"su-custom-gallery-title\">2f6be346-79cd-4318-a0b4-6cfc17c99a67<\/span><\/a><\/div><div class=\"su-custom-gallery-slide\" style=\"width:350px;height:300px\"><a href=\"https:\/\/szkolazabrowo.pl\/wp-content\/uploads\/2025\/12\/4bd22356-78f5-412c-8819-b1f955e19eee.jpg\" title=\"4bd22356-78f5-412c-8819-b1f955e19eee\"><img loading=\"lazy\" decoding=\"async\" src=\"https:\/\/szkolazabrowo.pl\/wp-content\/uploads\/2025\/12\/4bd22356-78f5-412c-8819-b1f955e19eee-350x300.jpg\" alt=\"4bd22356-78f5-412c-8819-b1f955e19eee\" width=\"350\" height=\"300\" \/><span class=\"su-custom-gallery-title\">4bd22356-78f5-412c-8819-b1f955e19eee<\/span><\/a><\/div><div class=\"su-custom-gallery-slide\" style=\"width:350px;height:300px\"><a href=\"https:\/\/szkolazabrowo.pl\/wp-content\/uploads\/2025\/12\/29accc85-d74d-46da-9bf7-bdd0bed7f1cc.jpg\" title=\"29accc85-d74d-46da-9bf7-bdd0bed7f1cc\"><img loading=\"lazy\" decoding=\"async\" src=\"https:\/\/szkolazabrowo.pl\/wp-content\/uploads\/2025\/12\/29accc85-d74d-46da-9bf7-bdd0bed7f1cc-350x300.jpg\" alt=\"29accc85-d74d-46da-9bf7-bdd0bed7f1cc\" width=\"350\" height=\"300\" \/><span class=\"su-custom-gallery-title\">29accc85-d74d-46da-9bf7-bdd0bed7f1cc<\/span><\/a><\/div><div class=\"su-custom-gallery-slide\" style=\"width:350px;height:300px\"><a href=\"https:\/\/szkolazabrowo.pl\/wp-content\/uploads\/2025\/12\/32b7dfc1-2e08-416e-8be3-96d41b38fe4b.jpg\" title=\"32b7dfc1-2e08-416e-8be3-96d41b38fe4b\"><img loading=\"lazy\" decoding=\"async\" src=\"https:\/\/szkolazabrowo.pl\/wp-content\/uploads\/2025\/12\/32b7dfc1-2e08-416e-8be3-96d41b38fe4b-350x300.jpg\" alt=\"32b7dfc1-2e08-416e-8be3-96d41b38fe4b\" width=\"350\" height=\"300\" \/><span class=\"su-custom-gallery-title\">32b7dfc1-2e08-416e-8be3-96d41b38fe4b<\/span><\/a><\/div><div class=\"su-custom-gallery-slide\" style=\"width:350px;height:300px\"><a href=\"https:\/\/szkolazabrowo.pl\/wp-content\/uploads\/2025\/12\/57a6c753-4f09-4161-95f6-5079d58bb55e.jpg\" title=\"57a6c753-4f09-4161-95f6-5079d58bb55e\"><img loading=\"lazy\" decoding=\"async\" src=\"https:\/\/szkolazabrowo.pl\/wp-content\/uploads\/2025\/12\/57a6c753-4f09-4161-95f6-5079d58bb55e-350x300.jpg\" alt=\"57a6c753-4f09-4161-95f6-5079d58bb55e\" width=\"350\" height=\"300\" \/><span class=\"su-custom-gallery-title\">57a6c753-4f09-4161-95f6-5079d58bb55e<\/span><\/a><\/div><div class=\"su-custom-gallery-slide\" style=\"width:350px;height:300px\"><a href=\"https:\/\/szkolazabrowo.pl\/wp-content\/uploads\/2025\/12\/954d3141-6c0a-4a89-b22b-f1d6927da3bf.jpg\" title=\"954d3141-6c0a-4a89-b22b-f1d6927da3bf\"><img loading=\"lazy\" decoding=\"async\" src=\"https:\/\/szkolazabrowo.pl\/wp-content\/uploads\/2025\/12\/954d3141-6c0a-4a89-b22b-f1d6927da3bf-350x300.jpg\" alt=\"954d3141-6c0a-4a89-b22b-f1d6927da3bf\" width=\"350\" height=\"300\" \/><span class=\"su-custom-gallery-title\">954d3141-6c0a-4a89-b22b-f1d6927da3bf<\/span><\/a><\/div><div class=\"su-clear\"><\/div><\/div>\n","protected":false},"excerpt":{"rendered":"<p>W klasie 1b odby\u0142y si\u0119 Miko\u0142ajki. Up\u0142yn\u0119\u0142y w radosnej i serdecznej atmosferze.<\/p>\n","protected":false},"author":1,"featured_media":0,"parent":0,"menu_order":0,"comment_status":"closed","ping_status":"closed","template":"","meta":{"footnotes":""},"class_list":["post-15979","page","type-page","status-publish","hentry"],"_links":{"self":[{"href":"https:\/\/szkolazabrowo.pl\/index.php?rest_route=\/wp\/v2\/pages\/15979","targetHints":{"allow":["GET"]}}],"collection":[{"href":"https:\/\/szkolazabrowo.pl\/index.php?rest_route=\/wp\/v2\/pages"}],"about":[{"href":"https:\/\/szkolazabrowo.pl\/index.php?rest_route=\/wp\/v2\/types\/page"}],"author":[{"embeddable":true,"href":"https:\/\/szkolazabrowo.pl\/index.php?rest_route=\/wp\/v2\/users\/1"}],"replies":[{"embeddable":true,"href":"https:\/\/szkolazabrowo.pl\/index.php?rest_route=%2Fwp%2Fv2%2Fcomments&post=15979"}],"version-history":[{"count":1,"href":"https:\/\/szkolazabrowo.pl\/index.php?rest_route=\/wp\/v2\/pages\/15979\/revisions"}],"predecessor-version":[{"id":15994,"href":"https:\/\/szkolazabrowo.pl\/index.php?rest_route=\/wp\/v2\/pages\/15979\/revisions\/15994"}],"wp:attachment":[{"href":"https:\/\/szkolazabrowo.pl\/index.php?rest_route=%2Fwp%2Fv2%2Fmedia&parent=15979"}],"curies":[{"name":"wp","href":"https:\/\/api.w.org\/{rel}","templated":true}]}}