{"id":15815,"date":"2025-12-02T10:47:37","date_gmt":"2025-12-02T10:47:37","guid":{"rendered":"https:\/\/szkolazabrowo.pl\/?page_id=15815"},"modified":"2025-12-02T10:47:43","modified_gmt":"2025-12-02T10:47:43","slug":"dzien-misia","status":"publish","type":"page","link":"https:\/\/szkolazabrowo.pl\/?page_id=15815","title":{"rendered":"Dzie\u0144 Misia"},"content":{"rendered":"\n<p class=\"has-text-align-center\"><strong>OBCHODY \u015aWIATOWEGO DNIA PLUSZOWEGO MISIA<\/strong><\/p>\n\n\n\n<p class=\"has-text-align-center\"><strong>RADOSNE \u015aWI\u0118TO DLA NAJM\u0141ODSZYCH UCZNI\u00d3W<\/strong><br><br><\/p>\n\n\n\n<p><br>&nbsp;&nbsp;&nbsp;&nbsp; \u201eMi\u015b to najlepszy przyjaciel, kt\u00f3rego mo\u017cna mie\u0107 zawsze przy sobie\u201d \u2013 tak zaczyna si\u0119 jedna z popularnych ksi\u0105\u017cek o pluszowym misiu, kt\u00f3ra przypomina nam, jak wa\u017cne s\u0105 te mi\u0119kkie przytulanki w \u017cyciu dzieci.<\/p>\n\n\n\n<p>Z okazji \u015awiatowego Dnia Pluszowego Misia, uczniowie klas I-III mieli okazj\u0119 zaprezentowa\u0107 swoje ulubione misie, kt\u00f3re przynie\u015bli ze sob\u0105 do szko\u0142y. Podczas prezentacji opowiadali o swoich pluszakach, dziel\u0105c si\u0119 historiami i przygodami, kt\u00f3re z nimi prze\u017cyli. Dzieci pozna\u0142y tak\u017ce fascynuj\u0105c\u0105 histori\u0119 pluszowego misia, dowiaduj\u0105c si\u0119, jak powsta\u0142y pierwsze maskotki i dlaczego s\u0105 tak wa\u017cne dla dzieci na ca\u0142ym \u015bwiecie.<br>\u00a0\u00a0\u00a0\u00a0 W trakcie obchod\u00f3w nie zabrak\u0142o r\u00f3wnie\u017c aktywno\u015bci ruchowych \u2013 uczniowie gimnastykowali si\u0119 razem\u00a0ze swoimi misiami, co sprawi\u0142o im wiele rado\u015bci i rozbudzi\u0142o ducha sportowej rywalizacji. Dodatkowo, dzieci pozna\u0142y nazwy nied\u017awiedzi \u017cyj\u0105cych w naturalnym \u015brodowisku, takich jak nied\u017awied\u017a brunatny, polarny czy czarny, co poszerzy\u0142o ich wiedz\u0119 o dzikiej faunie.<\/p>\n\n\n\n<p>\u00a0\u00a0\u00a0\u00a0 Wa\u017cnym punktem dnia by\u0142a prezentacja ksi\u0105\u017cek o misiach, w tym mi\u0119dzy innymi \u201eDziadek i nied\u017awiadek\u201d, opowiadaj\u0105cej o niezwyk\u0142ym \u017co\u0142nierzu Armii Andresa. By\u0142a to r\u00f3wnie\u017c zach\u0119ta do odwiedzania przez dzieci szkolnej biblioteki. Uczniowie obejrzeli kilka ciekawych tytu\u0142\u00f3w i dowiedzieli si\u0119, dlaczego warto si\u0119ga\u0107 po literatur\u0119 o misiach, rozwijaj\u0105c wyobra\u017ani\u0119 i pasj\u0119 do czytania. Nie zabrak\u0142o te\u017c czytania przez uczennice klasy trzeciej opowiadania pt. \u201eMi\u015b i zagubiony guzik\u201d, kt\u00f3re wprowadzi\u0142o dzieci w \u015bwiat przyg\u00f3d i warto\u015bci.<br>Uczniowie wsp\u00f3lnie \u015bpiewali piosenki i bawili si\u0119 przy muzyce, tworz\u0105c atmosfer\u0119 pe\u0142n\u0105 rado\u015bci i przyja\u017ani.<\/p>\n\n\n\n<p>&nbsp;&nbsp;&nbsp;&nbsp; Organizatorka podzi\u0119kowa\u0142a wszystkim za zaanga\u017cowanie i pi\u0119kne konkursowe prace plastyczne \u201eM\u00f3j mi\u015b\u201d, kt\u00f3re ozdobi\u0142y okna na szkolnym holu, dodaj\u0105c uroku ca\u0142emu wydarzeniu. Na zako\u0144czenie ka\u017cde dziecko otrzyma\u0142o s\u0142odki upominek, a wyr\u00f3\u017cnieni arty\u015bci nagrody ufundowane przez Rad\u0119 Rodzic\u00f3w, co by\u0142o mi\u0142ym akcentem ko\u0144cz\u0105cym to wyj\u0105tkowe \u015bwi\u0119to<\/p>\n\n\n\n<p>&nbsp;&nbsp;&nbsp;&nbsp; Obchody \u015awiatowego Dnia Pluszowego Misia by\u0142y nie tylko okazj\u0105 do \u015bwietnej zabawy, ale tak\u017ce do nauki, rozwijania wyobra\u017ani i budowania wi\u0119zi mi\u0119dzy uczniami. Mam nadziej\u0119, \u017ce te wsp\u00f3lne chwile na d\u0142ugo pozostan\u0105 w ich pami\u0119ci i zach\u0119c\u0105 do si\u0119gania po kolejne ksi\u0105\u017cki o misiach i innych bohaterach literackich.<\/p>\n\n\n\n<p>Nagrodzeni uczniowie:<\/p>\n\n\n\n<p>kl. 1b \u2013 I m.-&nbsp; , II m.-<\/p>\n\n\n\n<p>kl.2&nbsp; &#8211; I m.- Oliwia Orzechowska, II m.- Hania Piontkowska, III m. &#8211; Franek Zdzichowski,<\/p>\n\n\n\n<p>&nbsp;&nbsp;&nbsp;&nbsp;&nbsp;&nbsp;&nbsp;&nbsp;&nbsp; wyr\u00f3\u017cnienia: Alicja Lichosik, Antoni Antoszewski<\/p>\n\n\n\n<p>kl.3 &#8211; I m.- Kamil Henisz, II m.- Blanka Petrykowska, III m. &#8211; Antoni Rutkowski,<\/p>\n\n\n\n<p>&nbsp;&nbsp;&nbsp;&nbsp;&nbsp;&nbsp;&nbsp;&nbsp;&nbsp; wyr\u00f3\u017cnienia: Pola Sugalska, Wojtek Ma\u0107kowski<\/p>\n\n\n\n<p>&nbsp;&nbsp;&nbsp;&nbsp;&nbsp;&nbsp;&nbsp;&nbsp;&nbsp;&nbsp;&nbsp;&nbsp;&nbsp;&nbsp;&nbsp;&nbsp;&nbsp;&nbsp;&nbsp;&nbsp;&nbsp;&nbsp; &nbsp;&nbsp;&nbsp;&nbsp;&nbsp;&nbsp;&nbsp;&nbsp;&nbsp;&nbsp;&nbsp;&nbsp;&nbsp;&nbsp;&nbsp;&nbsp;&nbsp;&nbsp;&nbsp;&nbsp;&nbsp;&nbsp;&nbsp;&nbsp;&nbsp;&nbsp;&nbsp;&nbsp;&nbsp;&nbsp;&nbsp;&nbsp;&nbsp;&nbsp;&nbsp;&nbsp;&nbsp;&nbsp;&nbsp;&nbsp;&nbsp;&nbsp;&nbsp;&nbsp;&nbsp;&nbsp;&nbsp;&nbsp;&nbsp;&nbsp;&nbsp;&nbsp;&nbsp;&nbsp;&nbsp;&nbsp;&nbsp;&nbsp;&nbsp;&nbsp;&nbsp;&nbsp;&nbsp;&nbsp;&nbsp;&nbsp;&nbsp;&nbsp;&nbsp;&nbsp;&nbsp;&nbsp;&nbsp;&nbsp;&nbsp;&nbsp;&nbsp;&nbsp;&nbsp;&nbsp;&nbsp;&nbsp;&nbsp;&nbsp;&nbsp;&nbsp;Organizatorka \u2013 Ma\u0142gorzata Nawratil<\/p>\n\n\n<div class=\"su-custom-gallery su-custom-gallery-align-left su-custom-gallery-title-never\"><div class=\"su-custom-gallery-slide\" style=\"width:350px;height:300px\"><a href=\"https:\/\/szkolazabrowo.pl\/wp-content\/uploads\/2025\/12\/DSC_0642.jpg\" title=\"DSC_0642\"><img loading=\"lazy\" decoding=\"async\" src=\"https:\/\/szkolazabrowo.pl\/wp-content\/uploads\/2025\/12\/DSC_0642-350x300.jpg\" alt=\"DSC_0642\" width=\"350\" height=\"300\" \/><span class=\"su-custom-gallery-title\">DSC_0642<\/span><\/a><\/div><div class=\"su-custom-gallery-slide\" style=\"width:350px;height:300px\"><a href=\"https:\/\/szkolazabrowo.pl\/wp-content\/uploads\/2025\/12\/DSC_0609.jpg\" title=\"DSC_0609\"><img loading=\"lazy\" decoding=\"async\" src=\"https:\/\/szkolazabrowo.pl\/wp-content\/uploads\/2025\/12\/DSC_0609-350x300.jpg\" alt=\"DSC_0609\" width=\"350\" height=\"300\" \/><span class=\"su-custom-gallery-title\">DSC_0609<\/span><\/a><\/div><div class=\"su-custom-gallery-slide\" style=\"width:350px;height:300px\"><a href=\"https:\/\/szkolazabrowo.pl\/wp-content\/uploads\/2025\/12\/DSC_0610.jpg\" title=\"DSC_0610\"><img loading=\"lazy\" decoding=\"async\" src=\"https:\/\/szkolazabrowo.pl\/wp-content\/uploads\/2025\/12\/DSC_0610-350x300.jpg\" alt=\"DSC_0610\" width=\"350\" height=\"300\" \/><span class=\"su-custom-gallery-title\">DSC_0610<\/span><\/a><\/div><div class=\"su-custom-gallery-slide\" style=\"width:350px;height:300px\"><a href=\"https:\/\/szkolazabrowo.pl\/wp-content\/uploads\/2025\/12\/DSC_0611.jpg\" title=\"DSC_0611\"><img loading=\"lazy\" decoding=\"async\" src=\"https:\/\/szkolazabrowo.pl\/wp-content\/uploads\/2025\/12\/DSC_0611-350x300.jpg\" alt=\"DSC_0611\" width=\"350\" height=\"300\" \/><span class=\"su-custom-gallery-title\">DSC_0611<\/span><\/a><\/div><div class=\"su-custom-gallery-slide\" style=\"width:350px;height:300px\"><a href=\"https:\/\/szkolazabrowo.pl\/wp-content\/uploads\/2025\/12\/DSC_0613.jpg\" title=\"DSC_0613\"><img loading=\"lazy\" decoding=\"async\" src=\"https:\/\/szkolazabrowo.pl\/wp-content\/uploads\/2025\/12\/DSC_0613-350x300.jpg\" alt=\"DSC_0613\" width=\"350\" height=\"300\" \/><span class=\"su-custom-gallery-title\">DSC_0613<\/span><\/a><\/div><div class=\"su-custom-gallery-slide\" style=\"width:350px;height:300px\"><a href=\"https:\/\/szkolazabrowo.pl\/wp-content\/uploads\/2025\/12\/DSC_0616.jpg\" title=\"DSC_0616\"><img loading=\"lazy\" decoding=\"async\" src=\"https:\/\/szkolazabrowo.pl\/wp-content\/uploads\/2025\/12\/DSC_0616-350x300.jpg\" alt=\"DSC_0616\" width=\"350\" height=\"300\" \/><span class=\"su-custom-gallery-title\">DSC_0616<\/span><\/a><\/div><div class=\"su-custom-gallery-slide\" style=\"width:350px;height:300px\"><a href=\"https:\/\/szkolazabrowo.pl\/wp-content\/uploads\/2025\/12\/DSC_0617.jpg\" title=\"DSC_0617\"><img loading=\"lazy\" decoding=\"async\" src=\"https:\/\/szkolazabrowo.pl\/wp-content\/uploads\/2025\/12\/DSC_0617-350x300.jpg\" alt=\"DSC_0617\" width=\"350\" height=\"300\" \/><span class=\"su-custom-gallery-title\">DSC_0617<\/span><\/a><\/div><div class=\"su-custom-gallery-slide\" style=\"width:350px;height:300px\"><a href=\"https:\/\/szkolazabrowo.pl\/wp-content\/uploads\/2025\/12\/DSC_0618-\u2014-kopia.jpg\" title=\"DSC_0618 \u2014 kopia\"><img loading=\"lazy\" decoding=\"async\" src=\"https:\/\/szkolazabrowo.pl\/wp-content\/uploads\/2025\/12\/DSC_0618-\u2014-kopia-350x300.jpg\" alt=\"DSC_0618 \u2014 kopia\" width=\"350\" height=\"300\" \/><span class=\"su-custom-gallery-title\">DSC_0618 \u2014 kopia<\/span><\/a><\/div><div class=\"su-custom-gallery-slide\" style=\"width:350px;height:300px\"><a href=\"https:\/\/szkolazabrowo.pl\/wp-content\/uploads\/2025\/12\/DSC_0618.jpg\" title=\"DSC_0618\"><img loading=\"lazy\" decoding=\"async\" src=\"https:\/\/szkolazabrowo.pl\/wp-content\/uploads\/2025\/12\/DSC_0618-350x300.jpg\" alt=\"DSC_0618\" width=\"350\" height=\"300\" \/><span class=\"su-custom-gallery-title\">DSC_0618<\/span><\/a><\/div><div class=\"su-custom-gallery-slide\" style=\"width:350px;height:300px\"><a href=\"https:\/\/szkolazabrowo.pl\/wp-content\/uploads\/2025\/12\/DSC_0619.jpg\" title=\"DSC_0619\"><img loading=\"lazy\" decoding=\"async\" src=\"https:\/\/szkolazabrowo.pl\/wp-content\/uploads\/2025\/12\/DSC_0619-350x300.jpg\" alt=\"DSC_0619\" width=\"350\" height=\"300\" \/><span class=\"su-custom-gallery-title\">DSC_0619<\/span><\/a><\/div><div class=\"su-custom-gallery-slide\" style=\"width:350px;height:300px\"><a href=\"https:\/\/szkolazabrowo.pl\/wp-content\/uploads\/2025\/12\/DSC_0620.jpg\" title=\"DSC_0620\"><img loading=\"lazy\" decoding=\"async\" src=\"https:\/\/szkolazabrowo.pl\/wp-content\/uploads\/2025\/12\/DSC_0620-350x300.jpg\" alt=\"DSC_0620\" width=\"350\" height=\"300\" \/><span class=\"su-custom-gallery-title\">DSC_0620<\/span><\/a><\/div><div class=\"su-custom-gallery-slide\" style=\"width:350px;height:300px\"><a href=\"https:\/\/szkolazabrowo.pl\/wp-content\/uploads\/2025\/12\/DSC_0621.jpg\" title=\"DSC_0621\"><img loading=\"lazy\" decoding=\"async\" src=\"https:\/\/szkolazabrowo.pl\/wp-content\/uploads\/2025\/12\/DSC_0621-350x300.jpg\" alt=\"DSC_0621\" width=\"350\" height=\"300\" \/><span class=\"su-custom-gallery-title\">DSC_0621<\/span><\/a><\/div><div class=\"su-custom-gallery-slide\" style=\"width:350px;height:300px\"><a href=\"https:\/\/szkolazabrowo.pl\/wp-content\/uploads\/2025\/12\/DSC_0622.jpg\" title=\"DSC_0622\"><img loading=\"lazy\" decoding=\"async\" src=\"https:\/\/szkolazabrowo.pl\/wp-content\/uploads\/2025\/12\/DSC_0622-350x300.jpg\" alt=\"DSC_0622\" width=\"350\" height=\"300\" \/><span class=\"su-custom-gallery-title\">DSC_0622<\/span><\/a><\/div><div class=\"su-custom-gallery-slide\" style=\"width:350px;height:300px\"><a href=\"https:\/\/szkolazabrowo.pl\/wp-content\/uploads\/2025\/12\/DSC_0623.jpg\" title=\"DSC_0623\"><img loading=\"lazy\" decoding=\"async\" src=\"https:\/\/szkolazabrowo.pl\/wp-content\/uploads\/2025\/12\/DSC_0623-350x300.jpg\" alt=\"DSC_0623\" width=\"350\" height=\"300\" \/><span class=\"su-custom-gallery-title\">DSC_0623<\/span><\/a><\/div><div class=\"su-custom-gallery-slide\" style=\"width:350px;height:300px\"><a href=\"https:\/\/szkolazabrowo.pl\/wp-content\/uploads\/2025\/12\/DSC_0624.jpg\" title=\"DSC_0624\"><img loading=\"lazy\" decoding=\"async\" src=\"https:\/\/szkolazabrowo.pl\/wp-content\/uploads\/2025\/12\/DSC_0624-350x300.jpg\" alt=\"DSC_0624\" width=\"350\" height=\"300\" \/><span class=\"su-custom-gallery-title\">DSC_0624<\/span><\/a><\/div><div class=\"su-custom-gallery-slide\" style=\"width:350px;height:300px\"><a href=\"https:\/\/szkolazabrowo.pl\/wp-content\/uploads\/2025\/12\/DSC_0625.jpg\" title=\"DSC_0625\"><img loading=\"lazy\" decoding=\"async\" src=\"https:\/\/szkolazabrowo.pl\/wp-content\/uploads\/2025\/12\/DSC_0625-350x300.jpg\" alt=\"DSC_0625\" width=\"350\" height=\"300\" \/><span class=\"su-custom-gallery-title\">DSC_0625<\/span><\/a><\/div><div class=\"su-custom-gallery-slide\" style=\"width:350px;height:300px\"><a href=\"https:\/\/szkolazabrowo.pl\/wp-content\/uploads\/2025\/12\/DSC_0626.jpg\" title=\"DSC_0626\"><img loading=\"lazy\" decoding=\"async\" src=\"https:\/\/szkolazabrowo.pl\/wp-content\/uploads\/2025\/12\/DSC_0626-350x300.jpg\" alt=\"DSC_0626\" width=\"350\" height=\"300\" \/><span class=\"su-custom-gallery-title\">DSC_0626<\/span><\/a><\/div><div class=\"su-custom-gallery-slide\" style=\"width:350px;height:300px\"><a href=\"https:\/\/szkolazabrowo.pl\/wp-content\/uploads\/2025\/12\/DSC_0628.jpg\" title=\"DSC_0628\"><img loading=\"lazy\" decoding=\"async\" src=\"https:\/\/szkolazabrowo.pl\/wp-content\/uploads\/2025\/12\/DSC_0628-350x300.jpg\" alt=\"DSC_0628\" width=\"350\" height=\"300\" \/><span class=\"su-custom-gallery-title\">DSC_0628<\/span><\/a><\/div><div class=\"su-custom-gallery-slide\" style=\"width:350px;height:300px\"><a href=\"https:\/\/szkolazabrowo.pl\/wp-content\/uploads\/2025\/12\/DSC_0629.jpg\" title=\"DSC_0629\"><img loading=\"lazy\" decoding=\"async\" src=\"https:\/\/szkolazabrowo.pl\/wp-content\/uploads\/2025\/12\/DSC_0629-350x300.jpg\" alt=\"DSC_0629\" width=\"350\" height=\"300\" \/><span class=\"su-custom-gallery-title\">DSC_0629<\/span><\/a><\/div><div class=\"su-custom-gallery-slide\" style=\"width:350px;height:300px\"><a href=\"https:\/\/szkolazabrowo.pl\/wp-content\/uploads\/2025\/12\/DSC_0630.jpg\" title=\"DSC_0630\"><img loading=\"lazy\" decoding=\"async\" src=\"https:\/\/szkolazabrowo.pl\/wp-content\/uploads\/2025\/12\/DSC_0630-350x300.jpg\" alt=\"DSC_0630\" width=\"350\" height=\"300\" \/><span class=\"su-custom-gallery-title\">DSC_0630<\/span><\/a><\/div><div class=\"su-custom-gallery-slide\" style=\"width:350px;height:300px\"><a href=\"https:\/\/szkolazabrowo.pl\/wp-content\/uploads\/2025\/12\/DSC_0632.jpg\" title=\"DSC_0632\"><img loading=\"lazy\" decoding=\"async\" src=\"https:\/\/szkolazabrowo.pl\/wp-content\/uploads\/2025\/12\/DSC_0632-350x300.jpg\" alt=\"DSC_0632\" width=\"350\" height=\"300\" \/><span class=\"su-custom-gallery-title\">DSC_0632<\/span><\/a><\/div><div class=\"su-custom-gallery-slide\" style=\"width:350px;height:300px\"><a href=\"https:\/\/szkolazabrowo.pl\/wp-content\/uploads\/2025\/12\/DSC_0633.jpg\" title=\"DSC_0633\"><img loading=\"lazy\" decoding=\"async\" src=\"https:\/\/szkolazabrowo.pl\/wp-content\/uploads\/2025\/12\/DSC_0633-350x300.jpg\" alt=\"DSC_0633\" width=\"350\" height=\"300\" \/><span class=\"su-custom-gallery-title\">DSC_0633<\/span><\/a><\/div><div class=\"su-custom-gallery-slide\" style=\"width:350px;height:300px\"><a href=\"https:\/\/szkolazabrowo.pl\/wp-content\/uploads\/2025\/12\/DSC_0634.jpg\" title=\"DSC_0634\"><img loading=\"lazy\" decoding=\"async\" src=\"https:\/\/szkolazabrowo.pl\/wp-content\/uploads\/2025\/12\/DSC_0634-350x300.jpg\" alt=\"DSC_0634\" width=\"350\" height=\"300\" \/><span class=\"su-custom-gallery-title\">DSC_0634<\/span><\/a><\/div><div class=\"su-custom-gallery-slide\" style=\"width:350px;height:300px\"><a href=\"https:\/\/szkolazabrowo.pl\/wp-content\/uploads\/2025\/12\/DSC_0635.jpg\" title=\"DSC_0635\"><img loading=\"lazy\" decoding=\"async\" src=\"https:\/\/szkolazabrowo.pl\/wp-content\/uploads\/2025\/12\/DSC_0635-350x300.jpg\" alt=\"DSC_0635\" width=\"350\" height=\"300\" \/><span class=\"su-custom-gallery-title\">DSC_0635<\/span><\/a><\/div><div class=\"su-custom-gallery-slide\" style=\"width:350px;height:300px\"><a href=\"https:\/\/szkolazabrowo.pl\/wp-content\/uploads\/2025\/12\/DSC_0641.jpg\" title=\"DSC_0641\"><img loading=\"lazy\" decoding=\"async\" src=\"https:\/\/szkolazabrowo.pl\/wp-content\/uploads\/2025\/12\/DSC_0641-350x300.jpg\" alt=\"DSC_0641\" width=\"350\" height=\"300\" \/><span class=\"su-custom-gallery-title\">DSC_0641<\/span><\/a><\/div><div class=\"su-clear\"><\/div><\/div>\n","protected":false},"excerpt":{"rendered":"<p>OBCHODY \u015aWIATOWEGO DNIA PLUSZOWEGO MISIA RADOSNE \u015aWI\u0118TO DLA NAJM\u0141ODSZYCH UCZNI\u00d3W &nbsp;&nbsp;&nbsp;&nbsp; \u201eMi\u015b to najlepszy przyjaciel, kt\u00f3rego mo\u017cna mie\u0107 zawsze przy sobie\u201d \u2013 tak zaczyna si\u0119 jedna z popularnych ksi\u0105\u017cek o pluszowym misiu, kt\u00f3ra przypomina nam, jak wa\u017cne s\u0105 te mi\u0119kkie <a href=\"https:\/\/szkolazabrowo.pl\/?page_id=15815\" class=\"read-more\">Czytaj wi\u0119cej &#8230;<\/a><\/p>\n","protected":false},"author":1,"featured_media":0,"parent":0,"menu_order":0,"comment_status":"closed","ping_status":"closed","template":"","meta":{"footnotes":""},"class_list":["post-15815","page","type-page","status-publish","hentry"],"_links":{"self":[{"href":"https:\/\/szkolazabrowo.pl\/index.php?rest_route=\/wp\/v2\/pages\/15815","targetHints":{"allow":["GET"]}}],"collection":[{"href":"https:\/\/szkolazabrowo.pl\/index.php?rest_route=\/wp\/v2\/pages"}],"about":[{"href":"https:\/\/szkolazabrowo.pl\/index.php?rest_route=\/wp\/v2\/types\/page"}],"author":[{"embeddable":true,"href":"https:\/\/szkolazabrowo.pl\/index.php?rest_route=\/wp\/v2\/users\/1"}],"replies":[{"embeddable":true,"href":"https:\/\/szkolazabrowo.pl\/index.php?rest_route=%2Fwp%2Fv2%2Fcomments&post=15815"}],"version-history":[{"count":1,"href":"https:\/\/szkolazabrowo.pl\/index.php?rest_route=\/wp\/v2\/pages\/15815\/revisions"}],"predecessor-version":[{"id":15842,"href":"https:\/\/szkolazabrowo.pl\/index.php?rest_route=\/wp\/v2\/pages\/15815\/revisions\/15842"}],"wp:attachment":[{"href":"https:\/\/szkolazabrowo.pl\/index.php?rest_route=%2Fwp%2Fv2%2Fmedia&parent=15815"}],"curies":[{"name":"wp","href":"https:\/\/api.w.org\/{rel}","templated":true}]}}