{"id":15657,"date":"2025-11-09T11:19:02","date_gmt":"2025-11-09T11:19:02","guid":{"rendered":"https:\/\/szkolazabrowo.pl\/?page_id=15657"},"modified":"2025-11-09T11:19:06","modified_gmt":"2025-11-09T11:19:06","slug":"apel-z-okazji-narodowego-swieta-niepodleglosci","status":"publish","type":"page","link":"https:\/\/szkolazabrowo.pl\/?page_id=15657","title":{"rendered":"Apel z okazji Narodowego \u015awi\u0119ta Niepodleg\u0142o\u015bci"},"content":{"rendered":"\n<p>W dniu 7 listopada 2025 r. w naszej szkole odby\u0142 si\u0119 uroczysty apel z okazji <strong>Narodowego \u015awi\u0119ta Niepodleg\u0142o\u015bci<\/strong>. Uroczysto\u015b\u0107 rozpocz\u0119\u0142a si\u0119 wsp\u00f3lnym od\u015bpiewaniem <strong>hymnu pa\u0144stwowego<\/strong> przez uczni\u00f3w i nauczycieli, co stworzy\u0142o podnios\u0142\u0105, patriotyczn\u0105 atmosfer\u0119.<\/p>\n\n\n\n<p>Nast\u0119pnie uczniowie zaprezentowali przygotowany program artystyczny, w kt\u00f3rym przypomnieli najwa\u017cniejsze wydarzenia prowadz\u0105ce do odzyskania przez Polsk\u0119 niepodleg\u0142o\u015bci. Wyst\u0119py wzbogaci\u0142y <strong>piosenki patriotyczne<\/strong>, wykonane przez uczni\u00f3w z r\u00f3\u017cnych klas, kt\u00f3re podkre\u015bli\u0142y znaczenie wolno\u015bci i mi\u0142o\u015bci do ojczyzny.<\/p>\n\n\n\n<p>Apel by\u0142 pi\u0119kn\u0105 lekcj\u0105 historii i patriotyzmu, a zaanga\u017cowanie uczni\u00f3w i nauczycieli sprawi\u0142o, \u017ce ca\u0142a uroczysto\u015b\u0107 przebieg\u0142a w wyj\u0105tkowym, pe\u0142nym refleksji nastroju.<\/p>\n\n\n\n<hr class=\"wp-block-separator has-alpha-channel-opacity\"\/>\n\n\n\n<figure class=\"wp-block-embed is-type-video is-provider-youtube wp-block-embed-youtube wp-embed-aspect-16-9 wp-has-aspect-ratio\"><div class=\"wp-block-embed__wrapper\">\n<iframe loading=\"lazy\" title=\"Narodowe \u015awi\u0119to Niepodleg\u0142o\u015bci\" width=\"847\" height=\"476\" src=\"https:\/\/www.youtube.com\/embed\/C4hOAtJLl4o?feature=oembed\" frameborder=\"0\" allow=\"accelerometer; autoplay; clipboard-write; encrypted-media; gyroscope; picture-in-picture; web-share\" referrerpolicy=\"strict-origin-when-cross-origin\" allowfullscreen><\/iframe>\n<\/div><\/figure>\n\n\n<div class=\"su-custom-gallery su-custom-gallery-align-left su-custom-gallery-title-never\"><div class=\"su-custom-gallery-slide\" style=\"width:350px;height:300px\"><a href=\"https:\/\/szkolazabrowo.pl\/wp-content\/uploads\/2025\/11\/DSC_0537.jpg\" title=\"DSC_0537\"><img loading=\"lazy\" decoding=\"async\" src=\"https:\/\/szkolazabrowo.pl\/wp-content\/uploads\/2025\/11\/DSC_0537-350x300.jpg\" alt=\"DSC_0537\" width=\"350\" height=\"300\" \/><span class=\"su-custom-gallery-title\">DSC_0537<\/span><\/a><\/div><div class=\"su-custom-gallery-slide\" style=\"width:350px;height:300px\"><a href=\"https:\/\/szkolazabrowo.pl\/wp-content\/uploads\/2025\/11\/DSC_0538.jpg\" title=\"DSC_0538\"><img loading=\"lazy\" decoding=\"async\" src=\"https:\/\/szkolazabrowo.pl\/wp-content\/uploads\/2025\/11\/DSC_0538-350x300.jpg\" alt=\"DSC_0538\" width=\"350\" height=\"300\" \/><span class=\"su-custom-gallery-title\">DSC_0538<\/span><\/a><\/div><div class=\"su-custom-gallery-slide\" style=\"width:350px;height:300px\"><a href=\"https:\/\/szkolazabrowo.pl\/wp-content\/uploads\/2025\/11\/DSC_0539.jpg\" title=\"DSC_0539\"><img loading=\"lazy\" decoding=\"async\" src=\"https:\/\/szkolazabrowo.pl\/wp-content\/uploads\/2025\/11\/DSC_0539-350x300.jpg\" alt=\"DSC_0539\" width=\"350\" height=\"300\" \/><span class=\"su-custom-gallery-title\">DSC_0539<\/span><\/a><\/div><div class=\"su-custom-gallery-slide\" style=\"width:350px;height:300px\"><a href=\"https:\/\/szkolazabrowo.pl\/wp-content\/uploads\/2025\/11\/DSC_0542-1.jpg\" title=\"DSC_0542\"><img loading=\"lazy\" decoding=\"async\" src=\"https:\/\/szkolazabrowo.pl\/wp-content\/uploads\/2025\/11\/DSC_0542-1-350x300.jpg\" alt=\"DSC_0542\" width=\"350\" height=\"300\" \/><span class=\"su-custom-gallery-title\">DSC_0542<\/span><\/a><\/div><div class=\"su-custom-gallery-slide\" style=\"width:350px;height:300px\"><a href=\"https:\/\/szkolazabrowo.pl\/wp-content\/uploads\/2025\/11\/DSC_0545.jpg\" title=\"DSC_0545\"><img loading=\"lazy\" decoding=\"async\" src=\"https:\/\/szkolazabrowo.pl\/wp-content\/uploads\/2025\/11\/DSC_0545-350x300.jpg\" alt=\"DSC_0545\" width=\"350\" height=\"300\" \/><span class=\"su-custom-gallery-title\">DSC_0545<\/span><\/a><\/div><div class=\"su-custom-gallery-slide\" style=\"width:350px;height:300px\"><a href=\"https:\/\/szkolazabrowo.pl\/wp-content\/uploads\/2025\/11\/DSC_0546.jpg\" title=\"DSC_0546\"><img loading=\"lazy\" decoding=\"async\" src=\"https:\/\/szkolazabrowo.pl\/wp-content\/uploads\/2025\/11\/DSC_0546-350x300.jpg\" alt=\"DSC_0546\" width=\"350\" height=\"300\" \/><span class=\"su-custom-gallery-title\">DSC_0546<\/span><\/a><\/div><div class=\"su-custom-gallery-slide\" style=\"width:350px;height:300px\"><a href=\"https:\/\/szkolazabrowo.pl\/wp-content\/uploads\/2025\/11\/DSC_0547.jpg\" title=\"DSC_0547\"><img loading=\"lazy\" decoding=\"async\" src=\"https:\/\/szkolazabrowo.pl\/wp-content\/uploads\/2025\/11\/DSC_0547-350x300.jpg\" alt=\"DSC_0547\" width=\"350\" height=\"300\" \/><span class=\"su-custom-gallery-title\">DSC_0547<\/span><\/a><\/div><div class=\"su-custom-gallery-slide\" style=\"width:350px;height:300px\"><a href=\"https:\/\/szkolazabrowo.pl\/wp-content\/uploads\/2025\/11\/DSC_0551.jpg\" title=\"DSC_0551\"><img loading=\"lazy\" decoding=\"async\" src=\"https:\/\/szkolazabrowo.pl\/wp-content\/uploads\/2025\/11\/DSC_0551-350x300.jpg\" alt=\"DSC_0551\" width=\"350\" height=\"300\" \/><span class=\"su-custom-gallery-title\">DSC_0551<\/span><\/a><\/div><div class=\"su-custom-gallery-slide\" style=\"width:350px;height:300px\"><a href=\"https:\/\/szkolazabrowo.pl\/wp-content\/uploads\/2025\/11\/DSC_0555.jpg\" title=\"DSC_0555\"><img loading=\"lazy\" decoding=\"async\" src=\"https:\/\/szkolazabrowo.pl\/wp-content\/uploads\/2025\/11\/DSC_0555-350x300.jpg\" alt=\"DSC_0555\" width=\"350\" height=\"300\" \/><span class=\"su-custom-gallery-title\">DSC_0555<\/span><\/a><\/div><div class=\"su-custom-gallery-slide\" style=\"width:350px;height:300px\"><a href=\"https:\/\/szkolazabrowo.pl\/wp-content\/uploads\/2025\/11\/DSC_0558.jpg\" title=\"DSC_0558\"><img loading=\"lazy\" decoding=\"async\" src=\"https:\/\/szkolazabrowo.pl\/wp-content\/uploads\/2025\/11\/DSC_0558-350x300.jpg\" alt=\"DSC_0558\" width=\"350\" height=\"300\" \/><span class=\"su-custom-gallery-title\">DSC_0558<\/span><\/a><\/div><div class=\"su-custom-gallery-slide\" style=\"width:350px;height:300px\"><a href=\"https:\/\/szkolazabrowo.pl\/wp-content\/uploads\/2025\/11\/DSC_0561.jpg\" title=\"DSC_0561\"><img loading=\"lazy\" decoding=\"async\" src=\"https:\/\/szkolazabrowo.pl\/wp-content\/uploads\/2025\/11\/DSC_0561-350x300.jpg\" alt=\"DSC_0561\" width=\"350\" height=\"300\" \/><span class=\"su-custom-gallery-title\">DSC_0561<\/span><\/a><\/div><div class=\"su-custom-gallery-slide\" style=\"width:350px;height:300px\"><a href=\"https:\/\/szkolazabrowo.pl\/wp-content\/uploads\/2025\/11\/DSC_0563.jpg\" title=\"DSC_0563\"><img loading=\"lazy\" decoding=\"async\" src=\"https:\/\/szkolazabrowo.pl\/wp-content\/uploads\/2025\/11\/DSC_0563-350x300.jpg\" alt=\"DSC_0563\" width=\"350\" height=\"300\" \/><span class=\"su-custom-gallery-title\">DSC_0563<\/span><\/a><\/div><div class=\"su-custom-gallery-slide\" style=\"width:350px;height:300px\"><a href=\"https:\/\/szkolazabrowo.pl\/wp-content\/uploads\/2025\/11\/DSC_0565.jpg\" title=\"DSC_0565\"><img loading=\"lazy\" decoding=\"async\" src=\"https:\/\/szkolazabrowo.pl\/wp-content\/uploads\/2025\/11\/DSC_0565-350x300.jpg\" alt=\"DSC_0565\" width=\"350\" height=\"300\" \/><span class=\"su-custom-gallery-title\">DSC_0565<\/span><\/a><\/div><div class=\"su-custom-gallery-slide\" style=\"width:350px;height:300px\"><a href=\"https:\/\/szkolazabrowo.pl\/wp-content\/uploads\/2025\/11\/DSC_0568.jpg\" title=\"DSC_0568\"><img loading=\"lazy\" decoding=\"async\" src=\"https:\/\/szkolazabrowo.pl\/wp-content\/uploads\/2025\/11\/DSC_0568-350x300.jpg\" alt=\"DSC_0568\" width=\"350\" height=\"300\" \/><span class=\"su-custom-gallery-title\">DSC_0568<\/span><\/a><\/div><div class=\"su-custom-gallery-slide\" style=\"width:350px;height:300px\"><a href=\"https:\/\/szkolazabrowo.pl\/wp-content\/uploads\/2025\/11\/DSC_0569.jpg\" title=\"DSC_0569\"><img loading=\"lazy\" decoding=\"async\" src=\"https:\/\/szkolazabrowo.pl\/wp-content\/uploads\/2025\/11\/DSC_0569-350x300.jpg\" alt=\"DSC_0569\" width=\"350\" height=\"300\" \/><span class=\"su-custom-gallery-title\">DSC_0569<\/span><\/a><\/div><div class=\"su-custom-gallery-slide\" style=\"width:350px;height:300px\"><a href=\"https:\/\/szkolazabrowo.pl\/wp-content\/uploads\/2025\/11\/DSC_0571.jpg\" title=\"DSC_0571\"><img loading=\"lazy\" decoding=\"async\" src=\"https:\/\/szkolazabrowo.pl\/wp-content\/uploads\/2025\/11\/DSC_0571-350x300.jpg\" alt=\"DSC_0571\" width=\"350\" height=\"300\" \/><span class=\"su-custom-gallery-title\">DSC_0571<\/span><\/a><\/div><div class=\"su-custom-gallery-slide\" style=\"width:350px;height:300px\"><a href=\"https:\/\/szkolazabrowo.pl\/wp-content\/uploads\/2025\/11\/DSC_0572.jpg\" title=\"DSC_0572\"><img loading=\"lazy\" decoding=\"async\" src=\"https:\/\/szkolazabrowo.pl\/wp-content\/uploads\/2025\/11\/DSC_0572-350x300.jpg\" alt=\"DSC_0572\" width=\"350\" height=\"300\" \/><span class=\"su-custom-gallery-title\">DSC_0572<\/span><\/a><\/div><div class=\"su-custom-gallery-slide\" style=\"width:350px;height:300px\"><a href=\"https:\/\/szkolazabrowo.pl\/wp-content\/uploads\/2025\/11\/DSC_0573.jpg\" title=\"DSC_0573\"><img loading=\"lazy\" decoding=\"async\" src=\"https:\/\/szkolazabrowo.pl\/wp-content\/uploads\/2025\/11\/DSC_0573-350x300.jpg\" alt=\"DSC_0573\" width=\"350\" height=\"300\" \/><span class=\"su-custom-gallery-title\">DSC_0573<\/span><\/a><\/div><div class=\"su-custom-gallery-slide\" style=\"width:350px;height:300px\"><a href=\"https:\/\/szkolazabrowo.pl\/wp-content\/uploads\/2025\/11\/DSC_0578.jpg\" title=\"DSC_0578\"><img loading=\"lazy\" decoding=\"async\" src=\"https:\/\/szkolazabrowo.pl\/wp-content\/uploads\/2025\/11\/DSC_0578-350x300.jpg\" alt=\"DSC_0578\" width=\"350\" height=\"300\" \/><span class=\"su-custom-gallery-title\">DSC_0578<\/span><\/a><\/div><div class=\"su-custom-gallery-slide\" style=\"width:350px;height:300px\"><a href=\"https:\/\/szkolazabrowo.pl\/wp-content\/uploads\/2025\/11\/DSC_0580.jpg\" title=\"DSC_0580\"><img loading=\"lazy\" decoding=\"async\" src=\"https:\/\/szkolazabrowo.pl\/wp-content\/uploads\/2025\/11\/DSC_0580-350x300.jpg\" alt=\"DSC_0580\" width=\"350\" height=\"300\" \/><span class=\"su-custom-gallery-title\">DSC_0580<\/span><\/a><\/div><div class=\"su-custom-gallery-slide\" style=\"width:350px;height:300px\"><a href=\"https:\/\/szkolazabrowo.pl\/wp-content\/uploads\/2025\/11\/DSC_0581.jpg\" title=\"DSC_0581\"><img loading=\"lazy\" decoding=\"async\" src=\"https:\/\/szkolazabrowo.pl\/wp-content\/uploads\/2025\/11\/DSC_0581-350x300.jpg\" alt=\"DSC_0581\" width=\"350\" height=\"300\" \/><span class=\"su-custom-gallery-title\">DSC_0581<\/span><\/a><\/div><div class=\"su-clear\"><\/div><\/div>\n","protected":false},"excerpt":{"rendered":"<p>W dniu 7 listopada 2025 r. w naszej szkole odby\u0142 si\u0119 uroczysty apel z okazji Narodowego \u015awi\u0119ta Niepodleg\u0142o\u015bci. Uroczysto\u015b\u0107 rozpocz\u0119\u0142a si\u0119 wsp\u00f3lnym od\u015bpiewaniem hymnu pa\u0144stwowego przez uczni\u00f3w i nauczycieli, co stworzy\u0142o podnios\u0142\u0105, patriotyczn\u0105 atmosfer\u0119. Nast\u0119pnie uczniowie zaprezentowali przygotowany program artystyczny, <a href=\"https:\/\/szkolazabrowo.pl\/?page_id=15657\" class=\"read-more\">Czytaj wi\u0119cej &#8230;<\/a><\/p>\n","protected":false},"author":1,"featured_media":0,"parent":0,"menu_order":0,"comment_status":"closed","ping_status":"closed","template":"","meta":{"footnotes":""},"class_list":["post-15657","page","type-page","status-publish","hentry"],"_links":{"self":[{"href":"https:\/\/szkolazabrowo.pl\/index.php?rest_route=\/wp\/v2\/pages\/15657","targetHints":{"allow":["GET"]}}],"collection":[{"href":"https:\/\/szkolazabrowo.pl\/index.php?rest_route=\/wp\/v2\/pages"}],"about":[{"href":"https:\/\/szkolazabrowo.pl\/index.php?rest_route=\/wp\/v2\/types\/page"}],"author":[{"embeddable":true,"href":"https:\/\/szkolazabrowo.pl\/index.php?rest_route=\/wp\/v2\/users\/1"}],"replies":[{"embeddable":true,"href":"https:\/\/szkolazabrowo.pl\/index.php?rest_route=%2Fwp%2Fv2%2Fcomments&post=15657"}],"version-history":[{"count":1,"href":"https:\/\/szkolazabrowo.pl\/index.php?rest_route=\/wp\/v2\/pages\/15657\/revisions"}],"predecessor-version":[{"id":15680,"href":"https:\/\/szkolazabrowo.pl\/index.php?rest_route=\/wp\/v2\/pages\/15657\/revisions\/15680"}],"wp:attachment":[{"href":"https:\/\/szkolazabrowo.pl\/index.php?rest_route=%2Fwp%2Fv2%2Fmedia&parent=15657"}],"curies":[{"name":"wp","href":"https:\/\/api.w.org\/{rel}","templated":true}]}}