{"id":15617,"date":"2025-11-04T09:00:41","date_gmt":"2025-11-04T09:00:41","guid":{"rendered":"https:\/\/szkolazabrowo.pl\/?page_id=15617"},"modified":"2025-11-04T09:00:42","modified_gmt":"2025-11-04T09:00:42","slug":"dzien-dyni-2","status":"publish","type":"page","link":"https:\/\/szkolazabrowo.pl\/?page_id=15617","title":{"rendered":"Dzie\u0144 Dyni"},"content":{"rendered":"\n<p>Dzie\u0144 31 pa\u017adziernika nazywany jest Dniem Dyni. Z tej okazji w naszej szkole odby\u0142 si\u0119 konkurs na najbardziej kreatywnie wykonan\u0105 w\u0142asnor\u0119cznie dyni\u0119.<\/p>\n\n\n\n<p>Kreatywno\u015b\u0107 dzieci by\u0142a nie do opisania! Wszystkie prace zachwyca\u0142y pomys\u0142owo\u015bci\u0105<br>&nbsp;i staranno\u015bci\u0105 wykonania. Jury mia\u0142o naprawd\u0119 trudny wyb\u00f3r.<\/p>\n\n\n\n<p>Po d\u0142ugich naradach wy\u0142oniono zwyci\u0119zc\u00f3w w dw\u00f3ch kategoriach wiekowych: klasy 0\u20133 oraz klasy 4\u20138.<\/p>\n\n\n\n<p>&nbsp;W kategorii klas 0\u20133 zwyci\u0119\u017cyli:<\/p>\n\n\n\n<p>1. Aniela Kosi\u0144ska kl. 2<\/p>\n\n\n\n<p>2. Florian Piontkowski kl. 1a<\/p>\n\n\n\n<p>3. Franciszek Ciechacki kl.2<\/p>\n\n\n\n<p>&nbsp;W kategorii klas 4\u20138 zwyci\u0119\u017cyli:<\/p>\n\n\n\n<p>1.&nbsp; Cezary Grzywna kl. 7b<\/p>\n\n\n\n<p>2. Agata Kwiecie\u0144 kl. 5a<\/p>\n\n\n\n<p>3. Faustyna Rogowska kl. 8<\/p>\n\n\n\n<p>Wszystkim uczestnikom serdecznie gratulujemy!<\/p>\n\n\n\n<p>Ka\u017cda dynia by\u0142a wyj\u0105tkowa i zas\u0142uguje na uznanie. Dzi\u0119kujemy za wspania\u0142\u0105 zabaw\u0119<br>&nbsp;i wsp\u00f3lne \u015bwi\u0119towanie Dnia Dyni!<\/p>\n\n\n<div class=\"su-custom-gallery su-custom-gallery-align-left su-custom-gallery-title-never\"><div class=\"su-custom-gallery-slide\" style=\"width:350px;height:300px\"><a href=\"https:\/\/szkolazabrowo.pl\/wp-content\/uploads\/2025\/11\/IMG_20251031_131158_755_LL.jpg\" title=\"IMG_20251031_131158_755_LL\"><img loading=\"lazy\" decoding=\"async\" src=\"https:\/\/szkolazabrowo.pl\/wp-content\/uploads\/2025\/11\/IMG_20251031_131158_755_LL-350x300.jpg\" alt=\"IMG_20251031_131158_755_LL\" width=\"350\" height=\"300\" \/><span class=\"su-custom-gallery-title\">IMG_20251031_131158_755_LL<\/span><\/a><\/div><div class=\"su-custom-gallery-slide\" style=\"width:350px;height:300px\"><a href=\"https:\/\/szkolazabrowo.pl\/wp-content\/uploads\/2025\/11\/IMG_20251031_131211_142_HDR-1.jpg\" title=\"IMG_20251031_131211_142_HDR (1)\"><img loading=\"lazy\" decoding=\"async\" src=\"https:\/\/szkolazabrowo.pl\/wp-content\/uploads\/2025\/11\/IMG_20251031_131211_142_HDR-1-350x300.jpg\" alt=\"IMG_20251031_131211_142_HDR (1)\" width=\"350\" height=\"300\" \/><span class=\"su-custom-gallery-title\">IMG_20251031_131211_142_HDR (1)<\/span><\/a><\/div><div class=\"su-custom-gallery-slide\" style=\"width:350px;height:300px\"><a href=\"https:\/\/szkolazabrowo.pl\/wp-content\/uploads\/2025\/11\/IMG_20251031_131211_142_HDR.jpg\" title=\"IMG_20251031_131211_142_HDR\"><img loading=\"lazy\" decoding=\"async\" src=\"https:\/\/szkolazabrowo.pl\/wp-content\/uploads\/2025\/11\/IMG_20251031_131211_142_HDR-350x300.jpg\" alt=\"IMG_20251031_131211_142_HDR\" width=\"350\" height=\"300\" \/><span class=\"su-custom-gallery-title\">IMG_20251031_131211_142_HDR<\/span><\/a><\/div><div class=\"su-custom-gallery-slide\" style=\"width:350px;height:300px\"><a href=\"https:\/\/szkolazabrowo.pl\/wp-content\/uploads\/2025\/11\/IMG_20251031_131444_240_HDR.jpg\" title=\"IMG_20251031_131444_240_HDR\"><img loading=\"lazy\" decoding=\"async\" src=\"https:\/\/szkolazabrowo.pl\/wp-content\/uploads\/2025\/11\/IMG_20251031_131444_240_HDR-350x300.jpg\" alt=\"IMG_20251031_131444_240_HDR\" width=\"350\" height=\"300\" \/><span class=\"su-custom-gallery-title\">IMG_20251031_131444_240_HDR<\/span><\/a><\/div><div class=\"su-custom-gallery-slide\" style=\"width:350px;height:300px\"><a href=\"https:\/\/szkolazabrowo.pl\/wp-content\/uploads\/2025\/11\/IMG_20251031_131504_997_LL.jpg\" title=\"IMG_20251031_131504_997_LL\"><img loading=\"lazy\" decoding=\"async\" src=\"https:\/\/szkolazabrowo.pl\/wp-content\/uploads\/2025\/11\/IMG_20251031_131504_997_LL-350x300.jpg\" alt=\"IMG_20251031_131504_997_LL\" width=\"350\" height=\"300\" \/><span class=\"su-custom-gallery-title\">IMG_20251031_131504_997_LL<\/span><\/a><\/div><div class=\"su-custom-gallery-slide\" style=\"width:350px;height:300px\"><a href=\"https:\/\/szkolazabrowo.pl\/wp-content\/uploads\/2025\/11\/IMG_20251031_131508_433_LL.jpg\" title=\"IMG_20251031_131508_433_LL\"><img loading=\"lazy\" decoding=\"async\" src=\"https:\/\/szkolazabrowo.pl\/wp-content\/uploads\/2025\/11\/IMG_20251031_131508_433_LL-350x300.jpg\" alt=\"IMG_20251031_131508_433_LL\" width=\"350\" height=\"300\" \/><span class=\"su-custom-gallery-title\">IMG_20251031_131508_433_LL<\/span><\/a><\/div><div class=\"su-clear\"><\/div><\/div>\n","protected":false},"excerpt":{"rendered":"<p>Dzie\u0144 31 pa\u017adziernika nazywany jest Dniem Dyni. Z tej okazji w naszej szkole odby\u0142 si\u0119 konkurs na najbardziej kreatywnie wykonan\u0105 w\u0142asnor\u0119cznie dyni\u0119. Kreatywno\u015b\u0107 dzieci by\u0142a nie do opisania! Wszystkie prace zachwyca\u0142y pomys\u0142owo\u015bci\u0105&nbsp;i staranno\u015bci\u0105 wykonania. Jury mia\u0142o naprawd\u0119 trudny wyb\u00f3r. Po <a href=\"https:\/\/szkolazabrowo.pl\/?page_id=15617\" class=\"read-more\">Czytaj wi\u0119cej &#8230;<\/a><\/p>\n","protected":false},"author":1,"featured_media":0,"parent":0,"menu_order":0,"comment_status":"closed","ping_status":"closed","template":"","meta":{"footnotes":""},"class_list":["post-15617","page","type-page","status-publish","hentry"],"_links":{"self":[{"href":"https:\/\/szkolazabrowo.pl\/index.php?rest_route=\/wp\/v2\/pages\/15617","targetHints":{"allow":["GET"]}}],"collection":[{"href":"https:\/\/szkolazabrowo.pl\/index.php?rest_route=\/wp\/v2\/pages"}],"about":[{"href":"https:\/\/szkolazabrowo.pl\/index.php?rest_route=\/wp\/v2\/types\/page"}],"author":[{"embeddable":true,"href":"https:\/\/szkolazabrowo.pl\/index.php?rest_route=\/wp\/v2\/users\/1"}],"replies":[{"embeddable":true,"href":"https:\/\/szkolazabrowo.pl\/index.php?rest_route=%2Fwp%2Fv2%2Fcomments&post=15617"}],"version-history":[{"count":1,"href":"https:\/\/szkolazabrowo.pl\/index.php?rest_route=\/wp\/v2\/pages\/15617\/revisions"}],"predecessor-version":[{"id":15625,"href":"https:\/\/szkolazabrowo.pl\/index.php?rest_route=\/wp\/v2\/pages\/15617\/revisions\/15625"}],"wp:attachment":[{"href":"https:\/\/szkolazabrowo.pl\/index.php?rest_route=%2Fwp%2Fv2%2Fmedia&parent=15617"}],"curies":[{"name":"wp","href":"https:\/\/api.w.org\/{rel}","templated":true}]}}