{"id":15609,"date":"2025-10-30T07:21:55","date_gmt":"2025-10-30T07:21:55","guid":{"rendered":"https:\/\/szkolazabrowo.pl\/?page_id=15609"},"modified":"2025-10-30T07:21:57","modified_gmt":"2025-10-30T07:21:57","slug":"turniej-pilki-recznej-reczna-na-orliku","status":"publish","type":"page","link":"https:\/\/szkolazabrowo.pl\/?page_id=15609","title":{"rendered":"Turniej Pi\u0142ki R\u0119cznej &#8222;R\u0119czna na Orliku&#8221;"},"content":{"rendered":"\n<p><strong>Sukces naszych szczypiornist\u00f3w &#8211; III miejsce w regionalnym etapie turnieju \u201eR\u0119czna na Orliku\u201d.<\/strong><\/p>\n\n\n\n<p>Dnia 29 pa\u017adziernika w Hali Olimpia odby\u0142 si\u0119 <strong>regionalny etap turnieju w kategorii U-12<\/strong>, kt\u00f3ry zgromadzi\u0142 najlepsze m\u0142odzie\u017cowe dru\u017cyny z ca\u0142ego regionu. Zawody dostarczy\u0142y wielu emocji, a m\u0142odzi sportowcy zaprezentowali wysoki poziom umiej\u0119tno\u015bci i ogromne zaanga\u017cowanie.<\/p>\n\n\n\n<p>Znakomicie w turnieju zaprezentowa\u0142a si\u0119 <strong>dru\u017cyna naszej szko\u0142y<\/strong>, kt\u00f3ra po zaci\u0119tej rywalizacji zaj\u0119\u0142a <strong>3. miejsce<\/strong>, zdobywaj\u0105c tym samym miejsce na podium. Uczniowie z Z\u0105browa pokazali ambitn\u0105 gr\u0119, waleczno\u015b\u0107 i ducha zespo\u0142owego, nie ust\u0119puj\u0105c bardziej do\u015bwiadczonym przeciwnikom.<\/p>\n\n\n\n<p><strong>Gratulujemy zawodnikom \u015bwietnego wyniku oraz \u017cyczymy dalszych sukces\u00f3w sportowych.<\/strong><\/p>\n\n\n\n<hr class=\"wp-block-separator has-alpha-channel-opacity is-style-wide\"\/>\n\n\n\n<p>Dru\u017cyna wyst\u0105pi\u0142a w sk\u0142adzie: Kornelia Konopka, Agata Kwiecie\u0144, Gabriela Krakowiak , Magdalena Siutkowska, Szymon Pisarczyk, Krystian Michalik, Filip Cie\u015blak , Igor Klach<\/p>\n\n\n<div class=\"su-custom-gallery su-custom-gallery-align-left su-custom-gallery-title-never\"><div class=\"su-custom-gallery-slide\" style=\"width:350px;height:300px\"><a href=\"https:\/\/szkolazabrowo.pl\/wp-content\/uploads\/2025\/10\/IMG_20251029_090139.jpg\" title=\"IMG_20251029_090139\"><img loading=\"lazy\" decoding=\"async\" src=\"https:\/\/szkolazabrowo.pl\/wp-content\/uploads\/2025\/10\/IMG_20251029_090139-350x300.jpg\" alt=\"IMG_20251029_090139\" width=\"350\" height=\"300\" \/><span class=\"su-custom-gallery-title\">IMG_20251029_090139<\/span><\/a><\/div><div class=\"su-custom-gallery-slide\" style=\"width:350px;height:300px\"><a href=\"https:\/\/szkolazabrowo.pl\/wp-content\/uploads\/2025\/10\/IMG_20251029_115020.jpg\" title=\"IMG_20251029_115020\"><img loading=\"lazy\" decoding=\"async\" src=\"https:\/\/szkolazabrowo.pl\/wp-content\/uploads\/2025\/10\/IMG_20251029_115020-350x300.jpg\" alt=\"IMG_20251029_115020\" width=\"350\" height=\"300\" \/><span class=\"su-custom-gallery-title\">IMG_20251029_115020<\/span><\/a><\/div><div class=\"su-custom-gallery-slide\" style=\"width:350px;height:300px\"><a href=\"https:\/\/szkolazabrowo.pl\/wp-content\/uploads\/2025\/10\/IMG_20251029_115453.jpg\" title=\"IMG_20251029_115453\"><img loading=\"lazy\" decoding=\"async\" src=\"https:\/\/szkolazabrowo.pl\/wp-content\/uploads\/2025\/10\/IMG_20251029_115453-350x300.jpg\" alt=\"IMG_20251029_115453\" width=\"350\" height=\"300\" \/><span class=\"su-custom-gallery-title\">IMG_20251029_115453<\/span><\/a><\/div><div class=\"su-custom-gallery-slide\" style=\"width:350px;height:300px\"><a href=\"https:\/\/szkolazabrowo.pl\/wp-content\/uploads\/2025\/10\/IMG_20251029_115545.jpg\" title=\"IMG_20251029_115545\"><img loading=\"lazy\" decoding=\"async\" src=\"https:\/\/szkolazabrowo.pl\/wp-content\/uploads\/2025\/10\/IMG_20251029_115545-350x300.jpg\" alt=\"IMG_20251029_115545\" width=\"350\" height=\"300\" \/><span class=\"su-custom-gallery-title\">IMG_20251029_115545<\/span><\/a><\/div><div class=\"su-clear\"><\/div><\/div>\n","protected":false},"excerpt":{"rendered":"<p>Sukces naszych szczypiornist\u00f3w &#8211; III miejsce w regionalnym etapie turnieju \u201eR\u0119czna na Orliku\u201d. Dnia 29 pa\u017adziernika w Hali Olimpia odby\u0142 si\u0119 regionalny etap turnieju w kategorii U-12, kt\u00f3ry zgromadzi\u0142 najlepsze m\u0142odzie\u017cowe dru\u017cyny z ca\u0142ego regionu. Zawody dostarczy\u0142y wielu emocji, a <a href=\"https:\/\/szkolazabrowo.pl\/?page_id=15609\" class=\"read-more\">Czytaj wi\u0119cej &#8230;<\/a><\/p>\n","protected":false},"author":1,"featured_media":0,"parent":0,"menu_order":0,"comment_status":"closed","ping_status":"closed","template":"","meta":{"footnotes":""},"class_list":["post-15609","page","type-page","status-publish","hentry"],"_links":{"self":[{"href":"https:\/\/szkolazabrowo.pl\/index.php?rest_route=\/wp\/v2\/pages\/15609","targetHints":{"allow":["GET"]}}],"collection":[{"href":"https:\/\/szkolazabrowo.pl\/index.php?rest_route=\/wp\/v2\/pages"}],"about":[{"href":"https:\/\/szkolazabrowo.pl\/index.php?rest_route=\/wp\/v2\/types\/page"}],"author":[{"embeddable":true,"href":"https:\/\/szkolazabrowo.pl\/index.php?rest_route=\/wp\/v2\/users\/1"}],"replies":[{"embeddable":true,"href":"https:\/\/szkolazabrowo.pl\/index.php?rest_route=%2Fwp%2Fv2%2Fcomments&post=15609"}],"version-history":[{"count":1,"href":"https:\/\/szkolazabrowo.pl\/index.php?rest_route=\/wp\/v2\/pages\/15609\/revisions"}],"predecessor-version":[{"id":15615,"href":"https:\/\/szkolazabrowo.pl\/index.php?rest_route=\/wp\/v2\/pages\/15609\/revisions\/15615"}],"wp:attachment":[{"href":"https:\/\/szkolazabrowo.pl\/index.php?rest_route=%2Fwp%2Fv2%2Fmedia&parent=15609"}],"curies":[{"name":"wp","href":"https:\/\/api.w.org\/{rel}","templated":true}]}}