{"id":15418,"date":"2025-10-14T15:24:00","date_gmt":"2025-10-14T15:24:00","guid":{"rendered":"https:\/\/szkolazabrowo.pl\/?page_id=15418"},"modified":"2025-10-14T15:24:01","modified_gmt":"2025-10-14T15:24:01","slug":"swieto-pieczonego-ziemniaka-w-dworku-andrzejowka","status":"publish","type":"page","link":"https:\/\/szkolazabrowo.pl\/?page_id=15418","title":{"rendered":"\u015awi\u0119to pieczonego ziemniaka w Dworku \u201e Andrzej\u00f3wka\u201d"},"content":{"rendered":"\n<p>Dzieci 5 letnie oraz 6 letnie bra\u0142y udzia\u0142 w popularnym jesieni\u0105 wydarzeniu upami\u0119tniaj\u0105cym zako\u0144czenie zbior\u00f3w ziemniak\u00f3w i tradycj\u0119 pieczenia ich w ognisku. Jest to okazja do przypomnienia historii ziemniaka i jego znaczenia w kulturze. Opr\u00f3cz wykopk\u00f3w na dzieci czeka\u0142o wiele atrakcji: s\u0142odki pocz\u0119stunek ( swojskie rogaliki, arbuz), pieczone ziemniaki, ognisko z kie\u0142bask\u0105, gry i zabawy w plenerze, malowanie twarzy oraz mi\u015b polarny \ud83d\ude42 To by\u0142 udany dzie\u0144!<\/p>\n\n\n\n<figure class=\"wp-block-gallery has-nested-images columns-default is-cropped wp-block-gallery-1 is-layout-flex wp-block-gallery-is-layout-flex\">\n<figure class=\"wp-block-image size-large\"><img loading=\"lazy\" decoding=\"async\" width=\"768\" height=\"1024\" data-id=\"15419\" src=\"https:\/\/szkolazabrowo.pl\/wp-content\/uploads\/2025\/10\/20251003_113211-768x1024.jpg\" alt=\"\" class=\"wp-image-15419\" srcset=\"https:\/\/szkolazabrowo.pl\/wp-content\/uploads\/2025\/10\/20251003_113211-768x1024.jpg 768w, https:\/\/szkolazabrowo.pl\/wp-content\/uploads\/2025\/10\/20251003_113211-225x300.jpg 225w, https:\/\/szkolazabrowo.pl\/wp-content\/uploads\/2025\/10\/20251003_113211-203x270.jpg 203w, https:\/\/szkolazabrowo.pl\/wp-content\/uploads\/2025\/10\/20251003_113211.jpg 810w\" sizes=\"auto, (max-width: 768px) 100vw, 768px\" \/><\/figure>\n\n\n\n<figure class=\"wp-block-image size-large\"><img loading=\"lazy\" decoding=\"async\" width=\"768\" height=\"1024\" data-id=\"15420\" src=\"https:\/\/szkolazabrowo.pl\/wp-content\/uploads\/2025\/10\/20251003_113459-768x1024.jpg\" alt=\"\" class=\"wp-image-15420\" srcset=\"https:\/\/szkolazabrowo.pl\/wp-content\/uploads\/2025\/10\/20251003_113459-768x1024.jpg 768w, https:\/\/szkolazabrowo.pl\/wp-content\/uploads\/2025\/10\/20251003_113459-225x300.jpg 225w, https:\/\/szkolazabrowo.pl\/wp-content\/uploads\/2025\/10\/20251003_113459-203x270.jpg 203w, https:\/\/szkolazabrowo.pl\/wp-content\/uploads\/2025\/10\/20251003_113459.jpg 810w\" sizes=\"auto, (max-width: 768px) 100vw, 768px\" \/><\/figure>\n\n\n\n<figure class=\"wp-block-image size-large\"><img loading=\"lazy\" decoding=\"async\" width=\"768\" height=\"1024\" data-id=\"15421\" src=\"https:\/\/szkolazabrowo.pl\/wp-content\/uploads\/2025\/10\/20251003_120039-768x1024.jpg\" alt=\"\" class=\"wp-image-15421\" srcset=\"https:\/\/szkolazabrowo.pl\/wp-content\/uploads\/2025\/10\/20251003_120039-768x1024.jpg 768w, https:\/\/szkolazabrowo.pl\/wp-content\/uploads\/2025\/10\/20251003_120039-225x300.jpg 225w, https:\/\/szkolazabrowo.pl\/wp-content\/uploads\/2025\/10\/20251003_120039-203x270.jpg 203w, https:\/\/szkolazabrowo.pl\/wp-content\/uploads\/2025\/10\/20251003_120039.jpg 810w\" sizes=\"auto, (max-width: 768px) 100vw, 768px\" \/><\/figure>\n\n\n\n<figure class=\"wp-block-image size-large\"><img loading=\"lazy\" decoding=\"async\" width=\"768\" height=\"1024\" data-id=\"15422\" src=\"https:\/\/szkolazabrowo.pl\/wp-content\/uploads\/2025\/10\/20251003_120807-768x1024.jpg\" alt=\"\" class=\"wp-image-15422\" srcset=\"https:\/\/szkolazabrowo.pl\/wp-content\/uploads\/2025\/10\/20251003_120807-768x1024.jpg 768w, https:\/\/szkolazabrowo.pl\/wp-content\/uploads\/2025\/10\/20251003_120807-225x300.jpg 225w, https:\/\/szkolazabrowo.pl\/wp-content\/uploads\/2025\/10\/20251003_120807-203x270.jpg 203w, https:\/\/szkolazabrowo.pl\/wp-content\/uploads\/2025\/10\/20251003_120807.jpg 810w\" sizes=\"auto, (max-width: 768px) 100vw, 768px\" \/><\/figure>\n\n\n\n<figure class=\"wp-block-image size-large\"><img loading=\"lazy\" decoding=\"async\" width=\"768\" height=\"1024\" data-id=\"15423\" src=\"https:\/\/szkolazabrowo.pl\/wp-content\/uploads\/2025\/10\/20251003_121111-768x1024.jpg\" alt=\"\" class=\"wp-image-15423\" srcset=\"https:\/\/szkolazabrowo.pl\/wp-content\/uploads\/2025\/10\/20251003_121111-768x1024.jpg 768w, https:\/\/szkolazabrowo.pl\/wp-content\/uploads\/2025\/10\/20251003_121111-225x300.jpg 225w, https:\/\/szkolazabrowo.pl\/wp-content\/uploads\/2025\/10\/20251003_121111-203x270.jpg 203w, https:\/\/szkolazabrowo.pl\/wp-content\/uploads\/2025\/10\/20251003_121111.jpg 810w\" sizes=\"auto, (max-width: 768px) 100vw, 768px\" \/><\/figure>\n\n\n\n<figure class=\"wp-block-image size-large\"><img loading=\"lazy\" decoding=\"async\" width=\"768\" height=\"1024\" data-id=\"15424\" src=\"https:\/\/szkolazabrowo.pl\/wp-content\/uploads\/2025\/10\/20251003_121922-768x1024.jpg\" alt=\"\" class=\"wp-image-15424\" srcset=\"https:\/\/szkolazabrowo.pl\/wp-content\/uploads\/2025\/10\/20251003_121922-768x1024.jpg 768w, https:\/\/szkolazabrowo.pl\/wp-content\/uploads\/2025\/10\/20251003_121922-225x300.jpg 225w, https:\/\/szkolazabrowo.pl\/wp-content\/uploads\/2025\/10\/20251003_121922-203x270.jpg 203w, https:\/\/szkolazabrowo.pl\/wp-content\/uploads\/2025\/10\/20251003_121922.jpg 810w\" sizes=\"auto, (max-width: 768px) 100vw, 768px\" \/><\/figure>\n\n\n\n<figure class=\"wp-block-image size-large\"><img loading=\"lazy\" decoding=\"async\" width=\"768\" height=\"1024\" data-id=\"15425\" src=\"https:\/\/szkolazabrowo.pl\/wp-content\/uploads\/2025\/10\/20251003_122148-768x1024.jpg\" alt=\"\" class=\"wp-image-15425\" srcset=\"https:\/\/szkolazabrowo.pl\/wp-content\/uploads\/2025\/10\/20251003_122148-768x1024.jpg 768w, https:\/\/szkolazabrowo.pl\/wp-content\/uploads\/2025\/10\/20251003_122148-225x300.jpg 225w, https:\/\/szkolazabrowo.pl\/wp-content\/uploads\/2025\/10\/20251003_122148-203x270.jpg 203w, https:\/\/szkolazabrowo.pl\/wp-content\/uploads\/2025\/10\/20251003_122148.jpg 810w\" sizes=\"auto, (max-width: 768px) 100vw, 768px\" \/><\/figure>\n\n\n\n<figure class=\"wp-block-image size-large\"><img loading=\"lazy\" decoding=\"async\" width=\"768\" height=\"1024\" data-id=\"15426\" src=\"https:\/\/szkolazabrowo.pl\/wp-content\/uploads\/2025\/10\/20251003_122328-768x1024.jpg\" alt=\"\" class=\"wp-image-15426\" srcset=\"https:\/\/szkolazabrowo.pl\/wp-content\/uploads\/2025\/10\/20251003_122328-768x1024.jpg 768w, https:\/\/szkolazabrowo.pl\/wp-content\/uploads\/2025\/10\/20251003_122328-225x300.jpg 225w, https:\/\/szkolazabrowo.pl\/wp-content\/uploads\/2025\/10\/20251003_122328-203x270.jpg 203w, https:\/\/szkolazabrowo.pl\/wp-content\/uploads\/2025\/10\/20251003_122328.jpg 810w\" sizes=\"auto, (max-width: 768px) 100vw, 768px\" \/><\/figure>\n\n\n\n<figure class=\"wp-block-image size-large\"><img loading=\"lazy\" decoding=\"async\" width=\"768\" height=\"1024\" data-id=\"15427\" src=\"https:\/\/szkolazabrowo.pl\/wp-content\/uploads\/2025\/10\/20251003_122718-768x1024.jpg\" alt=\"\" class=\"wp-image-15427\" srcset=\"https:\/\/szkolazabrowo.pl\/wp-content\/uploads\/2025\/10\/20251003_122718-768x1024.jpg 768w, https:\/\/szkolazabrowo.pl\/wp-content\/uploads\/2025\/10\/20251003_122718-225x300.jpg 225w, https:\/\/szkolazabrowo.pl\/wp-content\/uploads\/2025\/10\/20251003_122718-203x270.jpg 203w, https:\/\/szkolazabrowo.pl\/wp-content\/uploads\/2025\/10\/20251003_122718.jpg 810w\" sizes=\"auto, (max-width: 768px) 100vw, 768px\" \/><\/figure>\n\n\n\n<figure class=\"wp-block-image size-large\"><img loading=\"lazy\" decoding=\"async\" width=\"1024\" height=\"768\" data-id=\"15428\" src=\"https:\/\/szkolazabrowo.pl\/wp-content\/uploads\/2025\/10\/20251003_091448-1024x768.jpg\" alt=\"\" class=\"wp-image-15428\" srcset=\"https:\/\/szkolazabrowo.pl\/wp-content\/uploads\/2025\/10\/20251003_091448-1024x768.jpg 1024w, https:\/\/szkolazabrowo.pl\/wp-content\/uploads\/2025\/10\/20251003_091448-300x225.jpg 300w, https:\/\/szkolazabrowo.pl\/wp-content\/uploads\/2025\/10\/20251003_091448-768x576.jpg 768w, https:\/\/szkolazabrowo.pl\/wp-content\/uploads\/2025\/10\/20251003_091448-360x270.jpg 360w, https:\/\/szkolazabrowo.pl\/wp-content\/uploads\/2025\/10\/20251003_091448.jpg 1440w\" sizes=\"auto, (max-width: 1024px) 100vw, 1024px\" \/><\/figure>\n\n\n\n<figure class=\"wp-block-image size-large\"><img loading=\"lazy\" decoding=\"async\" width=\"1024\" height=\"768\" data-id=\"15429\" src=\"https:\/\/szkolazabrowo.pl\/wp-content\/uploads\/2025\/10\/20251003_091451-1024x768.jpg\" alt=\"\" class=\"wp-image-15429\" srcset=\"https:\/\/szkolazabrowo.pl\/wp-content\/uploads\/2025\/10\/20251003_091451-1024x768.jpg 1024w, https:\/\/szkolazabrowo.pl\/wp-content\/uploads\/2025\/10\/20251003_091451-300x225.jpg 300w, https:\/\/szkolazabrowo.pl\/wp-content\/uploads\/2025\/10\/20251003_091451-768x576.jpg 768w, https:\/\/szkolazabrowo.pl\/wp-content\/uploads\/2025\/10\/20251003_091451-360x270.jpg 360w, https:\/\/szkolazabrowo.pl\/wp-content\/uploads\/2025\/10\/20251003_091451.jpg 1440w\" sizes=\"auto, (max-width: 1024px) 100vw, 1024px\" \/><\/figure>\n\n\n\n<figure class=\"wp-block-image size-large\"><img loading=\"lazy\" decoding=\"async\" width=\"1024\" height=\"768\" data-id=\"15430\" src=\"https:\/\/szkolazabrowo.pl\/wp-content\/uploads\/2025\/10\/20251003_091504-1024x768.jpg\" alt=\"\" class=\"wp-image-15430\" srcset=\"https:\/\/szkolazabrowo.pl\/wp-content\/uploads\/2025\/10\/20251003_091504-1024x768.jpg 1024w, https:\/\/szkolazabrowo.pl\/wp-content\/uploads\/2025\/10\/20251003_091504-300x225.jpg 300w, https:\/\/szkolazabrowo.pl\/wp-content\/uploads\/2025\/10\/20251003_091504-768x576.jpg 768w, https:\/\/szkolazabrowo.pl\/wp-content\/uploads\/2025\/10\/20251003_091504-360x270.jpg 360w, https:\/\/szkolazabrowo.pl\/wp-content\/uploads\/2025\/10\/20251003_091504.jpg 1440w\" sizes=\"auto, (max-width: 1024px) 100vw, 1024px\" \/><\/figure>\n\n\n\n<figure class=\"wp-block-image size-large\"><img loading=\"lazy\" decoding=\"async\" width=\"1024\" height=\"768\" data-id=\"15431\" src=\"https:\/\/szkolazabrowo.pl\/wp-content\/uploads\/2025\/10\/20251003_091533-1024x768.jpg\" alt=\"\" class=\"wp-image-15431\" srcset=\"https:\/\/szkolazabrowo.pl\/wp-content\/uploads\/2025\/10\/20251003_091533-1024x768.jpg 1024w, https:\/\/szkolazabrowo.pl\/wp-content\/uploads\/2025\/10\/20251003_091533-300x225.jpg 300w, https:\/\/szkolazabrowo.pl\/wp-content\/uploads\/2025\/10\/20251003_091533-768x576.jpg 768w, https:\/\/szkolazabrowo.pl\/wp-content\/uploads\/2025\/10\/20251003_091533-360x270.jpg 360w, https:\/\/szkolazabrowo.pl\/wp-content\/uploads\/2025\/10\/20251003_091533.jpg 1440w\" sizes=\"auto, (max-width: 1024px) 100vw, 1024px\" \/><\/figure>\n\n\n\n<figure class=\"wp-block-image size-large\"><img loading=\"lazy\" decoding=\"async\" width=\"768\" height=\"1024\" data-id=\"15432\" src=\"https:\/\/szkolazabrowo.pl\/wp-content\/uploads\/2025\/10\/20251003_093115-768x1024.jpg\" alt=\"\" class=\"wp-image-15432\" srcset=\"https:\/\/szkolazabrowo.pl\/wp-content\/uploads\/2025\/10\/20251003_093115-768x1024.jpg 768w, https:\/\/szkolazabrowo.pl\/wp-content\/uploads\/2025\/10\/20251003_093115-225x300.jpg 225w, https:\/\/szkolazabrowo.pl\/wp-content\/uploads\/2025\/10\/20251003_093115-203x270.jpg 203w, https:\/\/szkolazabrowo.pl\/wp-content\/uploads\/2025\/10\/20251003_093115.jpg 810w\" sizes=\"auto, (max-width: 768px) 100vw, 768px\" \/><\/figure>\n\n\n\n<figure class=\"wp-block-image size-large\"><img loading=\"lazy\" decoding=\"async\" width=\"768\" height=\"1024\" data-id=\"15433\" src=\"https:\/\/szkolazabrowo.pl\/wp-content\/uploads\/2025\/10\/20251003_093129-768x1024.jpg\" alt=\"\" class=\"wp-image-15433\" srcset=\"https:\/\/szkolazabrowo.pl\/wp-content\/uploads\/2025\/10\/20251003_093129-768x1024.jpg 768w, https:\/\/szkolazabrowo.pl\/wp-content\/uploads\/2025\/10\/20251003_093129-225x300.jpg 225w, https:\/\/szkolazabrowo.pl\/wp-content\/uploads\/2025\/10\/20251003_093129-203x270.jpg 203w, https:\/\/szkolazabrowo.pl\/wp-content\/uploads\/2025\/10\/20251003_093129.jpg 810w\" sizes=\"auto, (max-width: 768px) 100vw, 768px\" \/><\/figure>\n\n\n\n<figure class=\"wp-block-image size-large\"><img loading=\"lazy\" decoding=\"async\" width=\"1024\" height=\"768\" data-id=\"15434\" src=\"https:\/\/szkolazabrowo.pl\/wp-content\/uploads\/2025\/10\/20251003_093132-1024x768.jpg\" alt=\"\" class=\"wp-image-15434\" srcset=\"https:\/\/szkolazabrowo.pl\/wp-content\/uploads\/2025\/10\/20251003_093132-1024x768.jpg 1024w, https:\/\/szkolazabrowo.pl\/wp-content\/uploads\/2025\/10\/20251003_093132-300x225.jpg 300w, https:\/\/szkolazabrowo.pl\/wp-content\/uploads\/2025\/10\/20251003_093132-768x576.jpg 768w, https:\/\/szkolazabrowo.pl\/wp-content\/uploads\/2025\/10\/20251003_093132-360x270.jpg 360w, https:\/\/szkolazabrowo.pl\/wp-content\/uploads\/2025\/10\/20251003_093132.jpg 1440w\" sizes=\"auto, (max-width: 1024px) 100vw, 1024px\" \/><\/figure>\n\n\n\n<figure class=\"wp-block-image size-large\"><img loading=\"lazy\" decoding=\"async\" width=\"768\" height=\"1024\" data-id=\"15435\" src=\"https:\/\/szkolazabrowo.pl\/wp-content\/uploads\/2025\/10\/20251003_093321-768x1024.jpg\" alt=\"\" class=\"wp-image-15435\" srcset=\"https:\/\/szkolazabrowo.pl\/wp-content\/uploads\/2025\/10\/20251003_093321-768x1024.jpg 768w, https:\/\/szkolazabrowo.pl\/wp-content\/uploads\/2025\/10\/20251003_093321-225x300.jpg 225w, https:\/\/szkolazabrowo.pl\/wp-content\/uploads\/2025\/10\/20251003_093321-203x270.jpg 203w, https:\/\/szkolazabrowo.pl\/wp-content\/uploads\/2025\/10\/20251003_093321.jpg 810w\" sizes=\"auto, (max-width: 768px) 100vw, 768px\" \/><\/figure>\n\n\n\n<figure class=\"wp-block-image size-large\"><img loading=\"lazy\" decoding=\"async\" width=\"768\" height=\"1024\" data-id=\"15436\" src=\"https:\/\/szkolazabrowo.pl\/wp-content\/uploads\/2025\/10\/20251003_093600-768x1024.jpg\" alt=\"\" class=\"wp-image-15436\" srcset=\"https:\/\/szkolazabrowo.pl\/wp-content\/uploads\/2025\/10\/20251003_093600-768x1024.jpg 768w, https:\/\/szkolazabrowo.pl\/wp-content\/uploads\/2025\/10\/20251003_093600-225x300.jpg 225w, https:\/\/szkolazabrowo.pl\/wp-content\/uploads\/2025\/10\/20251003_093600-203x270.jpg 203w, https:\/\/szkolazabrowo.pl\/wp-content\/uploads\/2025\/10\/20251003_093600.jpg 810w\" sizes=\"auto, (max-width: 768px) 100vw, 768px\" \/><\/figure>\n\n\n\n<figure class=\"wp-block-image size-large\"><img loading=\"lazy\" decoding=\"async\" width=\"768\" height=\"1024\" data-id=\"15437\" src=\"https:\/\/szkolazabrowo.pl\/wp-content\/uploads\/2025\/10\/20251003_093908-768x1024.jpg\" alt=\"\" class=\"wp-image-15437\" srcset=\"https:\/\/szkolazabrowo.pl\/wp-content\/uploads\/2025\/10\/20251003_093908-768x1024.jpg 768w, https:\/\/szkolazabrowo.pl\/wp-content\/uploads\/2025\/10\/20251003_093908-225x300.jpg 225w, https:\/\/szkolazabrowo.pl\/wp-content\/uploads\/2025\/10\/20251003_093908-203x270.jpg 203w, https:\/\/szkolazabrowo.pl\/wp-content\/uploads\/2025\/10\/20251003_093908.jpg 810w\" sizes=\"auto, (max-width: 768px) 100vw, 768px\" \/><\/figure>\n\n\n\n<figure class=\"wp-block-image size-large\"><img loading=\"lazy\" decoding=\"async\" width=\"768\" height=\"1024\" data-id=\"15438\" src=\"https:\/\/szkolazabrowo.pl\/wp-content\/uploads\/2025\/10\/20251003_094810-768x1024.jpg\" alt=\"\" class=\"wp-image-15438\" srcset=\"https:\/\/szkolazabrowo.pl\/wp-content\/uploads\/2025\/10\/20251003_094810-768x1024.jpg 768w, https:\/\/szkolazabrowo.pl\/wp-content\/uploads\/2025\/10\/20251003_094810-225x300.jpg 225w, https:\/\/szkolazabrowo.pl\/wp-content\/uploads\/2025\/10\/20251003_094810-203x270.jpg 203w, https:\/\/szkolazabrowo.pl\/wp-content\/uploads\/2025\/10\/20251003_094810.jpg 810w\" sizes=\"auto, (max-width: 768px) 100vw, 768px\" \/><\/figure>\n\n\n\n<figure class=\"wp-block-image size-large\"><img loading=\"lazy\" decoding=\"async\" width=\"1024\" height=\"768\" data-id=\"15439\" src=\"https:\/\/szkolazabrowo.pl\/wp-content\/uploads\/2025\/10\/20251003_095203-1024x768.jpg\" alt=\"\" class=\"wp-image-15439\" srcset=\"https:\/\/szkolazabrowo.pl\/wp-content\/uploads\/2025\/10\/20251003_095203-1024x768.jpg 1024w, https:\/\/szkolazabrowo.pl\/wp-content\/uploads\/2025\/10\/20251003_095203-300x225.jpg 300w, https:\/\/szkolazabrowo.pl\/wp-content\/uploads\/2025\/10\/20251003_095203-768x576.jpg 768w, https:\/\/szkolazabrowo.pl\/wp-content\/uploads\/2025\/10\/20251003_095203-360x270.jpg 360w, https:\/\/szkolazabrowo.pl\/wp-content\/uploads\/2025\/10\/20251003_095203.jpg 1440w\" sizes=\"auto, (max-width: 1024px) 100vw, 1024px\" \/><\/figure>\n\n\n\n<figure class=\"wp-block-image size-large\"><img loading=\"lazy\" decoding=\"async\" width=\"768\" height=\"1024\" data-id=\"15440\" src=\"https:\/\/szkolazabrowo.pl\/wp-content\/uploads\/2025\/10\/20251003_100729-768x1024.jpg\" alt=\"\" class=\"wp-image-15440\" srcset=\"https:\/\/szkolazabrowo.pl\/wp-content\/uploads\/2025\/10\/20251003_100729-768x1024.jpg 768w, https:\/\/szkolazabrowo.pl\/wp-content\/uploads\/2025\/10\/20251003_100729-225x300.jpg 225w, https:\/\/szkolazabrowo.pl\/wp-content\/uploads\/2025\/10\/20251003_100729-203x270.jpg 203w, https:\/\/szkolazabrowo.pl\/wp-content\/uploads\/2025\/10\/20251003_100729.jpg 810w\" sizes=\"auto, (max-width: 768px) 100vw, 768px\" \/><\/figure>\n\n\n\n<figure class=\"wp-block-image size-large\"><img loading=\"lazy\" decoding=\"async\" width=\"768\" height=\"1024\" data-id=\"15441\" src=\"https:\/\/szkolazabrowo.pl\/wp-content\/uploads\/2025\/10\/20251003_104247-768x1024.jpg\" alt=\"\" class=\"wp-image-15441\" srcset=\"https:\/\/szkolazabrowo.pl\/wp-content\/uploads\/2025\/10\/20251003_104247-768x1024.jpg 768w, https:\/\/szkolazabrowo.pl\/wp-content\/uploads\/2025\/10\/20251003_104247-225x300.jpg 225w, https:\/\/szkolazabrowo.pl\/wp-content\/uploads\/2025\/10\/20251003_104247-203x270.jpg 203w, https:\/\/szkolazabrowo.pl\/wp-content\/uploads\/2025\/10\/20251003_104247.jpg 810w\" sizes=\"auto, (max-width: 768px) 100vw, 768px\" \/><\/figure>\n\n\n\n<figure class=\"wp-block-image size-large\"><img loading=\"lazy\" decoding=\"async\" width=\"768\" height=\"1024\" data-id=\"15442\" src=\"https:\/\/szkolazabrowo.pl\/wp-content\/uploads\/2025\/10\/20251003_104543-768x1024.jpg\" alt=\"\" class=\"wp-image-15442\" srcset=\"https:\/\/szkolazabrowo.pl\/wp-content\/uploads\/2025\/10\/20251003_104543-768x1024.jpg 768w, https:\/\/szkolazabrowo.pl\/wp-content\/uploads\/2025\/10\/20251003_104543-225x300.jpg 225w, https:\/\/szkolazabrowo.pl\/wp-content\/uploads\/2025\/10\/20251003_104543-203x270.jpg 203w, https:\/\/szkolazabrowo.pl\/wp-content\/uploads\/2025\/10\/20251003_104543.jpg 810w\" sizes=\"auto, (max-width: 768px) 100vw, 768px\" \/><\/figure>\n\n\n\n<figure class=\"wp-block-image size-large\"><img loading=\"lazy\" decoding=\"async\" width=\"768\" height=\"1024\" data-id=\"15443\" src=\"https:\/\/szkolazabrowo.pl\/wp-content\/uploads\/2025\/10\/20251003_104550-768x1024.jpg\" alt=\"\" class=\"wp-image-15443\" srcset=\"https:\/\/szkolazabrowo.pl\/wp-content\/uploads\/2025\/10\/20251003_104550-768x1024.jpg 768w, https:\/\/szkolazabrowo.pl\/wp-content\/uploads\/2025\/10\/20251003_104550-225x300.jpg 225w, https:\/\/szkolazabrowo.pl\/wp-content\/uploads\/2025\/10\/20251003_104550-203x270.jpg 203w, https:\/\/szkolazabrowo.pl\/wp-content\/uploads\/2025\/10\/20251003_104550.jpg 810w\" sizes=\"auto, (max-width: 768px) 100vw, 768px\" \/><\/figure>\n\n\n\n<figure class=\"wp-block-image size-large\"><img loading=\"lazy\" decoding=\"async\" width=\"768\" height=\"1024\" data-id=\"15444\" src=\"https:\/\/szkolazabrowo.pl\/wp-content\/uploads\/2025\/10\/20251003_110234-768x1024.jpg\" alt=\"\" class=\"wp-image-15444\" srcset=\"https:\/\/szkolazabrowo.pl\/wp-content\/uploads\/2025\/10\/20251003_110234-768x1024.jpg 768w, https:\/\/szkolazabrowo.pl\/wp-content\/uploads\/2025\/10\/20251003_110234-225x300.jpg 225w, https:\/\/szkolazabrowo.pl\/wp-content\/uploads\/2025\/10\/20251003_110234-203x270.jpg 203w, https:\/\/szkolazabrowo.pl\/wp-content\/uploads\/2025\/10\/20251003_110234.jpg 810w\" sizes=\"auto, (max-width: 768px) 100vw, 768px\" \/><\/figure>\n\n\n\n<figure class=\"wp-block-image size-large\"><img loading=\"lazy\" decoding=\"async\" width=\"768\" height=\"1024\" data-id=\"15445\" src=\"https:\/\/szkolazabrowo.pl\/wp-content\/uploads\/2025\/10\/20251003_112222-768x1024.jpg\" alt=\"\" class=\"wp-image-15445\" srcset=\"https:\/\/szkolazabrowo.pl\/wp-content\/uploads\/2025\/10\/20251003_112222-768x1024.jpg 768w, https:\/\/szkolazabrowo.pl\/wp-content\/uploads\/2025\/10\/20251003_112222-225x300.jpg 225w, https:\/\/szkolazabrowo.pl\/wp-content\/uploads\/2025\/10\/20251003_112222-203x270.jpg 203w, https:\/\/szkolazabrowo.pl\/wp-content\/uploads\/2025\/10\/20251003_112222.jpg 810w\" sizes=\"auto, (max-width: 768px) 100vw, 768px\" \/><\/figure>\n\n\n\n<figure class=\"wp-block-image size-large\"><img loading=\"lazy\" decoding=\"async\" width=\"1024\" height=\"768\" data-id=\"15446\" src=\"https:\/\/szkolazabrowo.pl\/wp-content\/uploads\/2025\/10\/20251003_112914-1024x768.jpg\" alt=\"\" class=\"wp-image-15446\" srcset=\"https:\/\/szkolazabrowo.pl\/wp-content\/uploads\/2025\/10\/20251003_112914-1024x768.jpg 1024w, https:\/\/szkolazabrowo.pl\/wp-content\/uploads\/2025\/10\/20251003_112914-300x225.jpg 300w, https:\/\/szkolazabrowo.pl\/wp-content\/uploads\/2025\/10\/20251003_112914-768x576.jpg 768w, https:\/\/szkolazabrowo.pl\/wp-content\/uploads\/2025\/10\/20251003_112914-360x270.jpg 360w, https:\/\/szkolazabrowo.pl\/wp-content\/uploads\/2025\/10\/20251003_112914.jpg 1440w\" sizes=\"auto, (max-width: 1024px) 100vw, 1024px\" \/><\/figure>\n\n\n\n<figure class=\"wp-block-image size-large\"><img loading=\"lazy\" decoding=\"async\" width=\"768\" height=\"1024\" data-id=\"15447\" src=\"https:\/\/szkolazabrowo.pl\/wp-content\/uploads\/2025\/10\/20251003_113107-768x1024.jpg\" alt=\"\" class=\"wp-image-15447\" srcset=\"https:\/\/szkolazabrowo.pl\/wp-content\/uploads\/2025\/10\/20251003_113107-768x1024.jpg 768w, https:\/\/szkolazabrowo.pl\/wp-content\/uploads\/2025\/10\/20251003_113107-225x300.jpg 225w, https:\/\/szkolazabrowo.pl\/wp-content\/uploads\/2025\/10\/20251003_113107-203x270.jpg 203w, https:\/\/szkolazabrowo.pl\/wp-content\/uploads\/2025\/10\/20251003_113107.jpg 810w\" sizes=\"auto, (max-width: 768px) 100vw, 768px\" \/><\/figure>\n<\/figure>\n","protected":false},"excerpt":{"rendered":"<p>Dzieci 5 letnie oraz 6 letnie bra\u0142y udzia\u0142 w popularnym jesieni\u0105 wydarzeniu upami\u0119tniaj\u0105cym zako\u0144czenie zbior\u00f3w ziemniak\u00f3w i tradycj\u0119 pieczenia ich w ognisku. Jest to okazja do przypomnienia historii ziemniaka i jego znaczenia w kulturze. Opr\u00f3cz wykopk\u00f3w na dzieci czeka\u0142o wiele <a href=\"https:\/\/szkolazabrowo.pl\/?page_id=15418\" class=\"read-more\">Czytaj wi\u0119cej &#8230;<\/a><\/p>\n","protected":false},"author":1,"featured_media":0,"parent":0,"menu_order":0,"comment_status":"closed","ping_status":"closed","template":"","meta":{"footnotes":""},"class_list":["post-15418","page","type-page","status-publish","hentry"],"_links":{"self":[{"href":"https:\/\/szkolazabrowo.pl\/index.php?rest_route=\/wp\/v2\/pages\/15418","targetHints":{"allow":["GET"]}}],"collection":[{"href":"https:\/\/szkolazabrowo.pl\/index.php?rest_route=\/wp\/v2\/pages"}],"about":[{"href":"https:\/\/szkolazabrowo.pl\/index.php?rest_route=\/wp\/v2\/types\/page"}],"author":[{"embeddable":true,"href":"https:\/\/szkolazabrowo.pl\/index.php?rest_route=\/wp\/v2\/users\/1"}],"replies":[{"embeddable":true,"href":"https:\/\/szkolazabrowo.pl\/index.php?rest_route=%2Fwp%2Fv2%2Fcomments&post=15418"}],"version-history":[{"count":1,"href":"https:\/\/szkolazabrowo.pl\/index.php?rest_route=\/wp\/v2\/pages\/15418\/revisions"}],"predecessor-version":[{"id":15449,"href":"https:\/\/szkolazabrowo.pl\/index.php?rest_route=\/wp\/v2\/pages\/15418\/revisions\/15449"}],"wp:attachment":[{"href":"https:\/\/szkolazabrowo.pl\/index.php?rest_route=%2Fwp%2Fv2%2Fmedia&parent=15418"}],"curies":[{"name":"wp","href":"https:\/\/api.w.org\/{rel}","templated":true}]}}