{"id":15370,"date":"2025-10-14T15:17:07","date_gmt":"2025-10-14T15:17:07","guid":{"rendered":"https:\/\/szkolazabrowo.pl\/?page_id=15370"},"modified":"2025-10-14T15:17:08","modified_gmt":"2025-10-14T15:17:08","slug":"dzien-przedszkolaka-3","status":"publish","type":"page","link":"https:\/\/szkolazabrowo.pl\/?page_id=15370","title":{"rendered":"Dzie\u0144 Przedszkolaka!"},"content":{"rendered":"\n<p>Jak co roku 20 wrze\u015bnia obchodzili\u015bmy w naszym przedszkolu \u201e Dzie\u0144 Przedszkolaka\u201d \u015bwi\u0119to ustanowione aby podkre\u015bli\u0107 znaczenie edukacji przedszkolnej i zwr\u00f3cenie uwagi na jej wag\u0119 w rozwoju dziecka.. Na dzieci czeka\u0142o moc atrakcji takich jak: przepyszny tort, gry i zabawy w ogrodzie przedszkolnym, mini disco pod chmurk\u0105 a wszystko po to aby zach\u0119ci\u0107 dzieci do czerpania rado\u015bci z bycia przedszkolakiem.<\/p>\n\n\n\n<figure class=\"wp-block-gallery has-nested-images columns-default is-cropped wp-block-gallery-1 is-layout-flex wp-block-gallery-is-layout-flex\">\n<figure class=\"wp-block-image size-large\"><img loading=\"lazy\" decoding=\"async\" width=\"768\" height=\"1024\" data-id=\"15371\" src=\"https:\/\/szkolazabrowo.pl\/wp-content\/uploads\/2025\/10\/20250919_095941-768x1024.jpg\" alt=\"\" class=\"wp-image-15371\" srcset=\"https:\/\/szkolazabrowo.pl\/wp-content\/uploads\/2025\/10\/20250919_095941-768x1024.jpg 768w, https:\/\/szkolazabrowo.pl\/wp-content\/uploads\/2025\/10\/20250919_095941-225x300.jpg 225w, https:\/\/szkolazabrowo.pl\/wp-content\/uploads\/2025\/10\/20250919_095941-203x270.jpg 203w, https:\/\/szkolazabrowo.pl\/wp-content\/uploads\/2025\/10\/20250919_095941.jpg 810w\" sizes=\"auto, (max-width: 768px) 100vw, 768px\" \/><\/figure>\n\n\n\n<figure class=\"wp-block-image size-large\"><img loading=\"lazy\" decoding=\"async\" width=\"1024\" height=\"768\" data-id=\"15372\" src=\"https:\/\/szkolazabrowo.pl\/wp-content\/uploads\/2025\/10\/20250919_100325-1024x768.jpg\" alt=\"\" class=\"wp-image-15372\" srcset=\"https:\/\/szkolazabrowo.pl\/wp-content\/uploads\/2025\/10\/20250919_100325-1024x768.jpg 1024w, https:\/\/szkolazabrowo.pl\/wp-content\/uploads\/2025\/10\/20250919_100325-300x225.jpg 300w, https:\/\/szkolazabrowo.pl\/wp-content\/uploads\/2025\/10\/20250919_100325-768x576.jpg 768w, https:\/\/szkolazabrowo.pl\/wp-content\/uploads\/2025\/10\/20250919_100325-360x270.jpg 360w, https:\/\/szkolazabrowo.pl\/wp-content\/uploads\/2025\/10\/20250919_100325.jpg 1440w\" sizes=\"auto, (max-width: 1024px) 100vw, 1024px\" \/><\/figure>\n\n\n\n<figure class=\"wp-block-image size-large\"><img loading=\"lazy\" decoding=\"async\" width=\"768\" height=\"1024\" data-id=\"15373\" src=\"https:\/\/szkolazabrowo.pl\/wp-content\/uploads\/2025\/10\/20250919_103831-768x1024.jpg\" alt=\"\" class=\"wp-image-15373\" srcset=\"https:\/\/szkolazabrowo.pl\/wp-content\/uploads\/2025\/10\/20250919_103831-768x1024.jpg 768w, https:\/\/szkolazabrowo.pl\/wp-content\/uploads\/2025\/10\/20250919_103831-225x300.jpg 225w, https:\/\/szkolazabrowo.pl\/wp-content\/uploads\/2025\/10\/20250919_103831-203x270.jpg 203w, https:\/\/szkolazabrowo.pl\/wp-content\/uploads\/2025\/10\/20250919_103831.jpg 810w\" sizes=\"auto, (max-width: 768px) 100vw, 768px\" \/><\/figure>\n\n\n\n<figure class=\"wp-block-image size-large\"><img loading=\"lazy\" decoding=\"async\" width=\"768\" height=\"1024\" data-id=\"15374\" src=\"https:\/\/szkolazabrowo.pl\/wp-content\/uploads\/2025\/10\/20250919_103920-768x1024.jpg\" alt=\"\" class=\"wp-image-15374\" srcset=\"https:\/\/szkolazabrowo.pl\/wp-content\/uploads\/2025\/10\/20250919_103920-768x1024.jpg 768w, https:\/\/szkolazabrowo.pl\/wp-content\/uploads\/2025\/10\/20250919_103920-225x300.jpg 225w, https:\/\/szkolazabrowo.pl\/wp-content\/uploads\/2025\/10\/20250919_103920-203x270.jpg 203w, https:\/\/szkolazabrowo.pl\/wp-content\/uploads\/2025\/10\/20250919_103920.jpg 810w\" sizes=\"auto, (max-width: 768px) 100vw, 768px\" \/><\/figure>\n\n\n\n<figure class=\"wp-block-image size-large\"><img loading=\"lazy\" decoding=\"async\" width=\"1024\" height=\"768\" data-id=\"15375\" src=\"https:\/\/szkolazabrowo.pl\/wp-content\/uploads\/2025\/10\/20250919_103931-1024x768.jpg\" alt=\"\" class=\"wp-image-15375\" srcset=\"https:\/\/szkolazabrowo.pl\/wp-content\/uploads\/2025\/10\/20250919_103931-1024x768.jpg 1024w, https:\/\/szkolazabrowo.pl\/wp-content\/uploads\/2025\/10\/20250919_103931-300x225.jpg 300w, https:\/\/szkolazabrowo.pl\/wp-content\/uploads\/2025\/10\/20250919_103931-768x576.jpg 768w, https:\/\/szkolazabrowo.pl\/wp-content\/uploads\/2025\/10\/20250919_103931-360x270.jpg 360w, https:\/\/szkolazabrowo.pl\/wp-content\/uploads\/2025\/10\/20250919_103931.jpg 1440w\" sizes=\"auto, (max-width: 1024px) 100vw, 1024px\" \/><\/figure>\n\n\n\n<figure class=\"wp-block-image size-large\"><img loading=\"lazy\" decoding=\"async\" width=\"627\" height=\"1024\" data-id=\"15376\" src=\"https:\/\/szkolazabrowo.pl\/wp-content\/uploads\/2025\/10\/20250919_104903-627x1024.jpg\" alt=\"\" class=\"wp-image-15376\" srcset=\"https:\/\/szkolazabrowo.pl\/wp-content\/uploads\/2025\/10\/20250919_104903-627x1024.jpg 627w, https:\/\/szkolazabrowo.pl\/wp-content\/uploads\/2025\/10\/20250919_104903-184x300.jpg 184w, https:\/\/szkolazabrowo.pl\/wp-content\/uploads\/2025\/10\/20250919_104903-165x270.jpg 165w, https:\/\/szkolazabrowo.pl\/wp-content\/uploads\/2025\/10\/20250919_104903.jpg 661w\" sizes=\"auto, (max-width: 627px) 100vw, 627px\" \/><\/figure>\n\n\n\n<figure class=\"wp-block-image size-large\"><img loading=\"lazy\" decoding=\"async\" width=\"768\" height=\"1024\" data-id=\"15377\" src=\"https:\/\/szkolazabrowo.pl\/wp-content\/uploads\/2025\/10\/20250919_095852-768x1024.jpg\" alt=\"\" class=\"wp-image-15377\" srcset=\"https:\/\/szkolazabrowo.pl\/wp-content\/uploads\/2025\/10\/20250919_095852-768x1024.jpg 768w, https:\/\/szkolazabrowo.pl\/wp-content\/uploads\/2025\/10\/20250919_095852-225x300.jpg 225w, https:\/\/szkolazabrowo.pl\/wp-content\/uploads\/2025\/10\/20250919_095852-203x270.jpg 203w, https:\/\/szkolazabrowo.pl\/wp-content\/uploads\/2025\/10\/20250919_095852.jpg 810w\" sizes=\"auto, (max-width: 768px) 100vw, 768px\" \/><\/figure>\n<\/figure>\n\n\n\n<figure class=\"wp-block-video\"><video height=\"1080\" style=\"aspect-ratio: 1920 \/ 1080;\" width=\"1920\" controls src=\"https:\/\/szkolazabrowo.pl\/wp-content\/uploads\/2025\/10\/20250919_095407.mp4\"><\/video><\/figure>\n\n\n\n<figure class=\"wp-block-video\"><video height=\"1080\" style=\"aspect-ratio: 1920 \/ 1080;\" width=\"1920\" controls src=\"https:\/\/szkolazabrowo.pl\/wp-content\/uploads\/2025\/10\/20250919_103422.mp4\"><\/video><\/figure>\n\n\n\n<figure class=\"wp-block-video\"><video height=\"1024\" style=\"aspect-ratio: 576 \/ 1024;\" width=\"576\" controls src=\"https:\/\/szkolazabrowo.pl\/wp-content\/uploads\/2025\/10\/Messenger_creation_1087510473544017.mp4\"><\/video><\/figure>\n\n\n\n<p><\/p>\n","protected":false},"excerpt":{"rendered":"<p>Jak co roku 20 wrze\u015bnia obchodzili\u015bmy w naszym przedszkolu \u201e Dzie\u0144 Przedszkolaka\u201d \u015bwi\u0119to ustanowione aby podkre\u015bli\u0107 znaczenie edukacji przedszkolnej i zwr\u00f3cenie uwagi na jej wag\u0119 w rozwoju dziecka.. Na dzieci czeka\u0142o moc atrakcji takich jak: przepyszny tort, gry i zabawy <a href=\"https:\/\/szkolazabrowo.pl\/?page_id=15370\" class=\"read-more\">Czytaj wi\u0119cej &#8230;<\/a><\/p>\n","protected":false},"author":1,"featured_media":0,"parent":0,"menu_order":0,"comment_status":"closed","ping_status":"closed","template":"","meta":{"footnotes":""},"class_list":["post-15370","page","type-page","status-publish","hentry"],"_links":{"self":[{"href":"https:\/\/szkolazabrowo.pl\/index.php?rest_route=\/wp\/v2\/pages\/15370","targetHints":{"allow":["GET"]}}],"collection":[{"href":"https:\/\/szkolazabrowo.pl\/index.php?rest_route=\/wp\/v2\/pages"}],"about":[{"href":"https:\/\/szkolazabrowo.pl\/index.php?rest_route=\/wp\/v2\/types\/page"}],"author":[{"embeddable":true,"href":"https:\/\/szkolazabrowo.pl\/index.php?rest_route=\/wp\/v2\/users\/1"}],"replies":[{"embeddable":true,"href":"https:\/\/szkolazabrowo.pl\/index.php?rest_route=%2Fwp%2Fv2%2Fcomments&post=15370"}],"version-history":[{"count":1,"href":"https:\/\/szkolazabrowo.pl\/index.php?rest_route=\/wp\/v2\/pages\/15370\/revisions"}],"predecessor-version":[{"id":15382,"href":"https:\/\/szkolazabrowo.pl\/index.php?rest_route=\/wp\/v2\/pages\/15370\/revisions\/15382"}],"wp:attachment":[{"href":"https:\/\/szkolazabrowo.pl\/index.php?rest_route=%2Fwp%2Fv2%2Fmedia&parent=15370"}],"curies":[{"name":"wp","href":"https:\/\/api.w.org\/{rel}","templated":true}]}}