{"id":15291,"date":"2025-10-01T10:02:45","date_gmt":"2025-10-01T10:02:45","guid":{"rendered":"https:\/\/szkolazabrowo.pl\/?page_id=15291"},"modified":"2025-10-01T10:02:47","modified_gmt":"2025-10-01T10:02:47","slug":"europejski-dzien-sportu-szkolnego-rajd-jesienny-do-szymbarka","status":"publish","type":"page","link":"https:\/\/szkolazabrowo.pl\/?page_id=15291","title":{"rendered":"Europejski Dzie\u0144 Sportu Szkolnego, Rajd Jesienny do Szymbarka"},"content":{"rendered":"\n<p>W Szkole Podstawowej w Z\u0105browie wrzesie\u0144 obfitowa\u0142 w wyj\u0105tkowe wydarzenia, kt\u00f3re na d\u0142ugo pozostan\u0105 w pami\u0119ci uczni\u00f3w i nauczycieli. Wsp\u00f3lne \u015bwi\u0119towanie Europejskiego Dnia Sportu Szkolnego oraz udzia\u0142 w Rajdzie Jesiennym do Szymbarka po\u0142\u0105czy\u0142y aktywno\u015b\u0107 fizyczn\u0105, integracj\u0119 i rado\u015b\u0107 z przebywania razem.<\/p>\n\n\n\n<p>Europejski Dzie\u0144 Sportu Szkolnego obchodzony w tym roku 26 wrze\u015bnia to inicjatywa, kt\u00f3rej celem jest promocja zdrowego trybu \u017cycia i zach\u0119canie dzieci do regularnej aktywno\u015bci fizycznej. Tego dnia korytarze szkolne&nbsp; i sala gimnastyczna w Z\u0105browie wype\u0142ni\u0142y si\u0119 gwarem i sportow\u0105 energi\u0105.<br>Uczniowie brali udzia\u0142 w aktywnych przerwach \u2013 od gier zespo\u0142owych, przez taniec, a\u017c po konkurencje sprawno\u015bciowe i zabawy ruchowe. By\u0142a r\u00f3wnie\u017c joga, kt\u00f3ra pozwoli\u0142a uczniom wsp\u00f3lnie po\u0107wiczy\u0107 nad elastyczno\u015bci\u0105 i prawid\u0142ow\u0105 postaw\u0105 cia\u0142a. Ka\u017cdy uczestnik znalaz\u0142 co\u015b dla siebie. Atmosfera zdrowej rywalizacji i wsp\u00f3lnej zabawy udowodni\u0142a, \u017ce sport potrafi \u0142\u0105czy\u0107 i daje mn\u00f3stwo rado\u015bci.<\/p>\n\n\n\n<p>Kilka dni p\u00f3\u017aniej 30 wrze\u015bnia uczniowie klas 1-8 wraz z nauczycielami wyruszyli na Rajd Jesienny do Szymbarka. By\u0142a to okazja, aby w pi\u0119knej, jesiennej scenerii sp\u0119dzi\u0107 czas na \u015bwie\u017cym powietrzu i pozna\u0107 urokliwe zak\u0105tki regionu. Trasa rajdu prowadzi\u0142a malowniczymi le\u015bnymi drogami, a wsp\u00f3lny marsz sprzyja\u0142 rozmowom i integracji uczestnik\u00f3w.<br>Po dotarciu do placu przy \u015bwietlicy w Szymbarku czeka\u0142o ognisko z pieczeniem kie\u0142basek, kt\u00f3re odby\u0142o si\u0119 dzi\u0119ki pomocy i uprzejmo\u015bci Pani So\u0142tys Bo\u017cenie Majewskiej oraz Radzie Rodzic\u00f3w szko\u0142y w Z\u0105browie. Uczniowie mieli okazj\u0119 podziwia\u0107 jesienn\u0105 przyrod\u0119 i odpocz\u0105\u0107 od szkolnych obowi\u0105zk\u00f3w w towarzystwie kole\u017canek, koleg\u00f3w i nauczycieli. Najm\u0142odszym uczniom z klas 1-3 towarzyszyli rodzice.<\/p>\n\n\n\n<p>Zar\u00f3wno Europejski Dzie\u0144 Sportu Szkolnego, jak i Rajd Jesienny do Szymbarka pokaza\u0142y, jak wa\u017cne jest \u0142\u0105czenie nauki z aktywno\u015bci\u0105 ruchow\u0105 i wsp\u00f3lnym prze\u017cywaniem wydarze\u0144. To w\u0142a\u015bnie takie chwile buduj\u0105 wi\u0119zi mi\u0119dzy uczniami, ucz\u0105 wsp\u00f3\u0142pracy, a jednocze\u015bnie promuj\u0105 zdrowy styl \u017cycia.<br>Szko\u0142a w Z\u0105browie po raz kolejny udowodni\u0142a, \u017ce edukacja to nie tylko lekcje w klasie, ale tak\u017ce do\u015bwiadczenia, kt\u00f3re kszta\u0142tuj\u0105 m\u0142odych ludzi i dostarczaj\u0105 im niezapomnianych wspomnie\u0144.<\/p>\n\n\n<div class=\"su-custom-gallery su-custom-gallery-align-left su-custom-gallery-title-never\"><div class=\"su-custom-gallery-slide\" style=\"width:350px;height:300px\"><a href=\"https:\/\/szkolazabrowo.pl\/wp-content\/uploads\/2025\/10\/IMG_20250926_094945-scaled.jpg\" title=\"IMG_20250926_094945\"><img loading=\"lazy\" decoding=\"async\" src=\"https:\/\/szkolazabrowo.pl\/wp-content\/uploads\/2025\/10\/IMG_20250926_094945-scaled.jpg\" alt=\"IMG_20250926_094945\" width=\"350\" height=\"300\" \/><span class=\"su-custom-gallery-title\">IMG_20250926_094945<\/span><\/a><\/div><div class=\"su-custom-gallery-slide\" style=\"width:350px;height:300px\"><a href=\"https:\/\/szkolazabrowo.pl\/wp-content\/uploads\/2025\/10\/IMG_20250929_175744.jpg\" title=\"IMG_20250929_175744\"><img loading=\"lazy\" decoding=\"async\" src=\"https:\/\/szkolazabrowo.pl\/wp-content\/uploads\/2025\/10\/IMG_20250929_175744-350x300.jpg\" alt=\"IMG_20250929_175744\" width=\"350\" height=\"300\" \/><span class=\"su-custom-gallery-title\">IMG_20250929_175744<\/span><\/a><\/div><div class=\"su-custom-gallery-slide\" style=\"width:350px;height:300px\"><a href=\"https:\/\/szkolazabrowo.pl\/wp-content\/uploads\/2025\/10\/received_668312952529906.jpeg\" title=\"received_668312952529906\"><img loading=\"lazy\" decoding=\"async\" src=\"https:\/\/szkolazabrowo.pl\/wp-content\/uploads\/2025\/10\/received_668312952529906-350x300.jpeg\" alt=\"received_668312952529906\" width=\"350\" height=\"300\" \/><span class=\"su-custom-gallery-title\">received_668312952529906<\/span><\/a><\/div><div class=\"su-custom-gallery-slide\" style=\"width:350px;height:300px\"><a href=\"https:\/\/szkolazabrowo.pl\/wp-content\/uploads\/2025\/10\/IMG_20250930_102824.jpg\" title=\"IMG_20250930_102824\"><img loading=\"lazy\" decoding=\"async\" src=\"https:\/\/szkolazabrowo.pl\/wp-content\/uploads\/2025\/10\/IMG_20250930_102824-350x300.jpg\" alt=\"IMG_20250930_102824\" width=\"350\" height=\"300\" \/><span class=\"su-custom-gallery-title\">IMG_20250930_102824<\/span><\/a><\/div><div class=\"su-custom-gallery-slide\" style=\"width:350px;height:300px\"><a href=\"https:\/\/szkolazabrowo.pl\/wp-content\/uploads\/2025\/10\/Messenger_creation_2839914E-F623-44A2-BFA6-505CC8761E6D-scaled.jpeg\" title=\"Messenger_creation_2839914E-F623-44A2-BFA6-505CC8761E6D\"><img loading=\"lazy\" decoding=\"async\" src=\"https:\/\/szkolazabrowo.pl\/wp-content\/uploads\/2025\/10\/Messenger_creation_2839914E-F623-44A2-BFA6-505CC8761E6D-scaled.jpeg\" alt=\"Messenger_creation_2839914E-F623-44A2-BFA6-505CC8761E6D\" width=\"350\" height=\"300\" \/><span class=\"su-custom-gallery-title\">Messenger_creation_2839914E-F623-44A2-BFA6-505CC8761E6D<\/span><\/a><\/div><div class=\"su-custom-gallery-slide\" style=\"width:350px;height:300px\"><a href=\"https:\/\/szkolazabrowo.pl\/wp-content\/uploads\/2025\/10\/IMG_20250926_113315-scaled.jpg\" title=\"IMG_20250926_113315\"><img loading=\"lazy\" decoding=\"async\" src=\"https:\/\/szkolazabrowo.pl\/wp-content\/uploads\/2025\/10\/IMG_20250926_113315-scaled.jpg\" alt=\"IMG_20250926_113315\" width=\"350\" height=\"300\" \/><span class=\"su-custom-gallery-title\">IMG_20250926_113315<\/span><\/a><\/div><div class=\"su-custom-gallery-slide\" style=\"width:350px;height:300px\"><a href=\"https:\/\/szkolazabrowo.pl\/wp-content\/uploads\/2025\/10\/IMG_20250930_092723-scaled.jpg\" title=\"IMG_20250930_092723\"><img loading=\"lazy\" decoding=\"async\" src=\"https:\/\/szkolazabrowo.pl\/wp-content\/uploads\/2025\/10\/IMG_20250930_092723-scaled.jpg\" alt=\"IMG_20250930_092723\" width=\"350\" height=\"300\" \/><span class=\"su-custom-gallery-title\">IMG_20250930_092723<\/span><\/a><\/div><div class=\"su-custom-gallery-slide\" style=\"width:350px;height:300px\"><a href=\"https:\/\/szkolazabrowo.pl\/wp-content\/uploads\/2025\/10\/IMG_20250930_094319-scaled.jpg\" title=\"IMG_20250930_094319\"><img loading=\"lazy\" decoding=\"async\" src=\"https:\/\/szkolazabrowo.pl\/wp-content\/uploads\/2025\/10\/IMG_20250930_094319-scaled.jpg\" alt=\"IMG_20250930_094319\" width=\"350\" height=\"300\" \/><span class=\"su-custom-gallery-title\">IMG_20250930_094319<\/span><\/a><\/div><div class=\"su-custom-gallery-slide\" style=\"width:350px;height:300px\"><a href=\"https:\/\/szkolazabrowo.pl\/wp-content\/uploads\/2025\/10\/IMG_20250926_103809.jpg\" title=\"IMG_20250926_103809\"><img loading=\"lazy\" decoding=\"async\" src=\"https:\/\/szkolazabrowo.pl\/wp-content\/uploads\/2025\/10\/IMG_20250926_103809-350x300.jpg\" alt=\"IMG_20250926_103809\" width=\"350\" height=\"300\" \/><span class=\"su-custom-gallery-title\">IMG_20250926_103809<\/span><\/a><\/div><div class=\"su-custom-gallery-slide\" style=\"width:350px;height:300px\"><a href=\"https:\/\/szkolazabrowo.pl\/wp-content\/uploads\/2025\/10\/IMG_20250930_115810.jpg\" title=\"IMG_20250930_115810\"><img loading=\"lazy\" decoding=\"async\" src=\"https:\/\/szkolazabrowo.pl\/wp-content\/uploads\/2025\/10\/IMG_20250930_115810-350x300.jpg\" alt=\"IMG_20250930_115810\" width=\"350\" height=\"300\" \/><span class=\"su-custom-gallery-title\">IMG_20250930_115810<\/span><\/a><\/div><div class=\"su-custom-gallery-slide\" style=\"width:350px;height:300px\"><a href=\"https:\/\/szkolazabrowo.pl\/wp-content\/uploads\/2025\/10\/Messenger_creation_7D02730E-87A6-4797-9108-BBED809F4E52.jpeg\" title=\"Messenger_creation_7D02730E-87A6-4797-9108-BBED809F4E52\"><img loading=\"lazy\" decoding=\"async\" src=\"https:\/\/szkolazabrowo.pl\/wp-content\/uploads\/2025\/10\/Messenger_creation_7D02730E-87A6-4797-9108-BBED809F4E52-350x300.jpeg\" alt=\"Messenger_creation_7D02730E-87A6-4797-9108-BBED809F4E52\" width=\"350\" height=\"300\" \/><span class=\"su-custom-gallery-title\">Messenger_creation_7D02730E-87A6-4797-9108-BBED809F4E52<\/span><\/a><\/div><div class=\"su-custom-gallery-slide\" style=\"width:350px;height:300px\"><a href=\"https:\/\/szkolazabrowo.pl\/wp-content\/uploads\/2025\/10\/Messenger_creation_22FFBA98-B203-4DAE-A005-DC876B02C679.jpeg\" title=\"Messenger_creation_22FFBA98-B203-4DAE-A005-DC876B02C679\"><img loading=\"lazy\" decoding=\"async\" src=\"https:\/\/szkolazabrowo.pl\/wp-content\/uploads\/2025\/10\/Messenger_creation_22FFBA98-B203-4DAE-A005-DC876B02C679-350x300.jpeg\" alt=\"Messenger_creation_22FFBA98-B203-4DAE-A005-DC876B02C679\" width=\"350\" height=\"300\" \/><span class=\"su-custom-gallery-title\">Messenger_creation_22FFBA98-B203-4DAE-A005-DC876B02C679<\/span><\/a><\/div><div class=\"su-custom-gallery-slide\" style=\"width:350px;height:300px\"><a href=\"https:\/\/szkolazabrowo.pl\/wp-content\/uploads\/2025\/10\/IMG_20250926_094956-scaled.jpg\" title=\"IMG_20250926_094956\"><img loading=\"lazy\" decoding=\"async\" src=\"https:\/\/szkolazabrowo.pl\/wp-content\/uploads\/2025\/10\/IMG_20250926_094956-scaled.jpg\" alt=\"IMG_20250926_094956\" width=\"350\" height=\"300\" \/><span class=\"su-custom-gallery-title\">IMG_20250926_094956<\/span><\/a><\/div><div class=\"su-custom-gallery-slide\" style=\"width:350px;height:300px\"><a href=\"https:\/\/szkolazabrowo.pl\/wp-content\/uploads\/2025\/10\/IMG_20250926_104304.jpg\" title=\"IMG_20250926_104304\"><img loading=\"lazy\" decoding=\"async\" src=\"https:\/\/szkolazabrowo.pl\/wp-content\/uploads\/2025\/10\/IMG_20250926_104304-350x300.jpg\" alt=\"IMG_20250926_104304\" width=\"350\" height=\"300\" \/><span class=\"su-custom-gallery-title\">IMG_20250926_104304<\/span><\/a><\/div><div class=\"su-clear\"><\/div><\/div>\n","protected":false},"excerpt":{"rendered":"<p>W Szkole Podstawowej w Z\u0105browie wrzesie\u0144 obfitowa\u0142 w wyj\u0105tkowe wydarzenia, kt\u00f3re na d\u0142ugo pozostan\u0105 w pami\u0119ci uczni\u00f3w i nauczycieli. Wsp\u00f3lne \u015bwi\u0119towanie Europejskiego Dnia Sportu Szkolnego oraz udzia\u0142 w Rajdzie Jesiennym do Szymbarka po\u0142\u0105czy\u0142y aktywno\u015b\u0107 fizyczn\u0105, integracj\u0119 i rado\u015b\u0107 z przebywania <a href=\"https:\/\/szkolazabrowo.pl\/?page_id=15291\" class=\"read-more\">Czytaj wi\u0119cej &#8230;<\/a><\/p>\n","protected":false},"author":1,"featured_media":0,"parent":0,"menu_order":0,"comment_status":"closed","ping_status":"closed","template":"","meta":{"footnotes":""},"class_list":["post-15291","page","type-page","status-publish","hentry"],"_links":{"self":[{"href":"https:\/\/szkolazabrowo.pl\/index.php?rest_route=\/wp\/v2\/pages\/15291","targetHints":{"allow":["GET"]}}],"collection":[{"href":"https:\/\/szkolazabrowo.pl\/index.php?rest_route=\/wp\/v2\/pages"}],"about":[{"href":"https:\/\/szkolazabrowo.pl\/index.php?rest_route=\/wp\/v2\/types\/page"}],"author":[{"embeddable":true,"href":"https:\/\/szkolazabrowo.pl\/index.php?rest_route=\/wp\/v2\/users\/1"}],"replies":[{"embeddable":true,"href":"https:\/\/szkolazabrowo.pl\/index.php?rest_route=%2Fwp%2Fv2%2Fcomments&post=15291"}],"version-history":[{"count":1,"href":"https:\/\/szkolazabrowo.pl\/index.php?rest_route=\/wp\/v2\/pages\/15291\/revisions"}],"predecessor-version":[{"id":15307,"href":"https:\/\/szkolazabrowo.pl\/index.php?rest_route=\/wp\/v2\/pages\/15291\/revisions\/15307"}],"wp:attachment":[{"href":"https:\/\/szkolazabrowo.pl\/index.php?rest_route=%2Fwp%2Fv2%2Fmedia&parent=15291"}],"curies":[{"name":"wp","href":"https:\/\/api.w.org\/{rel}","templated":true}]}}