{"id":14260,"date":"2025-04-14T06:12:40","date_gmt":"2025-04-14T06:12:40","guid":{"rendered":"http:\/\/szkolazabrowo.pl\/?page_id=14260"},"modified":"2025-04-14T06:12:43","modified_gmt":"2025-04-14T06:12:43","slug":"niebieskie-igrzyska-2025","status":"publish","type":"page","link":"https:\/\/szkolazabrowo.pl\/?page_id=14260","title":{"rendered":"Niebieskie Igrzyska 2025"},"content":{"rendered":"\n<p>Kwiecie\u0144 to miesi\u0105c \u015bwiadomo\u015bci autyzmu,\u00a0kt\u00f3ry przypomina nam o znaczeniu akceptacji, wsparciu i zrozumienia dla os\u00f3b w spektrum.\u00a0 Uczniowie wykonali przepi\u0119kne plakaty z tej okazji a w ka\u017cdej z klas odbywa\u0142y si\u0119 pogadanki na ten temat. Natomiast 10 kwietnia\u00a0Hala Sportowa przy szkole w Z\u0105browie zamieni\u0142a si\u0119 w aren\u0105 sportow\u0105, w kt\u00f3rej odby\u0142y si\u0119 Niebieskie Igrzyska 2025. S\u0105 one inicjatyw\u0105 Instytutu Wspomagania Rozwoju Dziecka. Uczniowie\u00a0 z klas 0-3\u00a0 zmagania rozpocz\u0119li\u00a0 od przemarszu do hymnu Niebieskich Igrzysk, po kt\u00f3rym odby\u0142a si\u0119 taneczna rozgrzewka przeprowadzona przez wolontariuszki ze szko\u0142y. Nast\u0119pnie ka\u017cda z grup mia\u0142a do wykonania zadania ruchowe na stanowiskach sportowych,\u00a0 za kt\u00f3re zbierali odznaki( spacer po linie, skoki przez przeszkody, strza\u0142y do bramki, skoczna pi\u0142ka, rzuty do celu, przej\u015bcie po r\u00f3wnowa\u017cniach, slalom z pi\u0142k\u0105 i narciarz).\u00a0 Dzieci dzielnie pokonywa\u0142y zadania ruchowe i rywalizowa\u0142y wed\u0142ug zasady FairPlay. Ka\u017cdy uczestnik Igrzysk otrzyma\u0142 pami\u0105tkowy medal oraz dyplomy.<\/p>\n\n\n<div class=\"su-custom-gallery su-custom-gallery-align-left su-custom-gallery-title-never\"><div class=\"su-custom-gallery-slide\" style=\"width:350px;height:300px\"><a href=\"https:\/\/szkolazabrowo.pl\/wp-content\/uploads\/2025\/04\/1a2f5b30-3928-42e4-a57b-0b5455dd02f2.jpg\" title=\"1a2f5b30-3928-42e4-a57b-0b5455dd02f2\"><img loading=\"lazy\" decoding=\"async\" src=\"https:\/\/szkolazabrowo.pl\/wp-content\/uploads\/2025\/04\/1a2f5b30-3928-42e4-a57b-0b5455dd02f2-350x300.jpg\" alt=\"1a2f5b30-3928-42e4-a57b-0b5455dd02f2\" width=\"350\" height=\"300\" \/><span class=\"su-custom-gallery-title\">1a2f5b30-3928-42e4-a57b-0b5455dd02f2<\/span><\/a><\/div><div class=\"su-custom-gallery-slide\" style=\"width:350px;height:300px\"><a href=\"https:\/\/szkolazabrowo.pl\/wp-content\/uploads\/2025\/04\/776be38f-ae78-4e1a-80bb-a7f2616bca7f.jpg\" title=\"776be38f-ae78-4e1a-80bb-a7f2616bca7f\"><img loading=\"lazy\" decoding=\"async\" src=\"https:\/\/szkolazabrowo.pl\/wp-content\/uploads\/2025\/04\/776be38f-ae78-4e1a-80bb-a7f2616bca7f-350x300.jpg\" alt=\"776be38f-ae78-4e1a-80bb-a7f2616bca7f\" width=\"350\" height=\"300\" \/><span class=\"su-custom-gallery-title\">776be38f-ae78-4e1a-80bb-a7f2616bca7f<\/span><\/a><\/div><div class=\"su-custom-gallery-slide\" style=\"width:350px;height:300px\"><a href=\"https:\/\/szkolazabrowo.pl\/wp-content\/uploads\/2025\/04\/DSC_0175.jpg\" title=\"DSC_0175\"><img loading=\"lazy\" decoding=\"async\" src=\"https:\/\/szkolazabrowo.pl\/wp-content\/uploads\/2025\/04\/DSC_0175-350x300.jpg\" alt=\"DSC_0175\" width=\"350\" height=\"300\" \/><span class=\"su-custom-gallery-title\">DSC_0175<\/span><\/a><\/div><div class=\"su-custom-gallery-slide\" style=\"width:350px;height:300px\"><a href=\"https:\/\/szkolazabrowo.pl\/wp-content\/uploads\/2025\/04\/DSC_0187.jpg\" title=\"DSC_0187\"><img loading=\"lazy\" decoding=\"async\" src=\"https:\/\/szkolazabrowo.pl\/wp-content\/uploads\/2025\/04\/DSC_0187-350x300.jpg\" alt=\"DSC_0187\" width=\"350\" height=\"300\" \/><span class=\"su-custom-gallery-title\">DSC_0187<\/span><\/a><\/div><div class=\"su-custom-gallery-slide\" style=\"width:350px;height:300px\"><a href=\"https:\/\/szkolazabrowo.pl\/wp-content\/uploads\/2025\/04\/DSC_0192.jpg\" title=\"DSC_0192\"><img loading=\"lazy\" decoding=\"async\" src=\"https:\/\/szkolazabrowo.pl\/wp-content\/uploads\/2025\/04\/DSC_0192-350x300.jpg\" alt=\"DSC_0192\" width=\"350\" height=\"300\" \/><span class=\"su-custom-gallery-title\">DSC_0192<\/span><\/a><\/div><div class=\"su-custom-gallery-slide\" style=\"width:350px;height:300px\"><a href=\"https:\/\/szkolazabrowo.pl\/wp-content\/uploads\/2025\/04\/DSC_0230.jpg\" title=\"DSC_0230\"><img loading=\"lazy\" decoding=\"async\" src=\"https:\/\/szkolazabrowo.pl\/wp-content\/uploads\/2025\/04\/DSC_0230-350x300.jpg\" alt=\"DSC_0230\" width=\"350\" height=\"300\" \/><span class=\"su-custom-gallery-title\">DSC_0230<\/span><\/a><\/div><div class=\"su-custom-gallery-slide\" style=\"width:350px;height:300px\"><a href=\"https:\/\/szkolazabrowo.pl\/wp-content\/uploads\/2025\/04\/DSC_0236.jpg\" title=\"DSC_0236\"><img loading=\"lazy\" decoding=\"async\" src=\"https:\/\/szkolazabrowo.pl\/wp-content\/uploads\/2025\/04\/DSC_0236-350x300.jpg\" alt=\"DSC_0236\" width=\"350\" height=\"300\" \/><span class=\"su-custom-gallery-title\">DSC_0236<\/span><\/a><\/div><div class=\"su-custom-gallery-slide\" style=\"width:350px;height:300px\"><a href=\"https:\/\/szkolazabrowo.pl\/wp-content\/uploads\/2025\/04\/DSC_0239.jpg\" title=\"DSC_0239\"><img loading=\"lazy\" decoding=\"async\" src=\"https:\/\/szkolazabrowo.pl\/wp-content\/uploads\/2025\/04\/DSC_0239-350x300.jpg\" alt=\"DSC_0239\" width=\"350\" height=\"300\" \/><span class=\"su-custom-gallery-title\">DSC_0239<\/span><\/a><\/div><div class=\"su-custom-gallery-slide\" style=\"width:350px;height:300px\"><a href=\"https:\/\/szkolazabrowo.pl\/wp-content\/uploads\/2025\/04\/DSC_0277.jpg\" title=\"DSC_0277\"><img loading=\"lazy\" decoding=\"async\" src=\"https:\/\/szkolazabrowo.pl\/wp-content\/uploads\/2025\/04\/DSC_0277-350x300.jpg\" alt=\"DSC_0277\" width=\"350\" height=\"300\" \/><span class=\"su-custom-gallery-title\">DSC_0277<\/span><\/a><\/div><div class=\"su-custom-gallery-slide\" style=\"width:350px;height:300px\"><a href=\"https:\/\/szkolazabrowo.pl\/wp-content\/uploads\/2025\/04\/DSC_0278.jpg\" title=\"DSC_0278\"><img loading=\"lazy\" decoding=\"async\" src=\"https:\/\/szkolazabrowo.pl\/wp-content\/uploads\/2025\/04\/DSC_0278-350x300.jpg\" alt=\"DSC_0278\" width=\"350\" height=\"300\" \/><span class=\"su-custom-gallery-title\">DSC_0278<\/span><\/a><\/div><div class=\"su-custom-gallery-slide\" style=\"width:350px;height:300px\"><a href=\"https:\/\/szkolazabrowo.pl\/wp-content\/uploads\/2025\/04\/DSC_0282.jpg\" title=\"DSC_0282\"><img loading=\"lazy\" decoding=\"async\" src=\"https:\/\/szkolazabrowo.pl\/wp-content\/uploads\/2025\/04\/DSC_0282-350x300.jpg\" alt=\"DSC_0282\" width=\"350\" height=\"300\" \/><span class=\"su-custom-gallery-title\">DSC_0282<\/span><\/a><\/div><div class=\"su-custom-gallery-slide\" style=\"width:350px;height:300px\"><a href=\"https:\/\/szkolazabrowo.pl\/wp-content\/uploads\/2025\/04\/DSC_0289.jpg\" title=\"DSC_0289\"><img loading=\"lazy\" decoding=\"async\" src=\"https:\/\/szkolazabrowo.pl\/wp-content\/uploads\/2025\/04\/DSC_0289-350x300.jpg\" alt=\"DSC_0289\" width=\"350\" height=\"300\" \/><span class=\"su-custom-gallery-title\">DSC_0289<\/span><\/a><\/div><div class=\"su-custom-gallery-slide\" style=\"width:350px;height:300px\"><a href=\"https:\/\/szkolazabrowo.pl\/wp-content\/uploads\/2025\/04\/DSC_0295.jpg\" title=\"DSC_0295\"><img loading=\"lazy\" decoding=\"async\" src=\"https:\/\/szkolazabrowo.pl\/wp-content\/uploads\/2025\/04\/DSC_0295-350x300.jpg\" alt=\"DSC_0295\" width=\"350\" height=\"300\" \/><span class=\"su-custom-gallery-title\">DSC_0295<\/span><\/a><\/div><div class=\"su-clear\"><\/div><\/div>\n","protected":false},"excerpt":{"rendered":"<p>Kwiecie\u0144 to miesi\u0105c \u015bwiadomo\u015bci autyzmu,\u00a0kt\u00f3ry przypomina nam o znaczeniu akceptacji, wsparciu i zrozumienia dla os\u00f3b w spektrum.\u00a0 Uczniowie wykonali przepi\u0119kne plakaty z tej okazji a w ka\u017cdej z klas odbywa\u0142y si\u0119 pogadanki na ten temat. Natomiast 10 kwietnia\u00a0Hala Sportowa przy <a href=\"https:\/\/szkolazabrowo.pl\/?page_id=14260\" class=\"read-more\">Czytaj wi\u0119cej &#8230;<\/a><\/p>\n","protected":false},"author":1,"featured_media":0,"parent":0,"menu_order":0,"comment_status":"closed","ping_status":"closed","template":"","meta":{"footnotes":""},"class_list":["post-14260","page","type-page","status-publish","hentry"],"_links":{"self":[{"href":"https:\/\/szkolazabrowo.pl\/index.php?rest_route=\/wp\/v2\/pages\/14260","targetHints":{"allow":["GET"]}}],"collection":[{"href":"https:\/\/szkolazabrowo.pl\/index.php?rest_route=\/wp\/v2\/pages"}],"about":[{"href":"https:\/\/szkolazabrowo.pl\/index.php?rest_route=\/wp\/v2\/types\/page"}],"author":[{"embeddable":true,"href":"https:\/\/szkolazabrowo.pl\/index.php?rest_route=\/wp\/v2\/users\/1"}],"replies":[{"embeddable":true,"href":"https:\/\/szkolazabrowo.pl\/index.php?rest_route=%2Fwp%2Fv2%2Fcomments&post=14260"}],"version-history":[{"count":1,"href":"https:\/\/szkolazabrowo.pl\/index.php?rest_route=\/wp\/v2\/pages\/14260\/revisions"}],"predecessor-version":[{"id":14280,"href":"https:\/\/szkolazabrowo.pl\/index.php?rest_route=\/wp\/v2\/pages\/14260\/revisions\/14280"}],"wp:attachment":[{"href":"https:\/\/szkolazabrowo.pl\/index.php?rest_route=%2Fwp%2Fv2%2Fmedia&parent=14260"}],"curies":[{"name":"wp","href":"https:\/\/api.w.org\/{rel}","templated":true}]}}