{"id":14141,"date":"2025-03-20T09:20:49","date_gmt":"2025-03-20T09:20:49","guid":{"rendered":"http:\/\/szkolazabrowo.pl\/?page_id=14141"},"modified":"2025-03-20T09:20:51","modified_gmt":"2025-03-20T09:20:51","slug":"sukcesy-uczniow-na-otwp","status":"publish","type":"page","link":"https:\/\/szkolazabrowo.pl\/?page_id=14141","title":{"rendered":"Sukcesy uczni\u00f3w na OTWP"},"content":{"rendered":"\n<p>Marzec min\u0105\u0142 pod znakiem przygotowa\u0144 do poszczeg\u00f3lnych etap\u00f3w Og\u00f3lnopolskiego Turnieju Wiedzy Po\u017carniczej &#8222;M\u0142odzie\u017c Zapobiega Po\u017carom&#8221;. Na etapie miejsko &#8211; gminnym nasi uczniowie zaj\u0119li &nbsp;kolejno miejsca:<\/p>\n\n\n\n<p><strong>I miejsce&nbsp; <\/strong>w kategorii I ( klasy \u2013 I \u2013 IV) \u2013 <strong>Grzegorz Olszewski&nbsp; kl. IV B<\/strong><\/p>\n\n\n\n<p><strong>III miejsce<\/strong> &nbsp;w kategorii II ( klasy \u2013 V \u2013 VIII) <strong>&#8211; Aleksandra T\u0119gowska kl. VI B<\/strong><\/p>\n\n\n\n<p>Obecnie uczniowie przygotowuj\u0105 si\u0119 do etapu powiatowego. Gratulujemy sukces\u00f3w i liczymy na kolejne!<\/p>\n\n\n<div class=\"su-custom-gallery su-custom-gallery-align-left su-custom-gallery-title-never\"><div class=\"su-custom-gallery-slide\" style=\"width:350px;height:300px\"><a href=\"https:\/\/szkolazabrowo.pl\/wp-content\/uploads\/2025\/03\/20250318_110714.jpg\" title=\"20250318_110714\"><img loading=\"lazy\" decoding=\"async\" src=\"https:\/\/szkolazabrowo.pl\/wp-content\/uploads\/2025\/03\/20250318_110714-350x300.jpg\" alt=\"20250318_110714\" width=\"350\" height=\"300\" \/><span class=\"su-custom-gallery-title\">20250318_110714<\/span><\/a><\/div><div class=\"su-custom-gallery-slide\" style=\"width:350px;height:300px\"><a href=\"https:\/\/szkolazabrowo.pl\/wp-content\/uploads\/2025\/03\/20250318_124217.jpg\" title=\"20250318_124217\"><img loading=\"lazy\" decoding=\"async\" src=\"https:\/\/szkolazabrowo.pl\/wp-content\/uploads\/2025\/03\/20250318_124217-350x300.jpg\" alt=\"20250318_124217\" width=\"350\" height=\"300\" \/><span class=\"su-custom-gallery-title\">20250318_124217<\/span><\/a><\/div><div class=\"su-custom-gallery-slide\" style=\"width:350px;height:300px\"><a href=\"https:\/\/szkolazabrowo.pl\/wp-content\/uploads\/2025\/03\/20250318_124225.jpg\" title=\"20250318_124225\"><img loading=\"lazy\" decoding=\"async\" src=\"https:\/\/szkolazabrowo.pl\/wp-content\/uploads\/2025\/03\/20250318_124225-350x300.jpg\" alt=\"20250318_124225\" width=\"350\" height=\"300\" \/><span class=\"su-custom-gallery-title\">20250318_124225<\/span><\/a><\/div><div class=\"su-custom-gallery-slide\" style=\"width:350px;height:300px\"><a href=\"https:\/\/szkolazabrowo.pl\/wp-content\/uploads\/2025\/03\/20250318_124436.jpg\" title=\"20250318_124436\"><img loading=\"lazy\" decoding=\"async\" src=\"https:\/\/szkolazabrowo.pl\/wp-content\/uploads\/2025\/03\/20250318_124436-350x300.jpg\" alt=\"20250318_124436\" width=\"350\" height=\"300\" \/><span class=\"su-custom-gallery-title\">20250318_124436<\/span><\/a><\/div><div class=\"su-custom-gallery-slide\" style=\"width:350px;height:300px\"><a href=\"https:\/\/szkolazabrowo.pl\/wp-content\/uploads\/2025\/03\/20250318_124936.jpg\" title=\"20250318_124936\"><img loading=\"lazy\" decoding=\"async\" src=\"https:\/\/szkolazabrowo.pl\/wp-content\/uploads\/2025\/03\/20250318_124936-350x300.jpg\" alt=\"20250318_124936\" width=\"350\" height=\"300\" \/><span class=\"su-custom-gallery-title\">20250318_124936<\/span><\/a><\/div><div class=\"su-clear\"><\/div><\/div>\n","protected":false},"excerpt":{"rendered":"<p>Marzec min\u0105\u0142 pod znakiem przygotowa\u0144 do poszczeg\u00f3lnych etap\u00f3w Og\u00f3lnopolskiego Turnieju Wiedzy Po\u017carniczej &#8222;M\u0142odzie\u017c Zapobiega Po\u017carom&#8221;. Na etapie miejsko &#8211; gminnym nasi uczniowie zaj\u0119li &nbsp;kolejno miejsca: I miejsce&nbsp; w kategorii I ( klasy \u2013 I \u2013 IV) \u2013 Grzegorz Olszewski&nbsp; kl. <a href=\"https:\/\/szkolazabrowo.pl\/?page_id=14141\" class=\"read-more\">Czytaj wi\u0119cej &#8230;<\/a><\/p>\n","protected":false},"author":1,"featured_media":0,"parent":0,"menu_order":0,"comment_status":"closed","ping_status":"closed","template":"","meta":{"footnotes":""},"class_list":["post-14141","page","type-page","status-publish","hentry"],"_links":{"self":[{"href":"https:\/\/szkolazabrowo.pl\/index.php?rest_route=\/wp\/v2\/pages\/14141","targetHints":{"allow":["GET"]}}],"collection":[{"href":"https:\/\/szkolazabrowo.pl\/index.php?rest_route=\/wp\/v2\/pages"}],"about":[{"href":"https:\/\/szkolazabrowo.pl\/index.php?rest_route=\/wp\/v2\/types\/page"}],"author":[{"embeddable":true,"href":"https:\/\/szkolazabrowo.pl\/index.php?rest_route=\/wp\/v2\/users\/1"}],"replies":[{"embeddable":true,"href":"https:\/\/szkolazabrowo.pl\/index.php?rest_route=%2Fwp%2Fv2%2Fcomments&post=14141"}],"version-history":[{"count":1,"href":"https:\/\/szkolazabrowo.pl\/index.php?rest_route=\/wp\/v2\/pages\/14141\/revisions"}],"predecessor-version":[{"id":14148,"href":"https:\/\/szkolazabrowo.pl\/index.php?rest_route=\/wp\/v2\/pages\/14141\/revisions\/14148"}],"wp:attachment":[{"href":"https:\/\/szkolazabrowo.pl\/index.php?rest_route=%2Fwp%2Fv2%2Fmedia&parent=14141"}],"curies":[{"name":"wp","href":"https:\/\/api.w.org\/{rel}","templated":true}]}}