{"id":14101,"date":"2025-03-10T07:43:05","date_gmt":"2025-03-10T07:43:05","guid":{"rendered":"http:\/\/szkolazabrowo.pl\/?page_id=14101"},"modified":"2025-03-10T07:43:05","modified_gmt":"2025-03-10T07:43:05","slug":"dzien-owocowy","status":"publish","type":"page","link":"https:\/\/szkolazabrowo.pl\/?page_id=14101","title":{"rendered":"Dzie\u0144 owocowy"},"content":{"rendered":"\n<figure class=\"wp-block-image size-large\"><img loading=\"lazy\" decoding=\"async\" width=\"1024\" height=\"461\" src=\"https:\/\/szkolazabrowo.pl\/wp-content\/uploads\/2025\/03\/IMG20250307104241-1024x461.jpg\" alt=\"\" class=\"wp-image-14102\" srcset=\"https:\/\/szkolazabrowo.pl\/wp-content\/uploads\/2025\/03\/IMG20250307104241-1024x461.jpg 1024w, https:\/\/szkolazabrowo.pl\/wp-content\/uploads\/2025\/03\/IMG20250307104241-300x135.jpg 300w, https:\/\/szkolazabrowo.pl\/wp-content\/uploads\/2025\/03\/IMG20250307104241-768x346.jpg 768w, https:\/\/szkolazabrowo.pl\/wp-content\/uploads\/2025\/03\/IMG20250307104241-1536x691.jpg 1536w, https:\/\/szkolazabrowo.pl\/wp-content\/uploads\/2025\/03\/IMG20250307104241-360x162.jpg 360w, https:\/\/szkolazabrowo.pl\/wp-content\/uploads\/2025\/03\/IMG20250307104241.jpg 1920w\" sizes=\"auto, (max-width: 1024px) 100vw, 1024px\" \/><\/figure>\n\n\n\n<p>Pi\u0105tkowy dzie\u0144 up\u0142yn\u0105\u0142 w naszej szkole pod znakiem zdrowia i kolor\u00f3w! Wszyscy ubrali si\u0119 w barwne stroje, nawi\u0105zuj\u0105ce do ulubionych owoc\u00f3w, a weso\u0142a atmosfera towarzyszy\u0142a wszystkim od rana. Ka\u017cdy ucze\u0144 otrzyma\u0142 pyszny owoc, ufundowany przez Rad\u0119 Rodzic\u00f3w.<\/p>\n\n\n\n<p>To by\u0142a \u015bwietna okazja, by przypomnie\u0107, jak wa\u017cne jest zdrowe od\u017cywianie i dobra zabawa! Dzi\u0119kujemy wszystkim za zaanga\u017cowanie!<\/p>\n\n\n\n<p><\/p>\n","protected":false},"excerpt":{"rendered":"<p>Pi\u0105tkowy dzie\u0144 up\u0142yn\u0105\u0142 w naszej szkole pod znakiem zdrowia i kolor\u00f3w! Wszyscy ubrali si\u0119 w barwne stroje, nawi\u0105zuj\u0105ce do ulubionych owoc\u00f3w, a weso\u0142a atmosfera towarzyszy\u0142a wszystkim od rana. Ka\u017cdy ucze\u0144 otrzyma\u0142 pyszny owoc, ufundowany przez Rad\u0119 Rodzic\u00f3w. To by\u0142a \u015bwietna <a href=\"https:\/\/szkolazabrowo.pl\/?page_id=14101\" class=\"read-more\">Czytaj wi\u0119cej &#8230;<\/a><\/p>\n","protected":false},"author":1,"featured_media":0,"parent":0,"menu_order":0,"comment_status":"closed","ping_status":"closed","template":"","meta":{"footnotes":""},"class_list":["post-14101","page","type-page","status-publish","hentry"],"_links":{"self":[{"href":"https:\/\/szkolazabrowo.pl\/index.php?rest_route=\/wp\/v2\/pages\/14101","targetHints":{"allow":["GET"]}}],"collection":[{"href":"https:\/\/szkolazabrowo.pl\/index.php?rest_route=\/wp\/v2\/pages"}],"about":[{"href":"https:\/\/szkolazabrowo.pl\/index.php?rest_route=\/wp\/v2\/types\/page"}],"author":[{"embeddable":true,"href":"https:\/\/szkolazabrowo.pl\/index.php?rest_route=\/wp\/v2\/users\/1"}],"replies":[{"embeddable":true,"href":"https:\/\/szkolazabrowo.pl\/index.php?rest_route=%2Fwp%2Fv2%2Fcomments&post=14101"}],"version-history":[{"count":1,"href":"https:\/\/szkolazabrowo.pl\/index.php?rest_route=\/wp\/v2\/pages\/14101\/revisions"}],"predecessor-version":[{"id":14104,"href":"https:\/\/szkolazabrowo.pl\/index.php?rest_route=\/wp\/v2\/pages\/14101\/revisions\/14104"}],"wp:attachment":[{"href":"https:\/\/szkolazabrowo.pl\/index.php?rest_route=%2Fwp%2Fv2%2Fmedia&parent=14101"}],"curies":[{"name":"wp","href":"https:\/\/api.w.org\/{rel}","templated":true}]}}