{"id":13914,"date":"2025-01-28T13:55:50","date_gmt":"2025-01-28T13:55:50","guid":{"rendered":"http:\/\/szkolazabrowo.pl\/?page_id=13914"},"modified":"2025-02-13T17:46:31","modified_gmt":"2025-02-13T17:46:31","slug":"dzien-babci-i-dziadka-4","status":"publish","type":"page","link":"https:\/\/szkolazabrowo.pl\/?page_id=13914","title":{"rendered":"Dzie\u0144 Babci i Dziadka"},"content":{"rendered":"\n<p>Wyst\u0119p z okazji Dnia Babci i Dziadka odby\u0142 si\u0119 24 stycznia na sali w Z\u0105browie. Frekwencja bab\u0107 i dziadk\u00f3w przeros\u0142a nasze oczekiwania za co bardzo dzi\u0119kujemy w imieniu swoim jak i dzieci. Dzieci wyst\u0105pi\u0142y po raz pierwszy na scenie i musimy przyzna\u0107, \u017ce w og\u00f3le nie mia\u0142y tremy \ud83d\ude42 Grupa 3-4 latk\u00f3w zaprezentowa\u0142a 3 piosenki wraz z choreografi\u0105 natomiast &#8221; Starszaki&#8221; odegra\u0142y kr\u00f3tki spektakl pe\u0142en humoru jak to dziadek zabra\u0142 babci\u0119 na Majork\u0119, \u015bmiechu oraz oklaskom nie by\u0142o ko\u0144ca za co bardzo dzi\u0119kujemy. Poza tym bacie oraz dziadkowie uczestniczyli w konkursach i zabawach. To by\u0142 udany dzie\u0144 !<\/p>\n\n\n\n<figure class=\"wp-block-embed is-type-video is-provider-youtube wp-block-embed-youtube wp-embed-aspect-16-9 wp-has-aspect-ratio\"><div class=\"wp-block-embed__wrapper\">\n<iframe loading=\"lazy\" title=\"Dzie\u0144 Babci i Dziadka w przedszkolu\" width=\"847\" height=\"476\" src=\"https:\/\/www.youtube.com\/embed\/n8JJSldraVo?feature=oembed\" frameborder=\"0\" allow=\"accelerometer; autoplay; clipboard-write; encrypted-media; gyroscope; picture-in-picture; web-share\" referrerpolicy=\"strict-origin-when-cross-origin\" allowfullscreen><\/iframe>\n<\/div><\/figure>\n\n\n<div class=\"su-custom-gallery su-custom-gallery-align-left su-custom-gallery-title-never\"><div class=\"su-custom-gallery-slide\" style=\"width:350px;height:300px\"><a href=\"https:\/\/szkolazabrowo.pl\/wp-content\/uploads\/2025\/01\/20250124_100838.jpg\" title=\"20250124_100838\"><img loading=\"lazy\" decoding=\"async\" src=\"https:\/\/szkolazabrowo.pl\/wp-content\/uploads\/2025\/01\/20250124_100838-350x300.jpg\" alt=\"20250124_100838\" width=\"350\" height=\"300\" \/><span class=\"su-custom-gallery-title\">20250124_100838<\/span><\/a><\/div><div class=\"su-custom-gallery-slide\" style=\"width:350px;height:300px\"><a href=\"https:\/\/szkolazabrowo.pl\/wp-content\/uploads\/2025\/01\/20250124_100840.jpg\" title=\"20250124_100840\"><img loading=\"lazy\" decoding=\"async\" src=\"https:\/\/szkolazabrowo.pl\/wp-content\/uploads\/2025\/01\/20250124_100840-350x300.jpg\" alt=\"20250124_100840\" width=\"350\" height=\"300\" \/><span class=\"su-custom-gallery-title\">20250124_100840<\/span><\/a><\/div><div class=\"su-custom-gallery-slide\" style=\"width:350px;height:300px\"><a href=\"https:\/\/szkolazabrowo.pl\/wp-content\/uploads\/2025\/01\/20250124_091745.jpg\" title=\"20250124_091745\"><img loading=\"lazy\" decoding=\"async\" src=\"https:\/\/szkolazabrowo.pl\/wp-content\/uploads\/2025\/01\/20250124_091745-350x300.jpg\" alt=\"20250124_091745\" width=\"350\" height=\"300\" \/><span class=\"su-custom-gallery-title\">20250124_091745<\/span><\/a><\/div><div class=\"su-custom-gallery-slide\" style=\"width:350px;height:300px\"><a href=\"https:\/\/szkolazabrowo.pl\/wp-content\/uploads\/2025\/01\/20250124_101932.jpg\" title=\"20250124_101932\"><img loading=\"lazy\" decoding=\"async\" src=\"https:\/\/szkolazabrowo.pl\/wp-content\/uploads\/2025\/01\/20250124_101932-350x300.jpg\" alt=\"20250124_101932\" width=\"350\" height=\"300\" \/><span class=\"su-custom-gallery-title\">20250124_101932<\/span><\/a><\/div><div class=\"su-custom-gallery-slide\" style=\"width:350px;height:300px\"><a href=\"https:\/\/szkolazabrowo.pl\/wp-content\/uploads\/2025\/01\/20250124_101853.jpg\" title=\"20250124_101853\"><img loading=\"lazy\" decoding=\"async\" src=\"https:\/\/szkolazabrowo.pl\/wp-content\/uploads\/2025\/01\/20250124_101853-350x300.jpg\" alt=\"20250124_101853\" width=\"350\" height=\"300\" \/><span class=\"su-custom-gallery-title\">20250124_101853<\/span><\/a><\/div><div class=\"su-custom-gallery-slide\" style=\"width:350px;height:300px\"><a href=\"https:\/\/szkolazabrowo.pl\/wp-content\/uploads\/2025\/01\/20250124_100834.jpg\" title=\"20250124_100834\"><img loading=\"lazy\" decoding=\"async\" src=\"https:\/\/szkolazabrowo.pl\/wp-content\/uploads\/2025\/01\/20250124_100834-350x300.jpg\" alt=\"20250124_100834\" width=\"350\" height=\"300\" \/><span class=\"su-custom-gallery-title\">20250124_100834<\/span><\/a><\/div><div class=\"su-custom-gallery-slide\" style=\"width:350px;height:300px\"><a href=\"https:\/\/szkolazabrowo.pl\/wp-content\/uploads\/2025\/01\/20250124_100557.jpg\" title=\"20250124_100557\"><img loading=\"lazy\" decoding=\"async\" src=\"https:\/\/szkolazabrowo.pl\/wp-content\/uploads\/2025\/01\/20250124_100557-350x300.jpg\" alt=\"20250124_100557\" width=\"350\" height=\"300\" \/><span class=\"su-custom-gallery-title\">20250124_100557<\/span><\/a><\/div><div class=\"su-custom-gallery-slide\" style=\"width:350px;height:300px\"><a href=\"https:\/\/szkolazabrowo.pl\/wp-content\/uploads\/2025\/01\/20250124_094529.jpg\" title=\"20250124_094529\"><img loading=\"lazy\" decoding=\"async\" src=\"https:\/\/szkolazabrowo.pl\/wp-content\/uploads\/2025\/01\/20250124_094529-350x300.jpg\" alt=\"20250124_094529\" width=\"350\" height=\"300\" \/><span class=\"su-custom-gallery-title\">20250124_094529<\/span><\/a><\/div><div class=\"su-custom-gallery-slide\" style=\"width:350px;height:300px\"><a href=\"https:\/\/szkolazabrowo.pl\/wp-content\/uploads\/2025\/01\/20250124_094403.jpg\" title=\"20250124_094403\"><img loading=\"lazy\" decoding=\"async\" src=\"https:\/\/szkolazabrowo.pl\/wp-content\/uploads\/2025\/01\/20250124_094403-350x300.jpg\" alt=\"20250124_094403\" width=\"350\" height=\"300\" \/><span class=\"su-custom-gallery-title\">20250124_094403<\/span><\/a><\/div><div class=\"su-custom-gallery-slide\" style=\"width:350px;height:300px\"><a href=\"https:\/\/szkolazabrowo.pl\/wp-content\/uploads\/2025\/01\/20250124_091049.jpg\" title=\"20250124_091049\"><img loading=\"lazy\" decoding=\"async\" src=\"https:\/\/szkolazabrowo.pl\/wp-content\/uploads\/2025\/01\/20250124_091049-350x300.jpg\" alt=\"20250124_091049\" width=\"350\" height=\"300\" \/><span class=\"su-custom-gallery-title\">20250124_091049<\/span><\/a><\/div><div class=\"su-custom-gallery-slide\" style=\"width:350px;height:300px\"><a href=\"https:\/\/szkolazabrowo.pl\/wp-content\/uploads\/2025\/01\/20250124_092429.jpg\" title=\"20250124_092429\"><img loading=\"lazy\" decoding=\"async\" src=\"https:\/\/szkolazabrowo.pl\/wp-content\/uploads\/2025\/01\/20250124_092429-350x300.jpg\" alt=\"20250124_092429\" width=\"350\" height=\"300\" \/><span class=\"su-custom-gallery-title\">20250124_092429<\/span><\/a><\/div><div class=\"su-custom-gallery-slide\" style=\"width:350px;height:300px\"><a href=\"https:\/\/szkolazabrowo.pl\/wp-content\/uploads\/2025\/01\/20250124_092429-1.jpg\" title=\"20250124_092429-1\"><img loading=\"lazy\" decoding=\"async\" src=\"https:\/\/szkolazabrowo.pl\/wp-content\/uploads\/2025\/01\/20250124_092429-1-350x300.jpg\" alt=\"20250124_092429-1\" width=\"350\" height=\"300\" \/><span class=\"su-custom-gallery-title\">20250124_092429-1<\/span><\/a><\/div><div class=\"su-custom-gallery-slide\" style=\"width:350px;height:300px\"><a href=\"https:\/\/szkolazabrowo.pl\/wp-content\/uploads\/2025\/01\/20250124_094053.jpg\" title=\"20250124_094053\"><img loading=\"lazy\" decoding=\"async\" src=\"https:\/\/szkolazabrowo.pl\/wp-content\/uploads\/2025\/01\/20250124_094053-350x300.jpg\" alt=\"20250124_094053\" width=\"350\" height=\"300\" \/><span class=\"su-custom-gallery-title\">20250124_094053<\/span><\/a><\/div><div class=\"su-custom-gallery-slide\" style=\"width:350px;height:300px\"><a href=\"https:\/\/szkolazabrowo.pl\/wp-content\/uploads\/2025\/01\/20250124_094053-1.jpg\" title=\"20250124_094053-1\"><img loading=\"lazy\" decoding=\"async\" src=\"https:\/\/szkolazabrowo.pl\/wp-content\/uploads\/2025\/01\/20250124_094053-1-350x300.jpg\" alt=\"20250124_094053-1\" width=\"350\" height=\"300\" \/><span class=\"su-custom-gallery-title\">20250124_094053-1<\/span><\/a><\/div><div class=\"su-custom-gallery-slide\" style=\"width:350px;height:300px\"><a href=\"https:\/\/szkolazabrowo.pl\/wp-content\/uploads\/2025\/01\/20250124_094551.jpg\" title=\"20250124_094551\"><img loading=\"lazy\" decoding=\"async\" src=\"https:\/\/szkolazabrowo.pl\/wp-content\/uploads\/2025\/01\/20250124_094551-350x300.jpg\" alt=\"20250124_094551\" width=\"350\" height=\"300\" \/><span class=\"su-custom-gallery-title\">20250124_094551<\/span><\/a><\/div><div class=\"su-custom-gallery-slide\" style=\"width:350px;height:300px\"><a href=\"https:\/\/szkolazabrowo.pl\/wp-content\/uploads\/2025\/01\/20250124_094552.jpg\" title=\"20250124_094552\"><img loading=\"lazy\" decoding=\"async\" src=\"https:\/\/szkolazabrowo.pl\/wp-content\/uploads\/2025\/01\/20250124_094552-350x300.jpg\" alt=\"20250124_094552\" width=\"350\" height=\"300\" \/><span class=\"su-custom-gallery-title\">20250124_094552<\/span><\/a><\/div><div class=\"su-custom-gallery-slide\" style=\"width:350px;height:300px\"><a href=\"https:\/\/szkolazabrowo.pl\/wp-content\/uploads\/2025\/01\/20250124_100848.jpg\" title=\"20250124_100848\"><img loading=\"lazy\" decoding=\"async\" src=\"https:\/\/szkolazabrowo.pl\/wp-content\/uploads\/2025\/01\/20250124_100848-350x300.jpg\" alt=\"20250124_100848\" width=\"350\" height=\"300\" \/><span class=\"su-custom-gallery-title\">20250124_100848<\/span><\/a><\/div><div class=\"su-custom-gallery-slide\" style=\"width:350px;height:300px\"><a href=\"https:\/\/szkolazabrowo.pl\/wp-content\/uploads\/2025\/01\/20250124_100925.jpg\" title=\"20250124_100925\"><img loading=\"lazy\" decoding=\"async\" src=\"https:\/\/szkolazabrowo.pl\/wp-content\/uploads\/2025\/01\/20250124_100925-350x300.jpg\" alt=\"20250124_100925\" width=\"350\" height=\"300\" \/><span class=\"su-custom-gallery-title\">20250124_100925<\/span><\/a><\/div><div class=\"su-custom-gallery-slide\" style=\"width:350px;height:300px\"><a href=\"https:\/\/szkolazabrowo.pl\/wp-content\/uploads\/2025\/01\/20250124_101720.jpg\" title=\"20250124_101720\"><img loading=\"lazy\" decoding=\"async\" src=\"https:\/\/szkolazabrowo.pl\/wp-content\/uploads\/2025\/01\/20250124_101720-350x300.jpg\" alt=\"20250124_101720\" width=\"350\" height=\"300\" \/><span class=\"su-custom-gallery-title\">20250124_101720<\/span><\/a><\/div><div class=\"su-custom-gallery-slide\" style=\"width:350px;height:300px\"><a href=\"https:\/\/szkolazabrowo.pl\/wp-content\/uploads\/2025\/01\/20250124_101754.jpg\" title=\"20250124_101754\"><img loading=\"lazy\" decoding=\"async\" src=\"https:\/\/szkolazabrowo.pl\/wp-content\/uploads\/2025\/01\/20250124_101754-350x300.jpg\" alt=\"20250124_101754\" width=\"350\" height=\"300\" \/><span class=\"su-custom-gallery-title\">20250124_101754<\/span><\/a><\/div><div class=\"su-custom-gallery-slide\" style=\"width:350px;height:300px\"><a href=\"https:\/\/szkolazabrowo.pl\/wp-content\/uploads\/2025\/01\/20250124_101847.jpg\" title=\"20250124_101847\"><img loading=\"lazy\" decoding=\"async\" src=\"https:\/\/szkolazabrowo.pl\/wp-content\/uploads\/2025\/01\/20250124_101847-350x300.jpg\" alt=\"20250124_101847\" width=\"350\" height=\"300\" \/><span class=\"su-custom-gallery-title\">20250124_101847<\/span><\/a><\/div><div class=\"su-clear\"><\/div><\/div>\n","protected":false},"excerpt":{"rendered":"<p>Wyst\u0119p z okazji Dnia Babci i Dziadka odby\u0142 si\u0119 24 stycznia na sali w Z\u0105browie. Frekwencja bab\u0107 i dziadk\u00f3w przeros\u0142a nasze oczekiwania za co bardzo dzi\u0119kujemy w imieniu swoim jak i dzieci. Dzieci wyst\u0105pi\u0142y po raz pierwszy na scenie i <a href=\"https:\/\/szkolazabrowo.pl\/?page_id=13914\" class=\"read-more\">Czytaj wi\u0119cej &#8230;<\/a><\/p>\n","protected":false},"author":1,"featured_media":0,"parent":0,"menu_order":0,"comment_status":"closed","ping_status":"closed","template":"","meta":{"footnotes":""},"class_list":["post-13914","page","type-page","status-publish","hentry"],"_links":{"self":[{"href":"https:\/\/szkolazabrowo.pl\/index.php?rest_route=\/wp\/v2\/pages\/13914","targetHints":{"allow":["GET"]}}],"collection":[{"href":"https:\/\/szkolazabrowo.pl\/index.php?rest_route=\/wp\/v2\/pages"}],"about":[{"href":"https:\/\/szkolazabrowo.pl\/index.php?rest_route=\/wp\/v2\/types\/page"}],"author":[{"embeddable":true,"href":"https:\/\/szkolazabrowo.pl\/index.php?rest_route=\/wp\/v2\/users\/1"}],"replies":[{"embeddable":true,"href":"https:\/\/szkolazabrowo.pl\/index.php?rest_route=%2Fwp%2Fv2%2Fcomments&post=13914"}],"version-history":[{"count":3,"href":"https:\/\/szkolazabrowo.pl\/index.php?rest_route=\/wp\/v2\/pages\/13914\/revisions"}],"predecessor-version":[{"id":13943,"href":"https:\/\/szkolazabrowo.pl\/index.php?rest_route=\/wp\/v2\/pages\/13914\/revisions\/13943"}],"wp:attachment":[{"href":"https:\/\/szkolazabrowo.pl\/index.php?rest_route=%2Fwp%2Fv2%2Fmedia&parent=13914"}],"curies":[{"name":"wp","href":"https:\/\/api.w.org\/{rel}","templated":true}]}}