{"id":13335,"date":"2024-11-29T08:31:02","date_gmt":"2024-11-29T08:31:02","guid":{"rendered":"http:\/\/szkolazabrowo.pl\/?page_id=13335"},"modified":"2024-11-29T08:31:08","modified_gmt":"2024-11-29T08:31:08","slug":"dzien-pluszowego-misia-2","status":"publish","type":"page","link":"https:\/\/szkolazabrowo.pl\/?page_id=13335","title":{"rendered":"Dzie\u0144 Pluszowego Misia"},"content":{"rendered":"\n<p>Nasze kochane misie<\/p>\n\n\n\n<p>25 listopada 2024r. uczniowie klas 0-3&nbsp; \u015bwi\u0119towali Dzie\u0144 Pluszowego Misia.<\/p>\n\n\n\n<p>Tego dnia prawie wszystkim dzieciom Szko\u0142y Podstawowej w Z\u0105browie towarzyszy\u0142 pluszowy mi\u015b. Mo\u017cna by\u0142o zobaczy\u0107 pluszaki o r\u00f3\u017cnych wielko\u015bciach, kolorach i w r\u00f3\u017cnych ubrankach. Jedna rzecz \u0142\u0105czy\u0142a wszystkie dzieci \u2013 u\u015bmiech, rado\u015b\u0107 i ciep\u0142o skierowane do misi\u00f3w.<\/p>\n\n\n\n<p>Po wys\u0142uchaniu historii pluszowego misia, dzieci recytowa\u0142y wiersze, \u015bpiewa\u0142y ulubione piosenki w tym \u201eJad\u0105, jad\u0105 misie\u201d, czyta\u0142y opowiadanie Agnieszki Chomik pt.\u201dSerduszko ma\u0142ego misia\u201d i rozwi\u0105zywa\u0142y zagadki. Z ogromnym zainteresowaniem s\u0142ucha\u0142y ciekawostek o misiach nied\u017awiedziach \u017cyj\u0105cych na wolno\u015bci. Uciech\u0105 by\u0142o u\u0142o\u017cenie puzzli (misie) wielko\u015bci XXL. Na zako\u0144czenie rozstrzygni\u0119to konkurs plastyczno \u2013 techniczny \u201eM\u00f3j ukochany mi\u015b\u201d. Wyb\u00f3r najpi\u0119kniejszych prac by\u0142 wyj\u0105tkowo trudny, bowiem ka\u017cda praca naszych najm\u0142odszych pociech szkolnych by\u0142a wyj\u0105tkowa. Wszystkie dzieci otrzyma\u0142y ma\u0142e \u201emisiowe co nieco\u201d ufundowane przez Rad\u0119 Rodzic\u00f3w, za co serdecznie dzi\u0119kujemy.<\/p>\n\n\n\n<p>Podczas tego wspania\u0142ego dnia na dzieci czeka\u0142y r\u00f3wnie\u017c niespodzianki w \u015bwietlicy oraz bibliotece szkolnej.<\/p>\n\n\n\n<p>&nbsp;&nbsp;&nbsp;&nbsp;&nbsp;&nbsp;&nbsp;&nbsp;&nbsp;&nbsp;&nbsp;&nbsp;&nbsp;&nbsp;&nbsp;&nbsp;&nbsp;&nbsp;&nbsp;&nbsp;&nbsp;&nbsp;&nbsp;&nbsp;&nbsp;&nbsp;&nbsp;&nbsp;&nbsp;&nbsp;&nbsp;&nbsp;&nbsp;&nbsp;&nbsp;&nbsp;&nbsp;&nbsp;&nbsp;&nbsp;&nbsp;&nbsp;&nbsp;&nbsp;&nbsp;&nbsp;&nbsp;&nbsp;&nbsp;&nbsp;&nbsp;&nbsp;&nbsp;&nbsp;&nbsp;&nbsp;&nbsp;&nbsp;&nbsp;&nbsp;&nbsp;&nbsp;&nbsp;&nbsp;&nbsp;&nbsp;&nbsp;&nbsp;&nbsp;&nbsp;&nbsp;&nbsp;&nbsp;&nbsp;&nbsp;&nbsp;&nbsp;&nbsp;&nbsp;&nbsp;&nbsp;&nbsp;&nbsp;&nbsp;&nbsp;&nbsp;&nbsp;&nbsp;&nbsp;&nbsp;&nbsp;&nbsp;&nbsp;&nbsp;&nbsp;&nbsp;&nbsp;&nbsp;&nbsp;&nbsp;&nbsp;&nbsp;&nbsp;&nbsp;&nbsp;&nbsp;&nbsp;&nbsp;&nbsp;&nbsp;&nbsp;&nbsp;&nbsp;&nbsp;&nbsp;&nbsp;&nbsp;&nbsp;&nbsp;&nbsp;&nbsp; Ma\u0142gorzata Nawratil<\/p>\n\n\n<div class=\"su-custom-gallery su-custom-gallery-align-left su-custom-gallery-title-never\"><div class=\"su-custom-gallery-slide\" style=\"width:350px;height:300px\"><a href=\"https:\/\/szkolazabrowo.pl\/wp-content\/uploads\/2024\/11\/DSC_0288.jpg\" title=\"DSC_0288\"><img loading=\"lazy\" decoding=\"async\" src=\"https:\/\/szkolazabrowo.pl\/wp-content\/uploads\/2024\/11\/DSC_0288-350x300.jpg\" alt=\"DSC_0288\" width=\"350\" height=\"300\" \/><span class=\"su-custom-gallery-title\">DSC_0288<\/span><\/a><\/div><div class=\"su-custom-gallery-slide\" style=\"width:350px;height:300px\"><a href=\"https:\/\/szkolazabrowo.pl\/wp-content\/uploads\/2024\/11\/DSC_0289.jpg\" title=\"DSC_0289\"><img loading=\"lazy\" decoding=\"async\" src=\"https:\/\/szkolazabrowo.pl\/wp-content\/uploads\/2024\/11\/DSC_0289-350x300.jpg\" alt=\"DSC_0289\" width=\"350\" height=\"300\" \/><span class=\"su-custom-gallery-title\">DSC_0289<\/span><\/a><\/div><div class=\"su-custom-gallery-slide\" style=\"width:350px;height:300px\"><a href=\"https:\/\/szkolazabrowo.pl\/wp-content\/uploads\/2024\/11\/DSC_0291.jpg\" title=\"DSC_0291\"><img loading=\"lazy\" decoding=\"async\" src=\"https:\/\/szkolazabrowo.pl\/wp-content\/uploads\/2024\/11\/DSC_0291-350x300.jpg\" alt=\"DSC_0291\" width=\"350\" height=\"300\" \/><span class=\"su-custom-gallery-title\">DSC_0291<\/span><\/a><\/div><div class=\"su-custom-gallery-slide\" style=\"width:350px;height:300px\"><a href=\"https:\/\/szkolazabrowo.pl\/wp-content\/uploads\/2024\/11\/DSC_0293.jpg\" title=\"DSC_0293\"><img loading=\"lazy\" decoding=\"async\" src=\"https:\/\/szkolazabrowo.pl\/wp-content\/uploads\/2024\/11\/DSC_0293-350x300.jpg\" alt=\"DSC_0293\" width=\"350\" height=\"300\" \/><span class=\"su-custom-gallery-title\">DSC_0293<\/span><\/a><\/div><div class=\"su-custom-gallery-slide\" style=\"width:350px;height:300px\"><a href=\"https:\/\/szkolazabrowo.pl\/wp-content\/uploads\/2024\/11\/DSC_0294.jpg\" title=\"DSC_0294\"><img loading=\"lazy\" decoding=\"async\" src=\"https:\/\/szkolazabrowo.pl\/wp-content\/uploads\/2024\/11\/DSC_0294-350x300.jpg\" alt=\"DSC_0294\" width=\"350\" height=\"300\" \/><span class=\"su-custom-gallery-title\">DSC_0294<\/span><\/a><\/div><div class=\"su-custom-gallery-slide\" style=\"width:350px;height:300px\"><a href=\"https:\/\/szkolazabrowo.pl\/wp-content\/uploads\/2024\/11\/DSC_0295.jpg\" title=\"DSC_0295\"><img loading=\"lazy\" decoding=\"async\" src=\"https:\/\/szkolazabrowo.pl\/wp-content\/uploads\/2024\/11\/DSC_0295-350x300.jpg\" alt=\"DSC_0295\" width=\"350\" height=\"300\" \/><span class=\"su-custom-gallery-title\">DSC_0295<\/span><\/a><\/div><div class=\"su-custom-gallery-slide\" style=\"width:350px;height:300px\"><a href=\"https:\/\/szkolazabrowo.pl\/wp-content\/uploads\/2024\/11\/DSC_0296.jpg\" title=\"DSC_0296\"><img loading=\"lazy\" decoding=\"async\" src=\"https:\/\/szkolazabrowo.pl\/wp-content\/uploads\/2024\/11\/DSC_0296-350x300.jpg\" alt=\"DSC_0296\" width=\"350\" height=\"300\" \/><span class=\"su-custom-gallery-title\">DSC_0296<\/span><\/a><\/div><div class=\"su-custom-gallery-slide\" style=\"width:350px;height:300px\"><a href=\"https:\/\/szkolazabrowo.pl\/wp-content\/uploads\/2024\/11\/DSC_0297.jpg\" title=\"DSC_0297\"><img loading=\"lazy\" decoding=\"async\" src=\"https:\/\/szkolazabrowo.pl\/wp-content\/uploads\/2024\/11\/DSC_0297-350x300.jpg\" alt=\"DSC_0297\" width=\"350\" height=\"300\" \/><span class=\"su-custom-gallery-title\">DSC_0297<\/span><\/a><\/div><div class=\"su-custom-gallery-slide\" style=\"width:350px;height:300px\"><a href=\"https:\/\/szkolazabrowo.pl\/wp-content\/uploads\/2024\/11\/DSC_0299.jpg\" title=\"DSC_0299\"><img loading=\"lazy\" decoding=\"async\" src=\"https:\/\/szkolazabrowo.pl\/wp-content\/uploads\/2024\/11\/DSC_0299-350x300.jpg\" alt=\"DSC_0299\" width=\"350\" height=\"300\" \/><span class=\"su-custom-gallery-title\">DSC_0299<\/span><\/a><\/div><div class=\"su-custom-gallery-slide\" style=\"width:350px;height:300px\"><a href=\"https:\/\/szkolazabrowo.pl\/wp-content\/uploads\/2024\/11\/DSC_0300.jpg\" title=\"DSC_0300\"><img loading=\"lazy\" decoding=\"async\" src=\"https:\/\/szkolazabrowo.pl\/wp-content\/uploads\/2024\/11\/DSC_0300-350x300.jpg\" alt=\"DSC_0300\" width=\"350\" height=\"300\" \/><span class=\"su-custom-gallery-title\">DSC_0300<\/span><\/a><\/div><div class=\"su-custom-gallery-slide\" style=\"width:350px;height:300px\"><a href=\"https:\/\/szkolazabrowo.pl\/wp-content\/uploads\/2024\/11\/DSC_0301.jpg\" title=\"DSC_0301\"><img loading=\"lazy\" decoding=\"async\" src=\"https:\/\/szkolazabrowo.pl\/wp-content\/uploads\/2024\/11\/DSC_0301-350x300.jpg\" alt=\"DSC_0301\" width=\"350\" height=\"300\" \/><span class=\"su-custom-gallery-title\">DSC_0301<\/span><\/a><\/div><div class=\"su-custom-gallery-slide\" style=\"width:350px;height:300px\"><a href=\"https:\/\/szkolazabrowo.pl\/wp-content\/uploads\/2024\/11\/DSC_0303.jpg\" title=\"DSC_0303\"><img loading=\"lazy\" decoding=\"async\" src=\"https:\/\/szkolazabrowo.pl\/wp-content\/uploads\/2024\/11\/DSC_0303-350x300.jpg\" alt=\"DSC_0303\" width=\"350\" height=\"300\" \/><span class=\"su-custom-gallery-title\">DSC_0303<\/span><\/a><\/div><div class=\"su-custom-gallery-slide\" style=\"width:350px;height:300px\"><a href=\"https:\/\/szkolazabrowo.pl\/wp-content\/uploads\/2024\/11\/DSC_0304.jpg\" title=\"DSC_0304\"><img loading=\"lazy\" decoding=\"async\" src=\"https:\/\/szkolazabrowo.pl\/wp-content\/uploads\/2024\/11\/DSC_0304-350x300.jpg\" alt=\"DSC_0304\" width=\"350\" height=\"300\" \/><span class=\"su-custom-gallery-title\">DSC_0304<\/span><\/a><\/div><div class=\"su-custom-gallery-slide\" style=\"width:350px;height:300px\"><a href=\"https:\/\/szkolazabrowo.pl\/wp-content\/uploads\/2024\/11\/DSC_0305.jpg\" title=\"DSC_0305\"><img loading=\"lazy\" decoding=\"async\" src=\"https:\/\/szkolazabrowo.pl\/wp-content\/uploads\/2024\/11\/DSC_0305-350x300.jpg\" alt=\"DSC_0305\" width=\"350\" height=\"300\" \/><span class=\"su-custom-gallery-title\">DSC_0305<\/span><\/a><\/div><div class=\"su-custom-gallery-slide\" style=\"width:350px;height:300px\"><a href=\"https:\/\/szkolazabrowo.pl\/wp-content\/uploads\/2024\/11\/DSC_0306.jpg\" title=\"DSC_0306\"><img loading=\"lazy\" decoding=\"async\" src=\"https:\/\/szkolazabrowo.pl\/wp-content\/uploads\/2024\/11\/DSC_0306-350x300.jpg\" alt=\"DSC_0306\" width=\"350\" height=\"300\" \/><span class=\"su-custom-gallery-title\">DSC_0306<\/span><\/a><\/div><div class=\"su-custom-gallery-slide\" style=\"width:350px;height:300px\"><a href=\"https:\/\/szkolazabrowo.pl\/wp-content\/uploads\/2024\/11\/DSC_0308.jpg\" title=\"DSC_0308\"><img loading=\"lazy\" decoding=\"async\" src=\"https:\/\/szkolazabrowo.pl\/wp-content\/uploads\/2024\/11\/DSC_0308-350x300.jpg\" alt=\"DSC_0308\" width=\"350\" height=\"300\" \/><span class=\"su-custom-gallery-title\">DSC_0308<\/span><\/a><\/div><div class=\"su-custom-gallery-slide\" style=\"width:350px;height:300px\"><a href=\"https:\/\/szkolazabrowo.pl\/wp-content\/uploads\/2024\/11\/DSC_0310.jpg\" title=\"DSC_0310\"><img loading=\"lazy\" decoding=\"async\" src=\"https:\/\/szkolazabrowo.pl\/wp-content\/uploads\/2024\/11\/DSC_0310-350x300.jpg\" alt=\"DSC_0310\" width=\"350\" height=\"300\" \/><span class=\"su-custom-gallery-title\">DSC_0310<\/span><\/a><\/div><div class=\"su-custom-gallery-slide\" style=\"width:350px;height:300px\"><a href=\"https:\/\/szkolazabrowo.pl\/wp-content\/uploads\/2024\/11\/DSC_0311.jpg\" title=\"DSC_0311\"><img loading=\"lazy\" decoding=\"async\" src=\"https:\/\/szkolazabrowo.pl\/wp-content\/uploads\/2024\/11\/DSC_0311-350x300.jpg\" alt=\"DSC_0311\" width=\"350\" height=\"300\" \/><span class=\"su-custom-gallery-title\">DSC_0311<\/span><\/a><\/div><div class=\"su-custom-gallery-slide\" style=\"width:350px;height:300px\"><a href=\"https:\/\/szkolazabrowo.pl\/wp-content\/uploads\/2024\/11\/DSC_0312.jpg\" title=\"DSC_0312\"><img loading=\"lazy\" decoding=\"async\" src=\"https:\/\/szkolazabrowo.pl\/wp-content\/uploads\/2024\/11\/DSC_0312-350x300.jpg\" alt=\"DSC_0312\" width=\"350\" height=\"300\" \/><span class=\"su-custom-gallery-title\">DSC_0312<\/span><\/a><\/div><div class=\"su-custom-gallery-slide\" style=\"width:350px;height:300px\"><a href=\"https:\/\/szkolazabrowo.pl\/wp-content\/uploads\/2024\/11\/DSC_0313.jpg\" title=\"DSC_0313\"><img loading=\"lazy\" decoding=\"async\" src=\"https:\/\/szkolazabrowo.pl\/wp-content\/uploads\/2024\/11\/DSC_0313-350x300.jpg\" alt=\"DSC_0313\" width=\"350\" height=\"300\" \/><span class=\"su-custom-gallery-title\">DSC_0313<\/span><\/a><\/div><div class=\"su-custom-gallery-slide\" style=\"width:350px;height:300px\"><a href=\"https:\/\/szkolazabrowo.pl\/wp-content\/uploads\/2024\/11\/DSC_0315.jpg\" title=\"DSC_0315\"><img loading=\"lazy\" decoding=\"async\" src=\"https:\/\/szkolazabrowo.pl\/wp-content\/uploads\/2024\/11\/DSC_0315-350x300.jpg\" alt=\"DSC_0315\" width=\"350\" height=\"300\" \/><span class=\"su-custom-gallery-title\">DSC_0315<\/span><\/a><\/div><div class=\"su-custom-gallery-slide\" style=\"width:350px;height:300px\"><a href=\"https:\/\/szkolazabrowo.pl\/wp-content\/uploads\/2024\/11\/DSC_0316.jpg\" title=\"DSC_0316\"><img loading=\"lazy\" decoding=\"async\" src=\"https:\/\/szkolazabrowo.pl\/wp-content\/uploads\/2024\/11\/DSC_0316-350x300.jpg\" alt=\"DSC_0316\" width=\"350\" height=\"300\" \/><span class=\"su-custom-gallery-title\">DSC_0316<\/span><\/a><\/div><div class=\"su-custom-gallery-slide\" style=\"width:350px;height:300px\"><a href=\"https:\/\/szkolazabrowo.pl\/wp-content\/uploads\/2024\/11\/DSC_0317.jpg\" title=\"DSC_0317\"><img loading=\"lazy\" decoding=\"async\" src=\"https:\/\/szkolazabrowo.pl\/wp-content\/uploads\/2024\/11\/DSC_0317-350x300.jpg\" alt=\"DSC_0317\" width=\"350\" height=\"300\" \/><span class=\"su-custom-gallery-title\">DSC_0317<\/span><\/a><\/div><div class=\"su-custom-gallery-slide\" style=\"width:350px;height:300px\"><a href=\"https:\/\/szkolazabrowo.pl\/wp-content\/uploads\/2024\/11\/DSC_0318.jpg\" title=\"DSC_0318\"><img loading=\"lazy\" decoding=\"async\" src=\"https:\/\/szkolazabrowo.pl\/wp-content\/uploads\/2024\/11\/DSC_0318-350x300.jpg\" alt=\"DSC_0318\" width=\"350\" height=\"300\" \/><span class=\"su-custom-gallery-title\">DSC_0318<\/span><\/a><\/div><div class=\"su-custom-gallery-slide\" style=\"width:350px;height:300px\"><a href=\"https:\/\/szkolazabrowo.pl\/wp-content\/uploads\/2024\/11\/DSC_0319.jpg\" title=\"DSC_0319\"><img loading=\"lazy\" decoding=\"async\" src=\"https:\/\/szkolazabrowo.pl\/wp-content\/uploads\/2024\/11\/DSC_0319-350x300.jpg\" alt=\"DSC_0319\" width=\"350\" height=\"300\" \/><span class=\"su-custom-gallery-title\">DSC_0319<\/span><\/a><\/div><div class=\"su-custom-gallery-slide\" style=\"width:350px;height:300px\"><a href=\"https:\/\/szkolazabrowo.pl\/wp-content\/uploads\/2024\/11\/DSC_0320.jpg\" title=\"DSC_0320\"><img loading=\"lazy\" decoding=\"async\" src=\"https:\/\/szkolazabrowo.pl\/wp-content\/uploads\/2024\/11\/DSC_0320-350x300.jpg\" alt=\"DSC_0320\" width=\"350\" height=\"300\" \/><span class=\"su-custom-gallery-title\">DSC_0320<\/span><\/a><\/div><div class=\"su-custom-gallery-slide\" style=\"width:350px;height:300px\"><a href=\"https:\/\/szkolazabrowo.pl\/wp-content\/uploads\/2024\/11\/DSC_0321.jpg\" title=\"DSC_0321\"><img loading=\"lazy\" decoding=\"async\" src=\"https:\/\/szkolazabrowo.pl\/wp-content\/uploads\/2024\/11\/DSC_0321-350x300.jpg\" alt=\"DSC_0321\" width=\"350\" height=\"300\" \/><span class=\"su-custom-gallery-title\">DSC_0321<\/span><\/a><\/div><div class=\"su-custom-gallery-slide\" style=\"width:350px;height:300px\"><a href=\"https:\/\/szkolazabrowo.pl\/wp-content\/uploads\/2024\/11\/DSC_0322.jpg\" title=\"DSC_0322\"><img loading=\"lazy\" decoding=\"async\" src=\"https:\/\/szkolazabrowo.pl\/wp-content\/uploads\/2024\/11\/DSC_0322-350x300.jpg\" alt=\"DSC_0322\" width=\"350\" height=\"300\" \/><span class=\"su-custom-gallery-title\">DSC_0322<\/span><\/a><\/div><div class=\"su-custom-gallery-slide\" style=\"width:350px;height:300px\"><a href=\"https:\/\/szkolazabrowo.pl\/wp-content\/uploads\/2024\/11\/DSC_0323.jpg\" title=\"DSC_0323\"><img loading=\"lazy\" decoding=\"async\" src=\"https:\/\/szkolazabrowo.pl\/wp-content\/uploads\/2024\/11\/DSC_0323-350x300.jpg\" alt=\"DSC_0323\" width=\"350\" height=\"300\" \/><span class=\"su-custom-gallery-title\">DSC_0323<\/span><\/a><\/div><div class=\"su-custom-gallery-slide\" style=\"width:350px;height:300px\"><a href=\"https:\/\/szkolazabrowo.pl\/wp-content\/uploads\/2024\/11\/DSC_0326.jpg\" title=\"DSC_0326\"><img loading=\"lazy\" decoding=\"async\" src=\"https:\/\/szkolazabrowo.pl\/wp-content\/uploads\/2024\/11\/DSC_0326-350x300.jpg\" alt=\"DSC_0326\" width=\"350\" height=\"300\" \/><span class=\"su-custom-gallery-title\">DSC_0326<\/span><\/a><\/div><div class=\"su-custom-gallery-slide\" style=\"width:350px;height:300px\"><a href=\"https:\/\/szkolazabrowo.pl\/wp-content\/uploads\/2024\/11\/DSC_0327.jpg\" title=\"DSC_0327\"><img loading=\"lazy\" decoding=\"async\" src=\"https:\/\/szkolazabrowo.pl\/wp-content\/uploads\/2024\/11\/DSC_0327-350x300.jpg\" alt=\"DSC_0327\" width=\"350\" height=\"300\" \/><span class=\"su-custom-gallery-title\">DSC_0327<\/span><\/a><\/div><div class=\"su-custom-gallery-slide\" style=\"width:350px;height:300px\"><a href=\"https:\/\/szkolazabrowo.pl\/wp-content\/uploads\/2024\/11\/DSC_0328.jpg\" title=\"DSC_0328\"><img loading=\"lazy\" decoding=\"async\" src=\"https:\/\/szkolazabrowo.pl\/wp-content\/uploads\/2024\/11\/DSC_0328-350x300.jpg\" alt=\"DSC_0328\" width=\"350\" height=\"300\" \/><span class=\"su-custom-gallery-title\">DSC_0328<\/span><\/a><\/div><div class=\"su-custom-gallery-slide\" style=\"width:350px;height:300px\"><a href=\"https:\/\/szkolazabrowo.pl\/wp-content\/uploads\/2024\/11\/DSC_0329.jpg\" title=\"DSC_0329\"><img loading=\"lazy\" decoding=\"async\" src=\"https:\/\/szkolazabrowo.pl\/wp-content\/uploads\/2024\/11\/DSC_0329-350x300.jpg\" alt=\"DSC_0329\" width=\"350\" height=\"300\" \/><span class=\"su-custom-gallery-title\">DSC_0329<\/span><\/a><\/div><div class=\"su-custom-gallery-slide\" style=\"width:350px;height:300px\"><a href=\"https:\/\/szkolazabrowo.pl\/wp-content\/uploads\/2024\/11\/DSC_0334.jpg\" title=\"DSC_0334\"><img loading=\"lazy\" decoding=\"async\" src=\"https:\/\/szkolazabrowo.pl\/wp-content\/uploads\/2024\/11\/DSC_0334-350x300.jpg\" alt=\"DSC_0334\" width=\"350\" height=\"300\" \/><span class=\"su-custom-gallery-title\">DSC_0334<\/span><\/a><\/div><div class=\"su-clear\"><\/div><\/div>\n","protected":false},"excerpt":{"rendered":"<p>Nasze kochane misie 25 listopada 2024r. uczniowie klas 0-3&nbsp; \u015bwi\u0119towali Dzie\u0144 Pluszowego Misia. Tego dnia prawie wszystkim dzieciom Szko\u0142y Podstawowej w Z\u0105browie towarzyszy\u0142 pluszowy mi\u015b. Mo\u017cna by\u0142o zobaczy\u0107 pluszaki o r\u00f3\u017cnych wielko\u015bciach, kolorach i w r\u00f3\u017cnych ubrankach. Jedna rzecz \u0142\u0105czy\u0142a <a href=\"https:\/\/szkolazabrowo.pl\/?page_id=13335\" class=\"read-more\">Czytaj wi\u0119cej &#8230;<\/a><\/p>\n","protected":false},"author":1,"featured_media":0,"parent":0,"menu_order":0,"comment_status":"closed","ping_status":"closed","template":"","meta":{"footnotes":""},"class_list":["post-13335","page","type-page","status-publish","hentry"],"_links":{"self":[{"href":"https:\/\/szkolazabrowo.pl\/index.php?rest_route=\/wp\/v2\/pages\/13335","targetHints":{"allow":["GET"]}}],"collection":[{"href":"https:\/\/szkolazabrowo.pl\/index.php?rest_route=\/wp\/v2\/pages"}],"about":[{"href":"https:\/\/szkolazabrowo.pl\/index.php?rest_route=\/wp\/v2\/types\/page"}],"author":[{"embeddable":true,"href":"https:\/\/szkolazabrowo.pl\/index.php?rest_route=\/wp\/v2\/users\/1"}],"replies":[{"embeddable":true,"href":"https:\/\/szkolazabrowo.pl\/index.php?rest_route=%2Fwp%2Fv2%2Fcomments&post=13335"}],"version-history":[{"count":1,"href":"https:\/\/szkolazabrowo.pl\/index.php?rest_route=\/wp\/v2\/pages\/13335\/revisions"}],"predecessor-version":[{"id":13371,"href":"https:\/\/szkolazabrowo.pl\/index.php?rest_route=\/wp\/v2\/pages\/13335\/revisions\/13371"}],"wp:attachment":[{"href":"https:\/\/szkolazabrowo.pl\/index.php?rest_route=%2Fwp%2Fv2%2Fmedia&parent=13335"}],"curies":[{"name":"wp","href":"https:\/\/api.w.org\/{rel}","templated":true}]}}