{"id":12766,"date":"2024-09-30T11:24:59","date_gmt":"2024-09-30T11:24:59","guid":{"rendered":"http:\/\/szkolazabrowo.pl\/?page_id=12766"},"modified":"2024-09-30T11:25:02","modified_gmt":"2024-09-30T11:25:02","slug":"pani-jesien","status":"publish","type":"page","link":"https:\/\/szkolazabrowo.pl\/?page_id=12766","title":{"rendered":"Pani Jesie\u0144"},"content":{"rendered":"\n<p>23 wrze\u015bnia przysz\u0142a do nas Pani Jesie\u0144. Przynios\u0142a nam pe\u0142en kosz dar\u00f3w: jab\u0142ka, gruszki, \u015bliwki, kasztany, kukurydz\u0119 itd. W ramach wdzi\u0119czno\u015bci dzieci przygotowa\u0142y obraz z naturalnych materia\u0142\u00f3w przyniesionych przez Pani\u0105 Jesie\u0144. Wysz\u0142o pi\u0119knie.\u00a0<\/p>\n\n\n<div class=\"su-custom-gallery su-custom-gallery-align-left su-custom-gallery-title-never\"><div class=\"su-custom-gallery-slide\" style=\"width:350px;height:300px\"><a href=\"https:\/\/szkolazabrowo.pl\/wp-content\/uploads\/2024\/09\/20240923_105905.jpg\" title=\"20240923_105905\"><img loading=\"lazy\" decoding=\"async\" src=\"https:\/\/szkolazabrowo.pl\/wp-content\/uploads\/2024\/09\/20240923_105905-350x300.jpg\" alt=\"20240923_105905\" width=\"350\" height=\"300\" \/><span class=\"su-custom-gallery-title\">20240923_105905<\/span><\/a><\/div><div class=\"su-custom-gallery-slide\" style=\"width:350px;height:300px\"><a href=\"https:\/\/szkolazabrowo.pl\/wp-content\/uploads\/2024\/09\/20240923_110009.jpg\" title=\"20240923_110009\"><img loading=\"lazy\" decoding=\"async\" src=\"https:\/\/szkolazabrowo.pl\/wp-content\/uploads\/2024\/09\/20240923_110009-350x300.jpg\" alt=\"20240923_110009\" width=\"350\" height=\"300\" \/><span class=\"su-custom-gallery-title\">20240923_110009<\/span><\/a><\/div><div class=\"su-custom-gallery-slide\" style=\"width:350px;height:300px\"><a href=\"https:\/\/szkolazabrowo.pl\/wp-content\/uploads\/2024\/09\/20240924_090238.jpg\" title=\"20240924_090238\"><img loading=\"lazy\" decoding=\"async\" src=\"https:\/\/szkolazabrowo.pl\/wp-content\/uploads\/2024\/09\/20240924_090238-350x300.jpg\" alt=\"20240924_090238\" width=\"350\" height=\"300\" \/><span class=\"su-custom-gallery-title\">20240924_090238<\/span><\/a><\/div><div class=\"su-custom-gallery-slide\" style=\"width:350px;height:300px\"><a href=\"https:\/\/szkolazabrowo.pl\/wp-content\/uploads\/2024\/09\/20240924_090337.jpg\" title=\"20240924_090337\"><img loading=\"lazy\" decoding=\"async\" src=\"https:\/\/szkolazabrowo.pl\/wp-content\/uploads\/2024\/09\/20240924_090337-350x300.jpg\" alt=\"20240924_090337\" width=\"350\" height=\"300\" \/><span class=\"su-custom-gallery-title\">20240924_090337<\/span><\/a><\/div><div class=\"su-custom-gallery-slide\" style=\"width:350px;height:300px\"><a href=\"https:\/\/szkolazabrowo.pl\/wp-content\/uploads\/2024\/09\/20240924_090343.jpg\" title=\"20240924_090343\"><img loading=\"lazy\" decoding=\"async\" src=\"https:\/\/szkolazabrowo.pl\/wp-content\/uploads\/2024\/09\/20240924_090343-350x300.jpg\" alt=\"20240924_090343\" width=\"350\" height=\"300\" \/><span class=\"su-custom-gallery-title\">20240924_090343<\/span><\/a><\/div><div class=\"su-custom-gallery-slide\" style=\"width:350px;height:300px\"><a href=\"https:\/\/szkolazabrowo.pl\/wp-content\/uploads\/2024\/09\/20240924_095338.jpg\" title=\"20240924_095338\"><img loading=\"lazy\" decoding=\"async\" src=\"https:\/\/szkolazabrowo.pl\/wp-content\/uploads\/2024\/09\/20240924_095338-350x300.jpg\" alt=\"20240924_095338\" width=\"350\" height=\"300\" \/><span class=\"su-custom-gallery-title\">20240924_095338<\/span><\/a><\/div><div class=\"su-custom-gallery-slide\" style=\"width:350px;height:300px\"><a href=\"https:\/\/szkolazabrowo.pl\/wp-content\/uploads\/2024\/09\/20240924_095957.jpg\" title=\"20240924_095957\"><img loading=\"lazy\" decoding=\"async\" src=\"https:\/\/szkolazabrowo.pl\/wp-content\/uploads\/2024\/09\/20240924_095957-350x300.jpg\" alt=\"20240924_095957\" width=\"350\" height=\"300\" \/><span class=\"su-custom-gallery-title\">20240924_095957<\/span><\/a><\/div><div class=\"su-custom-gallery-slide\" style=\"width:350px;height:300px\"><a href=\"https:\/\/szkolazabrowo.pl\/wp-content\/uploads\/2024\/09\/20240924_100243.jpg\" title=\"20240924_100243\"><img loading=\"lazy\" decoding=\"async\" src=\"https:\/\/szkolazabrowo.pl\/wp-content\/uploads\/2024\/09\/20240924_100243-350x300.jpg\" alt=\"20240924_100243\" width=\"350\" height=\"300\" \/><span class=\"su-custom-gallery-title\">20240924_100243<\/span><\/a><\/div><div class=\"su-custom-gallery-slide\" style=\"width:350px;height:300px\"><a href=\"https:\/\/szkolazabrowo.pl\/wp-content\/uploads\/2024\/09\/20240924_121400.jpg\" title=\"20240924_121400\"><img loading=\"lazy\" decoding=\"async\" src=\"https:\/\/szkolazabrowo.pl\/wp-content\/uploads\/2024\/09\/20240924_121400-350x300.jpg\" alt=\"20240924_121400\" width=\"350\" height=\"300\" \/><span class=\"su-custom-gallery-title\">20240924_121400<\/span><\/a><\/div><div class=\"su-custom-gallery-slide\" style=\"width:350px;height:300px\"><a href=\"https:\/\/szkolazabrowo.pl\/wp-content\/uploads\/2024\/09\/20240924_122828.jpg\" title=\"20240924_122828\"><img loading=\"lazy\" decoding=\"async\" src=\"https:\/\/szkolazabrowo.pl\/wp-content\/uploads\/2024\/09\/20240924_122828-350x300.jpg\" alt=\"20240924_122828\" width=\"350\" height=\"300\" \/><span class=\"su-custom-gallery-title\">20240924_122828<\/span><\/a><\/div><div class=\"su-custom-gallery-slide\" style=\"width:350px;height:300px\"><a href=\"https:\/\/szkolazabrowo.pl\/wp-content\/uploads\/2024\/09\/20240924_122834.jpg\" title=\"20240924_122834\"><img loading=\"lazy\" decoding=\"async\" src=\"https:\/\/szkolazabrowo.pl\/wp-content\/uploads\/2024\/09\/20240924_122834-350x300.jpg\" alt=\"20240924_122834\" width=\"350\" height=\"300\" \/><span class=\"su-custom-gallery-title\">20240924_122834<\/span><\/a><\/div><div class=\"su-custom-gallery-slide\" style=\"width:350px;height:300px\"><a href=\"https:\/\/szkolazabrowo.pl\/wp-content\/uploads\/2024\/09\/20240924_123219.jpg\" title=\"20240924_123219\"><img loading=\"lazy\" decoding=\"async\" src=\"https:\/\/szkolazabrowo.pl\/wp-content\/uploads\/2024\/09\/20240924_123219-350x300.jpg\" alt=\"20240924_123219\" width=\"350\" height=\"300\" \/><span class=\"su-custom-gallery-title\">20240924_123219<\/span><\/a><\/div><div class=\"su-custom-gallery-slide\" style=\"width:350px;height:300px\"><a href=\"https:\/\/szkolazabrowo.pl\/wp-content\/uploads\/2024\/09\/20240923_101540.jpg\" title=\"20240923_101540\"><img loading=\"lazy\" decoding=\"async\" src=\"https:\/\/szkolazabrowo.pl\/wp-content\/uploads\/2024\/09\/20240923_101540-350x300.jpg\" alt=\"20240923_101540\" width=\"350\" height=\"300\" \/><span class=\"su-custom-gallery-title\">20240923_101540<\/span><\/a><\/div><div class=\"su-custom-gallery-slide\" style=\"width:350px;height:300px\"><a href=\"https:\/\/szkolazabrowo.pl\/wp-content\/uploads\/2024\/09\/20240923_101548.jpg\" title=\"20240923_101548\"><img loading=\"lazy\" decoding=\"async\" src=\"https:\/\/szkolazabrowo.pl\/wp-content\/uploads\/2024\/09\/20240923_101548-350x300.jpg\" alt=\"20240923_101548\" width=\"350\" height=\"300\" \/><span class=\"su-custom-gallery-title\">20240923_101548<\/span><\/a><\/div><div class=\"su-custom-gallery-slide\" style=\"width:350px;height:300px\"><a href=\"https:\/\/szkolazabrowo.pl\/wp-content\/uploads\/2024\/09\/20240923_101734.jpg\" title=\"20240923_101734\"><img loading=\"lazy\" decoding=\"async\" src=\"https:\/\/szkolazabrowo.pl\/wp-content\/uploads\/2024\/09\/20240923_101734-350x300.jpg\" alt=\"20240923_101734\" width=\"350\" height=\"300\" \/><span class=\"su-custom-gallery-title\">20240923_101734<\/span><\/a><\/div><div class=\"su-custom-gallery-slide\" style=\"width:350px;height:300px\"><a href=\"https:\/\/szkolazabrowo.pl\/wp-content\/uploads\/2024\/09\/20240923_102140.jpg\" title=\"20240923_102140\"><img loading=\"lazy\" decoding=\"async\" src=\"https:\/\/szkolazabrowo.pl\/wp-content\/uploads\/2024\/09\/20240923_102140-350x300.jpg\" alt=\"20240923_102140\" width=\"350\" height=\"300\" \/><span class=\"su-custom-gallery-title\">20240923_102140<\/span><\/a><\/div><div class=\"su-custom-gallery-slide\" style=\"width:350px;height:300px\"><a href=\"https:\/\/szkolazabrowo.pl\/wp-content\/uploads\/2024\/09\/20240923_102307.jpg\" title=\"20240923_102307\"><img loading=\"lazy\" decoding=\"async\" src=\"https:\/\/szkolazabrowo.pl\/wp-content\/uploads\/2024\/09\/20240923_102307-350x300.jpg\" alt=\"20240923_102307\" width=\"350\" height=\"300\" \/><span class=\"su-custom-gallery-title\">20240923_102307<\/span><\/a><\/div><div class=\"su-custom-gallery-slide\" style=\"width:350px;height:300px\"><a href=\"https:\/\/szkolazabrowo.pl\/wp-content\/uploads\/2024\/09\/20240923_102416.jpg\" title=\"20240923_102416\"><img loading=\"lazy\" decoding=\"async\" src=\"https:\/\/szkolazabrowo.pl\/wp-content\/uploads\/2024\/09\/20240923_102416-350x300.jpg\" alt=\"20240923_102416\" width=\"350\" height=\"300\" \/><span class=\"su-custom-gallery-title\">20240923_102416<\/span><\/a><\/div><div class=\"su-custom-gallery-slide\" style=\"width:350px;height:300px\"><a href=\"https:\/\/szkolazabrowo.pl\/wp-content\/uploads\/2024\/09\/20240923_102517.jpg\" title=\"20240923_102517\"><img loading=\"lazy\" decoding=\"async\" src=\"https:\/\/szkolazabrowo.pl\/wp-content\/uploads\/2024\/09\/20240923_102517-350x300.jpg\" alt=\"20240923_102517\" width=\"350\" height=\"300\" \/><span class=\"su-custom-gallery-title\">20240923_102517<\/span><\/a><\/div><div class=\"su-custom-gallery-slide\" style=\"width:350px;height:300px\"><a href=\"https:\/\/szkolazabrowo.pl\/wp-content\/uploads\/2024\/09\/20240923_103613.jpg\" title=\"20240923_103613\"><img loading=\"lazy\" decoding=\"async\" src=\"https:\/\/szkolazabrowo.pl\/wp-content\/uploads\/2024\/09\/20240923_103613-350x300.jpg\" alt=\"20240923_103613\" width=\"350\" height=\"300\" \/><span class=\"su-custom-gallery-title\">20240923_103613<\/span><\/a><\/div><div class=\"su-custom-gallery-slide\" style=\"width:350px;height:300px\"><a href=\"https:\/\/szkolazabrowo.pl\/wp-content\/uploads\/2024\/09\/20240923_103630.jpg\" title=\"20240923_103630\"><img loading=\"lazy\" decoding=\"async\" src=\"https:\/\/szkolazabrowo.pl\/wp-content\/uploads\/2024\/09\/20240923_103630-350x300.jpg\" alt=\"20240923_103630\" width=\"350\" height=\"300\" \/><span class=\"su-custom-gallery-title\">20240923_103630<\/span><\/a><\/div><div class=\"su-custom-gallery-slide\" style=\"width:350px;height:300px\"><a href=\"https:\/\/szkolazabrowo.pl\/wp-content\/uploads\/2024\/09\/20240923_103737.jpg\" title=\"20240923_103737\"><img loading=\"lazy\" decoding=\"async\" src=\"https:\/\/szkolazabrowo.pl\/wp-content\/uploads\/2024\/09\/20240923_103737-350x300.jpg\" alt=\"20240923_103737\" width=\"350\" height=\"300\" \/><span class=\"su-custom-gallery-title\">20240923_103737<\/span><\/a><\/div><div class=\"su-custom-gallery-slide\" style=\"width:350px;height:300px\"><a href=\"https:\/\/szkolazabrowo.pl\/wp-content\/uploads\/2024\/09\/20240923_103802.jpg\" title=\"20240923_103802\"><img loading=\"lazy\" decoding=\"async\" src=\"https:\/\/szkolazabrowo.pl\/wp-content\/uploads\/2024\/09\/20240923_103802-350x300.jpg\" alt=\"20240923_103802\" width=\"350\" height=\"300\" \/><span class=\"su-custom-gallery-title\">20240923_103802<\/span><\/a><\/div><div class=\"su-custom-gallery-slide\" style=\"width:350px;height:300px\"><a href=\"https:\/\/szkolazabrowo.pl\/wp-content\/uploads\/2024\/09\/20240923_103831.jpg\" title=\"20240923_103831\"><img loading=\"lazy\" decoding=\"async\" src=\"https:\/\/szkolazabrowo.pl\/wp-content\/uploads\/2024\/09\/20240923_103831-350x300.jpg\" alt=\"20240923_103831\" width=\"350\" height=\"300\" \/><span class=\"su-custom-gallery-title\">20240923_103831<\/span><\/a><\/div><div class=\"su-custom-gallery-slide\" style=\"width:350px;height:300px\"><a href=\"https:\/\/szkolazabrowo.pl\/wp-content\/uploads\/2024\/09\/20240923_104013.jpg\" title=\"20240923_104013\"><img loading=\"lazy\" decoding=\"async\" src=\"https:\/\/szkolazabrowo.pl\/wp-content\/uploads\/2024\/09\/20240923_104013-350x300.jpg\" alt=\"20240923_104013\" width=\"350\" height=\"300\" \/><span class=\"su-custom-gallery-title\">20240923_104013<\/span><\/a><\/div><div class=\"su-custom-gallery-slide\" style=\"width:350px;height:300px\"><a href=\"https:\/\/szkolazabrowo.pl\/wp-content\/uploads\/2024\/09\/20240923_104652.jpg\" title=\"20240923_104652\"><img loading=\"lazy\" decoding=\"async\" src=\"https:\/\/szkolazabrowo.pl\/wp-content\/uploads\/2024\/09\/20240923_104652-350x300.jpg\" alt=\"20240923_104652\" width=\"350\" height=\"300\" \/><span class=\"su-custom-gallery-title\">20240923_104652<\/span><\/a><\/div><div class=\"su-clear\"><\/div><\/div>\n","protected":false},"excerpt":{"rendered":"<p>23 wrze\u015bnia przysz\u0142a do nas Pani Jesie\u0144. Przynios\u0142a nam pe\u0142en kosz dar\u00f3w: jab\u0142ka, gruszki, \u015bliwki, kasztany, kukurydz\u0119 itd. W ramach wdzi\u0119czno\u015bci dzieci przygotowa\u0142y obraz z naturalnych materia\u0142\u00f3w przyniesionych przez Pani\u0105 Jesie\u0144. Wysz\u0142o pi\u0119knie.\u00a0<\/p>\n","protected":false},"author":1,"featured_media":0,"parent":0,"menu_order":0,"comment_status":"closed","ping_status":"closed","template":"","meta":{"footnotes":""},"class_list":["post-12766","page","type-page","status-publish","hentry"],"_links":{"self":[{"href":"https:\/\/szkolazabrowo.pl\/index.php?rest_route=\/wp\/v2\/pages\/12766","targetHints":{"allow":["GET"]}}],"collection":[{"href":"https:\/\/szkolazabrowo.pl\/index.php?rest_route=\/wp\/v2\/pages"}],"about":[{"href":"https:\/\/szkolazabrowo.pl\/index.php?rest_route=\/wp\/v2\/types\/page"}],"author":[{"embeddable":true,"href":"https:\/\/szkolazabrowo.pl\/index.php?rest_route=\/wp\/v2\/users\/1"}],"replies":[{"embeddable":true,"href":"https:\/\/szkolazabrowo.pl\/index.php?rest_route=%2Fwp%2Fv2%2Fcomments&post=12766"}],"version-history":[{"count":1,"href":"https:\/\/szkolazabrowo.pl\/index.php?rest_route=\/wp\/v2\/pages\/12766\/revisions"}],"predecessor-version":[{"id":12794,"href":"https:\/\/szkolazabrowo.pl\/index.php?rest_route=\/wp\/v2\/pages\/12766\/revisions\/12794"}],"wp:attachment":[{"href":"https:\/\/szkolazabrowo.pl\/index.php?rest_route=%2Fwp%2Fv2%2Fmedia&parent=12766"}],"curies":[{"name":"wp","href":"https:\/\/api.w.org\/{rel}","templated":true}]}}