{"id":12647,"date":"2024-09-29T16:25:33","date_gmt":"2024-09-29T16:25:33","guid":{"rendered":"http:\/\/szkolazabrowo.pl\/?page_id=12647"},"modified":"2024-10-07T07:40:48","modified_gmt":"2024-10-07T07:40:48","slug":"europejski-dzien-sportu-szkolnego-rajd-jesienny","status":"publish","type":"page","link":"https:\/\/szkolazabrowo.pl\/?page_id=12647","title":{"rendered":"Europejski Dzie\u0144 Sportu Szkolnego \u201eRajd Jesienny\u201d"},"content":{"rendered":"\n<p>W pi\u0105tek 27 wrze\u015bnia w naszej szkole obchodzony by\u0142 Europejski Dzie\u0144 Sportu Szkolnego W tym roku uczniowie klas 4-8 wzi\u0119li udzia\u0142 w Rajdzie Jesiennym. Z samego rana wyruszyli\u015bmy ze szko\u0142y podzieleni na grupy &nbsp;z mapami w r\u0119ku&nbsp; kieruj\u0105c si\u0119 &nbsp;przepi\u0119kn\u0105 Alej\u0105 Drzew prowadz\u0105c\u0105 z Z\u0105browa do pobliskiej Kamionki. Na trasie rajdu mogli\u015bmy podziwia\u0107 pomniki przyrody, jezioro ale r\u00f3wnie\u017c sp\u0119dzi\u0107 czas na rozmowach z kole\u017cankami i kolegami. Po\u015br\u00f3d drzew ukrytye by\u0142y jesienne i sportowe zagadki dla ka\u017cdej klasy. Po dotarciu do Kamionki podsumowali\u015bmy &nbsp;wykonane zada\u0144 a ka\u017cdy z uczni\u00f3w otrzyma\u0142 drobny pocz\u0119stunek. Po kilku chwilach odpoczynku i zabaw wraz z nauczycielami wyruszyli\u015bmy w drog\u0119 powrotn\u0105 do szko\u0142y dotlenieni i zm\u0119czeni ale &nbsp;bardzo zadowoleni &nbsp;z siebie, \u0142\u0105cznie pokonuj\u0105c 12 kilometr\u00f3w pieszo. &nbsp;Rajd Jesienny poza celebracj\u0105 Europejskiego Dnia Sportu Szkolnego mia\u0142 na celu &nbsp;propagowanie turystyki pieszej jako zdrowej i aktywnej formy sp\u0119dzania czasu wolnego, poznanie walor\u00f3w krajobrazowych i przyrodniczych Z\u0105browa i okolic, rozwijania umiej\u0119tno\u015bci turystycznych a tak\u017ce poszerzanie wiedzy sportowej i og\u00f3lnej uczestnik\u00f3w rajdu.<\/p>\n\n\n\n<figure class=\"wp-block-image size-large\"><img loading=\"lazy\" decoding=\"async\" width=\"1024\" height=\"725\" src=\"https:\/\/szkolazabrowo.pl\/wp-content\/uploads\/2024\/10\/Certyfikat_DS-1024x725.jpg\" alt=\"\" class=\"wp-image-12853\" srcset=\"https:\/\/szkolazabrowo.pl\/wp-content\/uploads\/2024\/10\/Certyfikat_DS-1024x725.jpg 1024w, https:\/\/szkolazabrowo.pl\/wp-content\/uploads\/2024\/10\/Certyfikat_DS-300x212.jpg 300w, https:\/\/szkolazabrowo.pl\/wp-content\/uploads\/2024\/10\/Certyfikat_DS-768x543.jpg 768w, https:\/\/szkolazabrowo.pl\/wp-content\/uploads\/2024\/10\/Certyfikat_DS-1536x1087.jpg 1536w, https:\/\/szkolazabrowo.pl\/wp-content\/uploads\/2024\/10\/Certyfikat_DS-360x255.jpg 360w, https:\/\/szkolazabrowo.pl\/wp-content\/uploads\/2024\/10\/Certyfikat_DS.jpg 1754w\" sizes=\"auto, (max-width: 1024px) 100vw, 1024px\" \/><\/figure>\n\n\n<div class=\"su-custom-gallery su-custom-gallery-align-left su-custom-gallery-title-never\"><div class=\"su-custom-gallery-slide\" style=\"width:350px;height:300px\"><a href=\"https:\/\/szkolazabrowo.pl\/wp-content\/uploads\/2024\/09\/9ZcDd57A.jpg\" title=\"9ZcDd57A\"><img loading=\"lazy\" decoding=\"async\" src=\"https:\/\/szkolazabrowo.pl\/wp-content\/uploads\/2024\/09\/9ZcDd57A-350x300.jpg\" alt=\"9ZcDd57A\" width=\"350\" height=\"300\" \/><span class=\"su-custom-gallery-title\">9ZcDd57A<\/span><\/a><\/div><div class=\"su-custom-gallery-slide\" style=\"width:350px;height:300px\"><a href=\"https:\/\/szkolazabrowo.pl\/wp-content\/uploads\/2024\/09\/Bez-nazwy1.jpg\" title=\"Bez nazwy1\"><img loading=\"lazy\" decoding=\"async\" src=\"https:\/\/szkolazabrowo.pl\/wp-content\/uploads\/2024\/09\/Bez-nazwy1-350x300.jpg\" alt=\"Bez nazwy1\" width=\"350\" height=\"300\" \/><span class=\"su-custom-gallery-title\">Bez nazwy1<\/span><\/a><\/div><div class=\"su-custom-gallery-slide\" style=\"width:350px;height:300px\"><a href=\"https:\/\/szkolazabrowo.pl\/wp-content\/uploads\/2024\/09\/d0JD9GNq.jpg\" title=\"d0JD9GNq\"><img loading=\"lazy\" decoding=\"async\" src=\"https:\/\/szkolazabrowo.pl\/wp-content\/uploads\/2024\/09\/d0JD9GNq-350x300.jpg\" alt=\"d0JD9GNq\" width=\"350\" height=\"300\" \/><span class=\"su-custom-gallery-title\">d0JD9GNq<\/span><\/a><\/div><div class=\"su-custom-gallery-slide\" style=\"width:350px;height:300px\"><a href=\"https:\/\/szkolazabrowo.pl\/wp-content\/uploads\/2024\/09\/D7B3hmaN.jpg\" title=\"D7B3hmaN\"><img loading=\"lazy\" decoding=\"async\" src=\"https:\/\/szkolazabrowo.pl\/wp-content\/uploads\/2024\/09\/D7B3hmaN-350x300.jpg\" alt=\"D7B3hmaN\" width=\"350\" height=\"300\" \/><span class=\"su-custom-gallery-title\">D7B3hmaN<\/span><\/a><\/div><div class=\"su-custom-gallery-slide\" style=\"width:350px;height:300px\"><a href=\"https:\/\/szkolazabrowo.pl\/wp-content\/uploads\/2024\/09\/J3QVs_A5.jpg\" title=\"J3QVs_A5\"><img loading=\"lazy\" decoding=\"async\" src=\"https:\/\/szkolazabrowo.pl\/wp-content\/uploads\/2024\/09\/J3QVs_A5-350x300.jpg\" alt=\"J3QVs_A5\" width=\"350\" height=\"300\" \/><span class=\"su-custom-gallery-title\">J3QVs_A5<\/span><\/a><\/div><div class=\"su-custom-gallery-slide\" style=\"width:350px;height:300px\"><a href=\"https:\/\/szkolazabrowo.pl\/wp-content\/uploads\/2024\/09\/kNhEnZ_2.jpg\" title=\"kNhEnZ_2\"><img loading=\"lazy\" decoding=\"async\" src=\"https:\/\/szkolazabrowo.pl\/wp-content\/uploads\/2024\/09\/kNhEnZ_2-350x300.jpg\" alt=\"kNhEnZ_2\" width=\"350\" height=\"300\" \/><span class=\"su-custom-gallery-title\">kNhEnZ_2<\/span><\/a><\/div><div class=\"su-custom-gallery-slide\" style=\"width:350px;height:300px\"><a href=\"https:\/\/szkolazabrowo.pl\/wp-content\/uploads\/2024\/09\/KTsspWss.jpg\" title=\"KTsspWss\"><img loading=\"lazy\" decoding=\"async\" src=\"https:\/\/szkolazabrowo.pl\/wp-content\/uploads\/2024\/09\/KTsspWss-350x300.jpg\" alt=\"KTsspWss\" width=\"350\" height=\"300\" \/><span class=\"su-custom-gallery-title\">KTsspWss<\/span><\/a><\/div><div class=\"su-custom-gallery-slide\" style=\"width:350px;height:300px\"><a href=\"https:\/\/szkolazabrowo.pl\/wp-content\/uploads\/2024\/09\/L0A8HaJw.jpg\" title=\"L0A8HaJw\"><img loading=\"lazy\" decoding=\"async\" src=\"https:\/\/szkolazabrowo.pl\/wp-content\/uploads\/2024\/09\/L0A8HaJw-350x300.jpg\" alt=\"L0A8HaJw\" width=\"350\" height=\"300\" \/><span class=\"su-custom-gallery-title\">L0A8HaJw<\/span><\/a><\/div><div class=\"su-custom-gallery-slide\" style=\"width:350px;height:300px\"><a href=\"https:\/\/szkolazabrowo.pl\/wp-content\/uploads\/2024\/09\/lH4hxHWF.jpg\" title=\"lH4hxHWF\"><img loading=\"lazy\" decoding=\"async\" src=\"https:\/\/szkolazabrowo.pl\/wp-content\/uploads\/2024\/09\/lH4hxHWF-350x300.jpg\" alt=\"lH4hxHWF\" width=\"350\" height=\"300\" \/><span class=\"su-custom-gallery-title\">lH4hxHWF<\/span><\/a><\/div><div class=\"su-custom-gallery-slide\" style=\"width:350px;height:300px\"><a href=\"https:\/\/szkolazabrowo.pl\/wp-content\/uploads\/2024\/09\/M2FypJ8V.jpg\" title=\"M2FypJ8V\"><img loading=\"lazy\" decoding=\"async\" src=\"https:\/\/szkolazabrowo.pl\/wp-content\/uploads\/2024\/09\/M2FypJ8V-350x300.jpg\" alt=\"M2FypJ8V\" width=\"350\" height=\"300\" \/><span class=\"su-custom-gallery-title\">M2FypJ8V<\/span><\/a><\/div><div class=\"su-custom-gallery-slide\" style=\"width:350px;height:300px\"><a href=\"https:\/\/szkolazabrowo.pl\/wp-content\/uploads\/2024\/09\/MKyXEopJ.jpg\" title=\"MKyXEopJ\"><img loading=\"lazy\" decoding=\"async\" src=\"https:\/\/szkolazabrowo.pl\/wp-content\/uploads\/2024\/09\/MKyXEopJ-350x300.jpg\" alt=\"MKyXEopJ\" width=\"350\" height=\"300\" \/><span class=\"su-custom-gallery-title\">MKyXEopJ<\/span><\/a><\/div><div class=\"su-custom-gallery-slide\" style=\"width:350px;height:300px\"><a href=\"https:\/\/szkolazabrowo.pl\/wp-content\/uploads\/2024\/09\/MmlJdZif.jpg\" title=\"MmlJdZif\"><img loading=\"lazy\" decoding=\"async\" src=\"https:\/\/szkolazabrowo.pl\/wp-content\/uploads\/2024\/09\/MmlJdZif-350x300.jpg\" alt=\"MmlJdZif\" width=\"350\" height=\"300\" \/><span class=\"su-custom-gallery-title\">MmlJdZif<\/span><\/a><\/div><div class=\"su-custom-gallery-slide\" style=\"width:350px;height:300px\"><a href=\"https:\/\/szkolazabrowo.pl\/wp-content\/uploads\/2024\/09\/NjvlNFvB.jpg\" title=\"NjvlNFvB\"><img loading=\"lazy\" decoding=\"async\" src=\"https:\/\/szkolazabrowo.pl\/wp-content\/uploads\/2024\/09\/NjvlNFvB-350x300.jpg\" alt=\"NjvlNFvB\" width=\"350\" height=\"300\" \/><span class=\"su-custom-gallery-title\">NjvlNFvB<\/span><\/a><\/div><div class=\"su-custom-gallery-slide\" style=\"width:350px;height:300px\"><a href=\"https:\/\/szkolazabrowo.pl\/wp-content\/uploads\/2024\/09\/PnokzOZi.jpg\" title=\"PnokzOZi\"><img loading=\"lazy\" decoding=\"async\" src=\"https:\/\/szkolazabrowo.pl\/wp-content\/uploads\/2024\/09\/PnokzOZi-350x300.jpg\" alt=\"PnokzOZi\" width=\"350\" height=\"300\" \/><span class=\"su-custom-gallery-title\">PnokzOZi<\/span><\/a><\/div><div class=\"su-custom-gallery-slide\" style=\"width:350px;height:300px\"><a href=\"https:\/\/szkolazabrowo.pl\/wp-content\/uploads\/2024\/09\/POAbg4qe.jpg\" title=\"POAbg4qe\"><img loading=\"lazy\" decoding=\"async\" src=\"https:\/\/szkolazabrowo.pl\/wp-content\/uploads\/2024\/09\/POAbg4qe-350x300.jpg\" alt=\"POAbg4qe\" width=\"350\" height=\"300\" \/><span class=\"su-custom-gallery-title\">POAbg4qe<\/span><\/a><\/div><div class=\"su-custom-gallery-slide\" style=\"width:350px;height:300px\"><a href=\"https:\/\/szkolazabrowo.pl\/wp-content\/uploads\/2024\/09\/pRyX1xyp.jpg\" title=\"pRyX1xyp\"><img loading=\"lazy\" decoding=\"async\" src=\"https:\/\/szkolazabrowo.pl\/wp-content\/uploads\/2024\/09\/pRyX1xyp-350x300.jpg\" alt=\"pRyX1xyp\" width=\"350\" height=\"300\" \/><span class=\"su-custom-gallery-title\">pRyX1xyp<\/span><\/a><\/div><div class=\"su-custom-gallery-slide\" style=\"width:350px;height:300px\"><a href=\"https:\/\/szkolazabrowo.pl\/wp-content\/uploads\/2024\/09\/SGyAbEL1.jpg\" title=\"SGyAbEL1\"><img loading=\"lazy\" decoding=\"async\" src=\"https:\/\/szkolazabrowo.pl\/wp-content\/uploads\/2024\/09\/SGyAbEL1-350x300.jpg\" alt=\"SGyAbEL1\" width=\"350\" height=\"300\" \/><span class=\"su-custom-gallery-title\">SGyAbEL1<\/span><\/a><\/div><div class=\"su-custom-gallery-slide\" style=\"width:350px;height:300px\"><a href=\"https:\/\/szkolazabrowo.pl\/wp-content\/uploads\/2024\/09\/W0OeyyMB.jpg\" title=\"W0OeyyMB\"><img loading=\"lazy\" decoding=\"async\" src=\"https:\/\/szkolazabrowo.pl\/wp-content\/uploads\/2024\/09\/W0OeyyMB-350x300.jpg\" alt=\"W0OeyyMB\" width=\"350\" height=\"300\" \/><span class=\"su-custom-gallery-title\">W0OeyyMB<\/span><\/a><\/div><div class=\"su-custom-gallery-slide\" style=\"width:350px;height:300px\"><a href=\"https:\/\/szkolazabrowo.pl\/wp-content\/uploads\/2024\/09\/YdJ2nmJP.jpg\" title=\"YdJ2nmJP\"><img loading=\"lazy\" decoding=\"async\" src=\"https:\/\/szkolazabrowo.pl\/wp-content\/uploads\/2024\/09\/YdJ2nmJP-350x300.jpg\" alt=\"YdJ2nmJP\" width=\"350\" height=\"300\" \/><span class=\"su-custom-gallery-title\">YdJ2nmJP<\/span><\/a><\/div><div class=\"su-custom-gallery-slide\" style=\"width:350px;height:300px\"><a href=\"https:\/\/szkolazabrowo.pl\/wp-content\/uploads\/2024\/09\/ZNLxxtDf.jpg\" title=\"ZNLxxtDf\"><img loading=\"lazy\" decoding=\"async\" src=\"https:\/\/szkolazabrowo.pl\/wp-content\/uploads\/2024\/09\/ZNLxxtDf-350x300.jpg\" alt=\"ZNLxxtDf\" width=\"350\" height=\"300\" \/><span class=\"su-custom-gallery-title\">ZNLxxtDf<\/span><\/a><\/div><div class=\"su-custom-gallery-slide\" style=\"width:350px;height:300px\"><a href=\"https:\/\/szkolazabrowo.pl\/wp-content\/uploads\/2024\/09\/zs948XUi.jpg\" title=\"zs948XUi\"><img loading=\"lazy\" decoding=\"async\" src=\"https:\/\/szkolazabrowo.pl\/wp-content\/uploads\/2024\/09\/zs948XUi-350x300.jpg\" alt=\"zs948XUi\" width=\"350\" height=\"300\" \/><span class=\"su-custom-gallery-title\">zs948XUi<\/span><\/a><\/div><div class=\"su-clear\"><\/div><\/div>\n\n\n\n<p>Europejski Dzie\u0144 Sportu Szkolnego&nbsp; obchodzili r\u00f3wnie\u017c nasi najm\u0142odsi uczniowie bior\u0105c udzia\u0142 w grach i zabawach na weso\u0142o. Zmagania rozpocz\u0119li od rozgrzewki przy muzyce po czym przyst\u0105pili do zabawy. Wzi\u0119li udzia\u0142 w konkurencjach sportowych takich jak bieg z butem a w\u0142a\u015bciwie bez, rzut kasztanem do celu, skocz i zmie\u0144.&nbsp; Uczniowie bawili si\u0119 chustami animacyjnymi wsp\u00f3\u0142pracuj\u0105c zespo\u0142owo. Sportowe zadania zako\u0144czyli balonowym ta\u0144cem. Wszystkie konkurencje odby\u0142y si\u0119 wed\u0142ug zasady <strong>Fair Play !!!<\/strong><\/p>\n\n\n<div class=\"su-custom-gallery su-custom-gallery-align-left su-custom-gallery-title-never\"><div class=\"su-custom-gallery-slide\" style=\"width:350px;height:300px\"><a href=\"https:\/\/szkolazabrowo.pl\/wp-content\/uploads\/2024\/10\/5ecd931c-491a-400d-bd99-a092dd63a796.jpg\" title=\"5ecd931c-491a-400d-bd99-a092dd63a796\"><img loading=\"lazy\" decoding=\"async\" src=\"https:\/\/szkolazabrowo.pl\/wp-content\/uploads\/2024\/10\/5ecd931c-491a-400d-bd99-a092dd63a796-350x300.jpg\" alt=\"5ecd931c-491a-400d-bd99-a092dd63a796\" width=\"350\" height=\"300\" \/><span class=\"su-custom-gallery-title\">5ecd931c-491a-400d-bd99-a092dd63a796<\/span><\/a><\/div><div class=\"su-custom-gallery-slide\" style=\"width:350px;height:300px\"><a href=\"https:\/\/szkolazabrowo.pl\/wp-content\/uploads\/2024\/10\/0555934b-9014-45ba-8c98-dce361bd0406.jpg\" title=\"0555934b-9014-45ba-8c98-dce361bd0406\"><img loading=\"lazy\" decoding=\"async\" src=\"https:\/\/szkolazabrowo.pl\/wp-content\/uploads\/2024\/10\/0555934b-9014-45ba-8c98-dce361bd0406-350x300.jpg\" alt=\"0555934b-9014-45ba-8c98-dce361bd0406\" width=\"350\" height=\"300\" \/><span class=\"su-custom-gallery-title\">0555934b-9014-45ba-8c98-dce361bd0406<\/span><\/a><\/div><div class=\"su-custom-gallery-slide\" style=\"width:350px;height:300px\"><a href=\"https:\/\/szkolazabrowo.pl\/wp-content\/uploads\/2024\/10\/b06eeacd-da54-4634-8714-e5a2fdef2cc7.jpg\" title=\"b06eeacd-da54-4634-8714-e5a2fdef2cc7\"><img loading=\"lazy\" decoding=\"async\" src=\"https:\/\/szkolazabrowo.pl\/wp-content\/uploads\/2024\/10\/b06eeacd-da54-4634-8714-e5a2fdef2cc7-350x300.jpg\" alt=\"b06eeacd-da54-4634-8714-e5a2fdef2cc7\" width=\"350\" height=\"300\" \/><span class=\"su-custom-gallery-title\">b06eeacd-da54-4634-8714-e5a2fdef2cc7<\/span><\/a><\/div><div class=\"su-custom-gallery-slide\" style=\"width:350px;height:300px\"><a href=\"https:\/\/szkolazabrowo.pl\/wp-content\/uploads\/2024\/10\/b142e50a-dce6-49f2-b2e1-6750de900bc3.jpg\" title=\"b142e50a-dce6-49f2-b2e1-6750de900bc3\"><img loading=\"lazy\" decoding=\"async\" src=\"https:\/\/szkolazabrowo.pl\/wp-content\/uploads\/2024\/10\/b142e50a-dce6-49f2-b2e1-6750de900bc3-350x300.jpg\" alt=\"b142e50a-dce6-49f2-b2e1-6750de900bc3\" width=\"350\" height=\"300\" \/><span class=\"su-custom-gallery-title\">b142e50a-dce6-49f2-b2e1-6750de900bc3<\/span><\/a><\/div><div class=\"su-custom-gallery-slide\" style=\"width:350px;height:300px\"><a href=\"https:\/\/szkolazabrowo.pl\/wp-content\/uploads\/2024\/10\/IMG_20240930_111752.jpg\" title=\"IMG_20240930_111752\"><img loading=\"lazy\" decoding=\"async\" src=\"https:\/\/szkolazabrowo.pl\/wp-content\/uploads\/2024\/10\/IMG_20240930_111752-350x300.jpg\" alt=\"IMG_20240930_111752\" width=\"350\" height=\"300\" \/><span class=\"su-custom-gallery-title\">IMG_20240930_111752<\/span><\/a><\/div><div class=\"su-custom-gallery-slide\" style=\"width:350px;height:300px\"><a href=\"https:\/\/szkolazabrowo.pl\/wp-content\/uploads\/2024\/10\/IMG_20240930_112149.jpg\" title=\"IMG_20240930_112149\"><img loading=\"lazy\" decoding=\"async\" src=\"https:\/\/szkolazabrowo.pl\/wp-content\/uploads\/2024\/10\/IMG_20240930_112149-350x300.jpg\" alt=\"IMG_20240930_112149\" width=\"350\" height=\"300\" \/><span class=\"su-custom-gallery-title\">IMG_20240930_112149<\/span><\/a><\/div><div class=\"su-custom-gallery-slide\" style=\"width:350px;height:300px\"><a href=\"https:\/\/szkolazabrowo.pl\/wp-content\/uploads\/2024\/10\/IMG_20240930_113318.jpg\" title=\"IMG_20240930_113318\"><img loading=\"lazy\" decoding=\"async\" src=\"https:\/\/szkolazabrowo.pl\/wp-content\/uploads\/2024\/10\/IMG_20240930_113318-350x300.jpg\" alt=\"IMG_20240930_113318\" width=\"350\" height=\"300\" \/><span class=\"su-custom-gallery-title\">IMG_20240930_113318<\/span><\/a><\/div><div class=\"su-custom-gallery-slide\" style=\"width:350px;height:300px\"><a href=\"https:\/\/szkolazabrowo.pl\/wp-content\/uploads\/2024\/10\/IMG_20240930_113626.jpg\" title=\"IMG_20240930_113626\"><img loading=\"lazy\" decoding=\"async\" src=\"https:\/\/szkolazabrowo.pl\/wp-content\/uploads\/2024\/10\/IMG_20240930_113626-350x300.jpg\" alt=\"IMG_20240930_113626\" width=\"350\" height=\"300\" \/><span class=\"su-custom-gallery-title\">IMG_20240930_113626<\/span><\/a><\/div><div class=\"su-custom-gallery-slide\" style=\"width:350px;height:300px\"><a href=\"https:\/\/szkolazabrowo.pl\/wp-content\/uploads\/2024\/10\/IMG_20240930_115354.jpg\" title=\"IMG_20240930_115354\"><img loading=\"lazy\" decoding=\"async\" src=\"https:\/\/szkolazabrowo.pl\/wp-content\/uploads\/2024\/10\/IMG_20240930_115354-350x300.jpg\" alt=\"IMG_20240930_115354\" width=\"350\" height=\"300\" \/><span class=\"su-custom-gallery-title\">IMG_20240930_115354<\/span><\/a><\/div><div class=\"su-clear\"><\/div><\/div>\n","protected":false},"excerpt":{"rendered":"<p>W pi\u0105tek 27 wrze\u015bnia w naszej szkole obchodzony by\u0142 Europejski Dzie\u0144 Sportu Szkolnego W tym roku uczniowie klas 4-8 wzi\u0119li udzia\u0142 w Rajdzie Jesiennym. Z samego rana wyruszyli\u015bmy ze szko\u0142y podzieleni na grupy &nbsp;z mapami w r\u0119ku&nbsp; kieruj\u0105c si\u0119 &nbsp;przepi\u0119kn\u0105 <a href=\"https:\/\/szkolazabrowo.pl\/?page_id=12647\" class=\"read-more\">Czytaj wi\u0119cej &#8230;<\/a><\/p>\n","protected":false},"author":1,"featured_media":0,"parent":0,"menu_order":0,"comment_status":"closed","ping_status":"closed","template":"","meta":{"footnotes":""},"class_list":["post-12647","page","type-page","status-publish","hentry"],"_links":{"self":[{"href":"https:\/\/szkolazabrowo.pl\/index.php?rest_route=\/wp\/v2\/pages\/12647","targetHints":{"allow":["GET"]}}],"collection":[{"href":"https:\/\/szkolazabrowo.pl\/index.php?rest_route=\/wp\/v2\/pages"}],"about":[{"href":"https:\/\/szkolazabrowo.pl\/index.php?rest_route=\/wp\/v2\/types\/page"}],"author":[{"embeddable":true,"href":"https:\/\/szkolazabrowo.pl\/index.php?rest_route=\/wp\/v2\/users\/1"}],"replies":[{"embeddable":true,"href":"https:\/\/szkolazabrowo.pl\/index.php?rest_route=%2Fwp%2Fv2%2Fcomments&post=12647"}],"version-history":[{"count":3,"href":"https:\/\/szkolazabrowo.pl\/index.php?rest_route=\/wp\/v2\/pages\/12647\/revisions"}],"predecessor-version":[{"id":12854,"href":"https:\/\/szkolazabrowo.pl\/index.php?rest_route=\/wp\/v2\/pages\/12647\/revisions\/12854"}],"wp:attachment":[{"href":"https:\/\/szkolazabrowo.pl\/index.php?rest_route=%2Fwp%2Fv2%2Fmedia&parent=12647"}],"curies":[{"name":"wp","href":"https:\/\/api.w.org\/{rel}","templated":true}]}}