{"id":12634,"date":"2024-09-25T10:19:51","date_gmt":"2024-09-25T10:19:51","guid":{"rendered":"http:\/\/szkolazabrowo.pl\/?page_id=12634"},"modified":"2024-09-25T10:19:52","modified_gmt":"2024-09-25T10:19:52","slug":"zajecia-matematyczne-z-mathriders-ilawa","status":"publish","type":"page","link":"https:\/\/szkolazabrowo.pl\/?page_id=12634","title":{"rendered":"Zaj\u0119cia matematyczne z MathRiders I\u0142awa"},"content":{"rendered":"\n<p>Dnia 23 wrze\u015bnia 2024r. uczniowie klas I-III uczestniczyli w pokazowych zaj\u0119ciach matematycznych przygotowanych przez przedstawicielki MathRiders I\u0142awa.<\/p>\n\n\n\n<p class=\"has-text-align-right\">&nbsp;&nbsp;&nbsp;&nbsp;&nbsp;&nbsp;&nbsp;&nbsp;&nbsp;&nbsp;&nbsp;&nbsp;&nbsp;&nbsp;&nbsp;&nbsp;&nbsp;&nbsp;&nbsp;&nbsp;&nbsp;&nbsp;&nbsp;&nbsp;&nbsp;&nbsp;&nbsp;&nbsp;&nbsp;&nbsp;&nbsp;&nbsp;&nbsp;&nbsp;&nbsp;&nbsp;&nbsp;&nbsp;&nbsp;&nbsp;&nbsp;&nbsp;&nbsp;&nbsp;&nbsp;&nbsp;&nbsp;&nbsp;&nbsp;&nbsp;&nbsp;&nbsp;&nbsp;&nbsp;&nbsp;&nbsp;&nbsp;&nbsp;&nbsp;&nbsp;&nbsp;&nbsp;&nbsp;&nbsp;&nbsp;&nbsp;&nbsp;&nbsp;&nbsp;&nbsp;&nbsp;&nbsp;&nbsp;&nbsp;&nbsp;&nbsp;&nbsp; M.Nawratil<\/p>\n\n\n<div class=\"su-custom-gallery su-custom-gallery-align-left su-custom-gallery-title-never\"><div class=\"su-custom-gallery-slide\" style=\"width:350px;height:300px\"><a href=\"https:\/\/szkolazabrowo.pl\/wp-content\/uploads\/2024\/09\/IMG_20240923_105406.jpg\" title=\"IMG_20240923_105406\"><img loading=\"lazy\" decoding=\"async\" src=\"https:\/\/szkolazabrowo.pl\/wp-content\/uploads\/2024\/09\/IMG_20240923_105406-350x300.jpg\" alt=\"IMG_20240923_105406\" width=\"350\" height=\"300\" \/><span class=\"su-custom-gallery-title\">IMG_20240923_105406<\/span><\/a><\/div><div class=\"su-custom-gallery-slide\" style=\"width:350px;height:300px\"><a href=\"https:\/\/szkolazabrowo.pl\/wp-content\/uploads\/2024\/09\/IMG_20240923_105411.jpg\" title=\"IMG_20240923_105411\"><img loading=\"lazy\" decoding=\"async\" src=\"https:\/\/szkolazabrowo.pl\/wp-content\/uploads\/2024\/09\/IMG_20240923_105411-350x300.jpg\" alt=\"IMG_20240923_105411\" width=\"350\" height=\"300\" \/><span class=\"su-custom-gallery-title\">IMG_20240923_105411<\/span><\/a><\/div><div class=\"su-custom-gallery-slide\" style=\"width:350px;height:300px\"><a href=\"https:\/\/szkolazabrowo.pl\/wp-content\/uploads\/2024\/09\/IMG_20240923_105430.jpg\" title=\"IMG_20240923_105430\"><img loading=\"lazy\" decoding=\"async\" src=\"https:\/\/szkolazabrowo.pl\/wp-content\/uploads\/2024\/09\/IMG_20240923_105430-350x300.jpg\" alt=\"IMG_20240923_105430\" width=\"350\" height=\"300\" \/><span class=\"su-custom-gallery-title\">IMG_20240923_105430<\/span><\/a><\/div><div class=\"su-custom-gallery-slide\" style=\"width:350px;height:300px\"><a href=\"https:\/\/szkolazabrowo.pl\/wp-content\/uploads\/2024\/09\/IMG_20240923_110202.jpg\" title=\"IMG_20240923_110202\"><img loading=\"lazy\" decoding=\"async\" src=\"https:\/\/szkolazabrowo.pl\/wp-content\/uploads\/2024\/09\/IMG_20240923_110202-350x300.jpg\" alt=\"IMG_20240923_110202\" width=\"350\" height=\"300\" \/><span class=\"su-custom-gallery-title\">IMG_20240923_110202<\/span><\/a><\/div><div class=\"su-custom-gallery-slide\" style=\"width:350px;height:300px\"><a href=\"https:\/\/szkolazabrowo.pl\/wp-content\/uploads\/2024\/09\/IMG_20240923_110238.jpg\" title=\"IMG_20240923_110238\"><img loading=\"lazy\" decoding=\"async\" src=\"https:\/\/szkolazabrowo.pl\/wp-content\/uploads\/2024\/09\/IMG_20240923_110238-350x300.jpg\" alt=\"IMG_20240923_110238\" width=\"350\" height=\"300\" \/><span class=\"su-custom-gallery-title\">IMG_20240923_110238<\/span><\/a><\/div><div class=\"su-custom-gallery-slide\" style=\"width:350px;height:300px\"><a href=\"https:\/\/szkolazabrowo.pl\/wp-content\/uploads\/2024\/09\/IMG_20240923_110433.jpg\" title=\"IMG_20240923_110433\"><img loading=\"lazy\" decoding=\"async\" src=\"https:\/\/szkolazabrowo.pl\/wp-content\/uploads\/2024\/09\/IMG_20240923_110433-350x300.jpg\" alt=\"IMG_20240923_110433\" width=\"350\" height=\"300\" \/><span class=\"su-custom-gallery-title\">IMG_20240923_110433<\/span><\/a><\/div><div class=\"su-custom-gallery-slide\" style=\"width:350px;height:300px\"><a href=\"https:\/\/szkolazabrowo.pl\/wp-content\/uploads\/2024\/09\/IMG_20240923_111539.jpg\" title=\"IMG_20240923_111539\"><img loading=\"lazy\" decoding=\"async\" src=\"https:\/\/szkolazabrowo.pl\/wp-content\/uploads\/2024\/09\/IMG_20240923_111539-350x300.jpg\" alt=\"IMG_20240923_111539\" width=\"350\" height=\"300\" \/><span class=\"su-custom-gallery-title\">IMG_20240923_111539<\/span><\/a><\/div><div class=\"su-custom-gallery-slide\" style=\"width:350px;height:300px\"><a href=\"https:\/\/szkolazabrowo.pl\/wp-content\/uploads\/2024\/09\/IMG_20240923_111545.jpg\" title=\"IMG_20240923_111545\"><img loading=\"lazy\" decoding=\"async\" src=\"https:\/\/szkolazabrowo.pl\/wp-content\/uploads\/2024\/09\/IMG_20240923_111545-350x300.jpg\" alt=\"IMG_20240923_111545\" width=\"350\" height=\"300\" \/><span class=\"su-custom-gallery-title\">IMG_20240923_111545<\/span><\/a><\/div><div class=\"su-custom-gallery-slide\" style=\"width:350px;height:300px\"><a href=\"https:\/\/szkolazabrowo.pl\/wp-content\/uploads\/2024\/09\/IMG_20240923_112605.jpg\" title=\"IMG_20240923_112605\"><img loading=\"lazy\" decoding=\"async\" src=\"https:\/\/szkolazabrowo.pl\/wp-content\/uploads\/2024\/09\/IMG_20240923_112605-350x300.jpg\" alt=\"IMG_20240923_112605\" width=\"350\" height=\"300\" \/><span class=\"su-custom-gallery-title\">IMG_20240923_112605<\/span><\/a><\/div><div class=\"su-clear\"><\/div><\/div>\n","protected":false},"excerpt":{"rendered":"<p>Dnia 23 wrze\u015bnia 2024r. uczniowie klas I-III uczestniczyli w pokazowych zaj\u0119ciach matematycznych przygotowanych przez przedstawicielki MathRiders I\u0142awa. &nbsp;&nbsp;&nbsp;&nbsp;&nbsp;&nbsp;&nbsp;&nbsp;&nbsp;&nbsp;&nbsp;&nbsp;&nbsp;&nbsp;&nbsp;&nbsp;&nbsp;&nbsp;&nbsp;&nbsp;&nbsp;&nbsp;&nbsp;&nbsp;&nbsp;&nbsp;&nbsp;&nbsp;&nbsp;&nbsp;&nbsp;&nbsp;&nbsp;&nbsp;&nbsp;&nbsp;&nbsp;&nbsp;&nbsp;&nbsp;&nbsp;&nbsp;&nbsp;&nbsp;&nbsp;&nbsp;&nbsp;&nbsp;&nbsp;&nbsp;&nbsp;&nbsp;&nbsp;&nbsp;&nbsp;&nbsp;&nbsp;&nbsp;&nbsp;&nbsp;&nbsp;&nbsp;&nbsp;&nbsp;&nbsp;&nbsp;&nbsp;&nbsp;&nbsp;&nbsp;&nbsp;&nbsp;&nbsp;&nbsp;&nbsp;&nbsp;&nbsp; M.Nawratil<\/p>\n","protected":false},"author":1,"featured_media":0,"parent":0,"menu_order":0,"comment_status":"closed","ping_status":"closed","template":"","meta":{"footnotes":""},"class_list":["post-12634","page","type-page","status-publish","hentry"],"_links":{"self":[{"href":"https:\/\/szkolazabrowo.pl\/index.php?rest_route=\/wp\/v2\/pages\/12634","targetHints":{"allow":["GET"]}}],"collection":[{"href":"https:\/\/szkolazabrowo.pl\/index.php?rest_route=\/wp\/v2\/pages"}],"about":[{"href":"https:\/\/szkolazabrowo.pl\/index.php?rest_route=\/wp\/v2\/types\/page"}],"author":[{"embeddable":true,"href":"https:\/\/szkolazabrowo.pl\/index.php?rest_route=\/wp\/v2\/users\/1"}],"replies":[{"embeddable":true,"href":"https:\/\/szkolazabrowo.pl\/index.php?rest_route=%2Fwp%2Fv2%2Fcomments&post=12634"}],"version-history":[{"count":1,"href":"https:\/\/szkolazabrowo.pl\/index.php?rest_route=\/wp\/v2\/pages\/12634\/revisions"}],"predecessor-version":[{"id":12645,"href":"https:\/\/szkolazabrowo.pl\/index.php?rest_route=\/wp\/v2\/pages\/12634\/revisions\/12645"}],"wp:attachment":[{"href":"https:\/\/szkolazabrowo.pl\/index.php?rest_route=%2Fwp%2Fv2%2Fmedia&parent=12634"}],"curies":[{"name":"wp","href":"https:\/\/api.w.org\/{rel}","templated":true}]}}