{"id":12290,"date":"2024-06-10T16:53:15","date_gmt":"2024-06-10T16:53:15","guid":{"rendered":"http:\/\/szkolazabrowo.pl\/?page_id=12290"},"modified":"2024-06-10T16:53:17","modified_gmt":"2024-06-10T16:53:17","slug":"turniej-klas-iv-tych-o-puchar-wojta-gminy-ilawa","status":"publish","type":"page","link":"https:\/\/szkolazabrowo.pl\/?page_id=12290","title":{"rendered":"Turniej klas IV-tych o Puchar W\u00f3jta Gminy I\u0142awa"},"content":{"rendered":"\n<p>Tydzie\u0144 rozpoczynamy sportowo. \u00a0W poniedzia\u0142ek 10 czerwca uczniowie naszej szko\u0142y udali si\u0119 do Wikielca gdzie wzi\u0119li udzia\u0142 w Turnieju Pi\u0142ki No\u017cnej o Puchar W\u00f3jta Gminy I\u0142awa p. Krzysztofa \u00a0Harmaci\u0144skiego. Po wyr\u00f3wnanej <br>i pe\u0142nej zwrot\u00f3w akcji grze nasi ch\u0142opcy zaj\u0119li III miejsce. Gratulacje i podzi\u0119kowania dla naszych zawodnik\u00f3w.<\/p>\n\n\n\n<p>Dru\u017cyna wyst\u0105pi\u0142a w sk\u0142adzie:<\/p>\n\n\n\n<p>Olaf Gromek, Filip Rodak, Marcel Paw\u0142owicz, Szymon Pisarczyk, Igor Klach, Filip Cie\u015blak, Kornel Gondek-Otremba, Krystian Michalik.<\/p>\n\n\n<div class=\"su-custom-gallery su-custom-gallery-align-left su-custom-gallery-title-never\"><div class=\"su-custom-gallery-slide\" style=\"width:250px;height:300px\"><a href=\"https:\/\/szkolazabrowo.pl\/wp-content\/uploads\/2024\/06\/IMG_20240610_082107.jpg\" title=\"IMG_20240610_082107\"><img loading=\"lazy\" decoding=\"async\" src=\"https:\/\/szkolazabrowo.pl\/wp-content\/uploads\/2024\/06\/IMG_20240610_082107-250x300.jpg\" alt=\"IMG_20240610_082107\" width=\"250\" height=\"300\" \/><span class=\"su-custom-gallery-title\">IMG_20240610_082107<\/span><\/a><\/div><div class=\"su-custom-gallery-slide\" style=\"width:250px;height:300px\"><a href=\"https:\/\/szkolazabrowo.pl\/wp-content\/uploads\/2024\/06\/IMG_20240610_111902.jpg\" title=\"IMG_20240610_111902\"><img loading=\"lazy\" decoding=\"async\" src=\"https:\/\/szkolazabrowo.pl\/wp-content\/uploads\/2024\/06\/IMG_20240610_111902-250x300.jpg\" alt=\"IMG_20240610_111902\" width=\"250\" height=\"300\" \/><span class=\"su-custom-gallery-title\">IMG_20240610_111902<\/span><\/a><\/div><div class=\"su-custom-gallery-slide\" style=\"width:250px;height:300px\"><a href=\"https:\/\/szkolazabrowo.pl\/wp-content\/uploads\/2024\/06\/IMG_20240610_112110.jpg\" title=\"IMG_20240610_112110\"><img loading=\"lazy\" decoding=\"async\" src=\"https:\/\/szkolazabrowo.pl\/wp-content\/uploads\/2024\/06\/IMG_20240610_112110-250x300.jpg\" alt=\"IMG_20240610_112110\" width=\"250\" height=\"300\" \/><span class=\"su-custom-gallery-title\">IMG_20240610_112110<\/span><\/a><\/div><div class=\"su-custom-gallery-slide\" style=\"width:250px;height:300px\"><a href=\"https:\/\/szkolazabrowo.pl\/wp-content\/uploads\/2024\/06\/IMG_20240610_133745.jpg\" title=\"IMG_20240610_133745\"><img loading=\"lazy\" decoding=\"async\" src=\"https:\/\/szkolazabrowo.pl\/wp-content\/uploads\/2024\/06\/IMG_20240610_133745-250x300.jpg\" alt=\"IMG_20240610_133745\" width=\"250\" height=\"300\" \/><span class=\"su-custom-gallery-title\">IMG_20240610_133745<\/span><\/a><\/div><div class=\"su-custom-gallery-slide\" style=\"width:250px;height:300px\"><a href=\"https:\/\/szkolazabrowo.pl\/wp-content\/uploads\/2024\/06\/Messenger_creation_c565c69a-3190-4899-a301-869373d382bc.jpeg\" title=\"Messenger_creation_c565c69a-3190-4899-a301-869373d382bc\"><img loading=\"lazy\" decoding=\"async\" src=\"https:\/\/szkolazabrowo.pl\/wp-content\/uploads\/2024\/06\/Messenger_creation_c565c69a-3190-4899-a301-869373d382bc-250x300.jpeg\" alt=\"Messenger_creation_c565c69a-3190-4899-a301-869373d382bc\" width=\"250\" height=\"300\" \/><span class=\"su-custom-gallery-title\">Messenger_creation_c565c69a-3190-4899-a301-869373d382bc<\/span><\/a><\/div><div class=\"su-custom-gallery-slide\" style=\"width:250px;height:300px\"><a href=\"https:\/\/szkolazabrowo.pl\/wp-content\/uploads\/2024\/06\/messenger_creation_c565c69a-3190-4899-a301-869373d382bc-1.jpeg\" title=\"messenger_creation_c565c69a-3190-4899-a301-869373d382bc-1\"><img loading=\"lazy\" decoding=\"async\" src=\"https:\/\/szkolazabrowo.pl\/wp-content\/uploads\/2024\/06\/messenger_creation_c565c69a-3190-4899-a301-869373d382bc-1-250x300.jpeg\" alt=\"messenger_creation_c565c69a-3190-4899-a301-869373d382bc-1\" width=\"250\" height=\"300\" \/><span class=\"su-custom-gallery-title\">messenger_creation_c565c69a-3190-4899-a301-869373d382bc-1<\/span><\/a><\/div><div class=\"su-custom-gallery-slide\" style=\"width:250px;height:300px\"><a href=\"https:\/\/szkolazabrowo.pl\/wp-content\/uploads\/2024\/06\/Messenger_creation_c566dbef-4f96-424c-9a90-67debc44bbc2.jpeg\" title=\"Messenger_creation_c566dbef-4f96-424c-9a90-67debc44bbc2\"><img loading=\"lazy\" decoding=\"async\" src=\"https:\/\/szkolazabrowo.pl\/wp-content\/uploads\/2024\/06\/Messenger_creation_c566dbef-4f96-424c-9a90-67debc44bbc2-250x300.jpeg\" alt=\"Messenger_creation_c566dbef-4f96-424c-9a90-67debc44bbc2\" width=\"250\" height=\"300\" \/><span class=\"su-custom-gallery-title\">Messenger_creation_c566dbef-4f96-424c-9a90-67debc44bbc2<\/span><\/a><\/div><div class=\"su-clear\"><\/div><\/div>\n","protected":false},"excerpt":{"rendered":"<p>Tydzie\u0144 rozpoczynamy sportowo. \u00a0W poniedzia\u0142ek 10 czerwca uczniowie naszej szko\u0142y udali si\u0119 do Wikielca gdzie wzi\u0119li udzia\u0142 w Turnieju Pi\u0142ki No\u017cnej o Puchar W\u00f3jta Gminy I\u0142awa p. Krzysztofa \u00a0Harmaci\u0144skiego. Po wyr\u00f3wnanej i pe\u0142nej zwrot\u00f3w akcji grze nasi ch\u0142opcy zaj\u0119li III <a href=\"https:\/\/szkolazabrowo.pl\/?page_id=12290\" class=\"read-more\">Czytaj wi\u0119cej &#8230;<\/a><\/p>\n","protected":false},"author":1,"featured_media":0,"parent":0,"menu_order":0,"comment_status":"closed","ping_status":"closed","template":"","meta":{"footnotes":""},"class_list":["post-12290","page","type-page","status-publish","hentry"],"_links":{"self":[{"href":"https:\/\/szkolazabrowo.pl\/index.php?rest_route=\/wp\/v2\/pages\/12290","targetHints":{"allow":["GET"]}}],"collection":[{"href":"https:\/\/szkolazabrowo.pl\/index.php?rest_route=\/wp\/v2\/pages"}],"about":[{"href":"https:\/\/szkolazabrowo.pl\/index.php?rest_route=\/wp\/v2\/types\/page"}],"author":[{"embeddable":true,"href":"https:\/\/szkolazabrowo.pl\/index.php?rest_route=\/wp\/v2\/users\/1"}],"replies":[{"embeddable":true,"href":"https:\/\/szkolazabrowo.pl\/index.php?rest_route=%2Fwp%2Fv2%2Fcomments&post=12290"}],"version-history":[{"count":1,"href":"https:\/\/szkolazabrowo.pl\/index.php?rest_route=\/wp\/v2\/pages\/12290\/revisions"}],"predecessor-version":[{"id":12299,"href":"https:\/\/szkolazabrowo.pl\/index.php?rest_route=\/wp\/v2\/pages\/12290\/revisions\/12299"}],"wp:attachment":[{"href":"https:\/\/szkolazabrowo.pl\/index.php?rest_route=%2Fwp%2Fv2%2Fmedia&parent=12290"}],"curies":[{"name":"wp","href":"https:\/\/api.w.org\/{rel}","templated":true}]}}