{"id":12014,"date":"2024-05-20T10:41:00","date_gmt":"2024-05-20T10:41:00","guid":{"rendered":"http:\/\/szkolazabrowo.pl\/?page_id=12014"},"modified":"2024-05-20T10:41:02","modified_gmt":"2024-05-20T10:41:02","slug":"odkryj-magiczny-swiat-ksiazek-uroczyste-pasowanie-na-czytelnika","status":"publish","type":"page","link":"https:\/\/szkolazabrowo.pl\/?page_id=12014","title":{"rendered":"Odkryj magiczny \u015bwiat ksi\u0105\u017cek &#8211; uroczyste pasowanie na czytelnika"},"content":{"rendered":"<a href=\"https:\/\/szkolazabrowo.pl\/wp-content\/uploads\/2024\/05\/Nowy-Microsoft-Word-Document.pdf\" class=\"pdfemb-viewer\" style=\"\" data-width=\"max\" data-height=\"max\" data-toolbar=\"bottom\" data-toolbar-fixed=\"off\">Nowy-Microsoft-Word-Document<\/a>\n\n<div class=\"su-custom-gallery su-custom-gallery-align-left su-custom-gallery-title-never\"><div class=\"su-custom-gallery-slide\" style=\"width:250px;height:300px\"><a href=\"https:\/\/szkolazabrowo.pl\/wp-content\/uploads\/2024\/05\/IMG_20240104_115824226-1.jpg\" title=\"IMG_20240104_115824226 (1)\"><img loading=\"lazy\" decoding=\"async\" src=\"https:\/\/szkolazabrowo.pl\/wp-content\/uploads\/2024\/05\/IMG_20240104_115824226-1-250x300.jpg\" alt=\"IMG_20240104_115824226 (1)\" width=\"250\" height=\"300\" \/><span class=\"su-custom-gallery-title\">IMG_20240104_115824226 (1)<\/span><\/a><\/div><div class=\"su-custom-gallery-slide\" style=\"width:250px;height:300px\"><a href=\"https:\/\/szkolazabrowo.pl\/wp-content\/uploads\/2024\/05\/IMG_20240104_120642684-1.jpg\" title=\"IMG_20240104_120642684 (1)\"><img loading=\"lazy\" decoding=\"async\" src=\"https:\/\/szkolazabrowo.pl\/wp-content\/uploads\/2024\/05\/IMG_20240104_120642684-1-250x300.jpg\" alt=\"IMG_20240104_120642684 (1)\" width=\"250\" height=\"300\" \/><span class=\"su-custom-gallery-title\">IMG_20240104_120642684 (1)<\/span><\/a><\/div><div class=\"su-custom-gallery-slide\" style=\"width:250px;height:300px\"><a href=\"https:\/\/szkolazabrowo.pl\/wp-content\/uploads\/2024\/05\/IMG_20240104_121040523-1.jpg\" title=\"IMG_20240104_121040523 (1)\"><img loading=\"lazy\" decoding=\"async\" src=\"https:\/\/szkolazabrowo.pl\/wp-content\/uploads\/2024\/05\/IMG_20240104_121040523-1-250x300.jpg\" alt=\"IMG_20240104_121040523 (1)\" width=\"250\" height=\"300\" \/><span class=\"su-custom-gallery-title\">IMG_20240104_121040523 (1)<\/span><\/a><\/div><div class=\"su-custom-gallery-slide\" style=\"width:250px;height:300px\"><a href=\"https:\/\/szkolazabrowo.pl\/wp-content\/uploads\/2024\/05\/IMG_20240104_121244123.jpg\" title=\"IMG_20240104_121244123\"><img loading=\"lazy\" decoding=\"async\" src=\"https:\/\/szkolazabrowo.pl\/wp-content\/uploads\/2024\/05\/IMG_20240104_121244123-250x300.jpg\" alt=\"IMG_20240104_121244123\" width=\"250\" height=\"300\" \/><span class=\"su-custom-gallery-title\">IMG_20240104_121244123<\/span><\/a><\/div><div class=\"su-custom-gallery-slide\" style=\"width:250px;height:300px\"><a href=\"https:\/\/szkolazabrowo.pl\/wp-content\/uploads\/2024\/05\/IMG_20240104_121339674-1.jpg\" title=\"IMG_20240104_121339674 (1)\"><img loading=\"lazy\" decoding=\"async\" src=\"https:\/\/szkolazabrowo.pl\/wp-content\/uploads\/2024\/05\/IMG_20240104_121339674-1-250x300.jpg\" alt=\"IMG_20240104_121339674 (1)\" width=\"250\" height=\"300\" \/><span class=\"su-custom-gallery-title\">IMG_20240104_121339674 (1)<\/span><\/a><\/div><div class=\"su-custom-gallery-slide\" style=\"width:250px;height:300px\"><a href=\"https:\/\/szkolazabrowo.pl\/wp-content\/uploads\/2024\/05\/IMG_20240104_121527595-1.jpg\" title=\"IMG_20240104_121527595 (1)\"><img loading=\"lazy\" decoding=\"async\" src=\"https:\/\/szkolazabrowo.pl\/wp-content\/uploads\/2024\/05\/IMG_20240104_121527595-1-250x300.jpg\" alt=\"IMG_20240104_121527595 (1)\" width=\"250\" height=\"300\" \/><span class=\"su-custom-gallery-title\">IMG_20240104_121527595 (1)<\/span><\/a><\/div><div class=\"su-custom-gallery-slide\" style=\"width:250px;height:300px\"><a href=\"https:\/\/szkolazabrowo.pl\/wp-content\/uploads\/2024\/05\/IMG_20240104_121717001-1.jpg\" title=\"IMG_20240104_121717001 (1)\"><img loading=\"lazy\" decoding=\"async\" src=\"https:\/\/szkolazabrowo.pl\/wp-content\/uploads\/2024\/05\/IMG_20240104_121717001-1-250x300.jpg\" alt=\"IMG_20240104_121717001 (1)\" width=\"250\" height=\"300\" \/><span class=\"su-custom-gallery-title\">IMG_20240104_121717001 (1)<\/span><\/a><\/div><div class=\"su-custom-gallery-slide\" style=\"width:250px;height:300px\"><a href=\"https:\/\/szkolazabrowo.pl\/wp-content\/uploads\/2024\/05\/IMG_20240104_122305716-1.jpg\" title=\"IMG_20240104_122305716 (1)\"><img loading=\"lazy\" decoding=\"async\" src=\"https:\/\/szkolazabrowo.pl\/wp-content\/uploads\/2024\/05\/IMG_20240104_122305716-1-250x300.jpg\" alt=\"IMG_20240104_122305716 (1)\" width=\"250\" height=\"300\" \/><span class=\"su-custom-gallery-title\">IMG_20240104_122305716 (1)<\/span><\/a><\/div><div class=\"su-custom-gallery-slide\" style=\"width:250px;height:300px\"><a href=\"https:\/\/szkolazabrowo.pl\/wp-content\/uploads\/2024\/05\/IMG_20240104_122449946-1.jpg\" title=\"IMG_20240104_122449946 (1)\"><img loading=\"lazy\" decoding=\"async\" src=\"https:\/\/szkolazabrowo.pl\/wp-content\/uploads\/2024\/05\/IMG_20240104_122449946-1-250x300.jpg\" alt=\"IMG_20240104_122449946 (1)\" width=\"250\" height=\"300\" \/><span class=\"su-custom-gallery-title\">IMG_20240104_122449946 (1)<\/span><\/a><\/div><div class=\"su-custom-gallery-slide\" style=\"width:250px;height:300px\"><a href=\"https:\/\/szkolazabrowo.pl\/wp-content\/uploads\/2024\/05\/IMG_20240104_124954170-1.jpg\" title=\"IMG_20240104_124954170 (1)\"><img loading=\"lazy\" decoding=\"async\" src=\"https:\/\/szkolazabrowo.pl\/wp-content\/uploads\/2024\/05\/IMG_20240104_124954170-1-250x300.jpg\" alt=\"IMG_20240104_124954170 (1)\" width=\"250\" height=\"300\" \/><span class=\"su-custom-gallery-title\">IMG_20240104_124954170 (1)<\/span><\/a><\/div><div class=\"su-clear\"><\/div><\/div>\n","protected":false},"excerpt":{"rendered":"","protected":false},"author":1,"featured_media":0,"parent":0,"menu_order":0,"comment_status":"closed","ping_status":"closed","template":"","meta":{"footnotes":""},"class_list":["post-12014","page","type-page","status-publish","hentry"],"_links":{"self":[{"href":"https:\/\/szkolazabrowo.pl\/index.php?rest_route=\/wp\/v2\/pages\/12014","targetHints":{"allow":["GET"]}}],"collection":[{"href":"https:\/\/szkolazabrowo.pl\/index.php?rest_route=\/wp\/v2\/pages"}],"about":[{"href":"https:\/\/szkolazabrowo.pl\/index.php?rest_route=\/wp\/v2\/types\/page"}],"author":[{"embeddable":true,"href":"https:\/\/szkolazabrowo.pl\/index.php?rest_route=\/wp\/v2\/users\/1"}],"replies":[{"embeddable":true,"href":"https:\/\/szkolazabrowo.pl\/index.php?rest_route=%2Fwp%2Fv2%2Fcomments&post=12014"}],"version-history":[{"count":1,"href":"https:\/\/szkolazabrowo.pl\/index.php?rest_route=\/wp\/v2\/pages\/12014\/revisions"}],"predecessor-version":[{"id":12027,"href":"https:\/\/szkolazabrowo.pl\/index.php?rest_route=\/wp\/v2\/pages\/12014\/revisions\/12027"}],"wp:attachment":[{"href":"https:\/\/szkolazabrowo.pl\/index.php?rest_route=%2Fwp%2Fv2%2Fmedia&parent=12014"}],"curies":[{"name":"wp","href":"https:\/\/api.w.org\/{rel}","templated":true}]}}