{"id":1170,"date":"2018-03-25T12:05:36","date_gmt":"2018-03-25T12:05:36","guid":{"rendered":"http:\/\/szkolazabrowo.pl\/?page_id=1170"},"modified":"2019-01-31T18:32:14","modified_gmt":"2019-01-31T18:32:14","slug":"plan-lekcji-2017-2018","status":"publish","type":"page","link":"https:\/\/szkolazabrowo.pl\/?page_id=1170","title":{"rendered":"Plan lekcji 2018\/2019"},"content":{"rendered":"<h2>Nowy plan lekcji na II p\u00f3\u0142rocze 2018\/2019:<\/h2>\n<p>Plan aktualny na dzie\u0144 31 stycznia. Mo\u017cliwe, \u017ce b\u0119d\u0105 jeszcze drobne zmiany, prosz\u0119 sprawdzi\u0107 przed poniedzia\u0142kiem.<\/p>\n<p><a href=\"https:\/\/szkolazabrowo.pl\/wp-content\/uploads\/2019\/01\/klasy-31.01.19.pdf\">klasy 31.01.19<\/a><\/p>\n<p><a href=\"https:\/\/szkolazabrowo.pl\/wp-content\/uploads\/2019\/01\/og\u00f3lny-31.01.19.pdf\">og\u00f3lny 31.01.19<\/a><\/p>\n","protected":false},"excerpt":{"rendered":"<p>Nowy plan lekcji na II p\u00f3\u0142rocze 2018\/2019: Plan aktualny na dzie\u0144 31 stycznia. Mo\u017cliwe, \u017ce b\u0119d\u0105 jeszcze drobne zmiany, prosz\u0119 sprawdzi\u0107 przed poniedzia\u0142kiem. klasy 31.01.19 og\u00f3lny 31.01.19<\/p>\n","protected":false},"author":1,"featured_media":0,"parent":0,"menu_order":0,"comment_status":"closed","ping_status":"closed","template":"","meta":{"footnotes":""},"class_list":["post-1170","page","type-page","status-publish","hentry"],"_links":{"self":[{"href":"https:\/\/szkolazabrowo.pl\/index.php?rest_route=\/wp\/v2\/pages\/1170","targetHints":{"allow":["GET"]}}],"collection":[{"href":"https:\/\/szkolazabrowo.pl\/index.php?rest_route=\/wp\/v2\/pages"}],"about":[{"href":"https:\/\/szkolazabrowo.pl\/index.php?rest_route=\/wp\/v2\/types\/page"}],"author":[{"embeddable":true,"href":"https:\/\/szkolazabrowo.pl\/index.php?rest_route=\/wp\/v2\/users\/1"}],"replies":[{"embeddable":true,"href":"https:\/\/szkolazabrowo.pl\/index.php?rest_route=%2Fwp%2Fv2%2Fcomments&post=1170"}],"version-history":[{"count":7,"href":"https:\/\/szkolazabrowo.pl\/index.php?rest_route=\/wp\/v2\/pages\/1170\/revisions"}],"predecessor-version":[{"id":2506,"href":"https:\/\/szkolazabrowo.pl\/index.php?rest_route=\/wp\/v2\/pages\/1170\/revisions\/2506"}],"wp:attachment":[{"href":"https:\/\/szkolazabrowo.pl\/index.php?rest_route=%2Fwp%2Fv2%2Fmedia&parent=1170"}],"curies":[{"name":"wp","href":"https:\/\/api.w.org\/{rel}","templated":true}]}}