{"id":11579,"date":"2024-04-30T12:04:15","date_gmt":"2024-04-30T12:04:15","guid":{"rendered":"http:\/\/szkolazabrowo.pl\/?page_id=11579"},"modified":"2024-04-30T12:04:19","modified_gmt":"2024-04-30T12:04:19","slug":"dzien-ziemi","status":"publish","type":"page","link":"https:\/\/szkolazabrowo.pl\/?page_id=11579","title":{"rendered":"Dzie\u0144 Ziemi"},"content":{"rendered":"\n<p>W dniu 23 kwietnia 2024 roku odby\u0142 si\u0119 w naszej szkole apel z okazji Dnia Ziemi. By\u0142o to wa\u017cne, pouczaj\u0105ce wydarzenie, kt\u00f3re skupi\u0142o uwag\u0119 spo\u0142eczno\u015bci szkolnej na kwestiach zwi\u0105zanych z ochron\u0105 \u015brodowiska. Podczas apelu uczniowie klas 0-VIII mieli okazj\u0119 dowiedzie\u0107 si\u0119 wi\u0119cej na temat procesu fotosyntezy, znaczenia wody oraz problematyki zwi\u0105zanej z zanieczyszczeniami, zw\u0142aszcza plastikiem i mikroplastikiem. Przedstawienie r\u00f3\u017cnych sposob\u00f3w radzenia sobie z odpadami oraz zach\u0119canie do aktywnego uczestnictwa w programach recyklingowych by\u0142o g\u0142\u00f3wnym przes\u0142aniem tego wydarzenia. Apel zainspirowa\u0142 uczni\u00f3w do refleksji nad swoimi codziennymi nawykami i zach\u0119ci\u0142 do podejmowania dzia\u0142a\u0144 na rzecz ochrony naszej planety.<\/p>\n\n\n<div class=\"su-custom-gallery su-custom-gallery-align-left su-custom-gallery-title-never\"><div class=\"su-custom-gallery-slide\" style=\"width:250px;height:300px\"><a href=\"https:\/\/szkolazabrowo.pl\/wp-content\/uploads\/2024\/04\/DSC_0319.jpg\" title=\"DSC_0319\"><img loading=\"lazy\" decoding=\"async\" src=\"https:\/\/szkolazabrowo.pl\/wp-content\/uploads\/2024\/04\/DSC_0319-250x300.jpg\" alt=\"DSC_0319\" width=\"250\" height=\"300\" \/><span class=\"su-custom-gallery-title\">DSC_0319<\/span><\/a><\/div><div class=\"su-custom-gallery-slide\" style=\"width:250px;height:300px\"><a href=\"https:\/\/szkolazabrowo.pl\/wp-content\/uploads\/2024\/04\/DSC_0320.jpg\" title=\"DSC_0320\"><img loading=\"lazy\" decoding=\"async\" src=\"https:\/\/szkolazabrowo.pl\/wp-content\/uploads\/2024\/04\/DSC_0320-250x300.jpg\" alt=\"DSC_0320\" width=\"250\" height=\"300\" \/><span class=\"su-custom-gallery-title\">DSC_0320<\/span><\/a><\/div><div class=\"su-custom-gallery-slide\" style=\"width:250px;height:300px\"><a href=\"https:\/\/szkolazabrowo.pl\/wp-content\/uploads\/2024\/04\/DSC_0321.jpg\" title=\"DSC_0321\"><img loading=\"lazy\" decoding=\"async\" src=\"https:\/\/szkolazabrowo.pl\/wp-content\/uploads\/2024\/04\/DSC_0321-250x300.jpg\" alt=\"DSC_0321\" width=\"250\" height=\"300\" \/><span class=\"su-custom-gallery-title\">DSC_0321<\/span><\/a><\/div><div class=\"su-custom-gallery-slide\" style=\"width:250px;height:300px\"><a href=\"https:\/\/szkolazabrowo.pl\/wp-content\/uploads\/2024\/04\/DSC_0322.jpg\" title=\"DSC_0322\"><img loading=\"lazy\" decoding=\"async\" src=\"https:\/\/szkolazabrowo.pl\/wp-content\/uploads\/2024\/04\/DSC_0322-250x300.jpg\" alt=\"DSC_0322\" width=\"250\" height=\"300\" \/><span class=\"su-custom-gallery-title\">DSC_0322<\/span><\/a><\/div><div class=\"su-custom-gallery-slide\" style=\"width:250px;height:300px\"><a href=\"https:\/\/szkolazabrowo.pl\/wp-content\/uploads\/2024\/04\/DSC_0325.jpg\" title=\"DSC_0325\"><img loading=\"lazy\" decoding=\"async\" src=\"https:\/\/szkolazabrowo.pl\/wp-content\/uploads\/2024\/04\/DSC_0325-250x300.jpg\" alt=\"DSC_0325\" width=\"250\" height=\"300\" \/><span class=\"su-custom-gallery-title\">DSC_0325<\/span><\/a><\/div><div class=\"su-custom-gallery-slide\" style=\"width:250px;height:300px\"><a href=\"https:\/\/szkolazabrowo.pl\/wp-content\/uploads\/2024\/04\/DSC_0327.jpg\" title=\"DSC_0327\"><img loading=\"lazy\" decoding=\"async\" src=\"https:\/\/szkolazabrowo.pl\/wp-content\/uploads\/2024\/04\/DSC_0327-250x300.jpg\" alt=\"DSC_0327\" width=\"250\" height=\"300\" \/><span class=\"su-custom-gallery-title\">DSC_0327<\/span><\/a><\/div><div class=\"su-custom-gallery-slide\" style=\"width:250px;height:300px\"><a href=\"https:\/\/szkolazabrowo.pl\/wp-content\/uploads\/2024\/04\/DSC_0328.jpg\" title=\"DSC_0328\"><img loading=\"lazy\" decoding=\"async\" src=\"https:\/\/szkolazabrowo.pl\/wp-content\/uploads\/2024\/04\/DSC_0328-250x300.jpg\" alt=\"DSC_0328\" width=\"250\" height=\"300\" \/><span class=\"su-custom-gallery-title\">DSC_0328<\/span><\/a><\/div><div class=\"su-custom-gallery-slide\" style=\"width:250px;height:300px\"><a href=\"https:\/\/szkolazabrowo.pl\/wp-content\/uploads\/2024\/04\/DSC_0329.jpg\" title=\"DSC_0329\"><img loading=\"lazy\" decoding=\"async\" src=\"https:\/\/szkolazabrowo.pl\/wp-content\/uploads\/2024\/04\/DSC_0329-250x300.jpg\" alt=\"DSC_0329\" width=\"250\" height=\"300\" \/><span class=\"su-custom-gallery-title\">DSC_0329<\/span><\/a><\/div><div class=\"su-custom-gallery-slide\" style=\"width:250px;height:300px\"><a href=\"https:\/\/szkolazabrowo.pl\/wp-content\/uploads\/2024\/04\/DSC_0275.jpg\" title=\"DSC_0275\"><img loading=\"lazy\" decoding=\"async\" src=\"https:\/\/szkolazabrowo.pl\/wp-content\/uploads\/2024\/04\/DSC_0275-250x300.jpg\" alt=\"DSC_0275\" width=\"250\" height=\"300\" \/><span class=\"su-custom-gallery-title\">DSC_0275<\/span><\/a><\/div><div class=\"su-custom-gallery-slide\" style=\"width:250px;height:300px\"><a href=\"https:\/\/szkolazabrowo.pl\/wp-content\/uploads\/2024\/04\/DSC_0276.jpg\" title=\"DSC_0276\"><img loading=\"lazy\" decoding=\"async\" src=\"https:\/\/szkolazabrowo.pl\/wp-content\/uploads\/2024\/04\/DSC_0276-250x300.jpg\" alt=\"DSC_0276\" width=\"250\" height=\"300\" \/><span class=\"su-custom-gallery-title\">DSC_0276<\/span><\/a><\/div><div class=\"su-custom-gallery-slide\" style=\"width:250px;height:300px\"><a href=\"https:\/\/szkolazabrowo.pl\/wp-content\/uploads\/2024\/04\/DSC_0277.jpg\" title=\"DSC_0277\"><img loading=\"lazy\" decoding=\"async\" src=\"https:\/\/szkolazabrowo.pl\/wp-content\/uploads\/2024\/04\/DSC_0277-250x300.jpg\" alt=\"DSC_0277\" width=\"250\" height=\"300\" \/><span class=\"su-custom-gallery-title\">DSC_0277<\/span><\/a><\/div><div class=\"su-custom-gallery-slide\" style=\"width:250px;height:300px\"><a href=\"https:\/\/szkolazabrowo.pl\/wp-content\/uploads\/2024\/04\/DSC_0279.jpg\" title=\"DSC_0279\"><img loading=\"lazy\" decoding=\"async\" src=\"https:\/\/szkolazabrowo.pl\/wp-content\/uploads\/2024\/04\/DSC_0279-250x300.jpg\" alt=\"DSC_0279\" width=\"250\" height=\"300\" \/><span class=\"su-custom-gallery-title\">DSC_0279<\/span><\/a><\/div><div class=\"su-custom-gallery-slide\" style=\"width:250px;height:300px\"><a href=\"https:\/\/szkolazabrowo.pl\/wp-content\/uploads\/2024\/04\/DSC_0280.jpg\" title=\"DSC_0280\"><img loading=\"lazy\" decoding=\"async\" src=\"https:\/\/szkolazabrowo.pl\/wp-content\/uploads\/2024\/04\/DSC_0280-250x300.jpg\" alt=\"DSC_0280\" width=\"250\" height=\"300\" \/><span class=\"su-custom-gallery-title\">DSC_0280<\/span><\/a><\/div><div class=\"su-custom-gallery-slide\" style=\"width:250px;height:300px\"><a href=\"https:\/\/szkolazabrowo.pl\/wp-content\/uploads\/2024\/04\/DSC_0283.jpg\" title=\"DSC_0283\"><img loading=\"lazy\" decoding=\"async\" src=\"https:\/\/szkolazabrowo.pl\/wp-content\/uploads\/2024\/04\/DSC_0283-250x300.jpg\" alt=\"DSC_0283\" width=\"250\" height=\"300\" \/><span class=\"su-custom-gallery-title\">DSC_0283<\/span><\/a><\/div><div class=\"su-custom-gallery-slide\" style=\"width:250px;height:300px\"><a href=\"https:\/\/szkolazabrowo.pl\/wp-content\/uploads\/2024\/04\/DSC_0287.jpg\" title=\"DSC_0287\"><img loading=\"lazy\" decoding=\"async\" src=\"https:\/\/szkolazabrowo.pl\/wp-content\/uploads\/2024\/04\/DSC_0287-250x300.jpg\" alt=\"DSC_0287\" width=\"250\" height=\"300\" \/><span class=\"su-custom-gallery-title\">DSC_0287<\/span><\/a><\/div><div class=\"su-custom-gallery-slide\" style=\"width:250px;height:300px\"><a href=\"https:\/\/szkolazabrowo.pl\/wp-content\/uploads\/2024\/04\/DSC_0288.jpg\" title=\"DSC_0288\"><img loading=\"lazy\" decoding=\"async\" src=\"https:\/\/szkolazabrowo.pl\/wp-content\/uploads\/2024\/04\/DSC_0288-250x300.jpg\" alt=\"DSC_0288\" width=\"250\" height=\"300\" \/><span class=\"su-custom-gallery-title\">DSC_0288<\/span><\/a><\/div><div class=\"su-custom-gallery-slide\" style=\"width:250px;height:300px\"><a href=\"https:\/\/szkolazabrowo.pl\/wp-content\/uploads\/2024\/04\/DSC_0289.jpg\" title=\"DSC_0289\"><img loading=\"lazy\" decoding=\"async\" src=\"https:\/\/szkolazabrowo.pl\/wp-content\/uploads\/2024\/04\/DSC_0289-250x300.jpg\" alt=\"DSC_0289\" width=\"250\" height=\"300\" \/><span class=\"su-custom-gallery-title\">DSC_0289<\/span><\/a><\/div><div class=\"su-custom-gallery-slide\" style=\"width:250px;height:300px\"><a href=\"https:\/\/szkolazabrowo.pl\/wp-content\/uploads\/2024\/04\/DSC_0290.jpg\" title=\"DSC_0290\"><img loading=\"lazy\" decoding=\"async\" src=\"https:\/\/szkolazabrowo.pl\/wp-content\/uploads\/2024\/04\/DSC_0290-250x300.jpg\" alt=\"DSC_0290\" width=\"250\" height=\"300\" \/><span class=\"su-custom-gallery-title\">DSC_0290<\/span><\/a><\/div><div class=\"su-custom-gallery-slide\" style=\"width:250px;height:300px\"><a href=\"https:\/\/szkolazabrowo.pl\/wp-content\/uploads\/2024\/04\/DSC_0291.jpg\" title=\"DSC_0291\"><img loading=\"lazy\" decoding=\"async\" src=\"https:\/\/szkolazabrowo.pl\/wp-content\/uploads\/2024\/04\/DSC_0291-250x300.jpg\" alt=\"DSC_0291\" width=\"250\" height=\"300\" \/><span class=\"su-custom-gallery-title\">DSC_0291<\/span><\/a><\/div><div class=\"su-custom-gallery-slide\" style=\"width:250px;height:300px\"><a href=\"https:\/\/szkolazabrowo.pl\/wp-content\/uploads\/2024\/04\/DSC_0293.jpg\" title=\"DSC_0293\"><img loading=\"lazy\" decoding=\"async\" src=\"https:\/\/szkolazabrowo.pl\/wp-content\/uploads\/2024\/04\/DSC_0293-250x300.jpg\" alt=\"DSC_0293\" width=\"250\" height=\"300\" \/><span class=\"su-custom-gallery-title\">DSC_0293<\/span><\/a><\/div><div class=\"su-custom-gallery-slide\" style=\"width:250px;height:300px\"><a href=\"https:\/\/szkolazabrowo.pl\/wp-content\/uploads\/2024\/04\/DSC_0298.jpg\" title=\"DSC_0298\"><img loading=\"lazy\" decoding=\"async\" src=\"https:\/\/szkolazabrowo.pl\/wp-content\/uploads\/2024\/04\/DSC_0298-250x300.jpg\" alt=\"DSC_0298\" width=\"250\" height=\"300\" \/><span class=\"su-custom-gallery-title\">DSC_0298<\/span><\/a><\/div><div class=\"su-custom-gallery-slide\" style=\"width:250px;height:300px\"><a href=\"https:\/\/szkolazabrowo.pl\/wp-content\/uploads\/2024\/04\/DSC_0299.jpg\" title=\"DSC_0299\"><img loading=\"lazy\" decoding=\"async\" src=\"https:\/\/szkolazabrowo.pl\/wp-content\/uploads\/2024\/04\/DSC_0299-250x300.jpg\" alt=\"DSC_0299\" width=\"250\" height=\"300\" \/><span class=\"su-custom-gallery-title\">DSC_0299<\/span><\/a><\/div><div class=\"su-custom-gallery-slide\" style=\"width:250px;height:300px\"><a href=\"https:\/\/szkolazabrowo.pl\/wp-content\/uploads\/2024\/04\/DSC_0300.jpg\" title=\"DSC_0300\"><img loading=\"lazy\" decoding=\"async\" src=\"https:\/\/szkolazabrowo.pl\/wp-content\/uploads\/2024\/04\/DSC_0300-250x300.jpg\" alt=\"DSC_0300\" width=\"250\" height=\"300\" \/><span class=\"su-custom-gallery-title\">DSC_0300<\/span><\/a><\/div><div class=\"su-custom-gallery-slide\" style=\"width:250px;height:300px\"><a href=\"https:\/\/szkolazabrowo.pl\/wp-content\/uploads\/2024\/04\/DSC_0301.jpg\" title=\"DSC_0301\"><img loading=\"lazy\" decoding=\"async\" src=\"https:\/\/szkolazabrowo.pl\/wp-content\/uploads\/2024\/04\/DSC_0301-250x300.jpg\" alt=\"DSC_0301\" width=\"250\" height=\"300\" \/><span class=\"su-custom-gallery-title\">DSC_0301<\/span><\/a><\/div><div class=\"su-custom-gallery-slide\" style=\"width:250px;height:300px\"><a href=\"https:\/\/szkolazabrowo.pl\/wp-content\/uploads\/2024\/04\/DSC_0303.jpg\" title=\"DSC_0303\"><img loading=\"lazy\" decoding=\"async\" src=\"https:\/\/szkolazabrowo.pl\/wp-content\/uploads\/2024\/04\/DSC_0303-250x300.jpg\" alt=\"DSC_0303\" width=\"250\" height=\"300\" \/><span class=\"su-custom-gallery-title\">DSC_0303<\/span><\/a><\/div><div class=\"su-custom-gallery-slide\" style=\"width:250px;height:300px\"><a href=\"https:\/\/szkolazabrowo.pl\/wp-content\/uploads\/2024\/04\/DSC_0305.jpg\" title=\"DSC_0305\"><img loading=\"lazy\" decoding=\"async\" src=\"https:\/\/szkolazabrowo.pl\/wp-content\/uploads\/2024\/04\/DSC_0305-250x300.jpg\" alt=\"DSC_0305\" width=\"250\" height=\"300\" \/><span class=\"su-custom-gallery-title\">DSC_0305<\/span><\/a><\/div><div class=\"su-custom-gallery-slide\" style=\"width:250px;height:300px\"><a href=\"https:\/\/szkolazabrowo.pl\/wp-content\/uploads\/2024\/04\/DSC_0310.jpg\" title=\"DSC_0310\"><img loading=\"lazy\" decoding=\"async\" src=\"https:\/\/szkolazabrowo.pl\/wp-content\/uploads\/2024\/04\/DSC_0310-250x300.jpg\" alt=\"DSC_0310\" width=\"250\" height=\"300\" \/><span class=\"su-custom-gallery-title\">DSC_0310<\/span><\/a><\/div><div class=\"su-custom-gallery-slide\" style=\"width:250px;height:300px\"><a href=\"https:\/\/szkolazabrowo.pl\/wp-content\/uploads\/2024\/04\/DSC_0311.jpg\" title=\"DSC_0311\"><img loading=\"lazy\" decoding=\"async\" src=\"https:\/\/szkolazabrowo.pl\/wp-content\/uploads\/2024\/04\/DSC_0311-250x300.jpg\" alt=\"DSC_0311\" width=\"250\" height=\"300\" \/><span class=\"su-custom-gallery-title\">DSC_0311<\/span><\/a><\/div><div class=\"su-custom-gallery-slide\" style=\"width:250px;height:300px\"><a href=\"https:\/\/szkolazabrowo.pl\/wp-content\/uploads\/2024\/04\/DSC_0313.jpg\" title=\"DSC_0313\"><img loading=\"lazy\" decoding=\"async\" src=\"https:\/\/szkolazabrowo.pl\/wp-content\/uploads\/2024\/04\/DSC_0313-250x300.jpg\" alt=\"DSC_0313\" width=\"250\" height=\"300\" \/><span class=\"su-custom-gallery-title\">DSC_0313<\/span><\/a><\/div><div class=\"su-custom-gallery-slide\" style=\"width:250px;height:300px\"><a href=\"https:\/\/szkolazabrowo.pl\/wp-content\/uploads\/2024\/04\/DSC_0314.jpg\" title=\"DSC_0314\"><img loading=\"lazy\" decoding=\"async\" src=\"https:\/\/szkolazabrowo.pl\/wp-content\/uploads\/2024\/04\/DSC_0314-250x300.jpg\" alt=\"DSC_0314\" width=\"250\" height=\"300\" \/><span class=\"su-custom-gallery-title\">DSC_0314<\/span><\/a><\/div><div class=\"su-custom-gallery-slide\" style=\"width:250px;height:300px\"><a href=\"https:\/\/szkolazabrowo.pl\/wp-content\/uploads\/2024\/04\/DSC_0315.jpg\" title=\"DSC_0315\"><img loading=\"lazy\" decoding=\"async\" src=\"https:\/\/szkolazabrowo.pl\/wp-content\/uploads\/2024\/04\/DSC_0315-250x300.jpg\" alt=\"DSC_0315\" width=\"250\" height=\"300\" \/><span class=\"su-custom-gallery-title\">DSC_0315<\/span><\/a><\/div><div class=\"su-custom-gallery-slide\" style=\"width:250px;height:300px\"><a href=\"https:\/\/szkolazabrowo.pl\/wp-content\/uploads\/2024\/04\/DSC_0316.jpg\" title=\"DSC_0316\"><img loading=\"lazy\" decoding=\"async\" src=\"https:\/\/szkolazabrowo.pl\/wp-content\/uploads\/2024\/04\/DSC_0316-250x300.jpg\" alt=\"DSC_0316\" width=\"250\" height=\"300\" \/><span class=\"su-custom-gallery-title\">DSC_0316<\/span><\/a><\/div><div class=\"su-custom-gallery-slide\" style=\"width:250px;height:300px\"><a href=\"https:\/\/szkolazabrowo.pl\/wp-content\/uploads\/2024\/04\/DSC_0317.jpg\" title=\"DSC_0317\"><img loading=\"lazy\" decoding=\"async\" src=\"https:\/\/szkolazabrowo.pl\/wp-content\/uploads\/2024\/04\/DSC_0317-250x300.jpg\" alt=\"DSC_0317\" width=\"250\" height=\"300\" \/><span class=\"su-custom-gallery-title\">DSC_0317<\/span><\/a><\/div><div class=\"su-custom-gallery-slide\" style=\"width:250px;height:300px\"><a href=\"https:\/\/szkolazabrowo.pl\/wp-content\/uploads\/2024\/04\/DSC_0318.jpg\" title=\"DSC_0318\"><img loading=\"lazy\" decoding=\"async\" src=\"https:\/\/szkolazabrowo.pl\/wp-content\/uploads\/2024\/04\/DSC_0318-250x300.jpg\" alt=\"DSC_0318\" width=\"250\" height=\"300\" \/><span class=\"su-custom-gallery-title\">DSC_0318<\/span><\/a><\/div><div class=\"su-clear\"><\/div><\/div>\n","protected":false},"excerpt":{"rendered":"<p>W dniu 23 kwietnia 2024 roku odby\u0142 si\u0119 w naszej szkole apel z okazji Dnia Ziemi. By\u0142o to wa\u017cne, pouczaj\u0105ce wydarzenie, kt\u00f3re skupi\u0142o uwag\u0119 spo\u0142eczno\u015bci szkolnej na kwestiach zwi\u0105zanych z ochron\u0105 \u015brodowiska. Podczas apelu uczniowie klas 0-VIII mieli okazj\u0119 dowiedzie\u0107 <a href=\"https:\/\/szkolazabrowo.pl\/?page_id=11579\" class=\"read-more\">Czytaj wi\u0119cej &#8230;<\/a><\/p>\n","protected":false},"author":1,"featured_media":0,"parent":0,"menu_order":0,"comment_status":"closed","ping_status":"closed","template":"","meta":{"footnotes":""},"class_list":["post-11579","page","type-page","status-publish","hentry"],"_links":{"self":[{"href":"https:\/\/szkolazabrowo.pl\/index.php?rest_route=\/wp\/v2\/pages\/11579","targetHints":{"allow":["GET"]}}],"collection":[{"href":"https:\/\/szkolazabrowo.pl\/index.php?rest_route=\/wp\/v2\/pages"}],"about":[{"href":"https:\/\/szkolazabrowo.pl\/index.php?rest_route=\/wp\/v2\/types\/page"}],"author":[{"embeddable":true,"href":"https:\/\/szkolazabrowo.pl\/index.php?rest_route=\/wp\/v2\/users\/1"}],"replies":[{"embeddable":true,"href":"https:\/\/szkolazabrowo.pl\/index.php?rest_route=%2Fwp%2Fv2%2Fcomments&post=11579"}],"version-history":[{"count":1,"href":"https:\/\/szkolazabrowo.pl\/index.php?rest_route=\/wp\/v2\/pages\/11579\/revisions"}],"predecessor-version":[{"id":11615,"href":"https:\/\/szkolazabrowo.pl\/index.php?rest_route=\/wp\/v2\/pages\/11579\/revisions\/11615"}],"wp:attachment":[{"href":"https:\/\/szkolazabrowo.pl\/index.php?rest_route=%2Fwp%2Fv2%2Fmedia&parent=11579"}],"curies":[{"name":"wp","href":"https:\/\/api.w.org\/{rel}","templated":true}]}}