{"id":11330,"date":"2024-02-26T08:09:07","date_gmt":"2024-02-26T08:09:07","guid":{"rendered":"http:\/\/szkolazabrowo.pl\/?page_id=11330"},"modified":"2024-02-26T08:09:08","modified_gmt":"2024-02-26T08:09:08","slug":"turnieju-pilki-noznej-o-puchar-wojta-gminy-ilawa","status":"publish","type":"page","link":"https:\/\/szkolazabrowo.pl\/?page_id=11330","title":{"rendered":"Turnieju Pi\u0142ki No\u017cnej o Puchar W\u00f3jta Gminy I\u0142awa"},"content":{"rendered":"\n<p>Uczniowie naszej szko\u0142y wzi\u0119li udzia\u0142 w Turnieju Pi\u0142ki No\u017cnej o Puchar W\u00f3jta Gminy I\u0142awa Krzysztofa Harmaci\u0144skiego, kt\u00f3ry odby\u0142 si\u0119 13 i 14 lutego w Wikielcu.<\/p>\n\n\n\n<p>Pierwszego dnia rywalizowali uczniowie klas 5 i 6. Reprezentacja ch\u0142opc\u00f3w zaj\u0119\u0142a I miejsce natomiast dziewcz\u0119ta wywalczy\u0142y III miejsce. Drugiego dnia zmierzyli si\u0119 uczniowie klas 7 i 8. Nasi ch\u0142opcy zaj\u0119li II miejsce a dziewcz\u0119ta V.<\/p>\n\n\n\n<p>Gratulujemy naszym zawodnikom i \u017cyczymy kolejnych sukces\u00f3w.&nbsp;<\/p>\n\n\n\n<p>Dru\u017cyny wyst\u0105pi\u0142y w sk\u0142adzie &#8211; klasy 5,6:<\/p>\n\n\n\n<p>ch\u0142opcy &#8211; Miko\u0142aj Karski, Dominik Ostrowski, Alan Sobiech, Marcel Nowakowski, Karol Po\u0142e\u0107, Kacper Kaczmarczyk, Alex Madej, Igor Soliwoda, Pawe\u0142 Dominiczak,\u00a0<\/p>\n\n\n\n<p>dziewcz\u0119ta &#8211; Faustyna Rogowska, Dorota Kowalczyk, Wiktoria Radomska, Zuzanna Bonis\u0142awska, Oliwia S\u0142omska, Maja Filarska, Aleksandra T\u0119gowska, Kornelia Konopka, Agnieszka Pniewska, Weronika Sadowska<\/p>\n\n\n\n<p>Dru\u017cyny wyst\u0105pi\u0142y w sk\u0142adzie &#8211; klasy 7,8:<\/p>\n\n\n\n<p>ch\u0142opcy &#8211; Miko\u0142aj Karski, Dominik Ostrowski, Alan Sobiech, Marcel Nowakowski, Karol Po\u0142e\u0107, Kacper Kaczmarczyk, Szymon Ko\u0142cz, Igor Da\u0144czyszyn, Julian Kowalczyk<\/p>\n\n\n\n<p>dziewcz\u0119ta &#8211; Faustyna Rogowska, Dorota Kowalczyk, Wiktoria Radomska, Zuzanna Bonis\u0142awska, Oliwia S\u0142omska, Wiktoria Meller, Amelia Kwiecie\u0144, Natalia Bonis\u0142awska, Maja Konopka, Wiktoria Nowakowska<\/p>\n\n\n<div class=\"su-custom-gallery su-custom-gallery-align-left su-custom-gallery-title-never\"><div class=\"su-custom-gallery-slide\" style=\"width:250px;height:300px\"><a href=\"https:\/\/szkolazabrowo.pl\/wp-content\/uploads\/2024\/02\/5cc68ae8-d110-4ee6-99ee-6643b0228824.jpg\" title=\"5cc68ae8-d110-4ee6-99ee-6643b0228824\"><img loading=\"lazy\" decoding=\"async\" src=\"https:\/\/szkolazabrowo.pl\/wp-content\/uploads\/2024\/02\/5cc68ae8-d110-4ee6-99ee-6643b0228824-250x300.jpg\" alt=\"5cc68ae8-d110-4ee6-99ee-6643b0228824\" width=\"250\" height=\"300\" \/><span class=\"su-custom-gallery-title\">5cc68ae8-d110-4ee6-99ee-6643b0228824<\/span><\/a><\/div><div class=\"su-custom-gallery-slide\" style=\"width:250px;height:300px\"><a href=\"https:\/\/szkolazabrowo.pl\/wp-content\/uploads\/2024\/02\/8cb82067-96e3-4288-a78b-7a05c39cb375.jpg\" title=\"8cb82067-96e3-4288-a78b-7a05c39cb375\"><img loading=\"lazy\" decoding=\"async\" src=\"https:\/\/szkolazabrowo.pl\/wp-content\/uploads\/2024\/02\/8cb82067-96e3-4288-a78b-7a05c39cb375-250x300.jpg\" alt=\"8cb82067-96e3-4288-a78b-7a05c39cb375\" width=\"250\" height=\"300\" \/><span class=\"su-custom-gallery-title\">8cb82067-96e3-4288-a78b-7a05c39cb375<\/span><\/a><\/div><div class=\"su-custom-gallery-slide\" style=\"width:250px;height:300px\"><a href=\"https:\/\/szkolazabrowo.pl\/wp-content\/uploads\/2024\/02\/9eccb759-3f08-426a-9f11-4c95bf4299e8-1.jpg\" title=\"9eccb759-3f08-426a-9f11-4c95bf4299e8 (1)\"><img loading=\"lazy\" decoding=\"async\" src=\"https:\/\/szkolazabrowo.pl\/wp-content\/uploads\/2024\/02\/9eccb759-3f08-426a-9f11-4c95bf4299e8-1-250x300.jpg\" alt=\"9eccb759-3f08-426a-9f11-4c95bf4299e8 (1)\" width=\"250\" height=\"300\" \/><span class=\"su-custom-gallery-title\">9eccb759-3f08-426a-9f11-4c95bf4299e8 (1)<\/span><\/a><\/div><div class=\"su-custom-gallery-slide\" style=\"width:250px;height:300px\"><a href=\"https:\/\/szkolazabrowo.pl\/wp-content\/uploads\/2024\/02\/26537275-8a14-4074-83bb-9c1c79ee76cd.jpg\" title=\"26537275-8a14-4074-83bb-9c1c79ee76cd\"><img loading=\"lazy\" decoding=\"async\" src=\"https:\/\/szkolazabrowo.pl\/wp-content\/uploads\/2024\/02\/26537275-8a14-4074-83bb-9c1c79ee76cd-250x300.jpg\" alt=\"26537275-8a14-4074-83bb-9c1c79ee76cd\" width=\"250\" height=\"300\" \/><span class=\"su-custom-gallery-title\">26537275-8a14-4074-83bb-9c1c79ee76cd<\/span><\/a><\/div><div class=\"su-custom-gallery-slide\" style=\"width:250px;height:300px\"><a href=\"https:\/\/szkolazabrowo.pl\/wp-content\/uploads\/2024\/02\/fd70f304-770e-40f4-ab23-03f57039b2a9.jpg\" title=\"fd70f304-770e-40f4-ab23-03f57039b2a9\"><img loading=\"lazy\" decoding=\"async\" src=\"https:\/\/szkolazabrowo.pl\/wp-content\/uploads\/2024\/02\/fd70f304-770e-40f4-ab23-03f57039b2a9-250x300.jpg\" alt=\"fd70f304-770e-40f4-ab23-03f57039b2a9\" width=\"250\" height=\"300\" \/><span class=\"su-custom-gallery-title\">fd70f304-770e-40f4-ab23-03f57039b2a9<\/span><\/a><\/div><div class=\"su-clear\"><\/div><\/div>\n","protected":false},"excerpt":{"rendered":"<p>Uczniowie naszej szko\u0142y wzi\u0119li udzia\u0142 w Turnieju Pi\u0142ki No\u017cnej o Puchar W\u00f3jta Gminy I\u0142awa Krzysztofa Harmaci\u0144skiego, kt\u00f3ry odby\u0142 si\u0119 13 i 14 lutego w Wikielcu. Pierwszego dnia rywalizowali uczniowie klas 5 i 6. Reprezentacja ch\u0142opc\u00f3w zaj\u0119\u0142a I miejsce natomiast dziewcz\u0119ta <a href=\"https:\/\/szkolazabrowo.pl\/?page_id=11330\" class=\"read-more\">Czytaj wi\u0119cej &#8230;<\/a><\/p>\n","protected":false},"author":1,"featured_media":0,"parent":0,"menu_order":0,"comment_status":"closed","ping_status":"closed","template":"","meta":{"footnotes":""},"class_list":["post-11330","page","type-page","status-publish","hentry"],"_links":{"self":[{"href":"https:\/\/szkolazabrowo.pl\/index.php?rest_route=\/wp\/v2\/pages\/11330","targetHints":{"allow":["GET"]}}],"collection":[{"href":"https:\/\/szkolazabrowo.pl\/index.php?rest_route=\/wp\/v2\/pages"}],"about":[{"href":"https:\/\/szkolazabrowo.pl\/index.php?rest_route=\/wp\/v2\/types\/page"}],"author":[{"embeddable":true,"href":"https:\/\/szkolazabrowo.pl\/index.php?rest_route=\/wp\/v2\/users\/1"}],"replies":[{"embeddable":true,"href":"https:\/\/szkolazabrowo.pl\/index.php?rest_route=%2Fwp%2Fv2%2Fcomments&post=11330"}],"version-history":[{"count":1,"href":"https:\/\/szkolazabrowo.pl\/index.php?rest_route=\/wp\/v2\/pages\/11330\/revisions"}],"predecessor-version":[{"id":11337,"href":"https:\/\/szkolazabrowo.pl\/index.php?rest_route=\/wp\/v2\/pages\/11330\/revisions\/11337"}],"wp:attachment":[{"href":"https:\/\/szkolazabrowo.pl\/index.php?rest_route=%2Fwp%2Fv2%2Fmedia&parent=11330"}],"curies":[{"name":"wp","href":"https:\/\/api.w.org\/{rel}","templated":true}]}}