{"id":11290,"date":"2024-02-23T11:05:41","date_gmt":"2024-02-23T11:05:41","guid":{"rendered":"http:\/\/szkolazabrowo.pl\/?page_id=11290"},"modified":"2024-02-23T11:05:41","modified_gmt":"2024-02-23T11:05:41","slug":"miedzynarodowy-dzien-jezyka-ojczystego","status":"publish","type":"page","link":"https:\/\/szkolazabrowo.pl\/?page_id=11290","title":{"rendered":"Mi\u0119dzynarodowy dzie\u0144 j\u0119zyka ojczystego"},"content":{"rendered":"<div class=\"su-custom-gallery su-custom-gallery-align-left su-custom-gallery-title-never\"><div class=\"su-custom-gallery-slide\" style=\"width:250px;height:300px\"><a href=\"https:\/\/szkolazabrowo.pl\/wp-content\/uploads\/2024\/02\/DSC_0071.jpg\" title=\"DSC_0071\"><img loading=\"lazy\" decoding=\"async\" src=\"https:\/\/szkolazabrowo.pl\/wp-content\/uploads\/2024\/02\/DSC_0071-250x300.jpg\" alt=\"DSC_0071\" width=\"250\" height=\"300\" \/><span class=\"su-custom-gallery-title\">DSC_0071<\/span><\/a><\/div><div class=\"su-custom-gallery-slide\" style=\"width:250px;height:300px\"><a href=\"https:\/\/szkolazabrowo.pl\/wp-content\/uploads\/2024\/02\/DSC_0073.jpg\" title=\"DSC_0073\"><img loading=\"lazy\" decoding=\"async\" src=\"https:\/\/szkolazabrowo.pl\/wp-content\/uploads\/2024\/02\/DSC_0073-250x300.jpg\" alt=\"DSC_0073\" width=\"250\" height=\"300\" \/><span class=\"su-custom-gallery-title\">DSC_0073<\/span><\/a><\/div><div class=\"su-custom-gallery-slide\" style=\"width:250px;height:300px\"><a href=\"https:\/\/szkolazabrowo.pl\/wp-content\/uploads\/2024\/02\/DSC_0075.jpg\" title=\"DSC_0075\"><img loading=\"lazy\" decoding=\"async\" src=\"https:\/\/szkolazabrowo.pl\/wp-content\/uploads\/2024\/02\/DSC_0075-250x300.jpg\" alt=\"DSC_0075\" width=\"250\" height=\"300\" \/><span class=\"su-custom-gallery-title\">DSC_0075<\/span><\/a><\/div><div class=\"su-custom-gallery-slide\" style=\"width:250px;height:300px\"><a href=\"https:\/\/szkolazabrowo.pl\/wp-content\/uploads\/2024\/02\/DSC_0076.jpg\" title=\"DSC_0076\"><img loading=\"lazy\" decoding=\"async\" src=\"https:\/\/szkolazabrowo.pl\/wp-content\/uploads\/2024\/02\/DSC_0076-250x300.jpg\" alt=\"DSC_0076\" width=\"250\" height=\"300\" \/><span class=\"su-custom-gallery-title\">DSC_0076<\/span><\/a><\/div><div class=\"su-custom-gallery-slide\" style=\"width:250px;height:300px\"><a href=\"https:\/\/szkolazabrowo.pl\/wp-content\/uploads\/2024\/02\/DSC_0079.jpg\" title=\"DSC_0079\"><img loading=\"lazy\" decoding=\"async\" src=\"https:\/\/szkolazabrowo.pl\/wp-content\/uploads\/2024\/02\/DSC_0079-250x300.jpg\" alt=\"DSC_0079\" width=\"250\" height=\"300\" \/><span class=\"su-custom-gallery-title\">DSC_0079<\/span><\/a><\/div><div class=\"su-custom-gallery-slide\" style=\"width:250px;height:300px\"><a href=\"https:\/\/szkolazabrowo.pl\/wp-content\/uploads\/2024\/02\/DSC_0082.jpg\" title=\"DSC_0082\"><img loading=\"lazy\" decoding=\"async\" src=\"https:\/\/szkolazabrowo.pl\/wp-content\/uploads\/2024\/02\/DSC_0082-250x300.jpg\" alt=\"DSC_0082\" width=\"250\" height=\"300\" \/><span class=\"su-custom-gallery-title\">DSC_0082<\/span><\/a><\/div><div class=\"su-custom-gallery-slide\" style=\"width:250px;height:300px\"><a href=\"https:\/\/szkolazabrowo.pl\/wp-content\/uploads\/2024\/02\/DSC_0083.jpg\" title=\"DSC_0083\"><img loading=\"lazy\" decoding=\"async\" src=\"https:\/\/szkolazabrowo.pl\/wp-content\/uploads\/2024\/02\/DSC_0083-250x300.jpg\" alt=\"DSC_0083\" width=\"250\" height=\"300\" \/><span class=\"su-custom-gallery-title\">DSC_0083<\/span><\/a><\/div><div class=\"su-custom-gallery-slide\" style=\"width:250px;height:300px\"><a href=\"https:\/\/szkolazabrowo.pl\/wp-content\/uploads\/2024\/02\/DSC_0084.jpg\" title=\"DSC_0084\"><img loading=\"lazy\" decoding=\"async\" src=\"https:\/\/szkolazabrowo.pl\/wp-content\/uploads\/2024\/02\/DSC_0084-250x300.jpg\" alt=\"DSC_0084\" width=\"250\" height=\"300\" \/><span class=\"su-custom-gallery-title\">DSC_0084<\/span><\/a><\/div><div class=\"su-custom-gallery-slide\" style=\"width:250px;height:300px\"><a href=\"https:\/\/szkolazabrowo.pl\/wp-content\/uploads\/2024\/02\/DSC_0085.jpg\" title=\"DSC_0085\"><img loading=\"lazy\" decoding=\"async\" src=\"https:\/\/szkolazabrowo.pl\/wp-content\/uploads\/2024\/02\/DSC_0085-250x300.jpg\" alt=\"DSC_0085\" width=\"250\" height=\"300\" \/><span class=\"su-custom-gallery-title\">DSC_0085<\/span><\/a><\/div><div class=\"su-custom-gallery-slide\" style=\"width:250px;height:300px\"><a href=\"https:\/\/szkolazabrowo.pl\/wp-content\/uploads\/2024\/02\/DSC_0086.jpg\" title=\"DSC_0086\"><img loading=\"lazy\" decoding=\"async\" src=\"https:\/\/szkolazabrowo.pl\/wp-content\/uploads\/2024\/02\/DSC_0086-250x300.jpg\" alt=\"DSC_0086\" width=\"250\" height=\"300\" \/><span class=\"su-custom-gallery-title\">DSC_0086<\/span><\/a><\/div><div class=\"su-custom-gallery-slide\" style=\"width:250px;height:300px\"><a href=\"https:\/\/szkolazabrowo.pl\/wp-content\/uploads\/2024\/02\/DSC_0089.jpg\" title=\"DSC_0089\"><img loading=\"lazy\" decoding=\"async\" src=\"https:\/\/szkolazabrowo.pl\/wp-content\/uploads\/2024\/02\/DSC_0089-250x300.jpg\" alt=\"DSC_0089\" width=\"250\" height=\"300\" \/><span class=\"su-custom-gallery-title\">DSC_0089<\/span><\/a><\/div><div class=\"su-custom-gallery-slide\" style=\"width:250px;height:300px\"><a href=\"https:\/\/szkolazabrowo.pl\/wp-content\/uploads\/2024\/02\/DSC_0090.jpg\" title=\"DSC_0090\"><img loading=\"lazy\" decoding=\"async\" src=\"https:\/\/szkolazabrowo.pl\/wp-content\/uploads\/2024\/02\/DSC_0090-250x300.jpg\" alt=\"DSC_0090\" width=\"250\" height=\"300\" \/><span class=\"su-custom-gallery-title\">DSC_0090<\/span><\/a><\/div><div class=\"su-custom-gallery-slide\" style=\"width:250px;height:300px\"><a href=\"https:\/\/szkolazabrowo.pl\/wp-content\/uploads\/2024\/02\/DSC_0091.jpg\" title=\"DSC_0091\"><img loading=\"lazy\" decoding=\"async\" src=\"https:\/\/szkolazabrowo.pl\/wp-content\/uploads\/2024\/02\/DSC_0091-250x300.jpg\" alt=\"DSC_0091\" width=\"250\" height=\"300\" \/><span class=\"su-custom-gallery-title\">DSC_0091<\/span><\/a><\/div><div class=\"su-custom-gallery-slide\" style=\"width:250px;height:300px\"><a href=\"https:\/\/szkolazabrowo.pl\/wp-content\/uploads\/2024\/02\/DSC_0092.jpg\" title=\"DSC_0092\"><img loading=\"lazy\" decoding=\"async\" src=\"https:\/\/szkolazabrowo.pl\/wp-content\/uploads\/2024\/02\/DSC_0092-250x300.jpg\" alt=\"DSC_0092\" width=\"250\" height=\"300\" \/><span class=\"su-custom-gallery-title\">DSC_0092<\/span><\/a><\/div><div class=\"su-custom-gallery-slide\" style=\"width:250px;height:300px\"><a href=\"https:\/\/szkolazabrowo.pl\/wp-content\/uploads\/2024\/02\/DSC_0094.jpg\" title=\"DSC_0094\"><img loading=\"lazy\" decoding=\"async\" src=\"https:\/\/szkolazabrowo.pl\/wp-content\/uploads\/2024\/02\/DSC_0094-250x300.jpg\" alt=\"DSC_0094\" width=\"250\" height=\"300\" \/><span class=\"su-custom-gallery-title\">DSC_0094<\/span><\/a><\/div><div class=\"su-custom-gallery-slide\" style=\"width:250px;height:300px\"><a href=\"https:\/\/szkolazabrowo.pl\/wp-content\/uploads\/2024\/02\/DSC_0097.jpg\" title=\"DSC_0097\"><img loading=\"lazy\" decoding=\"async\" src=\"https:\/\/szkolazabrowo.pl\/wp-content\/uploads\/2024\/02\/DSC_0097-250x300.jpg\" alt=\"DSC_0097\" width=\"250\" height=\"300\" \/><span class=\"su-custom-gallery-title\">DSC_0097<\/span><\/a><\/div><div class=\"su-custom-gallery-slide\" style=\"width:250px;height:300px\"><a href=\"https:\/\/szkolazabrowo.pl\/wp-content\/uploads\/2024\/02\/DSC_0098.jpg\" title=\"DSC_0098\"><img loading=\"lazy\" decoding=\"async\" src=\"https:\/\/szkolazabrowo.pl\/wp-content\/uploads\/2024\/02\/DSC_0098-250x300.jpg\" alt=\"DSC_0098\" width=\"250\" height=\"300\" \/><span class=\"su-custom-gallery-title\">DSC_0098<\/span><\/a><\/div><div class=\"su-custom-gallery-slide\" style=\"width:250px;height:300px\"><a href=\"https:\/\/szkolazabrowo.pl\/wp-content\/uploads\/2024\/02\/DSC_0100.jpg\" title=\"DSC_0100\"><img loading=\"lazy\" decoding=\"async\" src=\"https:\/\/szkolazabrowo.pl\/wp-content\/uploads\/2024\/02\/DSC_0100-250x300.jpg\" alt=\"DSC_0100\" width=\"250\" height=\"300\" \/><span class=\"su-custom-gallery-title\">DSC_0100<\/span><\/a><\/div><div class=\"su-custom-gallery-slide\" style=\"width:250px;height:300px\"><a href=\"https:\/\/szkolazabrowo.pl\/wp-content\/uploads\/2024\/02\/DSC_0101.jpg\" title=\"DSC_0101\"><img loading=\"lazy\" decoding=\"async\" src=\"https:\/\/szkolazabrowo.pl\/wp-content\/uploads\/2024\/02\/DSC_0101-250x300.jpg\" alt=\"DSC_0101\" width=\"250\" height=\"300\" \/><span class=\"su-custom-gallery-title\">DSC_0101<\/span><\/a><\/div><div class=\"su-custom-gallery-slide\" style=\"width:250px;height:300px\"><a href=\"https:\/\/szkolazabrowo.pl\/wp-content\/uploads\/2024\/02\/DSC_0102.jpg\" title=\"DSC_0102\"><img loading=\"lazy\" decoding=\"async\" src=\"https:\/\/szkolazabrowo.pl\/wp-content\/uploads\/2024\/02\/DSC_0102-250x300.jpg\" alt=\"DSC_0102\" width=\"250\" height=\"300\" \/><span class=\"su-custom-gallery-title\">DSC_0102<\/span><\/a><\/div><div class=\"su-custom-gallery-slide\" style=\"width:250px;height:300px\"><a href=\"https:\/\/szkolazabrowo.pl\/wp-content\/uploads\/2024\/02\/DSC_0103.jpg\" title=\"DSC_0103\"><img loading=\"lazy\" decoding=\"async\" src=\"https:\/\/szkolazabrowo.pl\/wp-content\/uploads\/2024\/02\/DSC_0103-250x300.jpg\" alt=\"DSC_0103\" width=\"250\" height=\"300\" \/><span class=\"su-custom-gallery-title\">DSC_0103<\/span><\/a><\/div><div class=\"su-clear\"><\/div><\/div>\n","protected":false},"excerpt":{"rendered":"","protected":false},"author":1,"featured_media":0,"parent":0,"menu_order":0,"comment_status":"closed","ping_status":"closed","template":"","meta":{"footnotes":""},"class_list":["post-11290","page","type-page","status-publish","hentry"],"_links":{"self":[{"href":"https:\/\/szkolazabrowo.pl\/index.php?rest_route=\/wp\/v2\/pages\/11290","targetHints":{"allow":["GET"]}}],"collection":[{"href":"https:\/\/szkolazabrowo.pl\/index.php?rest_route=\/wp\/v2\/pages"}],"about":[{"href":"https:\/\/szkolazabrowo.pl\/index.php?rest_route=\/wp\/v2\/types\/page"}],"author":[{"embeddable":true,"href":"https:\/\/szkolazabrowo.pl\/index.php?rest_route=\/wp\/v2\/users\/1"}],"replies":[{"embeddable":true,"href":"https:\/\/szkolazabrowo.pl\/index.php?rest_route=%2Fwp%2Fv2%2Fcomments&post=11290"}],"version-history":[{"count":1,"href":"https:\/\/szkolazabrowo.pl\/index.php?rest_route=\/wp\/v2\/pages\/11290\/revisions"}],"predecessor-version":[{"id":11313,"href":"https:\/\/szkolazabrowo.pl\/index.php?rest_route=\/wp\/v2\/pages\/11290\/revisions\/11313"}],"wp:attachment":[{"href":"https:\/\/szkolazabrowo.pl\/index.php?rest_route=%2Fwp%2Fv2%2Fmedia&parent=11290"}],"curies":[{"name":"wp","href":"https:\/\/api.w.org\/{rel}","templated":true}]}}