{"id":10817,"date":"2023-11-29T07:01:31","date_gmt":"2023-11-29T07:01:31","guid":{"rendered":"http:\/\/szkolazabrowo.pl\/?page_id=10817"},"modified":"2023-11-29T07:01:32","modified_gmt":"2023-11-29T07:01:32","slug":"dzien-czystego-powietrza","status":"publish","type":"page","link":"https:\/\/szkolazabrowo.pl\/?page_id=10817","title":{"rendered":"Dzie\u0144 Czystego Powietrza"},"content":{"rendered":"\n<p class=\"has-text-align-center\">28 listopada 2023 roku nasi szkolni ambasadorowie \u201epowietrza bez \u015bmieci\u201d w sk\u0142adzie: <em>Miko\u0142aj Karski, Pawe\u0142 Dominiczak, Cezary Grzywna, Igor Grzegrz\u00f3\u0142ka, Aleksandra T\u0119gowska<\/em> oraz <em>Wiktor Delegacz<\/em> przeprowadzili zaj\u0119cia edukacyjne przeznaczone dla klas I-VIII. Celem spotkania by\u0142o wyja\u015bnienie, czym jest zjawisko smogu, jak powstaje, jakie ma konsekwencje dla zdrowia organizm\u00f3w i \u015brodowiska oraz wskazanie skutecznych sposob\u00f3w walki z tym negatywnym zjawiskiem atmosferycznym. Zaj\u0119cia odby\u0142y si\u0119 w formie warsztat\u00f3w, co z pewno\u015bci\u0105 uatrakcyjni\u0142o spotkanie i pozwoli\u0142o wyzwoli\u0107 w\u015br\u00f3d obserwuj\u0105cych ciekawo\u015b\u0107 poznawcz\u0105 i lepiej zrozumie\u0107 problem szkodliwego wp\u0142ywu zanieczyszcze\u0144 zawartych w powietrzu. Dzi\u0119ki wykorzystaniu do do\u015bwiadcze\u0144 suchego lodu, prowadz\u0105cy nie tylko lepiej zobrazowali zjawisko smogu, ale by\u0142a\u00a0 to tak\u017ce okazja do poznania w\u0142a\u015bciwo\u015bci suchego lodu\u00a0 oraz \u00a0zjawiska sublimacji.<\/p>\n\n\n<div class=\"su-custom-gallery su-custom-gallery-align-left su-custom-gallery-title-never\"><div class=\"su-custom-gallery-slide\" style=\"width:250px;height:300px\"><a href=\"https:\/\/szkolazabrowo.pl\/wp-content\/uploads\/2023\/11\/20231128_110927.jpg\" title=\"20231128_110927\"><img loading=\"lazy\" decoding=\"async\" src=\"https:\/\/szkolazabrowo.pl\/wp-content\/uploads\/2023\/11\/20231128_110927-250x300.jpg\" alt=\"20231128_110927\" width=\"250\" height=\"300\" \/><span class=\"su-custom-gallery-title\">20231128_110927<\/span><\/a><\/div><div class=\"su-custom-gallery-slide\" style=\"width:250px;height:300px\"><a href=\"https:\/\/szkolazabrowo.pl\/wp-content\/uploads\/2023\/11\/20231128_110937.jpg\" title=\"20231128_110937\"><img loading=\"lazy\" decoding=\"async\" src=\"https:\/\/szkolazabrowo.pl\/wp-content\/uploads\/2023\/11\/20231128_110937-250x300.jpg\" alt=\"20231128_110937\" width=\"250\" height=\"300\" \/><span class=\"su-custom-gallery-title\">20231128_110937<\/span><\/a><\/div><div class=\"su-custom-gallery-slide\" style=\"width:250px;height:300px\"><a href=\"https:\/\/szkolazabrowo.pl\/wp-content\/uploads\/2023\/11\/20231128_110952.jpg\" title=\"20231128_110952\"><img loading=\"lazy\" decoding=\"async\" src=\"https:\/\/szkolazabrowo.pl\/wp-content\/uploads\/2023\/11\/20231128_110952-250x300.jpg\" alt=\"20231128_110952\" width=\"250\" height=\"300\" \/><span class=\"su-custom-gallery-title\">20231128_110952<\/span><\/a><\/div><div class=\"su-custom-gallery-slide\" style=\"width:250px;height:300px\"><a href=\"https:\/\/szkolazabrowo.pl\/wp-content\/uploads\/2023\/11\/20231128_111003.jpg\" title=\"20231128_111003\"><img loading=\"lazy\" decoding=\"async\" src=\"https:\/\/szkolazabrowo.pl\/wp-content\/uploads\/2023\/11\/20231128_111003-250x300.jpg\" alt=\"20231128_111003\" width=\"250\" height=\"300\" \/><span class=\"su-custom-gallery-title\">20231128_111003<\/span><\/a><\/div><div class=\"su-custom-gallery-slide\" style=\"width:250px;height:300px\"><a href=\"https:\/\/szkolazabrowo.pl\/wp-content\/uploads\/2023\/11\/20231128_112854.jpg\" title=\"20231128_112854\"><img loading=\"lazy\" decoding=\"async\" src=\"https:\/\/szkolazabrowo.pl\/wp-content\/uploads\/2023\/11\/20231128_112854-250x300.jpg\" alt=\"20231128_112854\" width=\"250\" height=\"300\" \/><span class=\"su-custom-gallery-title\">20231128_112854<\/span><\/a><\/div><div class=\"su-custom-gallery-slide\" style=\"width:250px;height:300px\"><a href=\"https:\/\/szkolazabrowo.pl\/wp-content\/uploads\/2023\/11\/20231128_112915.jpg\" title=\"20231128_112915\"><img loading=\"lazy\" decoding=\"async\" src=\"https:\/\/szkolazabrowo.pl\/wp-content\/uploads\/2023\/11\/20231128_112915-250x300.jpg\" alt=\"20231128_112915\" width=\"250\" height=\"300\" \/><span class=\"su-custom-gallery-title\">20231128_112915<\/span><\/a><\/div><div class=\"su-custom-gallery-slide\" style=\"width:250px;height:300px\"><a href=\"https:\/\/szkolazabrowo.pl\/wp-content\/uploads\/2023\/11\/received_311225718479805.jpeg\" title=\"received_311225718479805\"><img loading=\"lazy\" decoding=\"async\" src=\"https:\/\/szkolazabrowo.pl\/wp-content\/uploads\/2023\/11\/received_311225718479805-250x300.jpeg\" alt=\"received_311225718479805\" width=\"250\" height=\"300\" \/><span class=\"su-custom-gallery-title\">received_311225718479805<\/span><\/a><\/div><div class=\"su-custom-gallery-slide\" style=\"width:250px;height:300px\"><a href=\"https:\/\/szkolazabrowo.pl\/wp-content\/uploads\/2023\/11\/received_671243668528301.jpeg\" title=\"received_671243668528301\"><img loading=\"lazy\" decoding=\"async\" src=\"https:\/\/szkolazabrowo.pl\/wp-content\/uploads\/2023\/11\/received_671243668528301-250x300.jpeg\" alt=\"received_671243668528301\" width=\"250\" height=\"300\" \/><span class=\"su-custom-gallery-title\">received_671243668528301<\/span><\/a><\/div><div class=\"su-custom-gallery-slide\" style=\"width:250px;height:300px\"><a href=\"https:\/\/szkolazabrowo.pl\/wp-content\/uploads\/2023\/11\/received_2002553820116918.jpeg\" title=\"received_2002553820116918\"><img loading=\"lazy\" decoding=\"async\" src=\"https:\/\/szkolazabrowo.pl\/wp-content\/uploads\/2023\/11\/received_2002553820116918-250x300.jpeg\" alt=\"received_2002553820116918\" width=\"250\" height=\"300\" \/><span class=\"su-custom-gallery-title\">received_2002553820116918<\/span><\/a><\/div><div class=\"su-custom-gallery-slide\" style=\"width:250px;height:300px\"><a href=\"https:\/\/szkolazabrowo.pl\/wp-content\/uploads\/2023\/11\/20231128_090052.jpg\" title=\"20231128_090052\"><img loading=\"lazy\" decoding=\"async\" src=\"https:\/\/szkolazabrowo.pl\/wp-content\/uploads\/2023\/11\/20231128_090052-250x300.jpg\" alt=\"20231128_090052\" width=\"250\" height=\"300\" \/><span class=\"su-custom-gallery-title\">20231128_090052<\/span><\/a><\/div><div class=\"su-custom-gallery-slide\" style=\"width:250px;height:300px\"><a href=\"https:\/\/szkolazabrowo.pl\/wp-content\/uploads\/2023\/11\/20231128_090447.jpg\" title=\"20231128_090447\"><img loading=\"lazy\" decoding=\"async\" src=\"https:\/\/szkolazabrowo.pl\/wp-content\/uploads\/2023\/11\/20231128_090447-250x300.jpg\" alt=\"20231128_090447\" width=\"250\" height=\"300\" \/><span class=\"su-custom-gallery-title\">20231128_090447<\/span><\/a><\/div><div class=\"su-custom-gallery-slide\" style=\"width:250px;height:300px\"><a href=\"https:\/\/szkolazabrowo.pl\/wp-content\/uploads\/2023\/11\/20231128_090608.jpg\" title=\"20231128_090608\"><img loading=\"lazy\" decoding=\"async\" src=\"https:\/\/szkolazabrowo.pl\/wp-content\/uploads\/2023\/11\/20231128_090608-250x300.jpg\" alt=\"20231128_090608\" width=\"250\" height=\"300\" \/><span class=\"su-custom-gallery-title\">20231128_090608<\/span><\/a><\/div><div class=\"su-custom-gallery-slide\" style=\"width:250px;height:300px\"><a href=\"https:\/\/szkolazabrowo.pl\/wp-content\/uploads\/2023\/11\/20231128_091217.jpg\" title=\"20231128_091217\"><img loading=\"lazy\" decoding=\"async\" src=\"https:\/\/szkolazabrowo.pl\/wp-content\/uploads\/2023\/11\/20231128_091217-250x300.jpg\" alt=\"20231128_091217\" width=\"250\" height=\"300\" \/><span class=\"su-custom-gallery-title\">20231128_091217<\/span><\/a><\/div><div class=\"su-custom-gallery-slide\" style=\"width:250px;height:300px\"><a href=\"https:\/\/szkolazabrowo.pl\/wp-content\/uploads\/2023\/11\/20231128_091244.jpg\" title=\"20231128_091244\"><img loading=\"lazy\" decoding=\"async\" src=\"https:\/\/szkolazabrowo.pl\/wp-content\/uploads\/2023\/11\/20231128_091244-250x300.jpg\" alt=\"20231128_091244\" width=\"250\" height=\"300\" \/><span class=\"su-custom-gallery-title\">20231128_091244<\/span><\/a><\/div><div class=\"su-custom-gallery-slide\" style=\"width:250px;height:300px\"><a href=\"https:\/\/szkolazabrowo.pl\/wp-content\/uploads\/2023\/11\/20231128_091838.jpg\" title=\"20231128_091838\"><img loading=\"lazy\" decoding=\"async\" src=\"https:\/\/szkolazabrowo.pl\/wp-content\/uploads\/2023\/11\/20231128_091838-250x300.jpg\" alt=\"20231128_091838\" width=\"250\" height=\"300\" \/><span class=\"su-custom-gallery-title\">20231128_091838<\/span><\/a><\/div><div class=\"su-custom-gallery-slide\" style=\"width:250px;height:300px\"><a href=\"https:\/\/szkolazabrowo.pl\/wp-content\/uploads\/2023\/11\/20231128_095959.jpg\" title=\"20231128_095959\"><img loading=\"lazy\" decoding=\"async\" src=\"https:\/\/szkolazabrowo.pl\/wp-content\/uploads\/2023\/11\/20231128_095959-250x300.jpg\" alt=\"20231128_095959\" width=\"250\" height=\"300\" \/><span class=\"su-custom-gallery-title\">20231128_095959<\/span><\/a><\/div><div class=\"su-custom-gallery-slide\" style=\"width:250px;height:300px\"><a href=\"https:\/\/szkolazabrowo.pl\/wp-content\/uploads\/2023\/11\/20231128_100001.jpg\" title=\"20231128_100001\"><img loading=\"lazy\" decoding=\"async\" src=\"https:\/\/szkolazabrowo.pl\/wp-content\/uploads\/2023\/11\/20231128_100001-250x300.jpg\" alt=\"20231128_100001\" width=\"250\" height=\"300\" \/><span class=\"su-custom-gallery-title\">20231128_100001<\/span><\/a><\/div><div class=\"su-custom-gallery-slide\" style=\"width:250px;height:300px\"><a href=\"https:\/\/szkolazabrowo.pl\/wp-content\/uploads\/2023\/11\/20231128_100358.jpg\" title=\"20231128_100358\"><img loading=\"lazy\" decoding=\"async\" src=\"https:\/\/szkolazabrowo.pl\/wp-content\/uploads\/2023\/11\/20231128_100358-250x300.jpg\" alt=\"20231128_100358\" width=\"250\" height=\"300\" \/><span class=\"su-custom-gallery-title\">20231128_100358<\/span><\/a><\/div><div class=\"su-custom-gallery-slide\" style=\"width:250px;height:300px\"><a href=\"https:\/\/szkolazabrowo.pl\/wp-content\/uploads\/2023\/11\/20231128_100527.jpg\" title=\"20231128_100527\"><img loading=\"lazy\" decoding=\"async\" src=\"https:\/\/szkolazabrowo.pl\/wp-content\/uploads\/2023\/11\/20231128_100527-250x300.jpg\" alt=\"20231128_100527\" width=\"250\" height=\"300\" \/><span class=\"su-custom-gallery-title\">20231128_100527<\/span><\/a><\/div><div class=\"su-custom-gallery-slide\" style=\"width:250px;height:300px\"><a href=\"https:\/\/szkolazabrowo.pl\/wp-content\/uploads\/2023\/11\/20231128_105544.jpg\" title=\"20231128_105544\"><img loading=\"lazy\" decoding=\"async\" src=\"https:\/\/szkolazabrowo.pl\/wp-content\/uploads\/2023\/11\/20231128_105544-250x300.jpg\" alt=\"20231128_105544\" width=\"250\" height=\"300\" \/><span class=\"su-custom-gallery-title\">20231128_105544<\/span><\/a><\/div><div class=\"su-custom-gallery-slide\" style=\"width:250px;height:300px\"><a href=\"https:\/\/szkolazabrowo.pl\/wp-content\/uploads\/2023\/11\/20231128_105638.jpg\" title=\"20231128_105638\"><img loading=\"lazy\" decoding=\"async\" src=\"https:\/\/szkolazabrowo.pl\/wp-content\/uploads\/2023\/11\/20231128_105638-250x300.jpg\" alt=\"20231128_105638\" width=\"250\" height=\"300\" \/><span class=\"su-custom-gallery-title\">20231128_105638<\/span><\/a><\/div><div class=\"su-custom-gallery-slide\" style=\"width:250px;height:300px\"><a href=\"https:\/\/szkolazabrowo.pl\/wp-content\/uploads\/2023\/11\/20231128_105713.jpg\" title=\"20231128_105713\"><img loading=\"lazy\" decoding=\"async\" src=\"https:\/\/szkolazabrowo.pl\/wp-content\/uploads\/2023\/11\/20231128_105713-250x300.jpg\" alt=\"20231128_105713\" width=\"250\" height=\"300\" \/><span class=\"su-custom-gallery-title\">20231128_105713<\/span><\/a><\/div><div class=\"su-custom-gallery-slide\" style=\"width:250px;height:300px\"><a href=\"https:\/\/szkolazabrowo.pl\/wp-content\/uploads\/2023\/11\/20231128_105754.jpg\" title=\"20231128_105754\"><img loading=\"lazy\" decoding=\"async\" src=\"https:\/\/szkolazabrowo.pl\/wp-content\/uploads\/2023\/11\/20231128_105754-250x300.jpg\" alt=\"20231128_105754\" width=\"250\" height=\"300\" \/><span class=\"su-custom-gallery-title\">20231128_105754<\/span><\/a><\/div><div class=\"su-custom-gallery-slide\" style=\"width:250px;height:300px\"><a href=\"https:\/\/szkolazabrowo.pl\/wp-content\/uploads\/2023\/11\/20231128_110002.jpg\" title=\"20231128_110002\"><img loading=\"lazy\" decoding=\"async\" src=\"https:\/\/szkolazabrowo.pl\/wp-content\/uploads\/2023\/11\/20231128_110002-250x300.jpg\" alt=\"20231128_110002\" width=\"250\" height=\"300\" \/><span class=\"su-custom-gallery-title\">20231128_110002<\/span><\/a><\/div><div class=\"su-custom-gallery-slide\" style=\"width:250px;height:300px\"><a href=\"https:\/\/szkolazabrowo.pl\/wp-content\/uploads\/2023\/11\/20231128_110103.jpg\" title=\"20231128_110103\"><img loading=\"lazy\" decoding=\"async\" src=\"https:\/\/szkolazabrowo.pl\/wp-content\/uploads\/2023\/11\/20231128_110103-250x300.jpg\" alt=\"20231128_110103\" width=\"250\" height=\"300\" \/><span class=\"su-custom-gallery-title\">20231128_110103<\/span><\/a><\/div><div class=\"su-custom-gallery-slide\" style=\"width:250px;height:300px\"><a href=\"https:\/\/szkolazabrowo.pl\/wp-content\/uploads\/2023\/11\/20231128_110133.jpg\" title=\"20231128_110133\"><img loading=\"lazy\" decoding=\"async\" src=\"https:\/\/szkolazabrowo.pl\/wp-content\/uploads\/2023\/11\/20231128_110133-250x300.jpg\" alt=\"20231128_110133\" width=\"250\" height=\"300\" \/><span class=\"su-custom-gallery-title\">20231128_110133<\/span><\/a><\/div><div class=\"su-custom-gallery-slide\" style=\"width:250px;height:300px\"><a href=\"https:\/\/szkolazabrowo.pl\/wp-content\/uploads\/2023\/11\/20231128_110145.jpg\" title=\"20231128_110145\"><img loading=\"lazy\" decoding=\"async\" src=\"https:\/\/szkolazabrowo.pl\/wp-content\/uploads\/2023\/11\/20231128_110145-250x300.jpg\" alt=\"20231128_110145\" width=\"250\" height=\"300\" \/><span class=\"su-custom-gallery-title\">20231128_110145<\/span><\/a><\/div><div class=\"su-custom-gallery-slide\" style=\"width:250px;height:300px\"><a href=\"https:\/\/szkolazabrowo.pl\/wp-content\/uploads\/2023\/11\/20231128_110315.jpg\" title=\"20231128_110315\"><img loading=\"lazy\" decoding=\"async\" src=\"https:\/\/szkolazabrowo.pl\/wp-content\/uploads\/2023\/11\/20231128_110315-250x300.jpg\" alt=\"20231128_110315\" width=\"250\" height=\"300\" \/><span class=\"su-custom-gallery-title\">20231128_110315<\/span><\/a><\/div><div class=\"su-custom-gallery-slide\" style=\"width:250px;height:300px\"><a href=\"https:\/\/szkolazabrowo.pl\/wp-content\/uploads\/2023\/11\/20231128_110850.jpg\" title=\"20231128_110850\"><img loading=\"lazy\" decoding=\"async\" src=\"https:\/\/szkolazabrowo.pl\/wp-content\/uploads\/2023\/11\/20231128_110850-250x300.jpg\" alt=\"20231128_110850\" width=\"250\" height=\"300\" \/><span class=\"su-custom-gallery-title\">20231128_110850<\/span><\/a><\/div><div class=\"su-custom-gallery-slide\" style=\"width:250px;height:300px\"><a href=\"https:\/\/szkolazabrowo.pl\/wp-content\/uploads\/2023\/11\/20231128_110902.jpg\" title=\"20231128_110902\"><img loading=\"lazy\" decoding=\"async\" src=\"https:\/\/szkolazabrowo.pl\/wp-content\/uploads\/2023\/11\/20231128_110902-250x300.jpg\" alt=\"20231128_110902\" width=\"250\" height=\"300\" \/><span class=\"su-custom-gallery-title\">20231128_110902<\/span><\/a><\/div><div class=\"su-custom-gallery-slide\" style=\"width:250px;height:300px\"><a href=\"https:\/\/szkolazabrowo.pl\/wp-content\/uploads\/2023\/11\/20231128_110925.jpg\" title=\"20231128_110925\"><img loading=\"lazy\" decoding=\"async\" src=\"https:\/\/szkolazabrowo.pl\/wp-content\/uploads\/2023\/11\/20231128_110925-250x300.jpg\" alt=\"20231128_110925\" width=\"250\" height=\"300\" \/><span class=\"su-custom-gallery-title\">20231128_110925<\/span><\/a><\/div><div class=\"su-clear\"><\/div><\/div>\n","protected":false},"excerpt":{"rendered":"<p>28 listopada 2023 roku nasi szkolni ambasadorowie \u201epowietrza bez \u015bmieci\u201d w sk\u0142adzie: Miko\u0142aj Karski, Pawe\u0142 Dominiczak, Cezary Grzywna, Igor Grzegrz\u00f3\u0142ka, Aleksandra T\u0119gowska oraz Wiktor Delegacz przeprowadzili zaj\u0119cia edukacyjne przeznaczone dla klas I-VIII. Celem spotkania by\u0142o wyja\u015bnienie, czym jest zjawisko smogu, <a href=\"https:\/\/szkolazabrowo.pl\/?page_id=10817\" class=\"read-more\">Czytaj wi\u0119cej &#8230;<\/a><\/p>\n","protected":false},"author":1,"featured_media":0,"parent":0,"menu_order":0,"comment_status":"closed","ping_status":"closed","template":"","meta":{"footnotes":""},"class_list":["post-10817","page","type-page","status-publish","hentry"],"_links":{"self":[{"href":"https:\/\/szkolazabrowo.pl\/index.php?rest_route=\/wp\/v2\/pages\/10817","targetHints":{"allow":["GET"]}}],"collection":[{"href":"https:\/\/szkolazabrowo.pl\/index.php?rest_route=\/wp\/v2\/pages"}],"about":[{"href":"https:\/\/szkolazabrowo.pl\/index.php?rest_route=\/wp\/v2\/types\/page"}],"author":[{"embeddable":true,"href":"https:\/\/szkolazabrowo.pl\/index.php?rest_route=\/wp\/v2\/users\/1"}],"replies":[{"embeddable":true,"href":"https:\/\/szkolazabrowo.pl\/index.php?rest_route=%2Fwp%2Fv2%2Fcomments&post=10817"}],"version-history":[{"count":1,"href":"https:\/\/szkolazabrowo.pl\/index.php?rest_route=\/wp\/v2\/pages\/10817\/revisions"}],"predecessor-version":[{"id":10850,"href":"https:\/\/szkolazabrowo.pl\/index.php?rest_route=\/wp\/v2\/pages\/10817\/revisions\/10850"}],"wp:attachment":[{"href":"https:\/\/szkolazabrowo.pl\/index.php?rest_route=%2Fwp%2Fv2%2Fmedia&parent=10817"}],"curies":[{"name":"wp","href":"https:\/\/api.w.org\/{rel}","templated":true}]}}